{"id":75,"date":"2020-12-21T15:49:27","date_gmt":"2020-12-21T14:49:27","guid":{"rendered":"https:\/\/wordpress.nibis.de\/knieberg\/?page_id=75"},"modified":"2021-01-14T12:31:30","modified_gmt":"2021-01-14T11:31:30","slug":"sekundarstufe","status":"publish","type":"page","link":"https:\/\/wordpress.nibis.de\/knieberg\/sekundarstufe\/","title":{"rendered":"Die Sch\u00fclerinnen und Sch\u00fcler der Sekundarstufe\u2026"},"content":{"rendered":"\n<hr class=\"wp-block-separator has-text-color has-background is-style-wide\" style=\"background-color:#009688;color:#009688\" \/>\n\n\n<p>\u2026 sind \u201cnicht mehr klein und noch nicht gro\u00df\u201d. Dies beinhaltet, dass sie den Schonraum Schule st\u00e4rker als in der Unterstufe verlassen, um ihr n\u00e4heres Wohn- und Schulumfeld zu erkunden. Im nahe gelegenen Supermarkt werden zum Beispiel Eink\u00e4ufe f\u00fcr den Hauswirtschaftsunterricht erledigt.<\/p>\n<p>Angestrebt wird, dass die Sch\u00fclerinnen und Sch\u00fcler zunehmend mehr Verantwortung f\u00fcr sich und die Gruppe tragen. Hierzu geh\u00f6rt die \u00dcbernahme und selbst\u00e4ndige Durchf\u00fchrung von Klassen\u00e4mtern. Sie werden zunehmend mit Aufgaben konfrontiert, die ihnen erste Entscheidungen abverlangen<br \/>Unterrichtsthemen werden durch vorhabenorientiertes Lernen mit allen Sinnen bearbeitet.<\/p>\n<p>Das Erlernen der Kulturtechniken (Lesen, Schreiben und Rechnen) bildet im Unterricht einen gro\u00dfen und regelm\u00e4\u00dfigen Schwerpunkt. Die Sch\u00fcler \u00fcben, sich \u00fcber einen l\u00e4ngeren Zeitraum mit einer Aufgabe zu besch\u00e4ftigen und diese zu bearbeiten. Da sie aber noch viel Bewegung ben\u00f6tigen, werden Arbeitsphasen durch Bewegungsangebote erg\u00e4nzt.<\/p>\n<p>In der Schulstufe setzt bei vielen Sch\u00fclern die Pubert\u00e4t ein und somit die Besch\u00e4ftigung mit der \u201cErsten Liebe\u201d.<\/p>\n<p><img loading=\"lazy\" decoding=\"async\" class=\"aligncenter  wp-image-159\" src=\"https:\/\/wordpress.nibis.de\/knieberg\/files\/2021\/01\/IMG-20171031-WA0019-300x169.jpg\" alt=\"\" width=\"467\" height=\"263\" srcset=\"https:\/\/wordpress.nibis.de\/knieberg\/files\/2021\/01\/IMG-20171031-WA0019-300x169.jpg 300w, https:\/\/wordpress.nibis.de\/knieberg\/files\/2021\/01\/IMG-20171031-WA0019-1024x576.jpg 1024w, https:\/\/wordpress.nibis.de\/knieberg\/files\/2021\/01\/IMG-20171031-WA0019-768x432.jpg 768w, https:\/\/wordpress.nibis.de\/knieberg\/files\/2021\/01\/IMG-20171031-WA0019-480x270.jpg 480w, https:\/\/wordpress.nibis.de\/knieberg\/files\/2021\/01\/IMG-20171031-WA0019.jpg 1280w\" sizes=\"auto, (max-width: 467px) 100vw, 467px\" \/><\/p>\n\n\n<hr class=\"wp-block-separator has-text-color has-background is-style-wide\" style=\"background-color:#009688;color:#009688\" \/>\n","protected":false},"excerpt":{"rendered":"<p>\u2026 sind \u201cnicht mehr klein und noch nicht gro\u00df\u201d. Dies beinhaltet, dass sie den Schonraum Schule st\u00e4rker als in der Unterstufe verlassen, um ihr n\u00e4heres Wohn- und Schulumfeld zu erkunden. Im nahe gelegenen Supermarkt werden zum Beispiel Eink\u00e4ufe f\u00fcr den Hauswirtschaftsunterricht erledigt. Angestrebt wird, dass die Sch\u00fclerinnen und Sch\u00fcler zunehmend mehr Verantwortung f\u00fcr sich und die Gruppe tragen. Hierzu geh\u00f6rt die \u00dcbernahme und selbst\u00e4ndige Durchf\u00fchrung von Klassen\u00e4mtern. Sie werden zunehmend mit Aufgaben konfrontiert, die ihnen erste Entscheidungen abverlangenUnterrichtsthemen werden durch&#8230;<\/p>\n<p class=\"read-more\"><a class=\"btn btn-default\" href=\"https:\/\/wordpress.nibis.de\/knieberg\/sekundarstufe\/\">Weiterlesen<span class=\"screen-reader-text\"> Weiterlesen<\/span><\/a><\/p>\n","protected":false},"author":9193665,"featured_media":0,"parent":0,"menu_order":0,"comment_status":"closed","ping_status":"closed","template":"","meta":{"footnotes":""},"class_list":["post-75","page","type-page","status-publish","hentry"],"_links":{"self":[{"href":"https:\/\/wordpress.nibis.de\/knieberg\/wp-json\/wp\/v2\/pages\/75","targetHints":{"allow":["GET"]}}],"collection":[{"href":"https:\/\/wordpress.nibis.de\/knieberg\/wp-json\/wp\/v2\/pages"}],"about":[{"href":"https:\/\/wordpress.nibis.de\/knieberg\/wp-json\/wp\/v2\/types\/page"}],"author":[{"embeddable":true,"href":"https:\/\/wordpress.nibis.de\/knieberg\/wp-json\/wp\/v2\/users\/9193665"}],"replies":[{"embeddable":true,"href":"https:\/\/wordpress.nibis.de\/knieberg\/wp-json\/wp\/v2\/comments?post=75"}],"version-history":[{"count":3,"href":"https:\/\/wordpress.nibis.de\/knieberg\/wp-json\/wp\/v2\/pages\/75\/revisions"}],"predecessor-version":[{"id":318,"href":"https:\/\/wordpress.nibis.de\/knieberg\/wp-json\/wp\/v2\/pages\/75\/revisions\/318"}],"wp:attachment":[{"href":"https:\/\/wordpress.nibis.de\/knieberg\/wp-json\/wp\/v2\/media?parent=75"}],"curies":[{"name":"wp","href":"https:\/\/api.w.org\/{rel}","templated":true}]}}