{"id":938,"date":"2024-12-05T08:26:38","date_gmt":"2024-12-05T07:26:38","guid":{"rendered":"https:\/\/wordpress.nibis.de\/knieberg\/?page_id=938"},"modified":"2024-12-05T09:37:28","modified_gmt":"2024-12-05T08:37:28","slug":"10-11","status":"publish","type":"page","link":"https:\/\/wordpress.nibis.de\/knieberg\/10-11\/","title":{"rendered":"Klasse 10-11"},"content":{"rendered":"<h2 style=\"text-align: left\"><strong>Ziele<\/strong><\/h2>\n<ul>\n<li><strong>Praxisorientierte Auseinandersetzung mit ausgew\u00e4hlten Berufsfeldern, betrieblichen Abl\u00e4ufen und Arbeitspraktiken (Sch\u00fclerfirmen)<\/strong><\/li>\n<li><strong>Unterscheiden von versch. Arbeitsbedingungen und T\u00e4tigkeiten<\/strong><\/li>\n<li><strong>Eigene St\u00e4rken, Schw\u00e4chen wahrnehmen und berufliche Vorstellungen entwickeln\/\u00fcberpr\u00fcfen<\/strong><\/li>\n<li><strong>Planen und Durchf\u00fchren des Betriebspraktikums<\/strong><\/li>\n<\/ul>\n\n<h2 style=\"text-align: left\"><strong>Ma\u00dfnahmen<\/strong><\/h2>\n\n\n<div class=\"wp-block-buttons is-layout-flex wp-block-buttons-is-layout-flex\">\n<div class=\"wp-block-button has-custom-width wp-block-button__width-50 has-custom-font-size\" style=\"font-size:15px\"><a class=\"wp-block-button__link\" href=\"https:\/\/wordpress.nibis.de\/knieberg\/schulerfirmen-1011\/\" style=\"border-radius:8px\"><strong>Sch\u00fclerfirmen<\/strong><\/a><\/div>\n\n\n\n<div class=\"wp-block-button has-custom-width wp-block-button__width-50 has-custom-font-size\" style=\"font-size:15px\"><a class=\"wp-block-button__link\" href=\"https:\/\/wordpress.nibis.de\/knieberg\/personale-1011\/\" style=\"border-radius:8px\"><strong>Personale Bildung\/ Ich-Buch<\/strong><\/a><\/div>\n\n\n\n<div class=\"wp-block-button has-custom-width wp-block-button__width-50 has-custom-font-size\" style=\"font-size:15px\"><a class=\"wp-block-button__link\" href=\"https:\/\/wordpress.nibis.de\/knieberg\/kukuk-1011\/\" style=\"border-radius:8px\"><strong>Kukuk <\/strong><em>Kommunikation, Konfliktbew\u00e4ltigung, Kommunikation<\/em><\/a><\/div>\n\n\n\n<div class=\"wp-block-button has-custom-width wp-block-button__width-50 has-custom-font-size\" style=\"font-size:15px\"><a class=\"wp-block-button__link\" href=\"https:\/\/wordpress.nibis.de\/knieberg\/markt-1011\/\" style=\"border-radius:8px\"><strong>Markt der M\u00f6glichkeiten, Sch\u00fclermesse, Berufsmesse<\/strong><\/a><\/div>\n\n\n\n<div class=\"wp-block-button has-custom-width wp-block-button__width-50 has-custom-font-size\" style=\"font-size:15px\"><a class=\"wp-block-button__link\" href=\"https:\/\/wordpress.nibis.de\/knieberg\/betriebspraktikum-1011\/\" style=\"border-radius:8px\"><strong>Betriebspraktikum<\/strong><\/a><\/div>\n\n\n\n<div class=\"wp-block-button has-custom-width wp-block-button__width-50 has-custom-font-size\" style=\"font-size:15px\"><a class=\"wp-block-button__link\" href=\"https:\/\/wordpress.nibis.de\/knieberg\/vorberuflich-1011\/\" style=\"border-radius:8px\"><strong>Vorberufliche Bildung<\/strong><\/a><\/div>\n<\/div>\n\n\n\n<h2 class=\"wp-block-heading\">  <\/h2>\n\n\n\n<figure class=\"wp-block-image size-large\"><img loading=\"lazy\" decoding=\"async\" width=\"1024\" height=\"571\" src=\"https:\/\/wordpress.nibis.de\/knieberg\/files\/2024\/12\/Anhang-7_Grafik-Berufliche-Wege-1024x571.png\" alt=\"\" class=\"wp-image-954\" srcset=\"https:\/\/wordpress.nibis.de\/knieberg\/files\/2024\/12\/Anhang-7_Grafik-Berufliche-Wege-1024x571.png 1024w, https:\/\/wordpress.nibis.de\/knieberg\/files\/2024\/12\/Anhang-7_Grafik-Berufliche-Wege-300x167.png 300w, https:\/\/wordpress.nibis.de\/knieberg\/files\/2024\/12\/Anhang-7_Grafik-Berufliche-Wege-768x429.png 768w, https:\/\/wordpress.nibis.de\/knieberg\/files\/2024\/12\/Anhang-7_Grafik-Berufliche-Wege-1536x857.png 1536w, https:\/\/wordpress.nibis.de\/knieberg\/files\/2024\/12\/Anhang-7_Grafik-Berufliche-Wege-484x270.png 484w, https:\/\/wordpress.nibis.de\/knieberg\/files\/2024\/12\/Anhang-7_Grafik-Berufliche-Wege.png 1957w\" sizes=\"auto, (max-width: 1024px) 100vw, 1024px\" \/><\/figure>\n","protected":false},"excerpt":{"rendered":"<p>Ziele Praxisorientierte Auseinandersetzung mit ausgew\u00e4hlten Berufsfeldern, betrieblichen Abl\u00e4ufen und Arbeitspraktiken (Sch\u00fclerfirmen) Unterscheiden von versch. Arbeitsbedingungen und T\u00e4tigkeiten Eigene St\u00e4rken, Schw\u00e4chen wahrnehmen und berufliche Vorstellungen entwickeln\/\u00fcberpr\u00fcfen Planen und Durchf\u00fchren des Betriebspraktikums Ma\u00dfnahmen<\/p>\n","protected":false},"author":9193665,"featured_media":0,"parent":0,"menu_order":0,"comment_status":"closed","ping_status":"closed","template":"","meta":{"footnotes":""},"class_list":["post-938","page","type-page","status-publish","hentry"],"_links":{"self":[{"href":"https:\/\/wordpress.nibis.de\/knieberg\/wp-json\/wp\/v2\/pages\/938","targetHints":{"allow":["GET"]}}],"collection":[{"href":"https:\/\/wordpress.nibis.de\/knieberg\/wp-json\/wp\/v2\/pages"}],"about":[{"href":"https:\/\/wordpress.nibis.de\/knieberg\/wp-json\/wp\/v2\/types\/page"}],"author":[{"embeddable":true,"href":"https:\/\/wordpress.nibis.de\/knieberg\/wp-json\/wp\/v2\/users\/9193665"}],"replies":[{"embeddable":true,"href":"https:\/\/wordpress.nibis.de\/knieberg\/wp-json\/wp\/v2\/comments?post=938"}],"version-history":[{"count":10,"href":"https:\/\/wordpress.nibis.de\/knieberg\/wp-json\/wp\/v2\/pages\/938\/revisions"}],"predecessor-version":[{"id":1008,"href":"https:\/\/wordpress.nibis.de\/knieberg\/wp-json\/wp\/v2\/pages\/938\/revisions\/1008"}],"wp:attachment":[{"href":"https:\/\/wordpress.nibis.de\/knieberg\/wp-json\/wp\/v2\/media?parent=938"}],"curies":[{"name":"wp","href":"https:\/\/api.w.org\/{rel}","templated":true}]}}