{"id":940,"date":"2024-12-05T08:36:31","date_gmt":"2024-12-05T07:36:31","guid":{"rendered":"https:\/\/wordpress.nibis.de\/knieberg\/?page_id=940"},"modified":"2024-12-05T09:49:40","modified_gmt":"2024-12-05T08:49:40","slug":"12-2","status":"publish","type":"page","link":"https:\/\/wordpress.nibis.de\/knieberg\/12-2\/","title":{"rendered":"Klasse 12"},"content":{"rendered":"<h2 style=\"text-align: left\"><strong>Ziele<\/strong><\/h2>\n<ul>\n<li><strong>Praxisorientierte Auseinandersetzung mit weiteren Berufsfeldern, betrieblichen Abl\u00e4ufen und Arbeitspraktiken <\/strong><br \/><strong>(Teilnahme Fachpraxiskurse BBS)<\/strong><\/li>\n<li><strong>Konkretisieren der Vorstellung f\u00fcr das Berufsleben unter Aspekten von Arbeitsbedingungen, Kompetenzen, St\u00e4rken und eigenen W\u00fcnschen<\/strong><\/li>\n<li><strong>Finden eines geeigneten nachschulischen Wegs zum Beruf, Planung u. Einleitung notwendiger Schritte in Kooperation mit allen Beteiligten<\/strong><\/li>\n<\/ul>\n\n<h2 style=\"text-align: left\"><strong>Ma\u00dfnahmen<\/strong><\/h2>\n\n\n<div class=\"wp-block-buttons is-layout-flex wp-block-buttons-is-layout-flex\">\n<div class=\"wp-block-button has-custom-width wp-block-button__width-50 has-custom-font-size\" style=\"font-size:15px\"><a class=\"wp-block-button__link\" href=\"https:\/\/wordpress.nibis.de\/knieberg\/fachpraxiskurse-12\/\" style=\"border-radius:8px\"><strong>Fachpraxiskurse an der BBS II<\/strong><\/a><\/div>\n\n\n\n<div class=\"wp-block-button has-custom-width wp-block-button__width-50 has-custom-font-size\" style=\"font-size:15px\"><a class=\"wp-block-button__link\" href=\"https:\/\/wordpress.nibis.de\/knieberg\/zukunftsplanung-12\/\" style=\"border-radius:8px\"><strong>Pers\u00f6nliche Zukunftsplanung<\/strong><\/a><\/div>\n\n\n\n<div class=\"wp-block-button has-custom-width wp-block-button__width-50 has-custom-font-size\" style=\"font-size:15px\"><a class=\"wp-block-button__link\" href=\"https:\/\/wordpress.nibis.de\/knieberg\/berufsvorbereitung-12\/\" style=\"border-radius:8px\"><strong>Berufsvorbereitung und Berufsberatung<\/strong><\/a><\/div>\n\n\n\n<div class=\"wp-block-button has-custom-width wp-block-button__width-50 has-custom-font-size\" style=\"font-size:15px\"><a class=\"wp-block-button__link\" href=\"https:\/\/wordpress.nibis.de\/knieberg\/markt-12\/\" style=\"border-radius:8px\"><strong>Markt der M\u00f6glichkeiten, Sch\u00fclerfirmenmesse, Berufsmesse<\/strong><\/a><\/div>\n\n\n\n<div class=\"wp-block-button has-custom-width wp-block-button__width-50 has-custom-font-size\" style=\"font-size:15px\"><a class=\"wp-block-button__link\" href=\"https:\/\/wordpress.nibis.de\/knieberg\/betriebspraktikum-12\/\" style=\"border-radius:8px\"><strong>Betriebspraktikum<\/strong><\/a><\/div>\n\n\n\n<div class=\"wp-block-button has-custom-width wp-block-button__width-50 has-custom-font-size\" style=\"font-size:15px\"><a class=\"wp-block-button__link\" href=\"https:\/\/wordpress.nibis.de\/knieberg\/nach-12\/\" style=\"border-radius:8px\"><strong>Was kommt nach der Schule?<\/strong><\/a><\/div>\n<\/div>\n\n\n\n<h2 class=\"wp-block-heading\">  <\/h2>\n\n\n\n<figure class=\"wp-block-image size-large\"><img loading=\"lazy\" decoding=\"async\" width=\"1024\" height=\"571\" src=\"https:\/\/wordpress.nibis.de\/knieberg\/files\/2024\/12\/Anhang-7_Grafik-Berufliche-Wege-1024x571.png\" alt=\"\" class=\"wp-image-954\" srcset=\"https:\/\/wordpress.nibis.de\/knieberg\/files\/2024\/12\/Anhang-7_Grafik-Berufliche-Wege-1024x571.png 1024w, https:\/\/wordpress.nibis.de\/knieberg\/files\/2024\/12\/Anhang-7_Grafik-Berufliche-Wege-300x167.png 300w, https:\/\/wordpress.nibis.de\/knieberg\/files\/2024\/12\/Anhang-7_Grafik-Berufliche-Wege-768x429.png 768w, https:\/\/wordpress.nibis.de\/knieberg\/files\/2024\/12\/Anhang-7_Grafik-Berufliche-Wege-1536x857.png 1536w, https:\/\/wordpress.nibis.de\/knieberg\/files\/2024\/12\/Anhang-7_Grafik-Berufliche-Wege-484x270.png 484w, https:\/\/wordpress.nibis.de\/knieberg\/files\/2024\/12\/Anhang-7_Grafik-Berufliche-Wege.png 1957w\" sizes=\"auto, (max-width: 1024px) 100vw, 1024px\" \/><\/figure>\n\n\n\n<p><\/p>\n","protected":false},"excerpt":{"rendered":"<p>Ziele Praxisorientierte Auseinandersetzung mit weiteren Berufsfeldern, betrieblichen Abl\u00e4ufen und Arbeitspraktiken (Teilnahme Fachpraxiskurse BBS) Konkretisieren der Vorstellung f\u00fcr das Berufsleben unter Aspekten von Arbeitsbedingungen, Kompetenzen, St\u00e4rken und eigenen W\u00fcnschen Finden eines geeigneten nachschulischen Wegs zum Beruf, Planung u. Einleitung notwendiger Schritte in Kooperation mit allen Beteiligten Ma\u00dfnahmen<\/p>\n","protected":false},"author":9193665,"featured_media":0,"parent":0,"menu_order":0,"comment_status":"closed","ping_status":"closed","template":"","meta":{"footnotes":""},"class_list":["post-940","page","type-page","status-publish","hentry"],"_links":{"self":[{"href":"https:\/\/wordpress.nibis.de\/knieberg\/wp-json\/wp\/v2\/pages\/940","targetHints":{"allow":["GET"]}}],"collection":[{"href":"https:\/\/wordpress.nibis.de\/knieberg\/wp-json\/wp\/v2\/pages"}],"about":[{"href":"https:\/\/wordpress.nibis.de\/knieberg\/wp-json\/wp\/v2\/types\/page"}],"author":[{"embeddable":true,"href":"https:\/\/wordpress.nibis.de\/knieberg\/wp-json\/wp\/v2\/users\/9193665"}],"replies":[{"embeddable":true,"href":"https:\/\/wordpress.nibis.de\/knieberg\/wp-json\/wp\/v2\/comments?post=940"}],"version-history":[{"count":8,"href":"https:\/\/wordpress.nibis.de\/knieberg\/wp-json\/wp\/v2\/pages\/940\/revisions"}],"predecessor-version":[{"id":1023,"href":"https:\/\/wordpress.nibis.de\/knieberg\/wp-json\/wp\/v2\/pages\/940\/revisions\/1023"}],"wp:attachment":[{"href":"https:\/\/wordpress.nibis.de\/knieberg\/wp-json\/wp\/v2\/media?parent=940"}],"curies":[{"name":"wp","href":"https:\/\/api.w.org\/{rel}","templated":true}]}}