{"id":943,"date":"2024-12-05T08:44:10","date_gmt":"2024-12-05T07:44:10","guid":{"rendered":"https:\/\/wordpress.nibis.de\/knieberg\/?page_id=943"},"modified":"2025-01-07T07:20:34","modified_gmt":"2025-01-07T06:20:34","slug":"berufsorientierung","status":"publish","type":"page","link":"https:\/\/wordpress.nibis.de\/knieberg\/berufsorientierung\/","title":{"rendered":"Berufsorientierung an der Schule am Knieberg"},"content":{"rendered":"\n<p><strong>Eine zielgerichtete Berufsorientierung ist ein wichtiger Schritt f\u00fcr die richtige Berufswahl und tr\u00e4gt entscheidend zu einem erf\u00fcllten Leben bei. F\u00fcr unsere Sch\u00fclerinnen mit F\u00f6rderbedarf ist es besonders wichtig, ihre St\u00e4rken zu erkennen und passende berufliche Perspektiven zu entwickeln. An der Schule am Knieberg ist die Berufsorientierung ein zentraler Bestandteil der p\u00e4dagogischen Arbeit. Seit vielen Jahren legen wir besonderen Wert darauf, unseren Sch\u00fclerinnen individuelle und praxisnahe Unterst\u00fctzung auf ihrem Weg in die Arbeitswelt zu bieten.<br>Auf den nach Jahrg\u00e4ngen strukturierten Unterseiten dieses Men\u00fcs k\u00f6nnen Sie mehr \u00fcber die verschiedenen Ma\u00dfnahmen und Programme erfahren, die wir f\u00fcr die berufliche Orientierung anbieten. Dort finden Sie Informationen zu den Zielen, Inhalten und dem Ablauf der jeweiligen Angebote, die speziell auf die Bed\u00fcrfnisse und F\u00e4higkeiten der Sch\u00fcler abgestimmt sind.<\/strong><\/p>\n\n\n\n<div class=\"wp-block-buttons is-layout-flex wp-block-buttons-is-layout-flex\">\n<div class=\"wp-block-button has-custom-width wp-block-button__width-100\"><a class=\"wp-block-button__link\" href=\"https:\/\/wordpress.nibis.de\/knieberg\/5-8\/\" style=\"border-radius:8px\"><strong>zu den BO- Ma\u00dfnahmen Klasse 5-8<\/strong><\/a><\/div>\n\n\n\n<div class=\"wp-block-button has-custom-width wp-block-button__width-100\"><a class=\"wp-block-button__link\" href=\"https:\/\/wordpress.nibis.de\/knieberg\/9-2\/\" style=\"border-radius:8px\"><strong>zu den BO- Ma\u00dfnahmen Klasse 9<\/strong><\/a><\/div>\n\n\n\n<div class=\"wp-block-button has-custom-width wp-block-button__width-100\"><a class=\"wp-block-button__link\" href=\"https:\/\/wordpress.nibis.de\/knieberg\/10-11\/\" style=\"border-radius:8px\"><strong>zu den BO- Ma\u00dfnahmen Klasse 10-11<\/strong><\/a><\/div>\n\n\n\n<div class=\"wp-block-button has-custom-width wp-block-button__width-100\"><a class=\"wp-block-button__link\" href=\"https:\/\/wordpress.nibis.de\/knieberg\/12-2\/\" style=\"border-radius:8px\"><strong>zu den BO- Ma\u00dfnahmen Klasse 12<\/strong><\/a><\/div>\n<\/div>\n\n\n\n<div data-wp-interactive=\"core\/file\" class=\"wp-block-file\"><object data-wp-bind--hidden=\"!state.hasPdfPreview\" hidden class=\"wp-block-file__embed\" data=\"https:\/\/wordpress.nibis.de\/knieberg\/files\/2025\/01\/Berufsorientierung-Grafische-Uebersicht-Website.pdf\" type=\"application\/pdf\" style=\"width:100%;height:600px\" aria-label=\"Einbettung von Einbettung von Berufsorientierung Grafische Uebersicht..\"><\/object><a id=\"wp-block-file--media-6f3b02aa-e8d8-4a7c-bd66-2a492e93117b\" href=\"https:\/\/wordpress.nibis.de\/knieberg\/files\/2025\/01\/Berufsorientierung-Grafische-Uebersicht-Website.pdf\">Berufsorientierung Grafische Uebersicht<\/a><a href=\"https:\/\/wordpress.nibis.de\/knieberg\/files\/2025\/01\/Berufsorientierung-Grafische-Uebersicht-Website.pdf\" class=\"wp-block-file__button\" download aria-describedby=\"wp-block-file--media-6f3b02aa-e8d8-4a7c-bd66-2a492e93117b\">Herunterladen<\/a><\/div>\n\n\n\n<p><\/p>\n","protected":false},"excerpt":{"rendered":"<p>Eine zielgerichtete Berufsorientierung ist ein wichtiger Schritt f\u00fcr die richtige Berufswahl und tr\u00e4gt entscheidend zu einem erf\u00fcllten Leben bei. F\u00fcr unsere Sch\u00fclerinnen mit F\u00f6rderbedarf ist es besonders wichtig, ihre St\u00e4rken zu erkennen und passende berufliche Perspektiven zu entwickeln. An der Schule am Knieberg ist die Berufsorientierung ein zentraler Bestandteil der p\u00e4dagogischen Arbeit. Seit vielen Jahren legen wir besonderen Wert darauf, unseren Sch\u00fclerinnen individuelle und praxisnahe Unterst\u00fctzung auf ihrem Weg in die Arbeitswelt zu bieten.Auf den nach Jahrg\u00e4ngen strukturierten Unterseiten dieses&#8230;<\/p>\n<p class=\"read-more\"><a class=\"btn btn-default\" href=\"https:\/\/wordpress.nibis.de\/knieberg\/berufsorientierung\/\">Weiterlesen<span class=\"screen-reader-text\"> Weiterlesen<\/span><\/a><\/p>\n","protected":false},"author":9193665,"featured_media":0,"parent":0,"menu_order":0,"comment_status":"closed","ping_status":"closed","template":"","meta":{"footnotes":""},"class_list":["post-943","page","type-page","status-publish","hentry"],"_links":{"self":[{"href":"https:\/\/wordpress.nibis.de\/knieberg\/wp-json\/wp\/v2\/pages\/943","targetHints":{"allow":["GET"]}}],"collection":[{"href":"https:\/\/wordpress.nibis.de\/knieberg\/wp-json\/wp\/v2\/pages"}],"about":[{"href":"https:\/\/wordpress.nibis.de\/knieberg\/wp-json\/wp\/v2\/types\/page"}],"author":[{"embeddable":true,"href":"https:\/\/wordpress.nibis.de\/knieberg\/wp-json\/wp\/v2\/users\/9193665"}],"replies":[{"embeddable":true,"href":"https:\/\/wordpress.nibis.de\/knieberg\/wp-json\/wp\/v2\/comments?post=943"}],"version-history":[{"count":5,"href":"https:\/\/wordpress.nibis.de\/knieberg\/wp-json\/wp\/v2\/pages\/943\/revisions"}],"predecessor-version":[{"id":1038,"href":"https:\/\/wordpress.nibis.de\/knieberg\/wp-json\/wp\/v2\/pages\/943\/revisions\/1038"}],"wp:attachment":[{"href":"https:\/\/wordpress.nibis.de\/knieberg\/wp-json\/wp\/v2\/media?parent=943"}],"curies":[{"name":"wp","href":"https:\/\/api.w.org\/{rel}","templated":true}]}}