{"id":966,"date":"2024-12-05T09:02:19","date_gmt":"2024-12-05T08:02:19","guid":{"rendered":"https:\/\/wordpress.nibis.de\/knieberg\/?page_id=966"},"modified":"2024-12-05T09:02:19","modified_gmt":"2024-12-05T08:02:19","slug":"awt","status":"publish","type":"page","link":"https:\/\/wordpress.nibis.de\/knieberg\/awt\/","title":{"rendered":"Arbeit\/Wirtschaft, Hauswirtschaft, Technik"},"content":{"rendered":"<p>Das Fach Arbeit\/Wirtschaft, Hauswirtschaft, Technik (AWT) legt erste praxisnahe und handlungsorientierte Grundlagen in Hinblick auf das zuk\u00fcnftige Berufsleben unserer Sch\u00fcler*Innen. Insbesondere lebenspraktische Fertigkeiten, selbstst\u00e4ndiges Handeln und soziale Kompetenzen werden gef\u00f6rdert.\u00a0 Folgende Inhalte werden vermittelt:<\/p>\n<p>Hauswirtschaft<\/p>\n<ul>\n<li>K\u00fcche\n<ul>\n<li>Hygienema\u00dfnahmen umsetzen<\/li>\n<li>Vorbereitung und Aufr\u00e4umen des Arbeitsplatzes<\/li>\n<li>Abwaschen<\/li>\n<li>Umgang mit K\u00fcchenger\u00e4ten<\/li>\n<li>Umgang mit Lebensmitteln (Lagerung und Zubereitung)<\/li>\n<li>M\u00fclltrennung<\/li>\n<li>Sicherheitsregeln in der K\u00fcche kennenlernen und einhalten<\/li>\n<li>Kochen mit und ohne Rezept<\/li>\n<li>Raumpflege (Fegen, Einsortieren, Fl\u00e4chen s\u00e4ubern, etc.)<\/li>\n<\/ul>\n<\/li>\n<\/ul>\n<ul>\n<li>Textilien\n<ul>\n<li>W\u00e4schedienst \u00fcbernehmen<\/li>\n<li>W\u00e4schesymbole lesen<\/li>\n<li>Bedienen von Waschmaschine und Trockner<\/li>\n<li>Zusammenlegen und Sortieren von W\u00e4sche<\/li>\n<\/ul>\n<\/li>\n<li>Technik\n<ul>\n<li>Aufbau von M\u00f6belst\u00fccken<\/li>\n<li>Anleitungen lesen und umsetzen<\/li>\n<li>Bewerten der Stabilit\u00e4t von M\u00f6beln<\/li>\n<li>Umgang mit digitalen Medien (Panels, IPads, UK-Medien, etc.)<\/li>\n<li>Umgang mit sozialen Medien (Handy-F\u00fchrerschein, Cybermobbing, etc.)<\/li>\n<\/ul>\n<\/li>\n<li>Arbeit\/ Wirtschaft\n<ul>\n<li>Konsumverhalten<\/li>\n<li>Einkaufen<\/li>\n<li>Umgang mit Geld<\/li>\n<li>Kaufentscheidungen treffen<\/li>\n<li>Benennen von Berufen<\/li>\n<li>Zukunftsvorstellungen in Alltagsgespr\u00e4chen aufgreifen<\/li>\n<li>Schulgarten bewirtschaften<\/li>\n<li>Projektorientierter Verkauf von selbst hergestellten Waren<\/li>\n<\/ul>\n<\/li>\n<\/ul>\n<p>Hinweis: AWT wird derzeit nur selten ausdr\u00fccklich im Stundenplan als eigenes Fach aufgef\u00fchrt. Die Inhalte sind jedoch integraler Bestandteil des Unterrichts, z. B. durch Lehrg\u00e4nge, Projekte, Klassen\u00e4mter, Hauswirtschaftsunterricht und Einzelf\u00f6rderung. Art und Umfang der Inhalte richten sich nach den individuellen Entwicklungen und St\u00e4rken der Sch\u00fcler*innen.<\/p>\n","protected":false},"excerpt":{"rendered":"<p>Das Fach Arbeit\/Wirtschaft, Hauswirtschaft, Technik (AWT) legt erste praxisnahe und handlungsorientierte Grundlagen in Hinblick auf das zuk\u00fcnftige Berufsleben unserer Sch\u00fcler*Innen. Insbesondere lebenspraktische Fertigkeiten, selbstst\u00e4ndiges Handeln und soziale Kompetenzen werden gef\u00f6rdert.\u00a0 Folgende Inhalte werden vermittelt: Hauswirtschaft K\u00fcche Hygienema\u00dfnahmen umsetzen Vorbereitung und Aufr\u00e4umen des Arbeitsplatzes Abwaschen Umgang mit K\u00fcchenger\u00e4ten Umgang mit Lebensmitteln (Lagerung und Zubereitung) M\u00fclltrennung Sicherheitsregeln in der K\u00fcche kennenlernen und einhalten Kochen mit und ohne Rezept Raumpflege (Fegen, Einsortieren, Fl\u00e4chen s\u00e4ubern, etc.) Textilien W\u00e4schedienst \u00fcbernehmen W\u00e4schesymbole lesen Bedienen von Waschmaschine&#8230;<\/p>\n<p class=\"read-more\"><a class=\"btn btn-default\" href=\"https:\/\/wordpress.nibis.de\/knieberg\/awt\/\">Weiterlesen<span class=\"screen-reader-text\"> Weiterlesen<\/span><\/a><\/p>\n","protected":false},"author":9193665,"featured_media":0,"parent":0,"menu_order":0,"comment_status":"closed","ping_status":"closed","template":"","meta":{"footnotes":""},"class_list":["post-966","page","type-page","status-publish","hentry"],"_links":{"self":[{"href":"https:\/\/wordpress.nibis.de\/knieberg\/wp-json\/wp\/v2\/pages\/966","targetHints":{"allow":["GET"]}}],"collection":[{"href":"https:\/\/wordpress.nibis.de\/knieberg\/wp-json\/wp\/v2\/pages"}],"about":[{"href":"https:\/\/wordpress.nibis.de\/knieberg\/wp-json\/wp\/v2\/types\/page"}],"author":[{"embeddable":true,"href":"https:\/\/wordpress.nibis.de\/knieberg\/wp-json\/wp\/v2\/users\/9193665"}],"replies":[{"embeddable":true,"href":"https:\/\/wordpress.nibis.de\/knieberg\/wp-json\/wp\/v2\/comments?post=966"}],"version-history":[{"count":1,"href":"https:\/\/wordpress.nibis.de\/knieberg\/wp-json\/wp\/v2\/pages\/966\/revisions"}],"predecessor-version":[{"id":967,"href":"https:\/\/wordpress.nibis.de\/knieberg\/wp-json\/wp\/v2\/pages\/966\/revisions\/967"}],"wp:attachment":[{"href":"https:\/\/wordpress.nibis.de\/knieberg\/wp-json\/wp\/v2\/media?parent=966"}],"curies":[{"name":"wp","href":"https:\/\/api.w.org\/{rel}","templated":true}]}}