{"id":97,"date":"2020-12-21T16:49:32","date_gmt":"2020-12-21T15:49:32","guid":{"rendered":"https:\/\/wordpress.nibis.de\/knieberg\/?page_id=97"},"modified":"2020-12-21T18:29:58","modified_gmt":"2020-12-21T17:29:58","slug":"schule","status":"publish","type":"page","link":"https:\/\/wordpress.nibis.de\/knieberg\/schule\/","title":{"rendered":"Was uns wichtig ist"},"content":{"rendered":"\n<hr class=\"wp-block-separator has-text-color has-background is-style-wide\" style=\"background-color:#009688;color:#009688\" \/>\n\n\n\n<div class=\"nicdark_archive1 nicdark_padding010\">\n<div class=\"nicdark_space20\"><span style=\"color: inherit;font-size: 1.95em;font-weight: 600\">Leitbild der Schule am Knieberg<\/span><\/div>\n<\/div>\n<section id=\"\" class=\"nicdark_section  vc_row wpb_row vc_row-fluid\">\n<div class=\"nicdark_container nicdark_vc nicdark_clearfix\">\n<div class=\"wpb_column vc_column_container vc_col-sm-12\">\n<div class=\"vc_column-inner \">\n<div class=\"wpb_wrapper\">\n<div class=\"vc_wp_text wpb_content_element\">\n<div class=\"widget widget_text\">\n<div class=\"textwidget\">\n<p align=\"left\">Die Schule am Knieberg ist eine F\u00f6rderschule mit dem Schwerpunkt geistige Entwicklung \u2013 wir verstehen sie als einen bunten, offenen und vielf\u00e4ltigen Ort des Lebens und Lernens.<\/p>\n<p align=\"left\">&nbsp;<\/p>\n<\/div>\n<\/div>\n<\/div>\n<div class=\"vc_wp_text wpb_content_element\">\n<div class=\"widget widget_text\">\n<div class=\"textwidget\">\n<h3><em>Unsere Schule lebt davon, \u2026<\/em><\/h3>\n<p align=\"left\">\u2026 dass unsere Sch\u00fclerinnen und Sch\u00fcler hier einen Ort erfahren, an dem sie Individualit\u00e4t in der Gemeinschaft leben, Raum f\u00fcr Entwicklung finden und sich aufgehoben f\u00fchlen k\u00f6nnen.<\/p>\n<p align=\"left\">\u2026 dass sich Sch\u00fclerinnen und Sch\u00fcler, Kollegium, Eltern und Schulleitung mit gegenseitigem Respekt, Offenheit und Fehlerfreundlichkeit begegnen.<\/p>\n<h3 align=\"left\"><em>Unser Schulalltag lebt davon, \u2026<\/em><\/h3>\n<p align=\"left\">\u2026 dass die einzelnen Sch\u00fclerinnen und Sch\u00fcler mit ihren F\u00e4higkeiten, Begabungen und Interessen im Mittelpunkt unserer p\u00e4dagogischen Arbeit stehen. Ihre Entwicklung, Erziehung und Bildung ist das gemeinsame Ziel von Kollegium und Schulleitung in enger Zusammenarbeit mit den Eltern.<\/p>\n<p align=\"left\">\u2026 dass wir anstreben, unsere Sch\u00fclerinnen und Sch\u00fcler zur Selbst\u00e4ndigkeit und zur Teilnahme am gesellschaftlichen Leben hinzuf\u00fchren. Unser Unterricht erfolgt gr\u00f6\u00dftenteils projektorientiert und reicht von der F\u00f6rderung der basalen F\u00e4higkeiten bis hin zu den klassischen Unterrichtsf\u00e4chern.<\/p>\n<p align=\"left\">\u2026 dass bei uns Mitarbeiterinnen und Mitarbeiter mit vielf\u00e4ltigen p\u00e4dagogischen und therapeutischen Qualifikationen besch\u00e4ftigt sind. F\u00f6rderschullehrer\/innen, Erzieherinnen und Therapeutinnen mit unterschiedlichen Fachrichtungen und Arbeitsschwerpunkten arbeiten zusammen.<\/p>\n<p align=\"left\">\u2026 dass wir im Unterricht grunds\u00e4tzlich im Team arbeiten. Dar\u00fcber hinaus beraten und unterst\u00fctzen sich die Mitarbeiterinnen und Mitarbeiter in allen p\u00e4dagogischen und therapeutischen Fragestellungen.<\/p>\n<p align=\"left\">\u2026 dass wir mit anderen Schulen, Organisationen und Einrichtungen eine vielf\u00e4ltige Zusammenarbeit suchen, gestalten und weiterentwickeln.<\/p>\n<p align=\"left\">\u2026 dass wir Eltern unserer Sch\u00fclerinnen und Sch\u00fcler unterst\u00fctzen k\u00f6nnen. Wir \u00f6ffnen uns f\u00fcr die Kompetenzen der Eltern und laden sie ein, am Schulalltag mitzuwirken und den Schulentwicklungsprozess mit zu gestalten.<\/p>\n<h3 align=\"left\"><em>Zukunft wird f\u00fcr uns dadurch lebendig, \u2026<\/em><\/h3>\n<p align=\"left\">\u2026 dass wir weiterhin Bestehendes immer wieder \u00fcberpr\u00fcfen und uns den Bed\u00fcrfnissen der Sch\u00fclerinnen und Sch\u00fcler entsprechend weiterentwickeln. Auf diesem Weg sind wir bereit, uns auch auf ungew\u00f6hnliche Ideen einzulassen und neue Wege zu gehen.<\/p>\n<\/div>\n<\/div>\n<\/div>\n<\/div>\n<\/div>\n<\/div>\n<\/div>\n<\/section>\n\n\n\n<hr class=\"wp-block-separator has-text-color has-background is-style-wide\" style=\"background-color:#009688;color:#009688\" \/>\n","protected":false},"excerpt":{"rendered":"<p>Leitbild der Schule am Knieberg Die Schule am Knieberg ist eine F\u00f6rderschule mit dem Schwerpunkt geistige Entwicklung \u2013 wir verstehen sie als einen bunten, offenen und vielf\u00e4ltigen Ort des Lebens und Lernens. &nbsp; Unsere Schule lebt davon, \u2026 \u2026 dass unsere Sch\u00fclerinnen und Sch\u00fcler hier einen Ort erfahren, an dem sie Individualit\u00e4t in der Gemeinschaft leben, Raum f\u00fcr Entwicklung finden und sich aufgehoben f\u00fchlen k\u00f6nnen. \u2026 dass sich Sch\u00fclerinnen und Sch\u00fcler, Kollegium, Eltern und Schulleitung mit gegenseitigem Respekt, Offenheit und&#8230;<\/p>\n<p class=\"read-more\"><a class=\"btn btn-default\" href=\"https:\/\/wordpress.nibis.de\/knieberg\/schule\/\">Weiterlesen<span class=\"screen-reader-text\"> Weiterlesen<\/span><\/a><\/p>\n","protected":false},"author":9193665,"featured_media":0,"parent":0,"menu_order":0,"comment_status":"closed","ping_status":"closed","template":"","meta":{"footnotes":""},"class_list":["post-97","page","type-page","status-publish","hentry"],"_links":{"self":[{"href":"https:\/\/wordpress.nibis.de\/knieberg\/wp-json\/wp\/v2\/pages\/97","targetHints":{"allow":["GET"]}}],"collection":[{"href":"https:\/\/wordpress.nibis.de\/knieberg\/wp-json\/wp\/v2\/pages"}],"about":[{"href":"https:\/\/wordpress.nibis.de\/knieberg\/wp-json\/wp\/v2\/types\/page"}],"author":[{"embeddable":true,"href":"https:\/\/wordpress.nibis.de\/knieberg\/wp-json\/wp\/v2\/users\/9193665"}],"replies":[{"embeddable":true,"href":"https:\/\/wordpress.nibis.de\/knieberg\/wp-json\/wp\/v2\/comments?post=97"}],"version-history":[{"count":4,"href":"https:\/\/wordpress.nibis.de\/knieberg\/wp-json\/wp\/v2\/pages\/97\/revisions"}],"predecessor-version":[{"id":146,"href":"https:\/\/wordpress.nibis.de\/knieberg\/wp-json\/wp\/v2\/pages\/97\/revisions\/146"}],"wp:attachment":[{"href":"https:\/\/wordpress.nibis.de\/knieberg\/wp-json\/wp\/v2\/media?parent=97"}],"curies":[{"name":"wp","href":"https:\/\/api.w.org\/{rel}","templated":true}]}}