{"id":970,"date":"2024-12-05T09:04:33","date_gmt":"2024-12-05T08:04:33","guid":{"rendered":"https:\/\/wordpress.nibis.de\/knieberg\/?page_id=970"},"modified":"2024-12-05T09:04:33","modified_gmt":"2024-12-05T08:04:33","slug":"ausserschulisch","status":"publish","type":"page","link":"https:\/\/wordpress.nibis.de\/knieberg\/ausserschulisch\/","title":{"rendered":"Au\u00dferschulische Lernorte\/ Betriebserkundungen"},"content":{"rendered":"<p>Im Rahmen von verschiedenen Unterrichtsf\u00e4chern und Projekten werden regelm\u00e4\u00dfig Betriebserkundungen und au\u00dferschulische Lernorte besucht, zum Beispiel:<\/p>\n<ul>\n<li>Supermarkt<\/li>\n<li>Besuch und Einkauf im Einzelhandel<\/li>\n<li>Kinobesuch; Theaterbesuch<\/li>\n<\/ul>\n<ul>\n<li>Wochenmarkt<\/li>\n<li>M\u00fclldeponie<\/li>\n<li>Nutzung von \u00f6ffentlichen Verkehrsmitteln<\/li>\n<li>Besuch und Arbeiten auf dem Bauernhof<\/li>\n<\/ul>\n<p>Dies erm\u00f6glicht den Sch\u00fcler*innen ihr Wissen praktisch anzuwenden und verschiedene Berufsfelder hautnah zu erleben. Durch den direkten Kontakt zu Betrieben und Arbeitsumgebungen k\u00f6nnen Sch\u00fcler*innen ihre Interessen und Talente identifizieren, was bei der Berufswahl hilfreich ist. Der Umgang mit Fachkr\u00e4ften und das Arbeiten im Team w\u00e4hrend der Erkundungen st\u00e4rken die sozialen F\u00e4higkeiten und das Selbstbewusstsein der Sch\u00fcler*innen. Betriebserkundungen bieten Einblicke in die Anforderungen und Abl\u00e4ufe des Berufslebens, was den Sch\u00fcler*innen hilft, erste Berufe kennenzulernen und die Bedeutung von Arbeit zu verstehen.<\/p>\n","protected":false},"excerpt":{"rendered":"<p>Im Rahmen von verschiedenen Unterrichtsf\u00e4chern und Projekten werden regelm\u00e4\u00dfig Betriebserkundungen und au\u00dferschulische Lernorte besucht, zum Beispiel: Supermarkt Besuch und Einkauf im Einzelhandel Kinobesuch; Theaterbesuch Wochenmarkt M\u00fclldeponie Nutzung von \u00f6ffentlichen Verkehrsmitteln Besuch und Arbeiten auf dem Bauernhof Dies erm\u00f6glicht den Sch\u00fcler*innen ihr Wissen praktisch anzuwenden und verschiedene Berufsfelder hautnah zu erleben. Durch den direkten Kontakt zu Betrieben und Arbeitsumgebungen k\u00f6nnen Sch\u00fcler*innen ihre Interessen und Talente identifizieren, was bei der Berufswahl hilfreich ist. Der Umgang mit Fachkr\u00e4ften und das Arbeiten im Team&#8230;<\/p>\n<p class=\"read-more\"><a class=\"btn btn-default\" href=\"https:\/\/wordpress.nibis.de\/knieberg\/ausserschulisch\/\">Weiterlesen<span class=\"screen-reader-text\"> Weiterlesen<\/span><\/a><\/p>\n","protected":false},"author":9193665,"featured_media":0,"parent":0,"menu_order":0,"comment_status":"closed","ping_status":"closed","template":"","meta":{"footnotes":""},"class_list":["post-970","page","type-page","status-publish","hentry"],"_links":{"self":[{"href":"https:\/\/wordpress.nibis.de\/knieberg\/wp-json\/wp\/v2\/pages\/970","targetHints":{"allow":["GET"]}}],"collection":[{"href":"https:\/\/wordpress.nibis.de\/knieberg\/wp-json\/wp\/v2\/pages"}],"about":[{"href":"https:\/\/wordpress.nibis.de\/knieberg\/wp-json\/wp\/v2\/types\/page"}],"author":[{"embeddable":true,"href":"https:\/\/wordpress.nibis.de\/knieberg\/wp-json\/wp\/v2\/users\/9193665"}],"replies":[{"embeddable":true,"href":"https:\/\/wordpress.nibis.de\/knieberg\/wp-json\/wp\/v2\/comments?post=970"}],"version-history":[{"count":1,"href":"https:\/\/wordpress.nibis.de\/knieberg\/wp-json\/wp\/v2\/pages\/970\/revisions"}],"predecessor-version":[{"id":971,"href":"https:\/\/wordpress.nibis.de\/knieberg\/wp-json\/wp\/v2\/pages\/970\/revisions\/971"}],"wp:attachment":[{"href":"https:\/\/wordpress.nibis.de\/knieberg\/wp-json\/wp\/v2\/media?parent=970"}],"curies":[{"name":"wp","href":"https:\/\/api.w.org\/{rel}","templated":true}]}}