{"id":972,"date":"2024-12-05T09:05:12","date_gmt":"2024-12-05T08:05:12","guid":{"rendered":"https:\/\/wordpress.nibis.de\/knieberg\/?page_id=972"},"modified":"2024-12-05T09:05:12","modified_gmt":"2024-12-05T08:05:12","slug":"einbindung","status":"publish","type":"page","link":"https:\/\/wordpress.nibis.de\/knieberg\/einbindung\/","title":{"rendered":"Einbindung in weitere F\u00e4cher"},"content":{"rendered":"<p>Berufsorientierung wird f\u00e4cher\u00fcbergreifend in den Unterricht an der Schule am Knieberg integriert. Neben dem Fach AWT werden in zum Beispiel in folgenden F\u00e4chern entsprechende Inhalte vermittelt:<\/p>\n<ul>\n<li>Kunstunterricht\n<ul>\n<li>kreative Fertigkeiten<\/li>\n<li>Umgang mit Farben und Pinseln<\/li>\n<li>Umgang mit Materialien<\/li>\n<\/ul>\n<\/li>\n<li>Mathematik\n<ul>\n<li>Umgang mit Gr\u00f6\u00dfen: L\u00e4ngen, Gewicht, Geld, Zeit, Fl\u00fcssigkeiten abmessen<\/li>\n<\/ul>\n<\/li>\n<li>Religion\n<ul>\n<li>Berufe in der Bibel und heute<\/li>\n<\/ul>\n<\/li>\n<li>Werken\n<ul>\n<li>erste kleine Werkst\u00fccke bauen<\/li>\n<li>Umgang mit Werkzeug erlernen<\/li>\n<\/ul>\n<\/li>\n<li>Erdkunde\n<ul>\n<li>Nutzung von Pl\u00e4nen und Karten zur Orientierung (auch Raumpl\u00e4ne)<\/li>\n<li>Arbeitsm\u00f6glichkeiten auf dem Land und in der Stadt unterscheiden<\/li>\n<\/ul>\n<\/li>\n<li>Geschichte\n<ul>\n<li>Berufe fr\u00fcher und heute<\/li>\n<li>Zeiteinteilung (Kalender f\u00fchren, etc.)<\/li>\n<li>Technische Ger\u00e4te fr\u00fcher und heute unterscheiden (Bedeutung f\u00fcr das Handwerk und andere Berufe)<\/li>\n<\/ul>\n<\/li>\n<li>Deutsch\n<ul>\n<li>Lesen von Anleitungen<\/li>\n<li>Theaterbesuche<\/li>\n<\/ul>\n<\/li>\n<li>Politik\n<ul>\n<li>Sch\u00fclervertretung<\/li>\n<li>Mitbestimmungsrecht<\/li>\n<li>LOGO-Nachrichten<\/li>\n<li>Wahlen<\/li>\n<li>Regeln des Zusammenlebens<\/li>\n<li>Rollenfindung<\/li>\n<li>Konfliktl\u00f6sung<\/li>\n<\/ul>\n<\/li>\n<\/ul>\n","protected":false},"excerpt":{"rendered":"<p>Berufsorientierung wird f\u00e4cher\u00fcbergreifend in den Unterricht an der Schule am Knieberg integriert. Neben dem Fach AWT werden in zum Beispiel in folgenden F\u00e4chern entsprechende Inhalte vermittelt: Kunstunterricht kreative Fertigkeiten Umgang mit Farben und Pinseln Umgang mit Materialien Mathematik Umgang mit Gr\u00f6\u00dfen: L\u00e4ngen, Gewicht, Geld, Zeit, Fl\u00fcssigkeiten abmessen Religion Berufe in der Bibel und heute Werken erste kleine Werkst\u00fccke bauen Umgang mit Werkzeug erlernen Erdkunde Nutzung von Pl\u00e4nen und Karten zur Orientierung (auch Raumpl\u00e4ne) Arbeitsm\u00f6glichkeiten auf dem Land und in der&#8230;<\/p>\n<p class=\"read-more\"><a class=\"btn btn-default\" href=\"https:\/\/wordpress.nibis.de\/knieberg\/einbindung\/\">Weiterlesen<span class=\"screen-reader-text\"> Weiterlesen<\/span><\/a><\/p>\n","protected":false},"author":9193665,"featured_media":0,"parent":0,"menu_order":0,"comment_status":"closed","ping_status":"closed","template":"","meta":{"footnotes":""},"class_list":["post-972","page","type-page","status-publish","hentry"],"_links":{"self":[{"href":"https:\/\/wordpress.nibis.de\/knieberg\/wp-json\/wp\/v2\/pages\/972","targetHints":{"allow":["GET"]}}],"collection":[{"href":"https:\/\/wordpress.nibis.de\/knieberg\/wp-json\/wp\/v2\/pages"}],"about":[{"href":"https:\/\/wordpress.nibis.de\/knieberg\/wp-json\/wp\/v2\/types\/page"}],"author":[{"embeddable":true,"href":"https:\/\/wordpress.nibis.de\/knieberg\/wp-json\/wp\/v2\/users\/9193665"}],"replies":[{"embeddable":true,"href":"https:\/\/wordpress.nibis.de\/knieberg\/wp-json\/wp\/v2\/comments?post=972"}],"version-history":[{"count":1,"href":"https:\/\/wordpress.nibis.de\/knieberg\/wp-json\/wp\/v2\/pages\/972\/revisions"}],"predecessor-version":[{"id":973,"href":"https:\/\/wordpress.nibis.de\/knieberg\/wp-json\/wp\/v2\/pages\/972\/revisions\/973"}],"wp:attachment":[{"href":"https:\/\/wordpress.nibis.de\/knieberg\/wp-json\/wp\/v2\/media?parent=972"}],"curies":[{"name":"wp","href":"https:\/\/api.w.org\/{rel}","templated":true}]}}