{"id":975,"date":"2024-12-05T09:10:19","date_gmt":"2024-12-05T08:10:19","guid":{"rendered":"https:\/\/wordpress.nibis.de\/knieberg\/?page_id=975"},"modified":"2024-12-05T09:16:55","modified_gmt":"2024-12-05T08:16:55","slug":"kiosk-9","status":"publish","type":"page","link":"https:\/\/wordpress.nibis.de\/knieberg\/kiosk-9\/","title":{"rendered":"Kiosk Projekt"},"content":{"rendered":"\n<p>In Klassenstufe 9 f\u00fchren die Sch\u00fcler*innen klassen\u00fcbergreifend das Projekt \u201eKiosk\u201c durch. Der einmal w\u00f6chentliche Einkauf sowie der Verkauf von selbstverantwortlich zubereiteten Speisen f\u00fcr die gesamte Schule am Knieberg steht hierbei im Vordergrund. Voraussetzung f\u00fcr die Teilnahme an diesem Projekt ist eine vom Gesundheitsamt durchgef\u00fchrte Hygienebelehrung f\u00fcr alle Sch\u00fcler*innen und Mitarbeitenden.<\/p>\n\n\n\n<p>Die Sch\u00fcler*innen lernen w\u00e4hrend des Projekts die Bedeutung von Arbeit als Einkommensquelle kennen und setzen sich mit ersten beruflichen Zukunftsvorstellungen auseinander, indem sie unmittelbar in die verschiedenen Prozesse (Planung, Durchf\u00fchrung, Nachbereitung) eingebunden sind.<\/p>\n","protected":false},"excerpt":{"rendered":"<p>In Klassenstufe 9 f\u00fchren die Sch\u00fcler*innen klassen\u00fcbergreifend das Projekt \u201eKiosk\u201c durch. Der einmal w\u00f6chentliche Einkauf sowie der Verkauf von selbstverantwortlich zubereiteten Speisen f\u00fcr die gesamte Schule am Knieberg steht hierbei im Vordergrund. Voraussetzung f\u00fcr die Teilnahme an diesem Projekt ist eine vom Gesundheitsamt durchgef\u00fchrte Hygienebelehrung f\u00fcr alle Sch\u00fcler*innen und Mitarbeitenden. Die Sch\u00fcler*innen lernen w\u00e4hrend des Projekts die Bedeutung von Arbeit als Einkommensquelle kennen und setzen sich mit ersten beruflichen Zukunftsvorstellungen auseinander, indem sie unmittelbar in die verschiedenen Prozesse (Planung, Durchf\u00fchrung,&#8230;<\/p>\n<p class=\"read-more\"><a class=\"btn btn-default\" href=\"https:\/\/wordpress.nibis.de\/knieberg\/kiosk-9\/\">Weiterlesen<span class=\"screen-reader-text\"> Weiterlesen<\/span><\/a><\/p>\n","protected":false},"author":9193665,"featured_media":0,"parent":0,"menu_order":0,"comment_status":"closed","ping_status":"closed","template":"","meta":{"footnotes":""},"class_list":["post-975","page","type-page","status-publish","hentry"],"_links":{"self":[{"href":"https:\/\/wordpress.nibis.de\/knieberg\/wp-json\/wp\/v2\/pages\/975","targetHints":{"allow":["GET"]}}],"collection":[{"href":"https:\/\/wordpress.nibis.de\/knieberg\/wp-json\/wp\/v2\/pages"}],"about":[{"href":"https:\/\/wordpress.nibis.de\/knieberg\/wp-json\/wp\/v2\/types\/page"}],"author":[{"embeddable":true,"href":"https:\/\/wordpress.nibis.de\/knieberg\/wp-json\/wp\/v2\/users\/9193665"}],"replies":[{"embeddable":true,"href":"https:\/\/wordpress.nibis.de\/knieberg\/wp-json\/wp\/v2\/comments?post=975"}],"version-history":[{"count":1,"href":"https:\/\/wordpress.nibis.de\/knieberg\/wp-json\/wp\/v2\/pages\/975\/revisions"}],"predecessor-version":[{"id":976,"href":"https:\/\/wordpress.nibis.de\/knieberg\/wp-json\/wp\/v2\/pages\/975\/revisions\/976"}],"wp:attachment":[{"href":"https:\/\/wordpress.nibis.de\/knieberg\/wp-json\/wp\/v2\/media?parent=975"}],"curies":[{"name":"wp","href":"https:\/\/api.w.org\/{rel}","templated":true}]}}