{"id":977,"date":"2024-12-05T09:11:37","date_gmt":"2024-12-05T08:11:37","guid":{"rendered":"https:\/\/wordpress.nibis.de\/knieberg\/?page_id=977"},"modified":"2024-12-05T09:11:37","modified_gmt":"2024-12-05T08:11:37","slug":"personale-bildung-9","status":"publish","type":"page","link":"https:\/\/wordpress.nibis.de\/knieberg\/personale-bildung-9\/","title":{"rendered":"Personale Bildung\/ Identit\u00e4t"},"content":{"rendered":"\n<p>Der Kompetenzbereich Personale Bildung spielt eine entscheidende Rolle in der Berufsorientierung. Er f\u00f6rdert grundlegende F\u00e4higkeiten, die f\u00fcr den \u00dcbergang ins Berufsleben wichtig sind. Zentrale Aspekte in Hinblick auf die Berufsorientierung sind hier:<\/p>\n\n\n\n<ol class=\"wp-block-list\" type=\"1\"><li>Identit\u00e4t: Sch\u00fcler*innen entwickeln ein positives Selbstbild, was ihnen hilft, ihre St\u00e4rken und Interessen zu erkennen. Dies ist entscheidend f\u00fcr die Wahl eines passenden Berufsfeldes.<\/li><li>Kommunikation und Interaktion: Durch gezielte \u00dcbungen zur Kommunikation lernen die Sch\u00fcler*innen, in Teams zu arbeiten und sich in Berufssituationen angemessen auszudr\u00fccken. Beispielsweise k\u00f6nnen Rollenspiele helfen, Gespr\u00e4chsf\u00fchrung und Konfliktl\u00f6sung zu \u00fcben.<\/li><li>Bewegung und Mobilit\u00e4t: Die Sch\u00fcler*Innen \u00fcben das verkehrssichere Verhalten und die Nutzung \u00f6ffentlicher Verkehrsmittel. Dies f\u00f6rdert ihre Selbstst\u00e4ndigkeit und kann sie dazu bef\u00e4higen, zuk\u00fcnftig den Weg z.B. zum Praktikum\/ zur Arbeit selbstst\u00e4ndig zu bew\u00e4ltigen.<\/li><li>Selbstversorgung: Die Sch\u00fcler*innen lernen, grundlegende Selbstversorgungsf\u00e4higkeiten zu entwickeln, wie Kochen oder Hygiene. Diese F\u00e4higkeiten sind auch im Berufsleben, z. B. in gastronomischen Berufen, von Bedeutung.<\/li><li>Selbstst\u00e4ndiges Lernen: Sch\u00fcler*innen werden angeregt, selbstst\u00e4ndig zu lernen und Probleml\u00f6sungsstrategien zu entwickeln. Dies ist wichtig, um im Berufsleben Herausforderungen eigenst\u00e4ndig bew\u00e4ltigen zu k\u00f6nnen.<\/li><\/ol>\n\n\n\n<p>Die F\u00f6rderung der Kompetenzen im Bereich Personale Bildung ist grundlegend und entsprechende Ma\u00dfnahmen werden mindestens einmal j\u00e4hrlich im Rahmen der Fortschreibung eines individuellen F\u00f6rderplans festgelegt, \u00fcberpr\u00fcft und angepasst. Dies erfolgt in enger Absprache mit den Erziehungsberechtigten und Sch\u00fcler*Innen.<\/p>\n","protected":false},"excerpt":{"rendered":"<p>Der Kompetenzbereich Personale Bildung spielt eine entscheidende Rolle in der Berufsorientierung. Er f\u00f6rdert grundlegende F\u00e4higkeiten, die f\u00fcr den \u00dcbergang ins Berufsleben wichtig sind. Zentrale Aspekte in Hinblick auf die Berufsorientierung sind hier: Identit\u00e4t: Sch\u00fcler*innen entwickeln ein positives Selbstbild, was ihnen hilft, ihre St\u00e4rken und Interessen zu erkennen. Dies ist entscheidend f\u00fcr die Wahl eines passenden Berufsfeldes. Kommunikation und Interaktion: Durch gezielte \u00dcbungen zur Kommunikation lernen die Sch\u00fcler*innen, in Teams zu arbeiten und sich in Berufssituationen angemessen auszudr\u00fccken. Beispielsweise k\u00f6nnen Rollenspiele&#8230;<\/p>\n<p class=\"read-more\"><a class=\"btn btn-default\" href=\"https:\/\/wordpress.nibis.de\/knieberg\/personale-bildung-9\/\">Weiterlesen<span class=\"screen-reader-text\"> Weiterlesen<\/span><\/a><\/p>\n","protected":false},"author":9193665,"featured_media":0,"parent":0,"menu_order":0,"comment_status":"closed","ping_status":"closed","template":"","meta":{"footnotes":""},"class_list":["post-977","page","type-page","status-publish","hentry"],"_links":{"self":[{"href":"https:\/\/wordpress.nibis.de\/knieberg\/wp-json\/wp\/v2\/pages\/977","targetHints":{"allow":["GET"]}}],"collection":[{"href":"https:\/\/wordpress.nibis.de\/knieberg\/wp-json\/wp\/v2\/pages"}],"about":[{"href":"https:\/\/wordpress.nibis.de\/knieberg\/wp-json\/wp\/v2\/types\/page"}],"author":[{"embeddable":true,"href":"https:\/\/wordpress.nibis.de\/knieberg\/wp-json\/wp\/v2\/users\/9193665"}],"replies":[{"embeddable":true,"href":"https:\/\/wordpress.nibis.de\/knieberg\/wp-json\/wp\/v2\/comments?post=977"}],"version-history":[{"count":1,"href":"https:\/\/wordpress.nibis.de\/knieberg\/wp-json\/wp\/v2\/pages\/977\/revisions"}],"predecessor-version":[{"id":978,"href":"https:\/\/wordpress.nibis.de\/knieberg\/wp-json\/wp\/v2\/pages\/977\/revisions\/978"}],"wp:attachment":[{"href":"https:\/\/wordpress.nibis.de\/knieberg\/wp-json\/wp\/v2\/media?parent=977"}],"curies":[{"name":"wp","href":"https:\/\/api.w.org\/{rel}","templated":true}]}}