{"id":979,"date":"2024-12-05T09:12:23","date_gmt":"2024-12-05T08:12:23","guid":{"rendered":"https:\/\/wordpress.nibis.de\/knieberg\/?page_id=979"},"modified":"2024-12-05T09:12:23","modified_gmt":"2024-12-05T08:12:23","slug":"praktikum-9","status":"publish","type":"page","link":"https:\/\/wordpress.nibis.de\/knieberg\/praktikum-9\/","title":{"rendered":"Praktikum in den Sch\u00fclerfirmen"},"content":{"rendered":"\n<p>In der Sekundarstufe II ab Klasse 10 bietet die Schule im Unterricht die Arbeit in verschieden Abteilungen der Sch\u00fclerfirma \u201eKnieberg GmhM\u201c an. Damit sich die Sch\u00fcler*innen schon in Klasse 9 damit auseinandersetzen k\u00f6nnen, in welcher der verschiedenen Abteilungen sie arbeiten wollen, k\u00f6nnen sie im Fr\u00fchjahr dort ein kurzes Schnupperpraktikum absolvieren.<\/p>\n\n\n\n<p>Wir nutzen die personalen und r\u00e4umlichen Ressourcen der Sekundarstufe II in der Zeit, in der diese ihr Betriebspraktikum durchf\u00fchren. Auf diese Weise k\u00f6nnen die Sch\u00fcler*innen sich in der praktischen Arbeit ausprobieren und diese Erfahrung mit in ihren Auswahlwunsch f\u00fcr die Arbeit in einer der Sch\u00fclerfirma-Abteilungen ab Klasse 10 einflie\u00dfen lassen.<\/p>\n","protected":false},"excerpt":{"rendered":"<p>In der Sekundarstufe II ab Klasse 10 bietet die Schule im Unterricht die Arbeit in verschieden Abteilungen der Sch\u00fclerfirma \u201eKnieberg GmhM\u201c an. Damit sich die Sch\u00fcler*innen schon in Klasse 9 damit auseinandersetzen k\u00f6nnen, in welcher der verschiedenen Abteilungen sie arbeiten wollen, k\u00f6nnen sie im Fr\u00fchjahr dort ein kurzes Schnupperpraktikum absolvieren. Wir nutzen die personalen und r\u00e4umlichen Ressourcen der Sekundarstufe II in der Zeit, in der diese ihr Betriebspraktikum durchf\u00fchren. Auf diese Weise k\u00f6nnen die Sch\u00fcler*innen sich in der praktischen Arbeit&#8230;<\/p>\n<p class=\"read-more\"><a class=\"btn btn-default\" href=\"https:\/\/wordpress.nibis.de\/knieberg\/praktikum-9\/\">Weiterlesen<span class=\"screen-reader-text\"> Weiterlesen<\/span><\/a><\/p>\n","protected":false},"author":9193665,"featured_media":0,"parent":0,"menu_order":0,"comment_status":"closed","ping_status":"closed","template":"","meta":{"footnotes":""},"class_list":["post-979","page","type-page","status-publish","hentry"],"_links":{"self":[{"href":"https:\/\/wordpress.nibis.de\/knieberg\/wp-json\/wp\/v2\/pages\/979","targetHints":{"allow":["GET"]}}],"collection":[{"href":"https:\/\/wordpress.nibis.de\/knieberg\/wp-json\/wp\/v2\/pages"}],"about":[{"href":"https:\/\/wordpress.nibis.de\/knieberg\/wp-json\/wp\/v2\/types\/page"}],"author":[{"embeddable":true,"href":"https:\/\/wordpress.nibis.de\/knieberg\/wp-json\/wp\/v2\/users\/9193665"}],"replies":[{"embeddable":true,"href":"https:\/\/wordpress.nibis.de\/knieberg\/wp-json\/wp\/v2\/comments?post=979"}],"version-history":[{"count":1,"href":"https:\/\/wordpress.nibis.de\/knieberg\/wp-json\/wp\/v2\/pages\/979\/revisions"}],"predecessor-version":[{"id":980,"href":"https:\/\/wordpress.nibis.de\/knieberg\/wp-json\/wp\/v2\/pages\/979\/revisions\/980"}],"wp:attachment":[{"href":"https:\/\/wordpress.nibis.de\/knieberg\/wp-json\/wp\/v2\/media?parent=979"}],"curies":[{"name":"wp","href":"https:\/\/api.w.org\/{rel}","templated":true}]}}