{"id":986,"date":"2024-12-05T09:17:29","date_gmt":"2024-12-05T08:17:29","guid":{"rendered":"https:\/\/wordpress.nibis.de\/knieberg\/?page_id=986"},"modified":"2024-12-05T09:17:29","modified_gmt":"2024-12-05T08:17:29","slug":"zukunftstag-9","status":"publish","type":"page","link":"https:\/\/wordpress.nibis.de\/knieberg\/zukunftstag-9\/","title":{"rendered":"Zukunftstag"},"content":{"rendered":"\n<p>Die Sch\u00fcler*innen der Klassenstufe 9 erhalten das Angebot, an dem bundesweiten Zukunftstag (Girls Day; Boys Day) teilzunehmen, wenn sie m\u00f6chten. Daf\u00fcr ist Elterninitiative gefragt. Die Sch\u00fcler*innen k\u00f6nnen die M\u00f6glichkeiten dieses Aktionstages f\u00fcr sich nutzen, um einen Einblick in einen Betrieb ihrer Wahl zu erhalten. Es k\u00f6nnen wertvolle Erkenntnisse f\u00fcr den eigenen Weg in die berufliche Zukunft gewonnen werden und im Hinblick auf die eigenen St\u00e4rken und Schw\u00e4chen relativiert werden.<\/p>\n\n\n\n<p>Die Sch\u00fcler*innen erhalten in der Vorbereitung auf den Zukunftstag Hilfen und Unterst\u00fctzung bei der Suche nach geeigneten Pl\u00e4tzen und bei der Organisation sowie bei der Bew\u00e4ltigung der Wege. Je nach Unterst\u00fctzungsbedarf kann eine Begleitung durch den Tag notwendig sein oder nicht.<\/p>\n","protected":false},"excerpt":{"rendered":"<p>Die Sch\u00fcler*innen der Klassenstufe 9 erhalten das Angebot, an dem bundesweiten Zukunftstag (Girls Day; Boys Day) teilzunehmen, wenn sie m\u00f6chten. Daf\u00fcr ist Elterninitiative gefragt. Die Sch\u00fcler*innen k\u00f6nnen die M\u00f6glichkeiten dieses Aktionstages f\u00fcr sich nutzen, um einen Einblick in einen Betrieb ihrer Wahl zu erhalten. Es k\u00f6nnen wertvolle Erkenntnisse f\u00fcr den eigenen Weg in die berufliche Zukunft gewonnen werden und im Hinblick auf die eigenen St\u00e4rken und Schw\u00e4chen relativiert werden. Die Sch\u00fcler*innen erhalten in der Vorbereitung auf den Zukunftstag Hilfen und&#8230;<\/p>\n<p class=\"read-more\"><a class=\"btn btn-default\" href=\"https:\/\/wordpress.nibis.de\/knieberg\/zukunftstag-9\/\">Weiterlesen<span class=\"screen-reader-text\"> Weiterlesen<\/span><\/a><\/p>\n","protected":false},"author":9193665,"featured_media":0,"parent":0,"menu_order":0,"comment_status":"closed","ping_status":"closed","template":"","meta":{"footnotes":""},"class_list":["post-986","page","type-page","status-publish","hentry"],"_links":{"self":[{"href":"https:\/\/wordpress.nibis.de\/knieberg\/wp-json\/wp\/v2\/pages\/986","targetHints":{"allow":["GET"]}}],"collection":[{"href":"https:\/\/wordpress.nibis.de\/knieberg\/wp-json\/wp\/v2\/pages"}],"about":[{"href":"https:\/\/wordpress.nibis.de\/knieberg\/wp-json\/wp\/v2\/types\/page"}],"author":[{"embeddable":true,"href":"https:\/\/wordpress.nibis.de\/knieberg\/wp-json\/wp\/v2\/users\/9193665"}],"replies":[{"embeddable":true,"href":"https:\/\/wordpress.nibis.de\/knieberg\/wp-json\/wp\/v2\/comments?post=986"}],"version-history":[{"count":1,"href":"https:\/\/wordpress.nibis.de\/knieberg\/wp-json\/wp\/v2\/pages\/986\/revisions"}],"predecessor-version":[{"id":987,"href":"https:\/\/wordpress.nibis.de\/knieberg\/wp-json\/wp\/v2\/pages\/986\/revisions\/987"}],"wp:attachment":[{"href":"https:\/\/wordpress.nibis.de\/knieberg\/wp-json\/wp\/v2\/media?parent=986"}],"curies":[{"name":"wp","href":"https:\/\/api.w.org\/{rel}","templated":true}]}}