{"id":988,"date":"2024-12-05T09:18:09","date_gmt":"2024-12-05T08:18:09","guid":{"rendered":"https:\/\/wordpress.nibis.de\/knieberg\/?page_id=988"},"modified":"2024-12-05T09:18:09","modified_gmt":"2024-12-05T08:18:09","slug":"einbindung-9","status":"publish","type":"page","link":"https:\/\/wordpress.nibis.de\/knieberg\/einbindung-9\/","title":{"rendered":"Einbindung in weitere F\u00e4cher"},"content":{"rendered":"\n<p>Im Rahmen eines ganzheitlichen und f\u00e4cher\u00fcbergreifenden Unterrichts (Projekt \u201eKiosk\u201c), das regelm\u00e4\u00dfig von den 9. Klassen durchgef\u00fchrt wird werden die Sch\u00fcler*innen gezielt darauf vorbereitet, sich mit dem \u00dcbergang zur Sekundarstufe II auseinanderzusetzen und diesen aktiv mitzugestalten.<\/p>\n\n\n\n<p>Dar\u00fcber hinaus r\u00fccken Unterrichtsinhalte in den Mittelpunkt, die bereits erworbene Kompetenzen bzgl. Selbst\u00e4ndigkeit und Selbstversorgung der Sch\u00fcler*innen f\u00f6rdern und festigen und die eigenen\/individuellen Vorstellungen und W\u00fcnsche f\u00fcr die zuk\u00fcnftige Lebenssituation reifen und entwickeln lassen.<\/p>\n\n\n\n<p>Besondere Bedeutung neben der Festigung und Erweiterung der Lese-, Schreib- und Rechenkompetenzen haben dabei das Mobilit\u00e4tstraining (Orientieren im \u00f6ffentlichen Raum, Benutzen von \u00f6ffentlichen Verkehrsmitteln, Verkehrsunterricht, Einkaufsg\u00e4nge, Umgang mit Geld u.v.m.) sowie Unterrichtsinhalte aus Arbeit\/Wirtschaft\/Technik.<\/p>\n\n\n\n<p>Hier setzen sich die Sch\u00fcler*innen insbesondere mit der Bedeutung von \u201eArbeit\u201c auseinander (Ausblick und Vorbereitung auf die Sch\u00fclerfirma ab Klasse 10) und bekommen wichtige Einblicke in die Berufswelt. Das Festigen und Erweitern der technischen\/motorischen Kompetenzen in den F\u00e4chern \u201eGestalten\u201c \/ \u201eWerken\u201c soll die Sch\u00fcler*innen ebenfalls gezielt auf die anstehenden Praktika in Klasse 10 und 11 sowie fr\u00fchzeitig auf die Unterrichtsinhalte in der Berufsschule (BBS) in Klasse 12 vorbereiten.<\/p>\n","protected":false},"excerpt":{"rendered":"<p>Im Rahmen eines ganzheitlichen und f\u00e4cher\u00fcbergreifenden Unterrichts (Projekt \u201eKiosk\u201c), das regelm\u00e4\u00dfig von den 9. Klassen durchgef\u00fchrt wird werden die Sch\u00fcler*innen gezielt darauf vorbereitet, sich mit dem \u00dcbergang zur Sekundarstufe II auseinanderzusetzen und diesen aktiv mitzugestalten. Dar\u00fcber hinaus r\u00fccken Unterrichtsinhalte in den Mittelpunkt, die bereits erworbene Kompetenzen bzgl. Selbst\u00e4ndigkeit und Selbstversorgung der Sch\u00fcler*innen f\u00f6rdern und festigen und die eigenen\/individuellen Vorstellungen und W\u00fcnsche f\u00fcr die zuk\u00fcnftige Lebenssituation reifen und entwickeln lassen. Besondere Bedeutung neben der Festigung und Erweiterung der Lese-, Schreib- und&#8230;<\/p>\n<p class=\"read-more\"><a class=\"btn btn-default\" href=\"https:\/\/wordpress.nibis.de\/knieberg\/einbindung-9\/\">Weiterlesen<span class=\"screen-reader-text\"> Weiterlesen<\/span><\/a><\/p>\n","protected":false},"author":9193665,"featured_media":0,"parent":0,"menu_order":0,"comment_status":"closed","ping_status":"closed","template":"","meta":{"footnotes":""},"class_list":["post-988","page","type-page","status-publish","hentry"],"_links":{"self":[{"href":"https:\/\/wordpress.nibis.de\/knieberg\/wp-json\/wp\/v2\/pages\/988","targetHints":{"allow":["GET"]}}],"collection":[{"href":"https:\/\/wordpress.nibis.de\/knieberg\/wp-json\/wp\/v2\/pages"}],"about":[{"href":"https:\/\/wordpress.nibis.de\/knieberg\/wp-json\/wp\/v2\/types\/page"}],"author":[{"embeddable":true,"href":"https:\/\/wordpress.nibis.de\/knieberg\/wp-json\/wp\/v2\/users\/9193665"}],"replies":[{"embeddable":true,"href":"https:\/\/wordpress.nibis.de\/knieberg\/wp-json\/wp\/v2\/comments?post=988"}],"version-history":[{"count":1,"href":"https:\/\/wordpress.nibis.de\/knieberg\/wp-json\/wp\/v2\/pages\/988\/revisions"}],"predecessor-version":[{"id":989,"href":"https:\/\/wordpress.nibis.de\/knieberg\/wp-json\/wp\/v2\/pages\/988\/revisions\/989"}],"wp:attachment":[{"href":"https:\/\/wordpress.nibis.de\/knieberg\/wp-json\/wp\/v2\/media?parent=988"}],"curies":[{"name":"wp","href":"https:\/\/api.w.org\/{rel}","templated":true}]}}