{"id":998,"date":"2024-12-05T09:24:20","date_gmt":"2024-12-05T08:24:20","guid":{"rendered":"https:\/\/wordpress.nibis.de\/knieberg\/?page_id=998"},"modified":"2025-02-11T12:05:08","modified_gmt":"2025-02-11T11:05:08","slug":"markt-1011","status":"publish","type":"page","link":"https:\/\/wordpress.nibis.de\/knieberg\/markt-1011\/","title":{"rendered":"Markt der M\u00f6glichkeiten, Sch\u00fclerfirmenmesse, Berufsmesse"},"content":{"rendered":"<ul>\n<li><u>Markt der M\u00f6glichkeiten:<\/u> Die Schule am Knieberg veranstaltet alle zwei Jahre den Markt der M\u00f6glichkeiten. Hier stellen m\u00f6glichst viele verschiedene Institutionen ihre Angebote f\u00fcr Arbeiten und Wohnen nach der Schulzeit vor. Wir werben schon ab Klassenstufe 9 bei Sch\u00fcler*innen und Eltern f\u00fcr eine Teilnahme, um sich schon fr\u00fchzeitig mit den M\u00f6glichkeiten auseinanderzusetzen, die es in der Region L\u00fcneburg gibt.<\/li>\n<li><u>Sch\u00fclerfirmenmesse:<\/u> Auf der alle zwei Jahre stattfindenden Sch\u00fclerfirmenmesse (organisiert vom SCHUBZ) k\u00f6nnen unsere Sch\u00fcler*Innen einen Einblick in weitere Arbeitsfelder anderer Schulen erhalten und sich mit verschiedenen Berufen auseinandersetzen. Zudem pr\u00e4sentieren sie hier unsere Sch\u00fclerfirma mit ihren unterschiedlichen Abteilungen.<\/li>\n<li><u>Berufsmesse:<\/u> Unsere Klassen besuchen teilweise Berufsmessen in der Umgebung. Hier haben die Sch\u00fcler*innen die M\u00f6glichkeit, weitere Berufe kennenzulernen und ggf. geeignete Betriebe kennenzulernen.<\/li>\n<\/ul>\n","protected":false},"excerpt":{"rendered":"<p>Markt der M\u00f6glichkeiten: Die Schule am Knieberg veranstaltet alle zwei Jahre den Markt der M\u00f6glichkeiten. Hier stellen m\u00f6glichst viele verschiedene Institutionen ihre Angebote f\u00fcr Arbeiten und Wohnen nach der Schulzeit vor. Wir werben schon ab Klassenstufe 9 bei Sch\u00fcler*innen und Eltern f\u00fcr eine Teilnahme, um sich schon fr\u00fchzeitig mit den M\u00f6glichkeiten auseinanderzusetzen, die es in der Region L\u00fcneburg gibt. Sch\u00fclerfirmenmesse: Auf der alle zwei Jahre stattfindenden Sch\u00fclerfirmenmesse (organisiert vom SCHUBZ) k\u00f6nnen unsere Sch\u00fcler*Innen einen Einblick in weitere Arbeitsfelder anderer Schulen&#8230;<\/p>\n<p class=\"read-more\"><a class=\"btn btn-default\" href=\"https:\/\/wordpress.nibis.de\/knieberg\/markt-1011\/\">Weiterlesen<span class=\"screen-reader-text\"> Weiterlesen<\/span><\/a><\/p>\n","protected":false},"author":9193665,"featured_media":0,"parent":0,"menu_order":0,"comment_status":"closed","ping_status":"closed","template":"","meta":{"footnotes":""},"class_list":["post-998","page","type-page","status-publish","hentry"],"_links":{"self":[{"href":"https:\/\/wordpress.nibis.de\/knieberg\/wp-json\/wp\/v2\/pages\/998","targetHints":{"allow":["GET"]}}],"collection":[{"href":"https:\/\/wordpress.nibis.de\/knieberg\/wp-json\/wp\/v2\/pages"}],"about":[{"href":"https:\/\/wordpress.nibis.de\/knieberg\/wp-json\/wp\/v2\/types\/page"}],"author":[{"embeddable":true,"href":"https:\/\/wordpress.nibis.de\/knieberg\/wp-json\/wp\/v2\/users\/9193665"}],"replies":[{"embeddable":true,"href":"https:\/\/wordpress.nibis.de\/knieberg\/wp-json\/wp\/v2\/comments?post=998"}],"version-history":[{"count":2,"href":"https:\/\/wordpress.nibis.de\/knieberg\/wp-json\/wp\/v2\/pages\/998\/revisions"}],"predecessor-version":[{"id":1049,"href":"https:\/\/wordpress.nibis.de\/knieberg\/wp-json\/wp\/v2\/pages\/998\/revisions\/1049"}],"wp:attachment":[{"href":"https:\/\/wordpress.nibis.de\/knieberg\/wp-json\/wp\/v2\/media?parent=998"}],"curies":[{"name":"wp","href":"https:\/\/api.w.org\/{rel}","templated":true}]}}