{"id":20,"date":"2020-03-01T18:47:39","date_gmt":"2020-03-01T17:47:39","guid":{"rendered":"http:\/\/wordpress.nibis.de\/kovolstadt\/?page_id=20"},"modified":"2025-08-26T19:29:01","modified_gmt":"2025-08-26T17:29:01","slug":"kontakt-impressum","status":"publish","type":"page","link":"https:\/\/wordpress.nibis.de\/kovolstadt\/kontakt-impressum\/","title":{"rendered":"Kontakt\/Impressum"},"content":{"rendered":"<p>Kooperationsverbund zur F\u00f6rderung besonderer Begabungen Oldenburg-Stadt<br \/>\ngenehmigt durch das Kultusministerium des Landes Niedersachsen.<\/p>\n<p><strong>Disclaimer<\/strong>:<\/p>\n<p>Diese Webseite beinhaltet externe Links. Deren Inhalte entziehen sich unserer Einflussnahme, so dass eine Gew\u00e4hr f\u00fcr solche Inhalte von uns nicht \u00fcbernommen werden kann.<\/p>\n<p>Die Verantwortung liegt stets beim jeweiligen Betreiber der externen Seiten. Zum Zeitpunkt der Verkn\u00fcpfung der externen Links waren keine Rechtsverst\u00f6\u00dfe ersichtlich. Die permanente \u00dcberwachung fremder Inhalte auf Rechtsverst\u00f6\u00dfe ohne konkrete Hinweise ist uns nicht zumutbar.<\/p>\n<p>Sollten wir Kenntnis von Rechtsverletzungen erlangen, werden wir die entsprechenden externen Links unverz\u00fcglich entfernen.<\/p>\n","protected":false},"excerpt":{"rendered":"<p>Kooperationsverbund zur F\u00f6rderung besonderer Begabungen Oldenburg-Stadt genehmigt durch das Kultusministerium des Landes Niedersachsen. Disclaimer: Diese Webseite beinhaltet externe Links. Deren Inhalte entziehen sich unserer Einflussnahme, so dass eine Gew\u00e4hr f\u00fcr solche Inhalte von uns nicht \u00fcbernommen werden kann. Die Verantwortung &hellip; <a href=\"https:\/\/wordpress.nibis.de\/kovolstadt\/kontakt-impressum\/\">Weiterlesen <span class=\"meta-nav\">&rarr;<\/span><\/a><\/p>\n","protected":false},"author":9192836,"featured_media":0,"parent":0,"menu_order":0,"comment_status":"closed","ping_status":"closed","template":"","meta":{"footnotes":""},"class_list":["post-20","page","type-page","status-publish","hentry"],"_links":{"self":[{"href":"https:\/\/wordpress.nibis.de\/kovolstadt\/wp-json\/wp\/v2\/pages\/20","targetHints":{"allow":["GET"]}}],"collection":[{"href":"https:\/\/wordpress.nibis.de\/kovolstadt\/wp-json\/wp\/v2\/pages"}],"about":[{"href":"https:\/\/wordpress.nibis.de\/kovolstadt\/wp-json\/wp\/v2\/types\/page"}],"author":[{"embeddable":true,"href":"https:\/\/wordpress.nibis.de\/kovolstadt\/wp-json\/wp\/v2\/users\/9192836"}],"replies":[{"embeddable":true,"href":"https:\/\/wordpress.nibis.de\/kovolstadt\/wp-json\/wp\/v2\/comments?post=20"}],"version-history":[{"count":5,"href":"https:\/\/wordpress.nibis.de\/kovolstadt\/wp-json\/wp\/v2\/pages\/20\/revisions"}],"predecessor-version":[{"id":253,"href":"https:\/\/wordpress.nibis.de\/kovolstadt\/wp-json\/wp\/v2\/pages\/20\/revisions\/253"}],"wp:attachment":[{"href":"https:\/\/wordpress.nibis.de\/kovolstadt\/wp-json\/wp\/v2\/media?parent=20"}],"curies":[{"name":"wp","href":"https:\/\/api.w.org\/{rel}","templated":true}]}}