{"id":7,"date":"2023-03-26T11:53:00","date_gmt":"2023-03-26T09:53:00","guid":{"rendered":"http:\/\/wordpress.nibis.de\/kovolstadt\/?page_id=7"},"modified":"2025-09-08T17:39:06","modified_gmt":"2025-09-08T15:39:06","slug":"wir-ueber-uns","status":"publish","type":"page","link":"https:\/\/wordpress.nibis.de\/kovolstadt\/","title":{"rendered":"Wir \u00fcber uns"},"content":{"rendered":"<p><img loading=\"lazy\" decoding=\"async\" class=\"size-medium wp-image-66 alignleft\" src=\"https:\/\/wordpress.nibis.de\/kovolstadt\/files\/2018\/06\/Screenshot-2018-11-01-16.59.31-300x225.png\" alt=\"\" width=\"300\" height=\"225\" srcset=\"https:\/\/wordpress.nibis.de\/kovolstadt\/files\/2018\/06\/Screenshot-2018-11-01-16.59.31-300x225.png 300w, https:\/\/wordpress.nibis.de\/kovolstadt\/files\/2018\/06\/Screenshot-2018-11-01-16.59.31.png 639w\" sizes=\"auto, (max-width: 300px) 100vw, 300px\" \/>Der Kooperationsverbund Oldenburg Stadt existiert seit 2004 und ist damit einer von mittlerweile 90 Kooperationsverb\u00fcnden im Land Niedersachsen.<\/p>\n<p>Die F\u00f6rderung von Sch\u00fcler*innen mit besonderen Begabungen ist in \u00a7 54 Abs.1 Satz 4 NSchG ausdr\u00fccklich gesetzlich verankert worden. Zur Verwirklichung des Anspruchs geh\u00f6ren u. a. ausreichend differenzierte, entwicklungsbeg\u00fcnstigende schulische Lern- und Leistungsbedingungen, die sich am Individuum orientieren und der Verantwortung des Einzelnen f\u00fcr den eigenen Bildungsprozess eine besondere Bedeutung zumessen.<\/p>\n<p>Ein begabungsentwickelnder Unterricht muss den Lernm\u00f6glichkeiten begabter Kinder entsprechen, der hocheffektiven Informationsverarbeitung, den wirksamen Ged\u00e4chtnisstrategien, dem breiten und tiefen Interessenspektrum und dem schnellen Lerntempo. (vgl. \u201eBegabungen erkennen und f\u00f6rdern &#8211;\u00a0Kooperationsverb\u00fcnde nieders\u00e4chsischer Schulen und Kindertageseinrichtungen\u00a0Informationen f\u00fcr Eltern, Kindertageseinrichtungen und Schulen\u201c, S. 17)<\/p>\n<p>Der Kooperationsverbund OL-Stadt hat es sich zur Aufgabe gemacht, besondere Begabungen bei Sch\u00fcler*innen, fr\u00fch- und rechtzeitig zu erkennen und individuell zu f\u00f6rdern. Um dieser Aufgabe entsprechend nachkommen zu k\u00f6nnen, haben sich die Mitglieder des KOV im Hinblick auf das Erkennen und F\u00f6rdern von besonders begabten Kindern zunehmend qualifiziert.<\/p>\n<p>Die Zusammenarbeit des Kooperationsverbunds mit Kindertagesst\u00e4tten, Erziehungsberechtigten und Elterninitiativen orientiert sich stets an den Bed\u00fcrfnissen und am Wohl der Kinder und Jugendlichen.<br \/>\nZum Verbund geh\u00f6ren:<\/p>\n<p><a href=\"http:\/\/www.gs-etzhorn.de\">Grundschule Etzhorn<\/a><\/p>\n<p><a href=\"http:\/\/www.gs-eversten.de\">Kath. GS Eversten<\/a><\/p>\n<p><a href=\"http:\/\/heiligengeisttor.de\/wordpress\/\">GS Heiligengeisttor<\/a><\/p>\n<p><a href=\"https:\/\/grundschule-hogenkamp.de\">GS Hogenkamp<\/a><\/p>\n<p><a href=\"http:\/\/www.gs-krusenbusch.de\">GS Krusenbusch<\/a><\/p>\n<p><a href=\"http:\/\/www.gs-wallschule.de\">GS Wallschule\u00a0<\/a><\/p>\n<p><a href=\"https:\/\/obs-alex.de\">OBS Alexanderstra\u00dfe<\/a><\/p>\n<p><a href=\"http:\/\/www.igs-floetenteich.de\">IGS Fl\u00f6tenteich<\/a><\/p>\n<p><a href=\"https:\/\/www.caeci.de\">Gymnasium C\u00e4cilienschule<\/a><\/p>\n<p><a href=\"https:\/\/gymnasium-eversten.de\/#\" target=\"_blank\" rel=\"noopener noreferrer\">Gymnasium Eversten<\/a><\/p>\n<p>F\u00fcr weitere Information bez\u00fcglich unserer Arbeit klicken Sie bitte <a href=\"https:\/\/wordpress.nibis.de\/kovolstadt\/files\/2025\/08\/Konzept-des-KOV-OL-Stadt-2025-1.pdf\" target=\"_blank\" rel=\"noopener noreferrer\">hier,<\/a> dann \u00f6ffnet sich unser aktuelles Konzept.<\/p>\n","protected":false},"excerpt":{"rendered":"<p>Der Kooperationsverbund Oldenburg Stadt existiert seit 2004 und ist damit einer von mittlerweile 90 Kooperationsverb\u00fcnden im Land Niedersachsen. Die F\u00f6rderung von Sch\u00fcler*innen mit besonderen Begabungen ist in \u00a7 54 Abs.1 Satz 4 NSchG ausdr\u00fccklich gesetzlich verankert worden. Zur Verwirklichung des &hellip; <a href=\"https:\/\/wordpress.nibis.de\/kovolstadt\/\">Weiterlesen <span class=\"meta-nav\">&rarr;<\/span><\/a><\/p>\n","protected":false},"author":9192836,"featured_media":0,"parent":0,"menu_order":0,"comment_status":"closed","ping_status":"closed","template":"","meta":{"footnotes":""},"class_list":["post-7","page","type-page","status-publish","hentry"],"_links":{"self":[{"href":"https:\/\/wordpress.nibis.de\/kovolstadt\/wp-json\/wp\/v2\/pages\/7","targetHints":{"allow":["GET"]}}],"collection":[{"href":"https:\/\/wordpress.nibis.de\/kovolstadt\/wp-json\/wp\/v2\/pages"}],"about":[{"href":"https:\/\/wordpress.nibis.de\/kovolstadt\/wp-json\/wp\/v2\/types\/page"}],"author":[{"embeddable":true,"href":"https:\/\/wordpress.nibis.de\/kovolstadt\/wp-json\/wp\/v2\/users\/9192836"}],"replies":[{"embeddable":true,"href":"https:\/\/wordpress.nibis.de\/kovolstadt\/wp-json\/wp\/v2\/comments?post=7"}],"version-history":[{"count":15,"href":"https:\/\/wordpress.nibis.de\/kovolstadt\/wp-json\/wp\/v2\/pages\/7\/revisions"}],"predecessor-version":[{"id":257,"href":"https:\/\/wordpress.nibis.de\/kovolstadt\/wp-json\/wp\/v2\/pages\/7\/revisions\/257"}],"wp:attachment":[{"href":"https:\/\/wordpress.nibis.de\/kovolstadt\/wp-json\/wp\/v2\/media?parent=7"}],"curies":[{"name":"wp","href":"https:\/\/api.w.org\/{rel}","templated":true}]}}