{"id":1052,"date":"2023-02-07T17:07:33","date_gmt":"2023-02-07T16:07:33","guid":{"rendered":"https:\/\/wordpress.nibis.de\/kranich\/?page_id=1052"},"modified":"2023-02-07T17:07:33","modified_gmt":"2023-02-07T16:07:33","slug":"winter-im-schulgarten","status":"publish","type":"page","link":"https:\/\/wordpress.nibis.de\/kranich\/winter-im-schulgarten\/","title":{"rendered":"Winter im Schulgarten"},"content":{"rendered":"\n<p>Auch im Winter ist im Schulgarten einiges los. So haben Sch\u00fclerinnen und Sch\u00fcler aus der Klasse 1c und 2f ein Festmahl f\u00fcr die V\u00f6gel zubereitet.<br>Daf\u00fcr wurden \u00c4pfel mit Sonnenblumenkernen gespickt und Vogelfutter in F\u00f6rmchen und Walnussschalen gegeben.<\/p>\n\n\n\n<p>Gemeinsam wurde dann im Schulgarten ein Weihnachtsbaum f\u00fcr die V\u00f6gel aufgestellt und \u201egeschm\u00fcckt\u201c<\/p>\n\n\n\n<figure class=\"wp-block-gallery has-nested-images columns-default is-cropped wp-block-gallery-1 is-layout-flex wp-block-gallery-is-layout-flex\">\n<figure class=\"wp-block-image size-large\"><img loading=\"lazy\" decoding=\"async\" width=\"1024\" height=\"768\" data-id=\"1053\" src=\"https:\/\/wordpress.nibis.de\/kranich\/files\/2023\/02\/Bild_Vogelfuettern_Schulgarten-5-1024x768.jpg\" alt=\"\" class=\"wp-image-1053\" srcset=\"https:\/\/wordpress.nibis.de\/kranich\/files\/2023\/02\/Bild_Vogelfuettern_Schulgarten-5-1024x768.jpg 1024w, https:\/\/wordpress.nibis.de\/kranich\/files\/2023\/02\/Bild_Vogelfuettern_Schulgarten-5-300x225.jpg 300w, https:\/\/wordpress.nibis.de\/kranich\/files\/2023\/02\/Bild_Vogelfuettern_Schulgarten-5-768x576.jpg 768w, https:\/\/wordpress.nibis.de\/kranich\/files\/2023\/02\/Bild_Vogelfuettern_Schulgarten-5-1536x1152.jpg 1536w, https:\/\/wordpress.nibis.de\/kranich\/files\/2023\/02\/Bild_Vogelfuettern_Schulgarten-5-2048x1536.jpg 2048w, https:\/\/wordpress.nibis.de\/kranich\/files\/2023\/02\/Bild_Vogelfuettern_Schulgarten-5-360x270.jpg 360w\" sizes=\"auto, (max-width: 1024px) 100vw, 1024px\" \/><\/figure>\n\n\n\n<figure class=\"wp-block-image size-large\"><img loading=\"lazy\" decoding=\"async\" width=\"768\" height=\"1024\" data-id=\"1055\" src=\"https:\/\/wordpress.nibis.de\/kranich\/files\/2023\/02\/Bild_Vogelfuettern_Schulgarten-3-768x1024.jpg\" alt=\"\" class=\"wp-image-1055\" srcset=\"https:\/\/wordpress.nibis.de\/kranich\/files\/2023\/02\/Bild_Vogelfuettern_Schulgarten-3-768x1024.jpg 768w, https:\/\/wordpress.nibis.de\/kranich\/files\/2023\/02\/Bild_Vogelfuettern_Schulgarten-3-225x300.jpg 225w, https:\/\/wordpress.nibis.de\/kranich\/files\/2023\/02\/Bild_Vogelfuettern_Schulgarten-3-1152x1536.jpg 1152w, https:\/\/wordpress.nibis.de\/kranich\/files\/2023\/02\/Bild_Vogelfuettern_Schulgarten-3-1536x2048.jpg 1536w, https:\/\/wordpress.nibis.de\/kranich\/files\/2023\/02\/Bild_Vogelfuettern_Schulgarten-3-203x270.jpg 203w, https:\/\/wordpress.nibis.de\/kranich\/files\/2023\/02\/Bild_Vogelfuettern_Schulgarten-3-scaled.jpg 1920w\" sizes=\"auto, (max-width: 768px) 100vw, 768px\" \/><\/figure>\n\n\n\n<figure class=\"wp-block-image size-large\"><img loading=\"lazy\" decoding=\"async\" width=\"768\" height=\"1024\" data-id=\"1057\" src=\"https:\/\/wordpress.nibis.de\/kranich\/files\/2023\/02\/Bild_Vogelfuettern_Schulgarten-4-768x1024.jpeg\" alt=\"\" class=\"wp-image-1057\" srcset=\"https:\/\/wordpress.nibis.de\/kranich\/files\/2023\/02\/Bild_Vogelfuettern_Schulgarten-4-768x1024.jpeg 768w, https:\/\/wordpress.nibis.de\/kranich\/files\/2023\/02\/Bild_Vogelfuettern_Schulgarten-4-225x300.jpeg 225w, https:\/\/wordpress.nibis.de\/kranich\/files\/2023\/02\/Bild_Vogelfuettern_Schulgarten-4-1152x1536.jpeg 1152w, https:\/\/wordpress.nibis.de\/kranich\/files\/2023\/02\/Bild_Vogelfuettern_Schulgarten-4-1536x2048.jpeg 1536w, https:\/\/wordpress.nibis.de\/kranich\/files\/2023\/02\/Bild_Vogelfuettern_Schulgarten-4-203x270.jpeg 203w, https:\/\/wordpress.nibis.de\/kranich\/files\/2023\/02\/Bild_Vogelfuettern_Schulgarten-4-scaled.jpeg 1920w\" sizes=\"auto, (max-width: 768px) 100vw, 768px\" \/><\/figure>\n\n\n\n<figure class=\"wp-block-image size-large\"><img loading=\"lazy\" decoding=\"async\" width=\"768\" height=\"1024\" data-id=\"1056\" src=\"https:\/\/wordpress.nibis.de\/kranich\/files\/2023\/02\/Bild_Vogelfuettern_Schulgarten-2-768x1024.jpg\" alt=\"\" class=\"wp-image-1056\" srcset=\"https:\/\/wordpress.nibis.de\/kranich\/files\/2023\/02\/Bild_Vogelfuettern_Schulgarten-2-768x1024.jpg 768w, https:\/\/wordpress.nibis.de\/kranich\/files\/2023\/02\/Bild_Vogelfuettern_Schulgarten-2-225x300.jpg 225w, https:\/\/wordpress.nibis.de\/kranich\/files\/2023\/02\/Bild_Vogelfuettern_Schulgarten-2-1152x1536.jpg 1152w, https:\/\/wordpress.nibis.de\/kranich\/files\/2023\/02\/Bild_Vogelfuettern_Schulgarten-2-1536x2048.jpg 1536w, https:\/\/wordpress.nibis.de\/kranich\/files\/2023\/02\/Bild_Vogelfuettern_Schulgarten-2-203x270.jpg 203w, https:\/\/wordpress.nibis.de\/kranich\/files\/2023\/02\/Bild_Vogelfuettern_Schulgarten-2-scaled.jpg 1920w\" sizes=\"auto, (max-width: 768px) 100vw, 768px\" \/><\/figure>\n<\/figure>\n\n\n\n<figure class=\"wp-block-image size-large\"><img loading=\"lazy\" decoding=\"async\" width=\"1024\" height=\"683\" src=\"https:\/\/wordpress.nibis.de\/kranich\/files\/2023\/02\/Bild_Vogelfuettern_Schulgarten-1-1024x683.jpg\" alt=\"\" class=\"wp-image-1058\" srcset=\"https:\/\/wordpress.nibis.de\/kranich\/files\/2023\/02\/Bild_Vogelfuettern_Schulgarten-1-1024x683.jpg 1024w, https:\/\/wordpress.nibis.de\/kranich\/files\/2023\/02\/Bild_Vogelfuettern_Schulgarten-1-300x200.jpg 300w, https:\/\/wordpress.nibis.de\/kranich\/files\/2023\/02\/Bild_Vogelfuettern_Schulgarten-1-768x512.jpg 768w, https:\/\/wordpress.nibis.de\/kranich\/files\/2023\/02\/Bild_Vogelfuettern_Schulgarten-1-1536x1024.jpg 1536w, https:\/\/wordpress.nibis.de\/kranich\/files\/2023\/02\/Bild_Vogelfuettern_Schulgarten-1-405x270.jpg 405w, https:\/\/wordpress.nibis.de\/kranich\/files\/2023\/02\/Bild_Vogelfuettern_Schulgarten-1.jpg 1813w\" sizes=\"auto, (max-width: 1024px) 100vw, 1024px\" \/><\/figure>\n","protected":false},"excerpt":{"rendered":"<p>Auch im Winter ist im Schulgarten einiges los. So haben Sch\u00fclerinnen und Sch\u00fcler aus der Klasse 1c und 2f ein Festmahl f\u00fcr die V\u00f6gel zubereitet.Daf\u00fcr wurden \u00c4pfel mit Sonnenblumenkernen gespickt und Vogelfutter in F\u00f6rmchen und Walnussschalen gegeben. Gemeinsam wurde dann im Schulgarten ein Weihnachtsbaum f\u00fcr die V\u00f6gel aufgestellt und \u201egeschm\u00fcckt\u201c<\/p>\n","protected":false},"author":9193795,"featured_media":0,"parent":0,"menu_order":0,"comment_status":"closed","ping_status":"closed","template":"","meta":{"footnotes":""},"class_list":["post-1052","page","type-page","status-publish","hentry"],"_links":{"self":[{"href":"https:\/\/wordpress.nibis.de\/kranich\/wp-json\/wp\/v2\/pages\/1052","targetHints":{"allow":["GET"]}}],"collection":[{"href":"https:\/\/wordpress.nibis.de\/kranich\/wp-json\/wp\/v2\/pages"}],"about":[{"href":"https:\/\/wordpress.nibis.de\/kranich\/wp-json\/wp\/v2\/types\/page"}],"author":[{"embeddable":true,"href":"https:\/\/wordpress.nibis.de\/kranich\/wp-json\/wp\/v2\/users\/9193795"}],"replies":[{"embeddable":true,"href":"https:\/\/wordpress.nibis.de\/kranich\/wp-json\/wp\/v2\/comments?post=1052"}],"version-history":[{"count":1,"href":"https:\/\/wordpress.nibis.de\/kranich\/wp-json\/wp\/v2\/pages\/1052\/revisions"}],"predecessor-version":[{"id":1059,"href":"https:\/\/wordpress.nibis.de\/kranich\/wp-json\/wp\/v2\/pages\/1052\/revisions\/1059"}],"wp:attachment":[{"href":"https:\/\/wordpress.nibis.de\/kranich\/wp-json\/wp\/v2\/media?parent=1052"}],"curies":[{"name":"wp","href":"https:\/\/api.w.org\/{rel}","templated":true}]}}