{"id":1069,"date":"2023-02-21T18:52:57","date_gmt":"2023-02-21T17:52:57","guid":{"rendered":"https:\/\/wordpress.nibis.de\/kranich\/?page_id=1069"},"modified":"2023-04-23T17:48:23","modified_gmt":"2023-04-23T15:48:23","slug":"zirkus-dobbelino","status":"publish","type":"page","link":"https:\/\/wordpress.nibis.de\/kranich\/zirkus-dobbelino\/","title":{"rendered":"Zirkus Dobbelino"},"content":{"rendered":"\n<p>Der Braunschweiger Zirkus Dobbelino gastierte vom 12.3. &#8211; 18.3.23 bei uns und \u00fcbte mit allen Sch\u00fclerinnen und Sch\u00fclern ein Zirkusprogramm ein. Es wurde geschwitzt, gelacht und geprobt. Viele Kinder wuchsen \u00fcber sich hinaus.<\/p>\n\n\n\n<p>Es gab Zauberer, Seilt\u00e4nzer, Tellerdreher, Trapezk\u00fcnstler und noch viel mehr Artisten. Am Freitag und Samstag traten alle Kinder in jeweils einer Vorstellung auf.<\/p>\n\n\n\n<p>Toll war das! Vielen Dank an alle kleinen Artisten, den Mitarbeitern des Zirkus Dobbelino, den Kolleginnen und Kollegen sowie den Flei\u00dfgen Eltern!!<\/p>\n\n\n\n<div class=\"wp-block-group\"><div class=\"wp-block-group__inner-container is-layout-flow wp-block-group-is-layout-flow\">\n<div class=\"wp-block-columns is-layout-flex wp-container-core-columns-is-layout-abceabcf wp-block-columns-is-layout-flex\">\n<div class=\"wp-block-column is-layout-flow wp-block-column-is-layout-flow\" style=\"--col-width:100%;flex-basis:100%\">\n<div class=\"wp-block-columns is-layout-flex wp-container-core-columns-is-layout-abceabcf wp-block-columns-is-layout-flex\">\n<div class=\"wp-block-column is-layout-flow wp-block-column-is-layout-flow\">\n<figure class=\"wp-block-image size-full\"><img loading=\"lazy\" decoding=\"async\" width=\"800\" height=\"600\" src=\"https:\/\/wordpress.nibis.de\/kranich\/files\/2023\/03\/IMG_1534-2.jpg\" alt=\"\" class=\"wp-image-1096\" srcset=\"https:\/\/wordpress.nibis.de\/kranich\/files\/2023\/03\/IMG_1534-2.jpg 800w, https:\/\/wordpress.nibis.de\/kranich\/files\/2023\/03\/IMG_1534-2-300x225.jpg 300w, https:\/\/wordpress.nibis.de\/kranich\/files\/2023\/03\/IMG_1534-2-768x576.jpg 768w, https:\/\/wordpress.nibis.de\/kranich\/files\/2023\/03\/IMG_1534-2-360x270.jpg 360w\" sizes=\"auto, (max-width: 800px) 100vw, 800px\" \/><\/figure>\n<\/div>\n\n\n\n<div class=\"wp-block-column is-layout-flow wp-block-column-is-layout-flow\">\n<figure class=\"wp-block-image size-full\"><img loading=\"lazy\" decoding=\"async\" width=\"800\" height=\"600\" src=\"https:\/\/wordpress.nibis.de\/kranich\/files\/2023\/03\/Aufbau-2.jpg\" alt=\"\" class=\"wp-image-1101\" srcset=\"https:\/\/wordpress.nibis.de\/kranich\/files\/2023\/03\/Aufbau-2.jpg 800w, https:\/\/wordpress.nibis.de\/kranich\/files\/2023\/03\/Aufbau-2-300x225.jpg 300w, https:\/\/wordpress.nibis.de\/kranich\/files\/2023\/03\/Aufbau-2-768x576.jpg 768w, https:\/\/wordpress.nibis.de\/kranich\/files\/2023\/03\/Aufbau-2-360x270.jpg 360w\" sizes=\"auto, (max-width: 800px) 100vw, 800px\" \/><\/figure>\n<\/div>\n<\/div>\n<\/div>\n<\/div>\n<\/div><\/div>\n\n\n\n<div class=\"wp-block-columns is-layout-flex wp-container-core-columns-is-layout-abceabcf wp-block-columns-is-layout-flex\">\n<div class=\"wp-block-column is-layout-flow wp-block-column-is-layout-flow\">\n<figure class=\"wp-block-image size-full\"><img loading=\"lazy\" decoding=\"async\" width=\"800\" height=\"600\" src=\"https:\/\/wordpress.nibis.de\/kranich\/files\/2023\/03\/Aufbau-3.jpg\" alt=\"\" class=\"wp-image-1102\" srcset=\"https:\/\/wordpress.nibis.de\/kranich\/files\/2023\/03\/Aufbau-3.jpg 800w, https:\/\/wordpress.nibis.de\/kranich\/files\/2023\/03\/Aufbau-3-300x225.jpg 300w, https:\/\/wordpress.nibis.de\/kranich\/files\/2023\/03\/Aufbau-3-768x576.jpg 768w, https:\/\/wordpress.nibis.de\/kranich\/files\/2023\/03\/Aufbau-3-360x270.jpg 360w\" sizes=\"auto, (max-width: 800px) 100vw, 800px\" \/><\/figure>\n<\/div>\n\n\n\n<div class=\"wp-block-column is-layout-flow wp-block-column-is-layout-flow\">\n<figure class=\"wp-block-image size-full\"><img loading=\"lazy\" decoding=\"async\" width=\"800\" height=\"600\" src=\"https:\/\/wordpress.nibis.de\/kranich\/files\/2023\/03\/Aufbau-4.jpg\" alt=\"\" class=\"wp-image-1099\" srcset=\"https:\/\/wordpress.nibis.de\/kranich\/files\/2023\/03\/Aufbau-4.jpg 800w, https:\/\/wordpress.nibis.de\/kranich\/files\/2023\/03\/Aufbau-4-300x225.jpg 300w, https:\/\/wordpress.nibis.de\/kranich\/files\/2023\/03\/Aufbau-4-768x576.jpg 768w, https:\/\/wordpress.nibis.de\/kranich\/files\/2023\/03\/Aufbau-4-360x270.jpg 360w\" sizes=\"auto, (max-width: 800px) 100vw, 800px\" \/><\/figure>\n<\/div>\n<\/div>\n\n\n\n<div class=\"wp-block-columns is-layout-flex wp-container-core-columns-is-layout-abceabcf wp-block-columns-is-layout-flex\">\n<div class=\"wp-block-column is-layout-flow wp-block-column-is-layout-flow\">\n<figure class=\"wp-block-image size-full\"><img loading=\"lazy\" decoding=\"async\" width=\"800\" height=\"600\" src=\"https:\/\/wordpress.nibis.de\/kranich\/files\/2023\/03\/Aufbau-5.jpg\" alt=\"\" class=\"wp-image-1100\" srcset=\"https:\/\/wordpress.nibis.de\/kranich\/files\/2023\/03\/Aufbau-5.jpg 800w, https:\/\/wordpress.nibis.de\/kranich\/files\/2023\/03\/Aufbau-5-300x225.jpg 300w, https:\/\/wordpress.nibis.de\/kranich\/files\/2023\/03\/Aufbau-5-768x576.jpg 768w, https:\/\/wordpress.nibis.de\/kranich\/files\/2023\/03\/Aufbau-5-360x270.jpg 360w\" sizes=\"auto, (max-width: 800px) 100vw, 800px\" \/><\/figure>\n<\/div>\n\n\n\n<div class=\"wp-block-column is-layout-flow wp-block-column-is-layout-flow\">\n<figure class=\"wp-block-image size-full\"><img loading=\"lazy\" decoding=\"async\" width=\"800\" height=\"600\" src=\"https:\/\/wordpress.nibis.de\/kranich\/files\/2023\/03\/Aufbau-6-1.jpg\" alt=\"\" class=\"wp-image-1104\" srcset=\"https:\/\/wordpress.nibis.de\/kranich\/files\/2023\/03\/Aufbau-6-1.jpg 800w, https:\/\/wordpress.nibis.de\/kranich\/files\/2023\/03\/Aufbau-6-1-300x225.jpg 300w, https:\/\/wordpress.nibis.de\/kranich\/files\/2023\/03\/Aufbau-6-1-768x576.jpg 768w, https:\/\/wordpress.nibis.de\/kranich\/files\/2023\/03\/Aufbau-6-1-360x270.jpg 360w\" sizes=\"auto, (max-width: 800px) 100vw, 800px\" \/><figcaption>Es steht!<\/figcaption><\/figure>\n<\/div>\n<\/div>\n\n\n\n<div class=\"wp-block-columns is-layout-flex wp-container-core-columns-is-layout-abceabcf wp-block-columns-is-layout-flex\">\n<div class=\"wp-block-column is-layout-flow wp-block-column-is-layout-flow\">\n<figure class=\"wp-block-image size-full\"><img loading=\"lazy\" decoding=\"async\" width=\"800\" height=\"600\" src=\"https:\/\/wordpress.nibis.de\/kranich\/files\/2023\/03\/IMG_1565.jpg\" alt=\"\" class=\"wp-image-1105\" srcset=\"https:\/\/wordpress.nibis.de\/kranich\/files\/2023\/03\/IMG_1565.jpg 800w, https:\/\/wordpress.nibis.de\/kranich\/files\/2023\/03\/IMG_1565-300x225.jpg 300w, https:\/\/wordpress.nibis.de\/kranich\/files\/2023\/03\/IMG_1565-768x576.jpg 768w, https:\/\/wordpress.nibis.de\/kranich\/files\/2023\/03\/IMG_1565-360x270.jpg 360w\" sizes=\"auto, (max-width: 800px) 100vw, 800px\" \/><\/figure>\n<\/div>\n\n\n\n<div class=\"wp-block-column is-layout-flow wp-block-column-is-layout-flow\">\n<figure class=\"wp-block-image size-full\"><img loading=\"lazy\" decoding=\"async\" width=\"800\" height=\"600\" src=\"https:\/\/wordpress.nibis.de\/kranich\/files\/2023\/03\/Ueben-2.jpg\" alt=\"\" class=\"wp-image-1106\" srcset=\"https:\/\/wordpress.nibis.de\/kranich\/files\/2023\/03\/Ueben-2.jpg 800w, https:\/\/wordpress.nibis.de\/kranich\/files\/2023\/03\/Ueben-2-300x225.jpg 300w, https:\/\/wordpress.nibis.de\/kranich\/files\/2023\/03\/Ueben-2-768x576.jpg 768w, https:\/\/wordpress.nibis.de\/kranich\/files\/2023\/03\/Ueben-2-360x270.jpg 360w\" sizes=\"auto, (max-width: 800px) 100vw, 800px\" \/><\/figure>\n<\/div>\n\n\n\n<div class=\"wp-block-column is-layout-flow wp-block-column-is-layout-flow\">\n<figure class=\"wp-block-image size-full\"><img loading=\"lazy\" decoding=\"async\" width=\"800\" height=\"600\" src=\"https:\/\/wordpress.nibis.de\/kranich\/files\/2023\/03\/Ueben-3.jpg\" alt=\"\" class=\"wp-image-1107\" srcset=\"https:\/\/wordpress.nibis.de\/kranich\/files\/2023\/03\/Ueben-3.jpg 800w, https:\/\/wordpress.nibis.de\/kranich\/files\/2023\/03\/Ueben-3-300x225.jpg 300w, https:\/\/wordpress.nibis.de\/kranich\/files\/2023\/03\/Ueben-3-768x576.jpg 768w, https:\/\/wordpress.nibis.de\/kranich\/files\/2023\/03\/Ueben-3-360x270.jpg 360w\" sizes=\"auto, (max-width: 800px) 100vw, 800px\" \/><\/figure>\n<\/div>\n<\/div>\n","protected":false},"excerpt":{"rendered":"<p>Der Braunschweiger Zirkus Dobbelino gastierte vom 12.3. &#8211; 18.3.23 bei uns und \u00fcbte mit allen Sch\u00fclerinnen und Sch\u00fclern ein Zirkusprogramm ein. Es wurde geschwitzt, gelacht und geprobt. Viele Kinder wuchsen \u00fcber sich hinaus. Es gab Zauberer, Seilt\u00e4nzer, Tellerdreher, Trapezk\u00fcnstler und noch viel mehr Artisten. Am Freitag und Samstag traten alle Kinder in jeweils einer Vorstellung auf. Toll war das! Vielen Dank an alle kleinen Artisten, den Mitarbeitern des Zirkus Dobbelino, den Kolleginnen und Kollegen sowie den Flei\u00dfgen Eltern!!<\/p>\n","protected":false},"author":9193781,"featured_media":0,"parent":0,"menu_order":0,"comment_status":"closed","ping_status":"closed","template":"","meta":{"footnotes":""},"class_list":["post-1069","page","type-page","status-publish","hentry"],"_links":{"self":[{"href":"https:\/\/wordpress.nibis.de\/kranich\/wp-json\/wp\/v2\/pages\/1069","targetHints":{"allow":["GET"]}}],"collection":[{"href":"https:\/\/wordpress.nibis.de\/kranich\/wp-json\/wp\/v2\/pages"}],"about":[{"href":"https:\/\/wordpress.nibis.de\/kranich\/wp-json\/wp\/v2\/types\/page"}],"author":[{"embeddable":true,"href":"https:\/\/wordpress.nibis.de\/kranich\/wp-json\/wp\/v2\/users\/9193781"}],"replies":[{"embeddable":true,"href":"https:\/\/wordpress.nibis.de\/kranich\/wp-json\/wp\/v2\/comments?post=1069"}],"version-history":[{"count":6,"href":"https:\/\/wordpress.nibis.de\/kranich\/wp-json\/wp\/v2\/pages\/1069\/revisions"}],"predecessor-version":[{"id":1111,"href":"https:\/\/wordpress.nibis.de\/kranich\/wp-json\/wp\/v2\/pages\/1069\/revisions\/1111"}],"wp:attachment":[{"href":"https:\/\/wordpress.nibis.de\/kranich\/wp-json\/wp\/v2\/media?parent=1069"}],"curies":[{"name":"wp","href":"https:\/\/api.w.org\/{rel}","templated":true}]}}