{"id":1084,"date":"2023-03-14T20:27:17","date_gmt":"2023-03-14T19:27:17","guid":{"rendered":"https:\/\/wordpress.nibis.de\/kranich\/?page_id=1084"},"modified":"2023-03-14T20:27:17","modified_gmt":"2023-03-14T19:27:17","slug":"trommelworkshop","status":"publish","type":"page","link":"https:\/\/wordpress.nibis.de\/kranich\/projekte-feste-und-vieles-mehr\/trommelworkshop\/","title":{"rendered":"Trommelworkshop"},"content":{"rendered":"\n<figure class=\"wp-block-gallery has-nested-images columns-default is-cropped\"><\/figure>\n\n\n\n<p>Im Rahmen eines Kooperationsprojektes mit der Musikschule Salzgitter gingen die Sch\u00fcler*innen des 4. Jahrgangs unter der Leitung von Otto Jansen, Kurt Klose und Sonja Lee am 28.02. und 01.03.23 auf eine &#8222;Trommelreise&#8220;. Mit gro\u00dfer Spielfreude und Motivation wurden afrikanische Rhythmen einge\u00fcbt und begeisterten Mitsch\u00fcler*innen und Lehrer*innen in einem mitrei\u00dfenden Abschlusskonzert pr\u00e4sentiert.<\/p>\n\n\n\n<figure class=\"wp-block-gallery has-nested-images columns-default is-cropped wp-block-gallery-1 is-layout-flex wp-block-gallery-is-layout-flex\">\n<figure class=\"wp-block-image size-large\"><img loading=\"lazy\" decoding=\"async\" width=\"1024\" height=\"763\" data-id=\"1086\" src=\"https:\/\/wordpress.nibis.de\/kranich\/files\/2023\/03\/IMG_20230314_182813-1024x763.jpg\" alt=\"\" class=\"wp-image-1086\" srcset=\"https:\/\/wordpress.nibis.de\/kranich\/files\/2023\/03\/IMG_20230314_182813-1024x763.jpg 1024w, https:\/\/wordpress.nibis.de\/kranich\/files\/2023\/03\/IMG_20230314_182813-300x223.jpg 300w, https:\/\/wordpress.nibis.de\/kranich\/files\/2023\/03\/IMG_20230314_182813-768x572.jpg 768w, https:\/\/wordpress.nibis.de\/kranich\/files\/2023\/03\/IMG_20230314_182813-362x270.jpg 362w, https:\/\/wordpress.nibis.de\/kranich\/files\/2023\/03\/IMG_20230314_182813.jpg 1078w\" sizes=\"auto, (max-width: 1024px) 100vw, 1024px\" \/><\/figure>\n\n\n\n<figure class=\"wp-block-image size-large\"><img loading=\"lazy\" decoding=\"async\" width=\"1024\" height=\"760\" data-id=\"1087\" src=\"https:\/\/wordpress.nibis.de\/kranich\/files\/2023\/03\/IMG_20230314_182912-1024x760.jpg\" alt=\"\" class=\"wp-image-1087\" srcset=\"https:\/\/wordpress.nibis.de\/kranich\/files\/2023\/03\/IMG_20230314_182912-1024x760.jpg 1024w, https:\/\/wordpress.nibis.de\/kranich\/files\/2023\/03\/IMG_20230314_182912-300x223.jpg 300w, https:\/\/wordpress.nibis.de\/kranich\/files\/2023\/03\/IMG_20230314_182912-768x570.jpg 768w, https:\/\/wordpress.nibis.de\/kranich\/files\/2023\/03\/IMG_20230314_182912-364x270.jpg 364w, https:\/\/wordpress.nibis.de\/kranich\/files\/2023\/03\/IMG_20230314_182912.jpg 1079w\" sizes=\"auto, (max-width: 1024px) 100vw, 1024px\" \/><\/figure>\n\n\n\n<figure class=\"wp-block-image size-large\"><img loading=\"lazy\" decoding=\"async\" width=\"798\" height=\"1024\" data-id=\"1085\" src=\"https:\/\/wordpress.nibis.de\/kranich\/files\/2023\/03\/IMG_20230314_183020-798x1024.jpg\" alt=\"\" class=\"wp-image-1085\" srcset=\"https:\/\/wordpress.nibis.de\/kranich\/files\/2023\/03\/IMG_20230314_183020-798x1024.jpg 798w, https:\/\/wordpress.nibis.de\/kranich\/files\/2023\/03\/IMG_20230314_183020-234x300.jpg 234w, https:\/\/wordpress.nibis.de\/kranich\/files\/2023\/03\/IMG_20230314_183020-768x986.jpg 768w, https:\/\/wordpress.nibis.de\/kranich\/files\/2023\/03\/IMG_20230314_183020-210x270.jpg 210w, https:\/\/wordpress.nibis.de\/kranich\/files\/2023\/03\/IMG_20230314_183020.jpg 1079w\" sizes=\"auto, (max-width: 798px) 100vw, 798px\" \/><\/figure>\n<\/figure>\n\n\n\n<figure class=\"wp-block-gallery has-nested-images columns-default is-cropped wp-block-gallery-2 is-layout-flex wp-block-gallery-is-layout-flex\"><\/figure>\n","protected":false},"excerpt":{"rendered":"<p>Im Rahmen eines Kooperationsprojektes mit der Musikschule Salzgitter gingen die Sch\u00fcler*innen des 4. Jahrgangs unter der Leitung von Otto Jansen, Kurt Klose und Sonja Lee am 28.02. und 01.03.23 auf eine &#8222;Trommelreise&#8220;. Mit gro\u00dfer Spielfreude und Motivation wurden afrikanische Rhythmen einge\u00fcbt und begeisterten Mitsch\u00fcler*innen und Lehrer*innen in einem mitrei\u00dfenden Abschlusskonzert pr\u00e4sentiert.<\/p>\n","protected":false},"author":9193934,"featured_media":0,"parent":227,"menu_order":0,"comment_status":"closed","ping_status":"closed","template":"","meta":{"footnotes":""},"class_list":["post-1084","page","type-page","status-publish","hentry"],"_links":{"self":[{"href":"https:\/\/wordpress.nibis.de\/kranich\/wp-json\/wp\/v2\/pages\/1084","targetHints":{"allow":["GET"]}}],"collection":[{"href":"https:\/\/wordpress.nibis.de\/kranich\/wp-json\/wp\/v2\/pages"}],"about":[{"href":"https:\/\/wordpress.nibis.de\/kranich\/wp-json\/wp\/v2\/types\/page"}],"author":[{"embeddable":true,"href":"https:\/\/wordpress.nibis.de\/kranich\/wp-json\/wp\/v2\/users\/9193934"}],"replies":[{"embeddable":true,"href":"https:\/\/wordpress.nibis.de\/kranich\/wp-json\/wp\/v2\/comments?post=1084"}],"version-history":[{"count":3,"href":"https:\/\/wordpress.nibis.de\/kranich\/wp-json\/wp\/v2\/pages\/1084\/revisions"}],"predecessor-version":[{"id":1091,"href":"https:\/\/wordpress.nibis.de\/kranich\/wp-json\/wp\/v2\/pages\/1084\/revisions\/1091"}],"up":[{"embeddable":true,"href":"https:\/\/wordpress.nibis.de\/kranich\/wp-json\/wp\/v2\/pages\/227"}],"wp:attachment":[{"href":"https:\/\/wordpress.nibis.de\/kranich\/wp-json\/wp\/v2\/media?parent=1084"}],"curies":[{"name":"wp","href":"https:\/\/api.w.org\/{rel}","templated":true}]}}