{"id":1135,"date":"2023-06-28T13:16:54","date_gmt":"2023-06-28T11:16:54","guid":{"rendered":"https:\/\/wordpress.nibis.de\/kranich\/?page_id=1135"},"modified":"2023-06-28T13:16:54","modified_gmt":"2023-06-28T11:16:54","slug":"white-horse-theatre","status":"publish","type":"page","link":"https:\/\/wordpress.nibis.de\/kranich\/white-horse-theatre\/","title":{"rendered":"White Horse Theatre"},"content":{"rendered":"\n<p>Am 08. Juni besuchte uns das White Horse Theatre, um den 3. und 4. Klassen spielend die englische Sprache n\u00e4herzubringen. F\u00fcr die 3. Klassen f\u00fchrten sie das St\u00fcck &#8222;Frootsie and Mudge&#8220; auf. Die 4. Klassen bekamen das St\u00fcck &#8222;The Flying Trunk&#8220; zu sehen. Es waren interaktive St\u00fccke, bei denen die Sch\u00fclerinnen und Sch\u00fcler mitagierten.<\/p>\n\n\n\n<p>Es war ein Highlight f\u00fcr alle!<\/p>\n\n\n\n<p><a rel=\"noreferrer noopener\" href=\"https:\/\/white.horse\/index.php\/de\/\" target=\"_blank\">https:\/\/white.horse\/index.php\/de\/<\/a><\/p>\n\n\n\n<figure class=\"wp-block-gallery has-nested-images columns-default is-cropped wp-block-gallery-1 is-layout-flex wp-block-gallery-is-layout-flex\">\n<figure class=\"wp-block-image size-large\"><img loading=\"lazy\" decoding=\"async\" width=\"800\" height=\"600\" data-id=\"1136\" src=\"https:\/\/wordpress.nibis.de\/kranich\/files\/2023\/06\/IMG_9680.jpg\" alt=\"\" class=\"wp-image-1136\" srcset=\"https:\/\/wordpress.nibis.de\/kranich\/files\/2023\/06\/IMG_9680.jpg 800w, https:\/\/wordpress.nibis.de\/kranich\/files\/2023\/06\/IMG_9680-300x225.jpg 300w, https:\/\/wordpress.nibis.de\/kranich\/files\/2023\/06\/IMG_9680-768x576.jpg 768w, https:\/\/wordpress.nibis.de\/kranich\/files\/2023\/06\/IMG_9680-360x270.jpg 360w\" sizes=\"auto, (max-width: 800px) 100vw, 800px\" \/><\/figure>\n\n\n\n<figure class=\"wp-block-image size-large\"><img loading=\"lazy\" decoding=\"async\" width=\"600\" height=\"800\" data-id=\"1139\" src=\"https:\/\/wordpress.nibis.de\/kranich\/files\/2023\/06\/IMG_9740.jpg\" alt=\"\" class=\"wp-image-1139\" srcset=\"https:\/\/wordpress.nibis.de\/kranich\/files\/2023\/06\/IMG_9740.jpg 600w, https:\/\/wordpress.nibis.de\/kranich\/files\/2023\/06\/IMG_9740-225x300.jpg 225w, https:\/\/wordpress.nibis.de\/kranich\/files\/2023\/06\/IMG_9740-203x270.jpg 203w\" sizes=\"auto, (max-width: 600px) 100vw, 600px\" \/><\/figure>\n\n\n\n<figure class=\"wp-block-image size-large\"><img loading=\"lazy\" decoding=\"async\" width=\"800\" height=\"600\" data-id=\"1138\" src=\"https:\/\/wordpress.nibis.de\/kranich\/files\/2023\/06\/IMG_9743.jpg\" alt=\"\" class=\"wp-image-1138\" srcset=\"https:\/\/wordpress.nibis.de\/kranich\/files\/2023\/06\/IMG_9743.jpg 800w, https:\/\/wordpress.nibis.de\/kranich\/files\/2023\/06\/IMG_9743-300x225.jpg 300w, https:\/\/wordpress.nibis.de\/kranich\/files\/2023\/06\/IMG_9743-768x576.jpg 768w, https:\/\/wordpress.nibis.de\/kranich\/files\/2023\/06\/IMG_9743-360x270.jpg 360w\" sizes=\"auto, (max-width: 800px) 100vw, 800px\" \/><\/figure>\n\n\n\n<figure class=\"wp-block-image size-large\"><img loading=\"lazy\" decoding=\"async\" width=\"800\" height=\"600\" data-id=\"1137\" src=\"https:\/\/wordpress.nibis.de\/kranich\/files\/2023\/06\/IMG_9750.jpg\" alt=\"\" class=\"wp-image-1137\" srcset=\"https:\/\/wordpress.nibis.de\/kranich\/files\/2023\/06\/IMG_9750.jpg 800w, https:\/\/wordpress.nibis.de\/kranich\/files\/2023\/06\/IMG_9750-300x225.jpg 300w, https:\/\/wordpress.nibis.de\/kranich\/files\/2023\/06\/IMG_9750-768x576.jpg 768w, https:\/\/wordpress.nibis.de\/kranich\/files\/2023\/06\/IMG_9750-360x270.jpg 360w\" sizes=\"auto, (max-width: 800px) 100vw, 800px\" \/><\/figure>\n<\/figure>\n","protected":false},"excerpt":{"rendered":"<p>Am 08. Juni besuchte uns das White Horse Theatre, um den 3. und 4. Klassen spielend die englische Sprache n\u00e4herzubringen. F\u00fcr die 3. Klassen f\u00fchrten sie das St\u00fcck &#8222;Frootsie and Mudge&#8220; auf. Die 4. Klassen bekamen das St\u00fcck &#8222;The Flying Trunk&#8220; zu sehen. Es waren interaktive St\u00fccke, bei denen die Sch\u00fclerinnen und Sch\u00fcler mitagierten. Es war ein Highlight f\u00fcr alle! https:\/\/white.horse\/index.php\/de\/<\/p>\n","protected":false},"author":9193781,"featured_media":0,"parent":0,"menu_order":0,"comment_status":"closed","ping_status":"closed","template":"","meta":{"footnotes":""},"class_list":["post-1135","page","type-page","status-publish","hentry"],"_links":{"self":[{"href":"https:\/\/wordpress.nibis.de\/kranich\/wp-json\/wp\/v2\/pages\/1135","targetHints":{"allow":["GET"]}}],"collection":[{"href":"https:\/\/wordpress.nibis.de\/kranich\/wp-json\/wp\/v2\/pages"}],"about":[{"href":"https:\/\/wordpress.nibis.de\/kranich\/wp-json\/wp\/v2\/types\/page"}],"author":[{"embeddable":true,"href":"https:\/\/wordpress.nibis.de\/kranich\/wp-json\/wp\/v2\/users\/9193781"}],"replies":[{"embeddable":true,"href":"https:\/\/wordpress.nibis.de\/kranich\/wp-json\/wp\/v2\/comments?post=1135"}],"version-history":[{"count":2,"href":"https:\/\/wordpress.nibis.de\/kranich\/wp-json\/wp\/v2\/pages\/1135\/revisions"}],"predecessor-version":[{"id":1141,"href":"https:\/\/wordpress.nibis.de\/kranich\/wp-json\/wp\/v2\/pages\/1135\/revisions\/1141"}],"wp:attachment":[{"href":"https:\/\/wordpress.nibis.de\/kranich\/wp-json\/wp\/v2\/media?parent=1135"}],"curies":[{"name":"wp","href":"https:\/\/api.w.org\/{rel}","templated":true}]}}