{"id":1170,"date":"2023-07-06T10:41:46","date_gmt":"2023-07-06T08:41:46","guid":{"rendered":"https:\/\/wordpress.nibis.de\/kranich\/?page_id=1170"},"modified":"2023-09-05T16:18:30","modified_gmt":"2023-09-05T14:18:30","slug":"bohnenprojekt-der-2-klassen","status":"publish","type":"page","link":"https:\/\/wordpress.nibis.de\/kranich\/bohnenprojekt-der-2-klassen\/","title":{"rendered":"Bohnenprojekt der 2. Klassen"},"content":{"rendered":"\n<p>Es ist alles vorbereitet.<\/p>\n\n\n\n<p class=\"has-light-green-cyan-background-color has-background\">Neue Bohnenstangen gesponsert vom <strong>Garten-Center Nordharz<\/strong>.<\/p>\n\n\n\n<p>Die Kranichdammschule sagt Dankesch\u00f6n!<\/p>\n\n\n\n<figure class=\"wp-block-image size-full\"><img loading=\"lazy\" decoding=\"async\" width=\"600\" height=\"800\" src=\"https:\/\/wordpress.nibis.de\/kranich\/files\/2023\/07\/IMG_3392-Bohne-1.jpg\" alt=\"\" class=\"wp-image-1171\" srcset=\"https:\/\/wordpress.nibis.de\/kranich\/files\/2023\/07\/IMG_3392-Bohne-1.jpg 600w, https:\/\/wordpress.nibis.de\/kranich\/files\/2023\/07\/IMG_3392-Bohne-1-225x300.jpg 225w, https:\/\/wordpress.nibis.de\/kranich\/files\/2023\/07\/IMG_3392-Bohne-1-203x270.jpg 203w\" sizes=\"auto, (max-width: 600px) 100vw, 600px\" \/><figcaption>Die Bohnenstangen werden gesetzt.<\/figcaption><\/figure>\n\n\n\n<figure class=\"wp-block-image size-full is-resized\"><img loading=\"lazy\" decoding=\"async\" src=\"https:\/\/wordpress.nibis.de\/kranich\/files\/2023\/07\/IMG_3393-Bohne-2.jpg\" alt=\"\" class=\"wp-image-1172\" width=\"800\" height=\"600\" srcset=\"https:\/\/wordpress.nibis.de\/kranich\/files\/2023\/07\/IMG_3393-Bohne-2.jpg 800w, https:\/\/wordpress.nibis.de\/kranich\/files\/2023\/07\/IMG_3393-Bohne-2-300x225.jpg 300w, https:\/\/wordpress.nibis.de\/kranich\/files\/2023\/07\/IMG_3393-Bohne-2-768x576.jpg 768w, https:\/\/wordpress.nibis.de\/kranich\/files\/2023\/07\/IMG_3393-Bohne-2-360x270.jpg 360w\" sizes=\"auto, (max-width: 800px) 100vw, 800px\" \/><figcaption>Bohnensaat wird in den Boden einges\u00e4t.<\/figcaption><\/figure>\n\n\n\n<figure class=\"wp-block-image size-full\"><img loading=\"lazy\" decoding=\"async\" width=\"600\" height=\"800\" src=\"https:\/\/wordpress.nibis.de\/kranich\/files\/2023\/07\/IMG_3763-Bohne-3.jpg\" alt=\"\" class=\"wp-image-1173\" srcset=\"https:\/\/wordpress.nibis.de\/kranich\/files\/2023\/07\/IMG_3763-Bohne-3.jpg 600w, https:\/\/wordpress.nibis.de\/kranich\/files\/2023\/07\/IMG_3763-Bohne-3-225x300.jpg 225w, https:\/\/wordpress.nibis.de\/kranich\/files\/2023\/07\/IMG_3763-Bohne-3-203x270.jpg 203w\" sizes=\"auto, (max-width: 600px) 100vw, 600px\" \/><figcaption>Die Pflanzen beginnen zu wachsen.<\/figcaption><\/figure>\n\n\n\n<p>Alte Bohnensorten sollen in diesem Jahr im Schulgarten wachsen. Dank der gro\u00dfz\u00fcgigen Spende der Firma &#8222;Garten-Center-Nordharz GmbH &amp; Co.KG&#8220; k\u00f6nnen diese an langen Bambusst\u00e4ben emporranken und nach den Sommerferien ist vielleicht schon ein richtiger &#8222;Bohnentunnel&#8220; entstanden.<\/p>\n\n\n\n<p>Im Rahmen von BNE (Bildung f\u00fcr nachhaltige Entwicklung) sollen die Sch\u00fclerinnen und Sch\u00fcler in diesem Projekt Bohnen z\u00fcchten, sie ernten, verarbeiten, essen und neues Saatgut f\u00fcr den n\u00e4chsten zweiten Jahrgang gewinnen.<\/p>\n\n\n\n<figure class=\"wp-block-gallery has-nested-images columns-default is-cropped wp-block-gallery-1 is-layout-flex wp-block-gallery-is-layout-flex\">\n<figure class=\"wp-block-image size-large\"><img loading=\"lazy\" decoding=\"async\" width=\"1024\" height=\"768\" data-id=\"1203\" src=\"https:\/\/wordpress.nibis.de\/kranich\/files\/2023\/09\/3-1024x768.jpg\" alt=\"\" class=\"wp-image-1203\" srcset=\"https:\/\/wordpress.nibis.de\/kranich\/files\/2023\/09\/3-1024x768.jpg 1024w, https:\/\/wordpress.nibis.de\/kranich\/files\/2023\/09\/3-300x225.jpg 300w, https:\/\/wordpress.nibis.de\/kranich\/files\/2023\/09\/3-768x576.jpg 768w, https:\/\/wordpress.nibis.de\/kranich\/files\/2023\/09\/3-1536x1152.jpg 1536w, https:\/\/wordpress.nibis.de\/kranich\/files\/2023\/09\/3-2048x1536.jpg 2048w, https:\/\/wordpress.nibis.de\/kranich\/files\/2023\/09\/3-360x270.jpg 360w\" sizes=\"auto, (max-width: 1024px) 100vw, 1024px\" \/><\/figure>\n\n\n\n<figure class=\"wp-block-image size-large\"><img loading=\"lazy\" decoding=\"async\" width=\"768\" height=\"1024\" data-id=\"1204\" src=\"https:\/\/wordpress.nibis.de\/kranich\/files\/2023\/09\/1-768x1024.jpg\" alt=\"\" class=\"wp-image-1204\" srcset=\"https:\/\/wordpress.nibis.de\/kranich\/files\/2023\/09\/1-768x1024.jpg 768w, https:\/\/wordpress.nibis.de\/kranich\/files\/2023\/09\/1-225x300.jpg 225w, https:\/\/wordpress.nibis.de\/kranich\/files\/2023\/09\/1-1152x1536.jpg 1152w, https:\/\/wordpress.nibis.de\/kranich\/files\/2023\/09\/1-1536x2048.jpg 1536w, https:\/\/wordpress.nibis.de\/kranich\/files\/2023\/09\/1-203x270.jpg 203w, https:\/\/wordpress.nibis.de\/kranich\/files\/2023\/09\/1-scaled.jpg 1920w\" sizes=\"auto, (max-width: 768px) 100vw, 768px\" \/><\/figure>\n\n\n\n<figure class=\"wp-block-image size-large\"><img loading=\"lazy\" decoding=\"async\" width=\"1024\" height=\"768\" data-id=\"1205\" src=\"https:\/\/wordpress.nibis.de\/kranich\/files\/2023\/09\/2-1024x768.jpg\" alt=\"\" class=\"wp-image-1205\" srcset=\"https:\/\/wordpress.nibis.de\/kranich\/files\/2023\/09\/2-1024x768.jpg 1024w, https:\/\/wordpress.nibis.de\/kranich\/files\/2023\/09\/2-300x225.jpg 300w, https:\/\/wordpress.nibis.de\/kranich\/files\/2023\/09\/2-768x576.jpg 768w, https:\/\/wordpress.nibis.de\/kranich\/files\/2023\/09\/2-1536x1152.jpg 1536w, https:\/\/wordpress.nibis.de\/kranich\/files\/2023\/09\/2-2048x1536.jpg 2048w, https:\/\/wordpress.nibis.de\/kranich\/files\/2023\/09\/2-360x270.jpg 360w\" sizes=\"auto, (max-width: 1024px) 100vw, 1024px\" \/><\/figure>\n<\/figure>\n\n\n\n<p>Die Bohnen wachsen flei\u00dfig!<\/p>\n\n\n\n<p><\/p>\n","protected":false},"excerpt":{"rendered":"<p>Es ist alles vorbereitet. Neue Bohnenstangen gesponsert vom Garten-Center Nordharz. Die Kranichdammschule sagt Dankesch\u00f6n! Alte Bohnensorten sollen in diesem Jahr im Schulgarten wachsen. Dank der gro\u00dfz\u00fcgigen Spende der Firma &#8222;Garten-Center-Nordharz GmbH &amp; Co.KG&#8220; k\u00f6nnen diese an langen Bambusst\u00e4ben emporranken und nach den Sommerferien ist vielleicht schon ein richtiger &#8222;Bohnentunnel&#8220; entstanden. Im Rahmen von BNE (Bildung f\u00fcr nachhaltige Entwicklung) sollen die Sch\u00fclerinnen und Sch\u00fcler in diesem Projekt Bohnen z\u00fcchten, sie ernten, verarbeiten, essen und neues Saatgut f\u00fcr den n\u00e4chsten zweiten Jahrgang&#8230;<\/p>\n<p class=\"read-more\"><a class=\"btn btn-default\" href=\"https:\/\/wordpress.nibis.de\/kranich\/bohnenprojekt-der-2-klassen\/\">Weiterlesen<span class=\"screen-reader-text\"> Weiterlesen<\/span><\/a><\/p>\n","protected":false},"author":9193781,"featured_media":0,"parent":0,"menu_order":0,"comment_status":"closed","ping_status":"closed","template":"","meta":{"footnotes":""},"class_list":["post-1170","page","type-page","status-publish","hentry"],"_links":{"self":[{"href":"https:\/\/wordpress.nibis.de\/kranich\/wp-json\/wp\/v2\/pages\/1170","targetHints":{"allow":["GET"]}}],"collection":[{"href":"https:\/\/wordpress.nibis.de\/kranich\/wp-json\/wp\/v2\/pages"}],"about":[{"href":"https:\/\/wordpress.nibis.de\/kranich\/wp-json\/wp\/v2\/types\/page"}],"author":[{"embeddable":true,"href":"https:\/\/wordpress.nibis.de\/kranich\/wp-json\/wp\/v2\/users\/9193781"}],"replies":[{"embeddable":true,"href":"https:\/\/wordpress.nibis.de\/kranich\/wp-json\/wp\/v2\/comments?post=1170"}],"version-history":[{"count":7,"href":"https:\/\/wordpress.nibis.de\/kranich\/wp-json\/wp\/v2\/pages\/1170\/revisions"}],"predecessor-version":[{"id":1208,"href":"https:\/\/wordpress.nibis.de\/kranich\/wp-json\/wp\/v2\/pages\/1170\/revisions\/1208"}],"wp:attachment":[{"href":"https:\/\/wordpress.nibis.de\/kranich\/wp-json\/wp\/v2\/media?parent=1170"}],"curies":[{"name":"wp","href":"https:\/\/api.w.org\/{rel}","templated":true}]}}