{"id":1377,"date":"2025-09-13T11:54:27","date_gmt":"2025-09-13T09:54:27","guid":{"rendered":"https:\/\/wordpress.nibis.de\/kranich\/?page_id=1377"},"modified":"2025-09-15T16:52:20","modified_gmt":"2025-09-15T14:52:20","slug":"gemeinsam-fuer-unseren-schulgarten-erfolgreiche-gartentage","status":"publish","type":"page","link":"https:\/\/wordpress.nibis.de\/kranich\/gemeinsam-fuer-unseren-schulgarten-erfolgreiche-gartentage\/","title":{"rendered":"Gemeinsam f\u00fcr unseren Schulgarten &#8211; Erfolgreiche Gartentage"},"content":{"rendered":"\n<p>An diesem Wochenende (12.\/13.09.25) packten viele flei\u00dfige Helferinnen und Helfer gemeinsam an: Eltern, Sch\u00fclerinnen und Sch\u00fcler sowie Kolleginnen und Kollegen unserer Schule trafen sich, um unseren Schulgarten und Beete vor unserer Schule auf Vordermann zu bringen.<\/p>\n\n\n\n<p>Trotz wechselhaftem Wetter wurde kr\u00e4ftig gej\u00e4tet, geschnitten und gegraben &#8211; das Unkraut hatte keine Chance! Auch die Hochbeet wurden wieder sch\u00f6n hergerichtet und f\u00fcr die n\u00e4chste Bepflanzung vorbereitet.<\/p>\n\n\n\n<p>Ein besonderes Highlight war der Aufbau unsere neuen Pergola, die demn\u00e4chst einen sch\u00f6nen schattigen Platz im Garten und zum Verweilen einl\u00e4dt.<\/p>\n\n\n\n<p>Ein herzliches Dankesch\u00f6n an alle Beteiligten f\u00fcr ihren tollen Einsatz und die gute Laune &#8211; gemeinsam werden wir unseren Schulgarten wieder zu Bl\u00fchen bringen!<\/p>\n\n\n\n<figure class=\"wp-block-gallery has-nested-images columns-default is-cropped is-style-tw-img-rounded wp-block-gallery-1 is-layout-flex wp-block-gallery-is-layout-flex\">\n<figure class=\"wp-block-image size-full\"><img loading=\"lazy\" decoding=\"async\" width=\"800\" height=\"370\" data-id=\"1381\" src=\"https:\/\/wordpress.nibis.de\/kranich\/files\/2025\/09\/Vorbereitung-fuer-Pergola.jpg\" alt=\"\" class=\"wp-image-1381\" srcset=\"https:\/\/wordpress.nibis.de\/kranich\/files\/2025\/09\/Vorbereitung-fuer-Pergola.jpg 800w, https:\/\/wordpress.nibis.de\/kranich\/files\/2025\/09\/Vorbereitung-fuer-Pergola-300x139.jpg 300w, https:\/\/wordpress.nibis.de\/kranich\/files\/2025\/09\/Vorbereitung-fuer-Pergola-768x355.jpg 768w, https:\/\/wordpress.nibis.de\/kranich\/files\/2025\/09\/Vorbereitung-fuer-Pergola-584x270.jpg 584w\" sizes=\"auto, (max-width: 800px) 100vw, 800px\" \/><\/figure>\n\n\n\n<figure class=\"wp-block-image size-full\"><img loading=\"lazy\" decoding=\"async\" width=\"800\" height=\"370\" data-id=\"1378\" src=\"https:\/\/wordpress.nibis.de\/kranich\/files\/2025\/09\/Schulgarten-mit-Hochbeeten.jpg\" alt=\"\" class=\"wp-image-1378\" srcset=\"https:\/\/wordpress.nibis.de\/kranich\/files\/2025\/09\/Schulgarten-mit-Hochbeeten.jpg 800w, https:\/\/wordpress.nibis.de\/kranich\/files\/2025\/09\/Schulgarten-mit-Hochbeeten-300x139.jpg 300w, https:\/\/wordpress.nibis.de\/kranich\/files\/2025\/09\/Schulgarten-mit-Hochbeeten-768x355.jpg 768w, https:\/\/wordpress.nibis.de\/kranich\/files\/2025\/09\/Schulgarten-mit-Hochbeeten-584x270.jpg 584w\" sizes=\"auto, (max-width: 800px) 100vw, 800px\" \/><\/figure>\n\n\n\n<figure class=\"wp-block-image size-full\"><img loading=\"lazy\" decoding=\"async\" width=\"800\" height=\"370\" data-id=\"1379\" src=\"https:\/\/wordpress.nibis.de\/kranich\/files\/2025\/09\/Hochbeete-vor-Schule.jpg\" alt=\"\" class=\"wp-image-1379\" srcset=\"https:\/\/wordpress.nibis.de\/kranich\/files\/2025\/09\/Hochbeete-vor-Schule.jpg 800w, https:\/\/wordpress.nibis.de\/kranich\/files\/2025\/09\/Hochbeete-vor-Schule-300x139.jpg 300w, https:\/\/wordpress.nibis.de\/kranich\/files\/2025\/09\/Hochbeete-vor-Schule-768x355.jpg 768w, https:\/\/wordpress.nibis.de\/kranich\/files\/2025\/09\/Hochbeete-vor-Schule-584x270.jpg 584w\" sizes=\"auto, (max-width: 800px) 100vw, 800px\" \/><\/figure>\n\n\n\n<figure class=\"wp-block-image size-full\"><img loading=\"lazy\" decoding=\"async\" width=\"800\" height=\"600\" data-id=\"1413\" src=\"https:\/\/wordpress.nibis.de\/kranich\/files\/2025\/09\/Pergola2-1.jpg\" alt=\"\" class=\"wp-image-1413\" srcset=\"https:\/\/wordpress.nibis.de\/kranich\/files\/2025\/09\/Pergola2-1.jpg 800w, https:\/\/wordpress.nibis.de\/kranich\/files\/2025\/09\/Pergola2-1-300x225.jpg 300w, https:\/\/wordpress.nibis.de\/kranich\/files\/2025\/09\/Pergola2-1-768x576.jpg 768w, https:\/\/wordpress.nibis.de\/kranich\/files\/2025\/09\/Pergola2-1-360x270.jpg 360w\" sizes=\"auto, (max-width: 800px) 100vw, 800px\" \/><\/figure>\n\n\n\n<figure class=\"wp-block-image size-full\"><img loading=\"lazy\" decoding=\"async\" width=\"800\" height=\"600\" data-id=\"1414\" src=\"https:\/\/wordpress.nibis.de\/kranich\/files\/2025\/09\/Pergola3-1.jpg\" alt=\"\" class=\"wp-image-1414\" srcset=\"https:\/\/wordpress.nibis.de\/kranich\/files\/2025\/09\/Pergola3-1.jpg 800w, https:\/\/wordpress.nibis.de\/kranich\/files\/2025\/09\/Pergola3-1-300x225.jpg 300w, https:\/\/wordpress.nibis.de\/kranich\/files\/2025\/09\/Pergola3-1-768x576.jpg 768w, https:\/\/wordpress.nibis.de\/kranich\/files\/2025\/09\/Pergola3-1-360x270.jpg 360w\" sizes=\"auto, (max-width: 800px) 100vw, 800px\" \/><\/figure>\n\n\n\n<figure class=\"wp-block-image size-full\"><img loading=\"lazy\" decoding=\"async\" width=\"800\" height=\"450\" data-id=\"1415\" src=\"https:\/\/wordpress.nibis.de\/kranich\/files\/2025\/09\/Schulgarten2-1.jpg\" alt=\"\" class=\"wp-image-1415\" srcset=\"https:\/\/wordpress.nibis.de\/kranich\/files\/2025\/09\/Schulgarten2-1.jpg 800w, https:\/\/wordpress.nibis.de\/kranich\/files\/2025\/09\/Schulgarten2-1-300x169.jpg 300w, https:\/\/wordpress.nibis.de\/kranich\/files\/2025\/09\/Schulgarten2-1-768x432.jpg 768w, https:\/\/wordpress.nibis.de\/kranich\/files\/2025\/09\/Schulgarten2-1-480x270.jpg 480w\" sizes=\"auto, (max-width: 800px) 100vw, 800px\" \/><\/figure>\n\n\n\n<figure class=\"wp-block-image size-full\"><img loading=\"lazy\" decoding=\"async\" width=\"800\" height=\"600\" data-id=\"1416\" src=\"https:\/\/wordpress.nibis.de\/kranich\/files\/2025\/09\/Hochbeete2-1.jpg\" alt=\"\" class=\"wp-image-1416\" srcset=\"https:\/\/wordpress.nibis.de\/kranich\/files\/2025\/09\/Hochbeete2-1.jpg 800w, https:\/\/wordpress.nibis.de\/kranich\/files\/2025\/09\/Hochbeete2-1-300x225.jpg 300w, https:\/\/wordpress.nibis.de\/kranich\/files\/2025\/09\/Hochbeete2-1-768x576.jpg 768w, https:\/\/wordpress.nibis.de\/kranich\/files\/2025\/09\/Hochbeete2-1-360x270.jpg 360w\" sizes=\"auto, (max-width: 800px) 100vw, 800px\" \/><\/figure>\n\n\n\n<figure class=\"wp-block-image size-full\"><img loading=\"lazy\" decoding=\"async\" width=\"600\" height=\"800\" data-id=\"1417\" src=\"https:\/\/wordpress.nibis.de\/kranich\/files\/2025\/09\/Kompost-1.jpg\" alt=\"\" class=\"wp-image-1417\" srcset=\"https:\/\/wordpress.nibis.de\/kranich\/files\/2025\/09\/Kompost-1.jpg 600w, https:\/\/wordpress.nibis.de\/kranich\/files\/2025\/09\/Kompost-1-225x300.jpg 225w, https:\/\/wordpress.nibis.de\/kranich\/files\/2025\/09\/Kompost-1-203x270.jpg 203w\" sizes=\"auto, (max-width: 600px) 100vw, 600px\" \/><\/figure>\n\n\n\n<figure class=\"wp-block-image size-full\"><img loading=\"lazy\" decoding=\"async\" width=\"800\" height=\"600\" data-id=\"1418\" src=\"https:\/\/wordpress.nibis.de\/kranich\/files\/2025\/09\/Unkraut-1.jpg\" alt=\"\" class=\"wp-image-1418\" srcset=\"https:\/\/wordpress.nibis.de\/kranich\/files\/2025\/09\/Unkraut-1.jpg 800w, https:\/\/wordpress.nibis.de\/kranich\/files\/2025\/09\/Unkraut-1-300x225.jpg 300w, https:\/\/wordpress.nibis.de\/kranich\/files\/2025\/09\/Unkraut-1-768x576.jpg 768w, https:\/\/wordpress.nibis.de\/kranich\/files\/2025\/09\/Unkraut-1-360x270.jpg 360w\" sizes=\"auto, (max-width: 800px) 100vw, 800px\" \/><\/figure>\n<\/figure>\n","protected":false},"excerpt":{"rendered":"<p>An diesem Wochenende (12.\/13.09.25) packten viele flei\u00dfige Helferinnen und Helfer gemeinsam an: Eltern, Sch\u00fclerinnen und Sch\u00fcler sowie Kolleginnen und Kollegen unserer Schule trafen sich, um unseren Schulgarten und Beete vor unserer Schule auf Vordermann zu bringen. Trotz wechselhaftem Wetter wurde kr\u00e4ftig gej\u00e4tet, geschnitten und gegraben &#8211; das Unkraut hatte keine Chance! Auch die Hochbeet wurden wieder sch\u00f6n hergerichtet und f\u00fcr die n\u00e4chste Bepflanzung vorbereitet. Ein besonderes Highlight war der Aufbau unsere neuen Pergola, die demn\u00e4chst einen sch\u00f6nen schattigen Platz im&#8230;<\/p>\n<p class=\"read-more\"><a class=\"btn btn-default\" href=\"https:\/\/wordpress.nibis.de\/kranich\/gemeinsam-fuer-unseren-schulgarten-erfolgreiche-gartentage\/\">Weiterlesen<span class=\"screen-reader-text\"> Weiterlesen<\/span><\/a><\/p>\n","protected":false},"author":9193781,"featured_media":0,"parent":0,"menu_order":0,"comment_status":"closed","ping_status":"closed","template":"","meta":{"footnotes":""},"class_list":["post-1377","page","type-page","status-publish","hentry"],"_links":{"self":[{"href":"https:\/\/wordpress.nibis.de\/kranich\/wp-json\/wp\/v2\/pages\/1377","targetHints":{"allow":["GET"]}}],"collection":[{"href":"https:\/\/wordpress.nibis.de\/kranich\/wp-json\/wp\/v2\/pages"}],"about":[{"href":"https:\/\/wordpress.nibis.de\/kranich\/wp-json\/wp\/v2\/types\/page"}],"author":[{"embeddable":true,"href":"https:\/\/wordpress.nibis.de\/kranich\/wp-json\/wp\/v2\/users\/9193781"}],"replies":[{"embeddable":true,"href":"https:\/\/wordpress.nibis.de\/kranich\/wp-json\/wp\/v2\/comments?post=1377"}],"version-history":[{"count":6,"href":"https:\/\/wordpress.nibis.de\/kranich\/wp-json\/wp\/v2\/pages\/1377\/revisions"}],"predecessor-version":[{"id":1457,"href":"https:\/\/wordpress.nibis.de\/kranich\/wp-json\/wp\/v2\/pages\/1377\/revisions\/1457"}],"wp:attachment":[{"href":"https:\/\/wordpress.nibis.de\/kranich\/wp-json\/wp\/v2\/media?parent=1377"}],"curies":[{"name":"wp","href":"https:\/\/api.w.org\/{rel}","templated":true}]}}