{"id":1390,"date":"2025-09-13T13:26:19","date_gmt":"2025-09-13T11:26:19","guid":{"rendered":"https:\/\/wordpress.nibis.de\/kranich\/?page_id=1390"},"modified":"2025-09-13T13:26:19","modified_gmt":"2025-09-13T11:26:19","slug":"drei-neue-holzpferde-fuer-unsere-schule","status":"publish","type":"page","link":"https:\/\/wordpress.nibis.de\/kranich\/drei-neue-holzpferde-fuer-unsere-schule\/","title":{"rendered":"Drei neue Holzpferde f\u00fcr unsere Schule!"},"content":{"rendered":"\n<p>Gro\u00dfe Freude in unsere Aula: Seit Kurzem stehen dort drei neue Holzpferde, auf denen nach Herzenslust geritten, gespielt und getr\u00e4umt werden darf!<\/p>\n\n\n\n<p>Die wundersch\u00f6nen Pferde aus Holz sind eine tolle Bereicherung f\u00fcr unseren Schulalltag. Ob als Reittier, als Spielpartner in der Pause oder einfach zum Ausruhen &#8211; die Holzpferde laden zum Fantasieren und Spielen ein.<\/p>\n\n\n\n<p>Erm\u00f6glicht wurden sie durch den Schulverein, dem wir daf\u00fcr ganz herzlich danken! Ohne die Unterst\u00fctzung des Vereins w\u00e4ren viele tolle Anschaffungen wie diese nicht m\u00f6glich.<\/p>\n\n\n\n<p>Noch stehen die Pferde in der Aula und sind dort in den Pausen und am Nachmittag ein beliebter Treffpunkt. Im Fr\u00fchling ziehen sie dann auf den Schulhof um, wo sie bei gutem Wetter noch mehr Platz &#8222;f\u00fcr den Auslauf&#8220; haben werden.<\/p>\n\n\n\n<p>Wir freuen uns schon jetzt darauf, wenn sie drau\u00dfen auf der Wiese grasen &#8211; und sagen: Danke, lieber Schulverein!<\/p>\n\n\n\n<figure class=\"wp-block-image size-full is-style-tw-rounded-corners\"><img loading=\"lazy\" decoding=\"async\" width=\"800\" height=\"600\" src=\"https:\/\/wordpress.nibis.de\/kranich\/files\/2025\/09\/Holzpferde.jpg\" alt=\"\" class=\"wp-image-1391\" srcset=\"https:\/\/wordpress.nibis.de\/kranich\/files\/2025\/09\/Holzpferde.jpg 800w, https:\/\/wordpress.nibis.de\/kranich\/files\/2025\/09\/Holzpferde-300x225.jpg 300w, https:\/\/wordpress.nibis.de\/kranich\/files\/2025\/09\/Holzpferde-768x576.jpg 768w, https:\/\/wordpress.nibis.de\/kranich\/files\/2025\/09\/Holzpferde-360x270.jpg 360w\" sizes=\"auto, (max-width: 800px) 100vw, 800px\" \/><\/figure>\n","protected":false},"excerpt":{"rendered":"<p>Gro\u00dfe Freude in unsere Aula: Seit Kurzem stehen dort drei neue Holzpferde, auf denen nach Herzenslust geritten, gespielt und getr\u00e4umt werden darf! Die wundersch\u00f6nen Pferde aus Holz sind eine tolle Bereicherung f\u00fcr unseren Schulalltag. Ob als Reittier, als Spielpartner in der Pause oder einfach zum Ausruhen &#8211; die Holzpferde laden zum Fantasieren und Spielen ein. Erm\u00f6glicht wurden sie durch den Schulverein, dem wir daf\u00fcr ganz herzlich danken! Ohne die Unterst\u00fctzung des Vereins w\u00e4ren viele tolle Anschaffungen wie diese nicht m\u00f6glich&#8230;.<\/p>\n<p class=\"read-more\"><a class=\"btn btn-default\" href=\"https:\/\/wordpress.nibis.de\/kranich\/drei-neue-holzpferde-fuer-unsere-schule\/\">Weiterlesen<span class=\"screen-reader-text\"> Weiterlesen<\/span><\/a><\/p>\n","protected":false},"author":9193781,"featured_media":0,"parent":0,"menu_order":0,"comment_status":"closed","ping_status":"closed","template":"","meta":{"footnotes":""},"class_list":["post-1390","page","type-page","status-publish","hentry"],"_links":{"self":[{"href":"https:\/\/wordpress.nibis.de\/kranich\/wp-json\/wp\/v2\/pages\/1390","targetHints":{"allow":["GET"]}}],"collection":[{"href":"https:\/\/wordpress.nibis.de\/kranich\/wp-json\/wp\/v2\/pages"}],"about":[{"href":"https:\/\/wordpress.nibis.de\/kranich\/wp-json\/wp\/v2\/types\/page"}],"author":[{"embeddable":true,"href":"https:\/\/wordpress.nibis.de\/kranich\/wp-json\/wp\/v2\/users\/9193781"}],"replies":[{"embeddable":true,"href":"https:\/\/wordpress.nibis.de\/kranich\/wp-json\/wp\/v2\/comments?post=1390"}],"version-history":[{"count":1,"href":"https:\/\/wordpress.nibis.de\/kranich\/wp-json\/wp\/v2\/pages\/1390\/revisions"}],"predecessor-version":[{"id":1392,"href":"https:\/\/wordpress.nibis.de\/kranich\/wp-json\/wp\/v2\/pages\/1390\/revisions\/1392"}],"wp:attachment":[{"href":"https:\/\/wordpress.nibis.de\/kranich\/wp-json\/wp\/v2\/media?parent=1390"}],"curies":[{"name":"wp","href":"https:\/\/api.w.org\/{rel}","templated":true}]}}