{"id":1394,"date":"2025-09-13T16:35:21","date_gmt":"2025-09-13T14:35:21","guid":{"rendered":"https:\/\/wordpress.nibis.de\/kranich\/?page_id=1394"},"modified":"2025-09-13T16:36:00","modified_gmt":"2025-09-13T14:36:00","slug":"herzlich-willkommen-einschulung-am-16-08-2025","status":"publish","type":"page","link":"https:\/\/wordpress.nibis.de\/kranich\/herzlich-willkommen-einschulung-am-16-08-2025\/","title":{"rendered":"Herzlich willkommen! Einschulung am 16.08.2025"},"content":{"rendered":"\n<p>Am Samstag, dem 16. August 2025, war es endlich so weit: Unsere Schule durfte viele neue Gesichter begr\u00fc\u00dfen! Bei strahlendem Sp\u00e4tsommerwetter wurden die Kinder der Klassen 1a bis 1f sowie des Schulkindergartens feierlich eingeschult.<\/p>\n\n\n\n<p>Die Einschulung fand in zwei Durchg\u00e4ngen statt, sodass jeder Klasse ihren besonderen Moment erleben konnte. In der liebevoll geschm\u00fcckten Aula warteten schon viele gespannte Kinder, Eltern, Geschwister und Verwandte, um diesen wichtigen Tag gemeinsam zu feiern.<\/p>\n\n\n\n<p>Ein besonderes Highlight war das kurzweilige Musical, das von den Sch\u00fclerinnen und Sch\u00fclern der jetzigen vierten Klassen aufgef\u00fchrt wurde. Mit viel Begeisterung, Musik und kleinen schauspielerischen Einlagen nahmen sie die neuen Erstkl\u00e4ssler mit auf eine fr\u00f6hliche Reise in die Welt der Schule. Ein gro\u00dfes Dankesch\u00f6n an alle Kinder der vierten Klassen sowie an die beteiligten Lehrkr\u00e4fte f\u00fcr diese gelungene Vorstellung!<\/p>\n\n\n\n<p>Im Anschluss durften die neuen Schulkinder gemeinsam mit ihren Klassenlehrerinnen ihre erste &#8222;Mutmurmel-Unterrichtsstunde&#8220; im Klassenraum erleben &#8211; ein aufregender erster Einblick in den neuen Schulalltag.<\/p>\n\n\n\n<p>Wir freuen uns sehr, dass ihr jetzt Teil unserer Schulgemeinschaft seid, liebe Erstkl\u00e4sslerinnen und Erstkl\u00e4ssler &#8211; und nat\u00fcrlich auch ihr, liebe Kinder des Schulkindergartens! Wir w\u00fcnschen euch eine fr\u00f6hliche, spannende und lehrreiche Grundschulzeit!<\/p>\n\n\n\n<p>Euer Team der Kranichdammschule<\/p>\n\n\n\n<figure class=\"wp-block-gallery has-nested-images columns-default is-cropped is-style-tw-img-rounded wp-block-gallery-1 is-layout-flex wp-block-gallery-is-layout-flex\">\n<figure class=\"wp-block-image size-large\"><img loading=\"lazy\" decoding=\"async\" width=\"800\" height=\"600\" data-id=\"1395\" src=\"https:\/\/wordpress.nibis.de\/kranich\/files\/2025\/09\/Einschulung1.jpeg\" alt=\"\" class=\"wp-image-1395\" srcset=\"https:\/\/wordpress.nibis.de\/kranich\/files\/2025\/09\/Einschulung1.jpeg 800w, https:\/\/wordpress.nibis.de\/kranich\/files\/2025\/09\/Einschulung1-300x225.jpeg 300w, https:\/\/wordpress.nibis.de\/kranich\/files\/2025\/09\/Einschulung1-768x576.jpeg 768w, https:\/\/wordpress.nibis.de\/kranich\/files\/2025\/09\/Einschulung1-360x270.jpeg 360w\" sizes=\"auto, (max-width: 800px) 100vw, 800px\" \/><\/figure>\n\n\n\n<figure class=\"wp-block-image size-large\"><img loading=\"lazy\" decoding=\"async\" width=\"800\" height=\"600\" data-id=\"1396\" src=\"https:\/\/wordpress.nibis.de\/kranich\/files\/2025\/09\/Einschulung-2.jpeg\" alt=\"\" class=\"wp-image-1396\" srcset=\"https:\/\/wordpress.nibis.de\/kranich\/files\/2025\/09\/Einschulung-2.jpeg 800w, https:\/\/wordpress.nibis.de\/kranich\/files\/2025\/09\/Einschulung-2-300x225.jpeg 300w, https:\/\/wordpress.nibis.de\/kranich\/files\/2025\/09\/Einschulung-2-768x576.jpeg 768w, https:\/\/wordpress.nibis.de\/kranich\/files\/2025\/09\/Einschulung-2-360x270.jpeg 360w\" sizes=\"auto, (max-width: 800px) 100vw, 800px\" \/><\/figure>\n<\/figure>\n\n\n\n<figure class=\"wp-block-gallery has-nested-images columns-default is-cropped wp-block-gallery-2 is-layout-flex wp-block-gallery-is-layout-flex\">\n<figure class=\"wp-block-image size-large is-style-rounded\"><img loading=\"lazy\" decoding=\"async\" width=\"800\" height=\"600\" data-id=\"1397\" src=\"https:\/\/wordpress.nibis.de\/kranich\/files\/2025\/09\/Einschulung-3.jpeg\" alt=\"\" class=\"wp-image-1397\" srcset=\"https:\/\/wordpress.nibis.de\/kranich\/files\/2025\/09\/Einschulung-3.jpeg 800w, https:\/\/wordpress.nibis.de\/kranich\/files\/2025\/09\/Einschulung-3-300x225.jpeg 300w, https:\/\/wordpress.nibis.de\/kranich\/files\/2025\/09\/Einschulung-3-768x576.jpeg 768w, https:\/\/wordpress.nibis.de\/kranich\/files\/2025\/09\/Einschulung-3-360x270.jpeg 360w\" sizes=\"auto, (max-width: 800px) 100vw, 800px\" \/><\/figure>\n<\/figure>\n","protected":false},"excerpt":{"rendered":"<p>Am Samstag, dem 16. August 2025, war es endlich so weit: Unsere Schule durfte viele neue Gesichter begr\u00fc\u00dfen! Bei strahlendem Sp\u00e4tsommerwetter wurden die Kinder der Klassen 1a bis 1f sowie des Schulkindergartens feierlich eingeschult. Die Einschulung fand in zwei Durchg\u00e4ngen statt, sodass jeder Klasse ihren besonderen Moment erleben konnte. In der liebevoll geschm\u00fcckten Aula warteten schon viele gespannte Kinder, Eltern, Geschwister und Verwandte, um diesen wichtigen Tag gemeinsam zu feiern. Ein besonderes Highlight war das kurzweilige Musical, das von den&#8230;<\/p>\n<p class=\"read-more\"><a class=\"btn btn-default\" href=\"https:\/\/wordpress.nibis.de\/kranich\/herzlich-willkommen-einschulung-am-16-08-2025\/\">Weiterlesen<span class=\"screen-reader-text\"> Weiterlesen<\/span><\/a><\/p>\n","protected":false},"author":9193781,"featured_media":0,"parent":0,"menu_order":0,"comment_status":"closed","ping_status":"closed","template":"","meta":{"footnotes":""},"class_list":["post-1394","page","type-page","status-publish","hentry"],"_links":{"self":[{"href":"https:\/\/wordpress.nibis.de\/kranich\/wp-json\/wp\/v2\/pages\/1394","targetHints":{"allow":["GET"]}}],"collection":[{"href":"https:\/\/wordpress.nibis.de\/kranich\/wp-json\/wp\/v2\/pages"}],"about":[{"href":"https:\/\/wordpress.nibis.de\/kranich\/wp-json\/wp\/v2\/types\/page"}],"author":[{"embeddable":true,"href":"https:\/\/wordpress.nibis.de\/kranich\/wp-json\/wp\/v2\/users\/9193781"}],"replies":[{"embeddable":true,"href":"https:\/\/wordpress.nibis.de\/kranich\/wp-json\/wp\/v2\/comments?post=1394"}],"version-history":[{"count":2,"href":"https:\/\/wordpress.nibis.de\/kranich\/wp-json\/wp\/v2\/pages\/1394\/revisions"}],"predecessor-version":[{"id":1399,"href":"https:\/\/wordpress.nibis.de\/kranich\/wp-json\/wp\/v2\/pages\/1394\/revisions\/1399"}],"wp:attachment":[{"href":"https:\/\/wordpress.nibis.de\/kranich\/wp-json\/wp\/v2\/media?parent=1394"}],"curies":[{"name":"wp","href":"https:\/\/api.w.org\/{rel}","templated":true}]}}