{"id":1401,"date":"2025-09-13T17:15:38","date_gmt":"2025-09-13T15:15:38","guid":{"rendered":"https:\/\/wordpress.nibis.de\/kranich\/?page_id=1401"},"modified":"2025-09-13T17:15:38","modified_gmt":"2025-09-13T15:15:38","slug":"klassenfahrt-des-4-jahrgangs-nach-wolfsburg","status":"publish","type":"page","link":"https:\/\/wordpress.nibis.de\/kranich\/klassenfahrt-des-4-jahrgangs-nach-wolfsburg\/","title":{"rendered":"Klassenfahrt des 4. Jahrgangs nach Wolfsburg"},"content":{"rendered":"\n<p>Kurz nach den Sommerferien ging es f\u00fcr den 4. Jahrgang auf eine aufregende dreit\u00e4gige Klassenfahrt nach Wolfsburg. Bei bestem Sommerwetter und voller Vorfreude starteten wir unsere Reise &#8211; und die Tage waren prall gef\u00fcllt mit spannenden Erlebnissen und  Spa\u00df.<\/p>\n\n\n\n<p><strong>Tag 1 &#8211; Autostadt und Sommerspa\u00df<\/strong><\/p>\n\n\n\n<p>Am ersten Tag angekommen, stellten wir unsere Koffer in der Jugendherberge ab und gingen in die Autostadt. Schon beim Ankommen staunten wir \u00fcber die modernen Geb\u00e4ude, das glitzernde Wasser und die gl\u00e4nzenden Autos. Doch das eigentliche Highlight wartete drau\u00dfen: der Riesenrutschenturm! In rasantem Tempo ging es f\u00fcr viele gleich mehrmals die riesige Rutsche hinunter- was f\u00fcr ein Spa\u00df! Wer eine Abk\u00fchlung suchte, fand sie bei der beeindruckenden Wasserfont\u00e4ne, die in der Sonne glitzerte und f\u00fcr &#8222;nasse&#8220; Begeisterung sorgte.<\/p>\n\n\n\n<p><strong>Tag 2 &#8211; Natur, Spiel und Sterne<\/strong><\/p>\n\n\n\n<p>Der zweite Tag begann mit einer Wanderung zum Allersee. Dort durften wir nach Herzenslust spielen, toben, picknicken oder einfach nur entspannen- ein echtes Sommerferiengef\u00fchl! Am Nachmittag ging es dann ins Planetarium. In einem gem\u00fctlichen Kuppelsaal bestaunten wir einen Film \u00fcber Sterne, Planeten und dem unvergesslichen &#8222;Schwarzen Loch&#8220;. Alles wirkte zum Greifen nah, als ob wir selbst durchs All fliegen w\u00fcrden. Zum kr\u00f6nenden Abschluss erlebten wir eine virtuelle Achterbahnfahrt durch das Weltall.<\/p>\n\n\n\n<p><strong>Tag 3 &#8211; Forschergeist im phaeno<\/strong><\/p>\n\n\n\n<p>Am letzten Tag besuchten wir das Wissenschaftsmuseum phaeno, wo wir zu kleinen Forscherinnen und Forschern wurden. An unz\u00e4hligen Mitmachstationen konnten wir experimentieren, ausprobieren und staunen. Besonders beeindruckend war der Feuertornado, den wir live erleben durften &#8211; ein riesiger Wirbel aus Flammen, der alle in seinen Bann zog.<\/p>\n\n\n\n<p><strong>Viel Spa\u00df, wenig Schlaf<\/strong><\/p>\n\n\n\n<p>Auch wenn die N\u00e4chte recht kurz waren und in den Zimmern viel gekichert wurde, war die Stimmung w\u00e4hrend der Fahrt super. Es wurde gelacht, entdeckt und gelernt! Diese Klassenfahrt wird uns sicher noch lange in Erinnerung bleiben.<\/p>\n\n\n\n<figure class=\"wp-block-image size-full is-style-tw-rounded-corners\"><img loading=\"lazy\" decoding=\"async\" width=\"800\" height=\"600\" src=\"https:\/\/wordpress.nibis.de\/kranich\/files\/2025\/09\/Wasserfontaene.jpeg\" alt=\"\" class=\"wp-image-1402\" srcset=\"https:\/\/wordpress.nibis.de\/kranich\/files\/2025\/09\/Wasserfontaene.jpeg 800w, https:\/\/wordpress.nibis.de\/kranich\/files\/2025\/09\/Wasserfontaene-300x225.jpeg 300w, https:\/\/wordpress.nibis.de\/kranich\/files\/2025\/09\/Wasserfontaene-768x576.jpeg 768w, https:\/\/wordpress.nibis.de\/kranich\/files\/2025\/09\/Wasserfontaene-360x270.jpeg 360w\" sizes=\"auto, (max-width: 800px) 100vw, 800px\" \/><\/figure>\n\n\n\n<figure class=\"wp-block-video\"><video height=\"1080\" style=\"aspect-ratio: 1920 \/ 1080;\" width=\"1920\" autoplay controls src=\"https:\/\/wordpress.nibis.de\/kranich\/files\/2025\/09\/Feuertornado.mov\"><\/video><\/figure>\n","protected":false},"excerpt":{"rendered":"<p>Kurz nach den Sommerferien ging es f\u00fcr den 4. Jahrgang auf eine aufregende dreit\u00e4gige Klassenfahrt nach Wolfsburg. Bei bestem Sommerwetter und voller Vorfreude starteten wir unsere Reise &#8211; und die Tage waren prall gef\u00fcllt mit spannenden Erlebnissen und Spa\u00df. Tag 1 &#8211; Autostadt und Sommerspa\u00df Am ersten Tag angekommen, stellten wir unsere Koffer in der Jugendherberge ab und gingen in die Autostadt. Schon beim Ankommen staunten wir \u00fcber die modernen Geb\u00e4ude, das glitzernde Wasser und die gl\u00e4nzenden Autos. Doch das&#8230;<\/p>\n<p class=\"read-more\"><a class=\"btn btn-default\" href=\"https:\/\/wordpress.nibis.de\/kranich\/klassenfahrt-des-4-jahrgangs-nach-wolfsburg\/\">Weiterlesen<span class=\"screen-reader-text\"> Weiterlesen<\/span><\/a><\/p>\n","protected":false},"author":9193781,"featured_media":0,"parent":0,"menu_order":0,"comment_status":"closed","ping_status":"closed","template":"","meta":{"footnotes":""},"class_list":["post-1401","page","type-page","status-publish","hentry"],"_links":{"self":[{"href":"https:\/\/wordpress.nibis.de\/kranich\/wp-json\/wp\/v2\/pages\/1401","targetHints":{"allow":["GET"]}}],"collection":[{"href":"https:\/\/wordpress.nibis.de\/kranich\/wp-json\/wp\/v2\/pages"}],"about":[{"href":"https:\/\/wordpress.nibis.de\/kranich\/wp-json\/wp\/v2\/types\/page"}],"author":[{"embeddable":true,"href":"https:\/\/wordpress.nibis.de\/kranich\/wp-json\/wp\/v2\/users\/9193781"}],"replies":[{"embeddable":true,"href":"https:\/\/wordpress.nibis.de\/kranich\/wp-json\/wp\/v2\/comments?post=1401"}],"version-history":[{"count":1,"href":"https:\/\/wordpress.nibis.de\/kranich\/wp-json\/wp\/v2\/pages\/1401\/revisions"}],"predecessor-version":[{"id":1404,"href":"https:\/\/wordpress.nibis.de\/kranich\/wp-json\/wp\/v2\/pages\/1401\/revisions\/1404"}],"wp:attachment":[{"href":"https:\/\/wordpress.nibis.de\/kranich\/wp-json\/wp\/v2\/media?parent=1401"}],"curies":[{"name":"wp","href":"https:\/\/api.w.org\/{rel}","templated":true}]}}