{"id":1420,"date":"2025-09-14T11:31:30","date_gmt":"2025-09-14T09:31:30","guid":{"rendered":"https:\/\/wordpress.nibis.de\/kranich\/?page_id=1420"},"modified":"2025-09-14T11:31:30","modified_gmt":"2025-09-14T09:31:30","slug":"faschingsfeier-bunt-froehlich-und-voller-spass","status":"publish","type":"page","link":"https:\/\/wordpress.nibis.de\/kranich\/faschingsfeier-bunt-froehlich-und-voller-spass\/","title":{"rendered":"Faschingsfeier &#8211; Bunt, fr\u00f6hlich und voller Spa\u00df!"},"content":{"rendered":"\n<figure class=\"wp-block-gallery has-nested-images columns-default is-cropped is-style-tw-img-rounded wp-block-gallery-1 is-layout-flex wp-block-gallery-is-layout-flex\">\n<figure class=\"wp-block-image size-large\"><img loading=\"lazy\" decoding=\"async\" width=\"600\" height=\"800\" data-id=\"1421\" src=\"https:\/\/wordpress.nibis.de\/kranich\/files\/2025\/09\/Fasching1.jpeg\" alt=\"\" class=\"wp-image-1421\" srcset=\"https:\/\/wordpress.nibis.de\/kranich\/files\/2025\/09\/Fasching1.jpeg 600w, https:\/\/wordpress.nibis.de\/kranich\/files\/2025\/09\/Fasching1-225x300.jpeg 225w, https:\/\/wordpress.nibis.de\/kranich\/files\/2025\/09\/Fasching1-203x270.jpeg 203w\" sizes=\"auto, (max-width: 600px) 100vw, 600px\" \/><\/figure>\n\n\n\n<figure class=\"wp-block-image size-large\"><img loading=\"lazy\" decoding=\"async\" width=\"600\" height=\"800\" data-id=\"1422\" src=\"https:\/\/wordpress.nibis.de\/kranich\/files\/2025\/09\/Fasching2.jpeg\" alt=\"\" class=\"wp-image-1422\" srcset=\"https:\/\/wordpress.nibis.de\/kranich\/files\/2025\/09\/Fasching2.jpeg 600w, https:\/\/wordpress.nibis.de\/kranich\/files\/2025\/09\/Fasching2-225x300.jpeg 225w, https:\/\/wordpress.nibis.de\/kranich\/files\/2025\/09\/Fasching2-203x270.jpeg 203w\" sizes=\"auto, (max-width: 600px) 100vw, 600px\" \/><\/figure>\n\n\n\n<figure class=\"wp-block-image size-large\"><img loading=\"lazy\" decoding=\"async\" width=\"600\" height=\"800\" data-id=\"1423\" src=\"https:\/\/wordpress.nibis.de\/kranich\/files\/2025\/09\/Fasching3.jpeg\" alt=\"\" class=\"wp-image-1423\" srcset=\"https:\/\/wordpress.nibis.de\/kranich\/files\/2025\/09\/Fasching3.jpeg 600w, https:\/\/wordpress.nibis.de\/kranich\/files\/2025\/09\/Fasching3-225x300.jpeg 225w, https:\/\/wordpress.nibis.de\/kranich\/files\/2025\/09\/Fasching3-203x270.jpeg 203w\" sizes=\"auto, (max-width: 600px) 100vw, 600px\" \/><\/figure>\n\n\n\n<figure class=\"wp-block-image size-large\"><img loading=\"lazy\" decoding=\"async\" width=\"800\" height=\"370\" data-id=\"1424\" src=\"https:\/\/wordpress.nibis.de\/kranich\/files\/2025\/09\/Fasching4.jpg\" alt=\"\" class=\"wp-image-1424\" srcset=\"https:\/\/wordpress.nibis.de\/kranich\/files\/2025\/09\/Fasching4.jpg 800w, https:\/\/wordpress.nibis.de\/kranich\/files\/2025\/09\/Fasching4-300x139.jpg 300w, https:\/\/wordpress.nibis.de\/kranich\/files\/2025\/09\/Fasching4-768x355.jpg 768w, https:\/\/wordpress.nibis.de\/kranich\/files\/2025\/09\/Fasching4-584x270.jpg 584w\" sizes=\"auto, (max-width: 800px) 100vw, 800px\" \/><\/figure>\n<\/figure>\n\n\n\n<p>Am Freitag, dem 28. Februar 2025, war es endlich wieder so weit: Unsere Schule verwandelte sich in ein kunterbuntes Faschingsparadies! Schon am Morgen kamen Prinzessinnen, Superhelden, Tiere, Zauberer und viele fantasievolle Gestalten in die Schule &#8211; kaum jemand war ohne Kost\u00fcm unterwegs!<\/p>\n\n\n\n<p>In den Klassenr\u00e4umen wurde zun\u00e4chst gemeinsam gefr\u00fchst\u00fcckt, gespielt, gelacht und getanzt. Die Kinder hatten sichtlich Spa\u00df daran, sich gegenseitig ihre Kost\u00fcme zu zeigen und Faschingsspiele zu spielen.<\/p>\n\n\n\n<p>Ein ganz besonderes Highlight war die gro\u00dfe Faschingsparty in der Aula! Hier sorgte DJ Clownfisch Nemo mit cooler Musik und Seifenblasen f\u00fcr die richtige Partystimmung. Zun\u00e4chst feierten die j\u00fcngeren Sch\u00fclerinnen und Sch\u00fcler ausgelassen, tanzten Polonaise und genossen die fr\u00f6hliche Musik. Danach durften die Klassen 3 und 4 die Tanzfl\u00e4che st\u00fcrmen und gemeinsam mit DJ Nemo abrocken.<\/p>\n\n\n\n<p>Es wurde viel gelacht, gesungen, getanzt &#8211; und nat\u00fcrlich blieb auch das ein oder andere Konfetti in den Haaren h\u00e4ngen.<\/p>\n\n\n\n<p>Wir freuen uns schon jetzt auf den n\u00e4chsten Fasching!<\/p>\n","protected":false},"excerpt":{"rendered":"<p>Am Freitag, dem 28. Februar 2025, war es endlich wieder so weit: Unsere Schule verwandelte sich in ein kunterbuntes Faschingsparadies! Schon am Morgen kamen Prinzessinnen, Superhelden, Tiere, Zauberer und viele fantasievolle Gestalten in die Schule &#8211; kaum jemand war ohne Kost\u00fcm unterwegs! In den Klassenr\u00e4umen wurde zun\u00e4chst gemeinsam gefr\u00fchst\u00fcckt, gespielt, gelacht und getanzt. Die Kinder hatten sichtlich Spa\u00df daran, sich gegenseitig ihre Kost\u00fcme zu zeigen und Faschingsspiele zu spielen. Ein ganz besonderes Highlight war die gro\u00dfe Faschingsparty in der Aula!&#8230;<\/p>\n<p class=\"read-more\"><a class=\"btn btn-default\" href=\"https:\/\/wordpress.nibis.de\/kranich\/faschingsfeier-bunt-froehlich-und-voller-spass\/\">Weiterlesen<span class=\"screen-reader-text\"> Weiterlesen<\/span><\/a><\/p>\n","protected":false},"author":9193781,"featured_media":0,"parent":0,"menu_order":0,"comment_status":"closed","ping_status":"closed","template":"","meta":{"footnotes":""},"class_list":["post-1420","page","type-page","status-publish","hentry"],"_links":{"self":[{"href":"https:\/\/wordpress.nibis.de\/kranich\/wp-json\/wp\/v2\/pages\/1420","targetHints":{"allow":["GET"]}}],"collection":[{"href":"https:\/\/wordpress.nibis.de\/kranich\/wp-json\/wp\/v2\/pages"}],"about":[{"href":"https:\/\/wordpress.nibis.de\/kranich\/wp-json\/wp\/v2\/types\/page"}],"author":[{"embeddable":true,"href":"https:\/\/wordpress.nibis.de\/kranich\/wp-json\/wp\/v2\/users\/9193781"}],"replies":[{"embeddable":true,"href":"https:\/\/wordpress.nibis.de\/kranich\/wp-json\/wp\/v2\/comments?post=1420"}],"version-history":[{"count":1,"href":"https:\/\/wordpress.nibis.de\/kranich\/wp-json\/wp\/v2\/pages\/1420\/revisions"}],"predecessor-version":[{"id":1425,"href":"https:\/\/wordpress.nibis.de\/kranich\/wp-json\/wp\/v2\/pages\/1420\/revisions\/1425"}],"wp:attachment":[{"href":"https:\/\/wordpress.nibis.de\/kranich\/wp-json\/wp\/v2\/media?parent=1420"}],"curies":[{"name":"wp","href":"https:\/\/api.w.org\/{rel}","templated":true}]}}