{"id":1459,"date":"2025-10-11T19:10:49","date_gmt":"2025-10-11T17:10:49","guid":{"rendered":"https:\/\/wordpress.nibis.de\/kranich\/?page_id=1459"},"modified":"2025-10-11T19:10:49","modified_gmt":"2025-10-11T17:10:49","slug":"die-kranichdammschule-ist-teil-der-wissensfabrik-gemeinsam-fuer-starke-mint-bildung","status":"publish","type":"page","link":"https:\/\/wordpress.nibis.de\/kranich\/die-kranichdammschule-ist-teil-der-wissensfabrik-gemeinsam-fuer-starke-mint-bildung\/","title":{"rendered":"Die Kranichdammschule ist Teil der Wissensfabrik &#8211; Gemeinsam f\u00fcr starke MINT-Bildung!"},"content":{"rendered":"\n<p>Wir freuen uns sehr, dass unsere Schule Teil der Wissensfabrik &#8211; Unternehmen f\u00fcr Deutschland e.V. ist!<\/p>\n\n\n\n<p>In diesem Netzwerk arbeiten Schulen mit engagierten Unternehmen zusammen, um Kinder und Jugendliche f\u00fcr sogenannte MINT-F\u00e4cher &#8211; Mathematik, Informatik, Naturwissenschaften und Technik &#8211; zu begeistern.<\/p>\n\n\n\n<p>Unser Bildungspartner ist Bosch Salzgitter, der uns tatkr\u00e4ftig unterst\u00fctzt. Durch diese Partnerschaft erhalten wir kostenfreie Materialien, spannende Lernprojekte und  regelm\u00e4\u00dfige Fortbildungen f\u00fcr Lehrkr\u00e4fte. Das Besondere daran: Die Kinder lernen nicht nur theoretisch, sondern erleben Technik und Naturwissenschaften ganz praktisch und mit viel Freude.<\/p>\n\n\n\n<p>Ob es um das Bauen einfacher Stromkreise oder spannende Experimente geht &#8211; die Kooperation mit der Wissensfabrik und Bosch bringt echte Technik zum Anfassen in unseren Unterricht. So schaffen wir gemeinsam die Grundlage daf\u00fcr, das unsere Sch\u00fclerinnen und Sch\u00fcler neugierig bleiben, selbstst\u00e4ndig denken und vielleicht schon heute den ersten Schritt in Richtung ihres sp\u00e4teren Berufsweges machen.<\/p>\n\n\n\n<p>Wir danken Bosch Salzgitter und der Wissensfabrik herzlich f\u00fcr die tolle Zusammenarbeit und freuen uns auf viele weitere MINT-Momente an der Kranichdammschule.<\/p>\n\n\n\n<figure class=\"wp-block-gallery has-nested-images columns-default is-cropped wp-block-gallery-1 is-layout-flex wp-block-gallery-is-layout-flex\">\n<figure class=\"wp-block-image size-large\"><img loading=\"lazy\" decoding=\"async\" width=\"577\" height=\"1024\" data-id=\"1465\" src=\"https:\/\/wordpress.nibis.de\/kranich\/files\/2025\/10\/PHOTO-2025-10-08-14-56-10-2-577x1024.jpg\" alt=\"\" class=\"wp-image-1465\" srcset=\"https:\/\/wordpress.nibis.de\/kranich\/files\/2025\/10\/PHOTO-2025-10-08-14-56-10-2-577x1024.jpg 577w, https:\/\/wordpress.nibis.de\/kranich\/files\/2025\/10\/PHOTO-2025-10-08-14-56-10-2-169x300.jpg 169w, https:\/\/wordpress.nibis.de\/kranich\/files\/2025\/10\/PHOTO-2025-10-08-14-56-10-2-768x1364.jpg 768w, https:\/\/wordpress.nibis.de\/kranich\/files\/2025\/10\/PHOTO-2025-10-08-14-56-10-2-865x1536.jpg 865w, https:\/\/wordpress.nibis.de\/kranich\/files\/2025\/10\/PHOTO-2025-10-08-14-56-10-2-152x270.jpg 152w, https:\/\/wordpress.nibis.de\/kranich\/files\/2025\/10\/PHOTO-2025-10-08-14-56-10-2.jpg 901w\" sizes=\"auto, (max-width: 577px) 100vw, 577px\" \/><\/figure>\n\n\n\n<figure class=\"wp-block-image size-large\"><img loading=\"lazy\" decoding=\"async\" width=\"577\" height=\"1024\" data-id=\"1464\" src=\"https:\/\/wordpress.nibis.de\/kranich\/files\/2025\/10\/PHOTO-2025-10-08-14-56-10-577x1024.jpg\" alt=\"\" class=\"wp-image-1464\" srcset=\"https:\/\/wordpress.nibis.de\/kranich\/files\/2025\/10\/PHOTO-2025-10-08-14-56-10-577x1024.jpg 577w, https:\/\/wordpress.nibis.de\/kranich\/files\/2025\/10\/PHOTO-2025-10-08-14-56-10-169x300.jpg 169w, https:\/\/wordpress.nibis.de\/kranich\/files\/2025\/10\/PHOTO-2025-10-08-14-56-10-768x1364.jpg 768w, https:\/\/wordpress.nibis.de\/kranich\/files\/2025\/10\/PHOTO-2025-10-08-14-56-10-865x1536.jpg 865w, https:\/\/wordpress.nibis.de\/kranich\/files\/2025\/10\/PHOTO-2025-10-08-14-56-10-152x270.jpg 152w, https:\/\/wordpress.nibis.de\/kranich\/files\/2025\/10\/PHOTO-2025-10-08-14-56-10.jpg 901w\" sizes=\"auto, (max-width: 577px) 100vw, 577px\" \/><\/figure>\n\n\n\n<figure class=\"wp-block-image size-large\"><img loading=\"lazy\" decoding=\"async\" width=\"577\" height=\"1024\" data-id=\"1462\" src=\"https:\/\/wordpress.nibis.de\/kranich\/files\/2025\/10\/PHOTO-2025-10-08-14-56-11-1-577x1024.jpg\" alt=\"\" class=\"wp-image-1462\" srcset=\"https:\/\/wordpress.nibis.de\/kranich\/files\/2025\/10\/PHOTO-2025-10-08-14-56-11-1-577x1024.jpg 577w, https:\/\/wordpress.nibis.de\/kranich\/files\/2025\/10\/PHOTO-2025-10-08-14-56-11-1-169x300.jpg 169w, https:\/\/wordpress.nibis.de\/kranich\/files\/2025\/10\/PHOTO-2025-10-08-14-56-11-1-768x1364.jpg 768w, https:\/\/wordpress.nibis.de\/kranich\/files\/2025\/10\/PHOTO-2025-10-08-14-56-11-1-865x1536.jpg 865w, https:\/\/wordpress.nibis.de\/kranich\/files\/2025\/10\/PHOTO-2025-10-08-14-56-11-1-152x270.jpg 152w, https:\/\/wordpress.nibis.de\/kranich\/files\/2025\/10\/PHOTO-2025-10-08-14-56-11-1.jpg 1153w\" sizes=\"auto, (max-width: 577px) 100vw, 577px\" \/><\/figure>\n\n\n\n<figure class=\"wp-block-image size-large\"><img loading=\"lazy\" decoding=\"async\" width=\"577\" height=\"1024\" data-id=\"1463\" src=\"https:\/\/wordpress.nibis.de\/kranich\/files\/2025\/10\/PHOTO-2025-10-08-14-56-26-2-577x1024.jpg\" alt=\"\" class=\"wp-image-1463\" srcset=\"https:\/\/wordpress.nibis.de\/kranich\/files\/2025\/10\/PHOTO-2025-10-08-14-56-26-2-577x1024.jpg 577w, https:\/\/wordpress.nibis.de\/kranich\/files\/2025\/10\/PHOTO-2025-10-08-14-56-26-2-169x300.jpg 169w, https:\/\/wordpress.nibis.de\/kranich\/files\/2025\/10\/PHOTO-2025-10-08-14-56-26-2-768x1364.jpg 768w, https:\/\/wordpress.nibis.de\/kranich\/files\/2025\/10\/PHOTO-2025-10-08-14-56-26-2-865x1536.jpg 865w, https:\/\/wordpress.nibis.de\/kranich\/files\/2025\/10\/PHOTO-2025-10-08-14-56-26-2-152x270.jpg 152w, https:\/\/wordpress.nibis.de\/kranich\/files\/2025\/10\/PHOTO-2025-10-08-14-56-26-2.jpg 901w\" sizes=\"auto, (max-width: 577px) 100vw, 577px\" \/><\/figure>\n\n\n\n<figure class=\"wp-block-image size-large\"><img loading=\"lazy\" decoding=\"async\" width=\"577\" height=\"1024\" data-id=\"1461\" src=\"https:\/\/wordpress.nibis.de\/kranich\/files\/2025\/10\/PHOTO-2025-10-08-14-56-26-577x1024.jpg\" alt=\"\" class=\"wp-image-1461\" srcset=\"https:\/\/wordpress.nibis.de\/kranich\/files\/2025\/10\/PHOTO-2025-10-08-14-56-26-577x1024.jpg 577w, https:\/\/wordpress.nibis.de\/kranich\/files\/2025\/10\/PHOTO-2025-10-08-14-56-26-169x300.jpg 169w, https:\/\/wordpress.nibis.de\/kranich\/files\/2025\/10\/PHOTO-2025-10-08-14-56-26-768x1364.jpg 768w, https:\/\/wordpress.nibis.de\/kranich\/files\/2025\/10\/PHOTO-2025-10-08-14-56-26-865x1536.jpg 865w, https:\/\/wordpress.nibis.de\/kranich\/files\/2025\/10\/PHOTO-2025-10-08-14-56-26-152x270.jpg 152w, https:\/\/wordpress.nibis.de\/kranich\/files\/2025\/10\/PHOTO-2025-10-08-14-56-26.jpg 901w\" sizes=\"auto, (max-width: 577px) 100vw, 577px\" \/><\/figure>\n\n\n\n<figure class=\"wp-block-image size-large\"><img loading=\"lazy\" decoding=\"async\" width=\"577\" height=\"1024\" data-id=\"1466\" src=\"https:\/\/wordpress.nibis.de\/kranich\/files\/2025\/10\/PHOTO-2025-10-08-14-56-27-2-577x1024.jpg\" alt=\"\" class=\"wp-image-1466\" srcset=\"https:\/\/wordpress.nibis.de\/kranich\/files\/2025\/10\/PHOTO-2025-10-08-14-56-27-2-577x1024.jpg 577w, https:\/\/wordpress.nibis.de\/kranich\/files\/2025\/10\/PHOTO-2025-10-08-14-56-27-2-169x300.jpg 169w, https:\/\/wordpress.nibis.de\/kranich\/files\/2025\/10\/PHOTO-2025-10-08-14-56-27-2-768x1364.jpg 768w, https:\/\/wordpress.nibis.de\/kranich\/files\/2025\/10\/PHOTO-2025-10-08-14-56-27-2-865x1536.jpg 865w, https:\/\/wordpress.nibis.de\/kranich\/files\/2025\/10\/PHOTO-2025-10-08-14-56-27-2-152x270.jpg 152w, https:\/\/wordpress.nibis.de\/kranich\/files\/2025\/10\/PHOTO-2025-10-08-14-56-27-2.jpg 901w\" sizes=\"auto, (max-width: 577px) 100vw, 577px\" \/><\/figure>\n\n\n\n<figure class=\"wp-block-image size-large\"><img loading=\"lazy\" decoding=\"async\" width=\"577\" height=\"1024\" data-id=\"1467\" src=\"https:\/\/wordpress.nibis.de\/kranich\/files\/2025\/10\/PHOTO-2025-10-08-14-56-27-577x1024.jpg\" alt=\"\" class=\"wp-image-1467\" srcset=\"https:\/\/wordpress.nibis.de\/kranich\/files\/2025\/10\/PHOTO-2025-10-08-14-56-27-577x1024.jpg 577w, https:\/\/wordpress.nibis.de\/kranich\/files\/2025\/10\/PHOTO-2025-10-08-14-56-27-169x300.jpg 169w, https:\/\/wordpress.nibis.de\/kranich\/files\/2025\/10\/PHOTO-2025-10-08-14-56-27-768x1364.jpg 768w, https:\/\/wordpress.nibis.de\/kranich\/files\/2025\/10\/PHOTO-2025-10-08-14-56-27-865x1536.jpg 865w, https:\/\/wordpress.nibis.de\/kranich\/files\/2025\/10\/PHOTO-2025-10-08-14-56-27-152x270.jpg 152w, https:\/\/wordpress.nibis.de\/kranich\/files\/2025\/10\/PHOTO-2025-10-08-14-56-27.jpg 901w\" sizes=\"auto, (max-width: 577px) 100vw, 577px\" \/><\/figure>\n\n\n\n<figure class=\"wp-block-image size-large\"><img loading=\"lazy\" decoding=\"async\" width=\"577\" height=\"1024\" data-id=\"1471\" src=\"https:\/\/wordpress.nibis.de\/kranich\/files\/2025\/10\/PHOTO-2025-10-08-14-56-28-2-577x1024.jpg\" alt=\"\" class=\"wp-image-1471\" srcset=\"https:\/\/wordpress.nibis.de\/kranich\/files\/2025\/10\/PHOTO-2025-10-08-14-56-28-2-577x1024.jpg 577w, https:\/\/wordpress.nibis.de\/kranich\/files\/2025\/10\/PHOTO-2025-10-08-14-56-28-2-169x300.jpg 169w, https:\/\/wordpress.nibis.de\/kranich\/files\/2025\/10\/PHOTO-2025-10-08-14-56-28-2-768x1364.jpg 768w, https:\/\/wordpress.nibis.de\/kranich\/files\/2025\/10\/PHOTO-2025-10-08-14-56-28-2-865x1536.jpg 865w, https:\/\/wordpress.nibis.de\/kranich\/files\/2025\/10\/PHOTO-2025-10-08-14-56-28-2-152x270.jpg 152w, https:\/\/wordpress.nibis.de\/kranich\/files\/2025\/10\/PHOTO-2025-10-08-14-56-28-2.jpg 1153w\" sizes=\"auto, (max-width: 577px) 100vw, 577px\" \/><\/figure>\n\n\n\n<figure class=\"wp-block-image size-large\"><img loading=\"lazy\" decoding=\"async\" width=\"1024\" height=\"577\" data-id=\"1468\" src=\"https:\/\/wordpress.nibis.de\/kranich\/files\/2025\/10\/PHOTO-2025-10-08-14-56-28-3-1024x577.jpg\" alt=\"\" class=\"wp-image-1468\" srcset=\"https:\/\/wordpress.nibis.de\/kranich\/files\/2025\/10\/PHOTO-2025-10-08-14-56-28-3-1024x577.jpg 1024w, https:\/\/wordpress.nibis.de\/kranich\/files\/2025\/10\/PHOTO-2025-10-08-14-56-28-3-300x169.jpg 300w, https:\/\/wordpress.nibis.de\/kranich\/files\/2025\/10\/PHOTO-2025-10-08-14-56-28-3-768x432.jpg 768w, https:\/\/wordpress.nibis.de\/kranich\/files\/2025\/10\/PHOTO-2025-10-08-14-56-28-3-1536x865.jpg 1536w, https:\/\/wordpress.nibis.de\/kranich\/files\/2025\/10\/PHOTO-2025-10-08-14-56-28-3-480x270.jpg 480w, https:\/\/wordpress.nibis.de\/kranich\/files\/2025\/10\/PHOTO-2025-10-08-14-56-28-3.jpg 2048w\" sizes=\"auto, (max-width: 1024px) 100vw, 1024px\" \/><\/figure>\n\n\n\n<figure class=\"wp-block-image size-large\"><img loading=\"lazy\" decoding=\"async\" width=\"577\" height=\"1024\" data-id=\"1469\" src=\"https:\/\/wordpress.nibis.de\/kranich\/files\/2025\/10\/PHOTO-2025-10-08-14-56-28-4-577x1024.jpg\" alt=\"\" class=\"wp-image-1469\" srcset=\"https:\/\/wordpress.nibis.de\/kranich\/files\/2025\/10\/PHOTO-2025-10-08-14-56-28-4-577x1024.jpg 577w, https:\/\/wordpress.nibis.de\/kranich\/files\/2025\/10\/PHOTO-2025-10-08-14-56-28-4-169x300.jpg 169w, https:\/\/wordpress.nibis.de\/kranich\/files\/2025\/10\/PHOTO-2025-10-08-14-56-28-4-768x1364.jpg 768w, https:\/\/wordpress.nibis.de\/kranich\/files\/2025\/10\/PHOTO-2025-10-08-14-56-28-4-865x1536.jpg 865w, https:\/\/wordpress.nibis.de\/kranich\/files\/2025\/10\/PHOTO-2025-10-08-14-56-28-4-152x270.jpg 152w, https:\/\/wordpress.nibis.de\/kranich\/files\/2025\/10\/PHOTO-2025-10-08-14-56-28-4.jpg 901w\" sizes=\"auto, (max-width: 577px) 100vw, 577px\" \/><\/figure>\n\n\n\n<figure class=\"wp-block-image size-large\"><img loading=\"lazy\" decoding=\"async\" width=\"577\" height=\"1024\" data-id=\"1470\" src=\"https:\/\/wordpress.nibis.de\/kranich\/files\/2025\/10\/PHOTO-2025-10-08-14-56-28-577x1024.jpg\" alt=\"\" class=\"wp-image-1470\" srcset=\"https:\/\/wordpress.nibis.de\/kranich\/files\/2025\/10\/PHOTO-2025-10-08-14-56-28-577x1024.jpg 577w, https:\/\/wordpress.nibis.de\/kranich\/files\/2025\/10\/PHOTO-2025-10-08-14-56-28-169x300.jpg 169w, https:\/\/wordpress.nibis.de\/kranich\/files\/2025\/10\/PHOTO-2025-10-08-14-56-28-768x1364.jpg 768w, https:\/\/wordpress.nibis.de\/kranich\/files\/2025\/10\/PHOTO-2025-10-08-14-56-28-865x1536.jpg 865w, https:\/\/wordpress.nibis.de\/kranich\/files\/2025\/10\/PHOTO-2025-10-08-14-56-28-152x270.jpg 152w, https:\/\/wordpress.nibis.de\/kranich\/files\/2025\/10\/PHOTO-2025-10-08-14-56-28.jpg 901w\" sizes=\"auto, (max-width: 577px) 100vw, 577px\" \/><\/figure>\n<\/figure>\n","protected":false},"excerpt":{"rendered":"<p>Wir freuen uns sehr, dass unsere Schule Teil der Wissensfabrik &#8211; Unternehmen f\u00fcr Deutschland e.V. ist! In diesem Netzwerk arbeiten Schulen mit engagierten Unternehmen zusammen, um Kinder und Jugendliche f\u00fcr sogenannte MINT-F\u00e4cher &#8211; Mathematik, Informatik, Naturwissenschaften und Technik &#8211; zu begeistern. Unser Bildungspartner ist Bosch Salzgitter, der uns tatkr\u00e4ftig unterst\u00fctzt. Durch diese Partnerschaft erhalten wir kostenfreie Materialien, spannende Lernprojekte und regelm\u00e4\u00dfige Fortbildungen f\u00fcr Lehrkr\u00e4fte. Das Besondere daran: Die Kinder lernen nicht nur theoretisch, sondern erleben Technik und Naturwissenschaften ganz praktisch&#8230;<\/p>\n<p class=\"read-more\"><a class=\"btn btn-default\" href=\"https:\/\/wordpress.nibis.de\/kranich\/die-kranichdammschule-ist-teil-der-wissensfabrik-gemeinsam-fuer-starke-mint-bildung\/\">Weiterlesen<span class=\"screen-reader-text\"> Weiterlesen<\/span><\/a><\/p>\n","protected":false},"author":9193781,"featured_media":0,"parent":0,"menu_order":0,"comment_status":"closed","ping_status":"closed","template":"","meta":{"footnotes":""},"class_list":["post-1459","page","type-page","status-publish","hentry"],"_links":{"self":[{"href":"https:\/\/wordpress.nibis.de\/kranich\/wp-json\/wp\/v2\/pages\/1459","targetHints":{"allow":["GET"]}}],"collection":[{"href":"https:\/\/wordpress.nibis.de\/kranich\/wp-json\/wp\/v2\/pages"}],"about":[{"href":"https:\/\/wordpress.nibis.de\/kranich\/wp-json\/wp\/v2\/types\/page"}],"author":[{"embeddable":true,"href":"https:\/\/wordpress.nibis.de\/kranich\/wp-json\/wp\/v2\/users\/9193781"}],"replies":[{"embeddable":true,"href":"https:\/\/wordpress.nibis.de\/kranich\/wp-json\/wp\/v2\/comments?post=1459"}],"version-history":[{"count":1,"href":"https:\/\/wordpress.nibis.de\/kranich\/wp-json\/wp\/v2\/pages\/1459\/revisions"}],"predecessor-version":[{"id":1472,"href":"https:\/\/wordpress.nibis.de\/kranich\/wp-json\/wp\/v2\/pages\/1459\/revisions\/1472"}],"wp:attachment":[{"href":"https:\/\/wordpress.nibis.de\/kranich\/wp-json\/wp\/v2\/media?parent=1459"}],"curies":[{"name":"wp","href":"https:\/\/api.w.org\/{rel}","templated":true}]}}