{"id":1538,"date":"2025-12-30T14:07:36","date_gmt":"2025-12-30T13:07:36","guid":{"rendered":"https:\/\/wordpress.nibis.de\/kranich\/?page_id=1538"},"modified":"2025-12-30T14:07:36","modified_gmt":"2025-12-30T13:07:36","slug":"weihnachtliche-johanniter-aktion-2025","status":"publish","type":"page","link":"https:\/\/wordpress.nibis.de\/kranich\/weihnachtliche-johanniter-aktion-2025\/","title":{"rendered":"Weihnachtliche Johanniter-Aktion 2025"},"content":{"rendered":"\n<p>Unsere Grundschule hat in diesem Jahr mit viel Herz und Engagement 25 P\u00e4ckchen f\u00fcr die Johanniter-Weihnachtstrucker-Aktion gepackt. Den Ansto\u00df dazu gab die Klasse 4a: Im Fach&nbsp;<em>Werte und Normen<\/em>&nbsp;besch\u00e4ftigten sich die Kinder mit dem Thema Gerechtigkeit und entwickelten daraus die Idee, anderen Menschen eine Freude zu bereiten.<\/p>\n\n\n\n<p>Die feierliche \u00dcbergabe der P\u00e4ckchen fand am vergangenen Freitag w\u00e4hrend unseres stimmungsvollen Adventssingens statt. Gemeinsam haben wir damit ein starkes Zeichen f\u00fcr Solidarit\u00e4t und N\u00e4chstenliebe gesetzt \u2013 ein wunderbares Beispiel daf\u00fcr, wie aus Unterrichtsthemen echte Taten entstehen k\u00f6nnen. Vielen Dank an alle Kinder, Eltern und Lehrkr\u00e4fte, die dieses Projekt unterst\u00fctzt haben.<\/p>\n\n\n\n<figure class=\"wp-block-gallery has-nested-images columns-default is-cropped is-style-tw-img-rounded wp-block-gallery-1 is-layout-flex wp-block-gallery-is-layout-flex\">\n<figure class=\"wp-block-image size-large\"><img loading=\"lazy\" decoding=\"async\" width=\"640\" height=\"480\" data-id=\"1540\" src=\"https:\/\/wordpress.nibis.de\/kranich\/files\/2025\/12\/Pakete-1.jpg\" alt=\"\" class=\"wp-image-1540\" srcset=\"https:\/\/wordpress.nibis.de\/kranich\/files\/2025\/12\/Pakete-1.jpg 640w, https:\/\/wordpress.nibis.de\/kranich\/files\/2025\/12\/Pakete-1-300x225.jpg 300w, https:\/\/wordpress.nibis.de\/kranich\/files\/2025\/12\/Pakete-1-100x75.jpg 100w, https:\/\/wordpress.nibis.de\/kranich\/files\/2025\/12\/Pakete-1-360x270.jpg 360w\" sizes=\"auto, (max-width: 640px) 100vw, 640px\" \/><\/figure>\n<\/figure>\n\n\n\n<figure class=\"wp-block-gallery has-nested-images columns-default is-cropped wp-block-gallery-2 is-layout-flex wp-block-gallery-is-layout-flex\">\n<figure class=\"wp-block-image size-large is-style-tw-rounded-corners\"><img loading=\"lazy\" decoding=\"async\" width=\"640\" height=\"480\" data-id=\"1541\" src=\"https:\/\/wordpress.nibis.de\/kranich\/files\/2025\/12\/Uebergabe.jpg\" alt=\"\" class=\"wp-image-1541\" srcset=\"https:\/\/wordpress.nibis.de\/kranich\/files\/2025\/12\/Uebergabe.jpg 640w, https:\/\/wordpress.nibis.de\/kranich\/files\/2025\/12\/Uebergabe-300x225.jpg 300w, https:\/\/wordpress.nibis.de\/kranich\/files\/2025\/12\/Uebergabe-100x75.jpg 100w, https:\/\/wordpress.nibis.de\/kranich\/files\/2025\/12\/Uebergabe-360x270.jpg 360w\" sizes=\"auto, (max-width: 640px) 100vw, 640px\" \/><\/figure>\n<\/figure>\n\n\n\n<figure class=\"wp-block-gallery has-nested-images columns-default is-cropped wp-block-gallery-3 is-layout-flex wp-block-gallery-is-layout-flex\">\n<figure class=\"wp-block-image size-large is-style-tw-rounded-corners\"><img loading=\"lazy\" decoding=\"async\" width=\"640\" height=\"480\" data-id=\"1542\" src=\"https:\/\/wordpress.nibis.de\/kranich\/files\/2025\/12\/Truck.jpeg\" alt=\"\" class=\"wp-image-1542\" srcset=\"https:\/\/wordpress.nibis.de\/kranich\/files\/2025\/12\/Truck.jpeg 640w, https:\/\/wordpress.nibis.de\/kranich\/files\/2025\/12\/Truck-300x225.jpeg 300w, https:\/\/wordpress.nibis.de\/kranich\/files\/2025\/12\/Truck-100x75.jpeg 100w, https:\/\/wordpress.nibis.de\/kranich\/files\/2025\/12\/Truck-360x270.jpeg 360w\" sizes=\"auto, (max-width: 640px) 100vw, 640px\" \/><\/figure>\n<\/figure>\n","protected":false},"excerpt":{"rendered":"<p>Unsere Grundschule hat in diesem Jahr mit viel Herz und Engagement 25 P\u00e4ckchen f\u00fcr die Johanniter-Weihnachtstrucker-Aktion gepackt. Den Ansto\u00df dazu gab die Klasse 4a: Im Fach&nbsp;Werte und Normen&nbsp;besch\u00e4ftigten sich die Kinder mit dem Thema Gerechtigkeit und entwickelten daraus die Idee, anderen Menschen eine Freude zu bereiten. Die feierliche \u00dcbergabe der P\u00e4ckchen fand am vergangenen Freitag w\u00e4hrend unseres stimmungsvollen Adventssingens statt. Gemeinsam haben wir damit ein starkes Zeichen f\u00fcr Solidarit\u00e4t und N\u00e4chstenliebe gesetzt \u2013 ein wunderbares Beispiel daf\u00fcr, wie aus Unterrichtsthemen&#8230;<\/p>\n<p class=\"read-more\"><a class=\"btn btn-default\" href=\"https:\/\/wordpress.nibis.de\/kranich\/weihnachtliche-johanniter-aktion-2025\/\">Weiterlesen<span class=\"screen-reader-text\"> Weiterlesen<\/span><\/a><\/p>\n","protected":false},"author":9193781,"featured_media":0,"parent":0,"menu_order":0,"comment_status":"closed","ping_status":"closed","template":"","meta":{"footnotes":""},"class_list":["post-1538","page","type-page","status-publish","hentry"],"_links":{"self":[{"href":"https:\/\/wordpress.nibis.de\/kranich\/wp-json\/wp\/v2\/pages\/1538","targetHints":{"allow":["GET"]}}],"collection":[{"href":"https:\/\/wordpress.nibis.de\/kranich\/wp-json\/wp\/v2\/pages"}],"about":[{"href":"https:\/\/wordpress.nibis.de\/kranich\/wp-json\/wp\/v2\/types\/page"}],"author":[{"embeddable":true,"href":"https:\/\/wordpress.nibis.de\/kranich\/wp-json\/wp\/v2\/users\/9193781"}],"replies":[{"embeddable":true,"href":"https:\/\/wordpress.nibis.de\/kranich\/wp-json\/wp\/v2\/comments?post=1538"}],"version-history":[{"count":1,"href":"https:\/\/wordpress.nibis.de\/kranich\/wp-json\/wp\/v2\/pages\/1538\/revisions"}],"predecessor-version":[{"id":1543,"href":"https:\/\/wordpress.nibis.de\/kranich\/wp-json\/wp\/v2\/pages\/1538\/revisions\/1543"}],"wp:attachment":[{"href":"https:\/\/wordpress.nibis.de\/kranich\/wp-json\/wp\/v2\/media?parent=1538"}],"curies":[{"name":"wp","href":"https:\/\/api.w.org\/{rel}","templated":true}]}}