{"id":1546,"date":"2025-12-30T14:10:42","date_gmt":"2025-12-30T13:10:42","guid":{"rendered":"https:\/\/wordpress.nibis.de\/kranich\/?page_id=1546"},"modified":"2025-12-30T14:10:42","modified_gmt":"2025-12-30T13:10:42","slug":"unsere-integrationslotsin","status":"publish","type":"page","link":"https:\/\/wordpress.nibis.de\/kranich\/unsere-integrationslotsin\/","title":{"rendered":"Unsere Integrationslotsin"},"content":{"rendered":"\n<p>Unsere Integrationslotsin,&nbsp;Frau Bissan Amayri,<strong>&nbsp;<\/strong>unterst\u00fctzt Familien mit Zuwanderungsgeschichte beim Ankommen und Einleben in unserer Schulgemeinschaft. Sie spricht arabisch und hilft bei Fragen rund um Schule, Kommunikation und Alltag und ist eine wichtige Br\u00fccke zwischen Eltern, Lehrkr\u00e4ften und Sch\u00fclern.<\/p>\n\n\n\n<p><strong>Kontakt:<\/strong><br>\ud83d\udce7&nbsp;E-Mail: &#x62;&#x69;&#x73;&#115;&#97;&#110;&#46;a&#x6d;&#x61;&#x79;&#x72;&#105;&#64;kd&#x2d;&#x73;&#x63;&#x68;&#117;&#108;e&#46;&#x64;&#x65;<br>\ud83d\udccd&nbsp;Sprechzeiten: mittwochs, 9:00\u201311:00 Uhr, Sekretariat<\/p>\n\n\n\n<p>Frau Amayri freut sich auf den Austausch und steht Ihnen gerne mit Rat und Tat zur Seite.<\/p>\n","protected":false},"excerpt":{"rendered":"<p>Unsere Integrationslotsin,&nbsp;Frau Bissan Amayri,&nbsp;unterst\u00fctzt Familien mit Zuwanderungsgeschichte beim Ankommen und Einleben in unserer Schulgemeinschaft. Sie spricht arabisch und hilft bei Fragen rund um Schule, Kommunikation und Alltag und ist eine wichtige Br\u00fccke zwischen Eltern, Lehrkr\u00e4ften und Sch\u00fclern. Kontakt:\ud83d\udce7&nbsp;E-Mail: &#98;&#x69;&#115;&#x73;a&#x6e;&#46;&#97;&#x6d;&#97;&#x79;r&#x69;&#64;&#107;&#x64;&#45;&#x73;c&#x68;u&#108;&#x65;&#46;&#x64;e\ud83d\udccd&nbsp;Sprechzeiten: mittwochs, 9:00\u201311:00 Uhr, Sekretariat Frau Amayri freut sich auf den Austausch und steht Ihnen gerne mit Rat und Tat zur Seite.<\/p>\n","protected":false},"author":9193781,"featured_media":0,"parent":0,"menu_order":0,"comment_status":"closed","ping_status":"closed","template":"","meta":{"footnotes":""},"class_list":["post-1546","page","type-page","status-publish","hentry"],"_links":{"self":[{"href":"https:\/\/wordpress.nibis.de\/kranich\/wp-json\/wp\/v2\/pages\/1546","targetHints":{"allow":["GET"]}}],"collection":[{"href":"https:\/\/wordpress.nibis.de\/kranich\/wp-json\/wp\/v2\/pages"}],"about":[{"href":"https:\/\/wordpress.nibis.de\/kranich\/wp-json\/wp\/v2\/types\/page"}],"author":[{"embeddable":true,"href":"https:\/\/wordpress.nibis.de\/kranich\/wp-json\/wp\/v2\/users\/9193781"}],"replies":[{"embeddable":true,"href":"https:\/\/wordpress.nibis.de\/kranich\/wp-json\/wp\/v2\/comments?post=1546"}],"version-history":[{"count":1,"href":"https:\/\/wordpress.nibis.de\/kranich\/wp-json\/wp\/v2\/pages\/1546\/revisions"}],"predecessor-version":[{"id":1547,"href":"https:\/\/wordpress.nibis.de\/kranich\/wp-json\/wp\/v2\/pages\/1546\/revisions\/1547"}],"wp:attachment":[{"href":"https:\/\/wordpress.nibis.de\/kranich\/wp-json\/wp\/v2\/media?parent=1546"}],"curies":[{"name":"wp","href":"https:\/\/api.w.org\/{rel}","templated":true}]}}