{"id":1623,"date":"2026-03-02T16:31:16","date_gmt":"2026-03-02T15:31:16","guid":{"rendered":"https:\/\/wordpress.nibis.de\/kranich\/?page_id=1623"},"modified":"2026-03-02T16:31:16","modified_gmt":"2026-03-02T15:31:16","slug":"mit-teamgeist-und-spass-beim-schulhockeyturnier","status":"publish","type":"page","link":"https:\/\/wordpress.nibis.de\/kranich\/mit-teamgeist-und-spass-beim-schulhockeyturnier\/","title":{"rendered":"Mit Teamgeist und Spa\u00df beim Schulhockeyturnier!\u00a0"},"content":{"rendered":"\n<p>Am 25. Februar 2026 hat die Klasse 4e unsere Schule bei den Braunschweiger Schulmeisterschaften, dem Werner-Beese-Cup, im Hallenhockey vertreten. Die Mannschaft trat bei den Jungen ohne Vereinsspieler an, hat sich wacker geschlagen und in vielen spannenden Spielen gro\u00dfen Einsatz gezeigt. Auch wenn einige Partien nur knapp verloren gingen und wir am Ende den letzten Platz belegten, stand der Spa\u00df am Spiel und das gemeinsame Erlebnis im Vordergrund.<\/p>\n\n\n\n<p>F\u00fcr unsere Schule war es das erste Hockeyturnier seit vielen Jahren. Hallen- und Feldhockey wird in Salzgitter im Verein nicht angeboten und da wir nur im Rahmen des Sportunterrichts trainieren konnten, blieb leider nicht viel Zeit zur Vorbereitung. Umso stolzer sind wir auf die Leistung der Kinder!<\/p>\n\n\n\n<p>&#8230;und ein bisschen Kultur (Rizzi-Haus) musste vorher nat\u00fcrlich auch sein&#8230;<\/p>\n\n\n\n<p>Ein herzliches Dankesch\u00f6n geht an alle Eltern, die uns begleitet und tatkr\u00e4ftig unterst\u00fctzt haben.<\/p>\n\n\n\n<figure class=\"wp-block-gallery has-nested-images columns-default is-cropped wp-block-gallery-1 is-layout-flex wp-block-gallery-is-layout-flex\">\n<figure class=\"wp-block-image size-large is-style-tw-rounded-corners\"><img loading=\"lazy\" decoding=\"async\" width=\"640\" height=\"296\" data-id=\"1624\" src=\"https:\/\/wordpress.nibis.de\/kranich\/files\/2026\/03\/20260225_112251.jpg\" alt=\"\" class=\"wp-image-1624\" srcset=\"https:\/\/wordpress.nibis.de\/kranich\/files\/2026\/03\/20260225_112251.jpg 640w, https:\/\/wordpress.nibis.de\/kranich\/files\/2026\/03\/20260225_112251-300x139.jpg 300w, https:\/\/wordpress.nibis.de\/kranich\/files\/2026\/03\/20260225_112251-100x46.jpg 100w, https:\/\/wordpress.nibis.de\/kranich\/files\/2026\/03\/20260225_112251-584x270.jpg 584w\" sizes=\"auto, (max-width: 640px) 100vw, 640px\" \/><\/figure>\n\n\n\n<figure class=\"wp-block-image size-large is-style-tw-rounded-corners\"><img loading=\"lazy\" decoding=\"async\" width=\"640\" height=\"497\" data-id=\"1627\" src=\"https:\/\/wordpress.nibis.de\/kranich\/files\/2026\/03\/20260225_112538.jpg\" alt=\"\" class=\"wp-image-1627\" srcset=\"https:\/\/wordpress.nibis.de\/kranich\/files\/2026\/03\/20260225_112538.jpg 640w, https:\/\/wordpress.nibis.de\/kranich\/files\/2026\/03\/20260225_112538-300x233.jpg 300w, https:\/\/wordpress.nibis.de\/kranich\/files\/2026\/03\/20260225_112538-100x78.jpg 100w, https:\/\/wordpress.nibis.de\/kranich\/files\/2026\/03\/20260225_112538-348x270.jpg 348w\" sizes=\"auto, (max-width: 640px) 100vw, 640px\" \/><\/figure>\n\n\n\n<figure class=\"wp-block-image size-large is-style-tw-rounded-corners\"><img loading=\"lazy\" decoding=\"async\" width=\"640\" height=\"296\" data-id=\"1626\" src=\"https:\/\/wordpress.nibis.de\/kranich\/files\/2026\/03\/20260225_112759.jpg\" alt=\"\" class=\"wp-image-1626\" srcset=\"https:\/\/wordpress.nibis.de\/kranich\/files\/2026\/03\/20260225_112759.jpg 640w, https:\/\/wordpress.nibis.de\/kranich\/files\/2026\/03\/20260225_112759-300x139.jpg 300w, https:\/\/wordpress.nibis.de\/kranich\/files\/2026\/03\/20260225_112759-100x46.jpg 100w, https:\/\/wordpress.nibis.de\/kranich\/files\/2026\/03\/20260225_112759-584x270.jpg 584w\" sizes=\"auto, (max-width: 640px) 100vw, 640px\" \/><\/figure>\n\n\n\n<figure class=\"wp-block-image size-large is-style-tw-rounded-corners\"><img loading=\"lazy\" decoding=\"async\" width=\"640\" height=\"492\" data-id=\"1625\" src=\"https:\/\/wordpress.nibis.de\/kranich\/files\/2026\/03\/20260225_121909.jpg\" alt=\"\" class=\"wp-image-1625\" srcset=\"https:\/\/wordpress.nibis.de\/kranich\/files\/2026\/03\/20260225_121909.jpg 640w, https:\/\/wordpress.nibis.de\/kranich\/files\/2026\/03\/20260225_121909-300x231.jpg 300w, https:\/\/wordpress.nibis.de\/kranich\/files\/2026\/03\/20260225_121909-100x77.jpg 100w, https:\/\/wordpress.nibis.de\/kranich\/files\/2026\/03\/20260225_121909-351x270.jpg 351w\" sizes=\"auto, (max-width: 640px) 100vw, 640px\" \/><\/figure>\n\n\n\n<figure class=\"wp-block-image size-large is-style-tw-rounded-corners\"><img loading=\"lazy\" decoding=\"async\" width=\"640\" height=\"296\" data-id=\"1629\" src=\"https:\/\/wordpress.nibis.de\/kranich\/files\/2026\/03\/20260225_132039.jpg\" alt=\"\" class=\"wp-image-1629\" srcset=\"https:\/\/wordpress.nibis.de\/kranich\/files\/2026\/03\/20260225_132039.jpg 640w, https:\/\/wordpress.nibis.de\/kranich\/files\/2026\/03\/20260225_132039-300x139.jpg 300w, https:\/\/wordpress.nibis.de\/kranich\/files\/2026\/03\/20260225_132039-100x46.jpg 100w, https:\/\/wordpress.nibis.de\/kranich\/files\/2026\/03\/20260225_132039-584x270.jpg 584w\" sizes=\"auto, (max-width: 640px) 100vw, 640px\" \/><\/figure>\n\n\n\n<figure class=\"wp-block-image size-large is-style-tw-rounded-corners\"><img loading=\"lazy\" decoding=\"async\" width=\"640\" height=\"392\" data-id=\"1628\" src=\"https:\/\/wordpress.nibis.de\/kranich\/files\/2026\/03\/20260225_124129.jpg\" alt=\"\" class=\"wp-image-1628\" srcset=\"https:\/\/wordpress.nibis.de\/kranich\/files\/2026\/03\/20260225_124129.jpg 640w, https:\/\/wordpress.nibis.de\/kranich\/files\/2026\/03\/20260225_124129-300x184.jpg 300w, https:\/\/wordpress.nibis.de\/kranich\/files\/2026\/03\/20260225_124129-100x61.jpg 100w, https:\/\/wordpress.nibis.de\/kranich\/files\/2026\/03\/20260225_124129-441x270.jpg 441w\" sizes=\"auto, (max-width: 640px) 100vw, 640px\" \/><\/figure>\n<\/figure>\n","protected":false},"excerpt":{"rendered":"<p>Am 25. Februar 2026 hat die Klasse 4e unsere Schule bei den Braunschweiger Schulmeisterschaften, dem Werner-Beese-Cup, im Hallenhockey vertreten. Die Mannschaft trat bei den Jungen ohne Vereinsspieler an, hat sich wacker geschlagen und in vielen spannenden Spielen gro\u00dfen Einsatz gezeigt. Auch wenn einige Partien nur knapp verloren gingen und wir am Ende den letzten Platz belegten, stand der Spa\u00df am Spiel und das gemeinsame Erlebnis im Vordergrund. F\u00fcr unsere Schule war es das erste Hockeyturnier seit vielen Jahren. Hallen- und&#8230;<\/p>\n<p class=\"read-more\"><a class=\"btn btn-default\" href=\"https:\/\/wordpress.nibis.de\/kranich\/mit-teamgeist-und-spass-beim-schulhockeyturnier\/\">Weiterlesen<span class=\"screen-reader-text\"> Weiterlesen<\/span><\/a><\/p>\n","protected":false},"author":9193781,"featured_media":0,"parent":0,"menu_order":0,"comment_status":"closed","ping_status":"closed","template":"","meta":{"footnotes":""},"class_list":["post-1623","page","type-page","status-publish","hentry"],"_links":{"self":[{"href":"https:\/\/wordpress.nibis.de\/kranich\/wp-json\/wp\/v2\/pages\/1623","targetHints":{"allow":["GET"]}}],"collection":[{"href":"https:\/\/wordpress.nibis.de\/kranich\/wp-json\/wp\/v2\/pages"}],"about":[{"href":"https:\/\/wordpress.nibis.de\/kranich\/wp-json\/wp\/v2\/types\/page"}],"author":[{"embeddable":true,"href":"https:\/\/wordpress.nibis.de\/kranich\/wp-json\/wp\/v2\/users\/9193781"}],"replies":[{"embeddable":true,"href":"https:\/\/wordpress.nibis.de\/kranich\/wp-json\/wp\/v2\/comments?post=1623"}],"version-history":[{"count":1,"href":"https:\/\/wordpress.nibis.de\/kranich\/wp-json\/wp\/v2\/pages\/1623\/revisions"}],"predecessor-version":[{"id":1630,"href":"https:\/\/wordpress.nibis.de\/kranich\/wp-json\/wp\/v2\/pages\/1623\/revisions\/1630"}],"wp:attachment":[{"href":"https:\/\/wordpress.nibis.de\/kranich\/wp-json\/wp\/v2\/media?parent=1623"}],"curies":[{"name":"wp","href":"https:\/\/api.w.org\/{rel}","templated":true}]}}