{"id":1667,"date":"2026-04-19T20:17:56","date_gmt":"2026-04-19T18:17:56","guid":{"rendered":"https:\/\/wordpress.nibis.de\/kranich\/?page_id=1667"},"modified":"2026-04-19T20:17:56","modified_gmt":"2026-04-19T18:17:56","slug":"viel-bewegung-beim-sponsorenlauf-der-4-klassen","status":"publish","type":"page","link":"https:\/\/wordpress.nibis.de\/kranich\/viel-bewegung-beim-sponsorenlauf-der-4-klassen\/","title":{"rendered":"Viel Bewegung beim Sponsorenlauf der 4. Klassen"},"content":{"rendered":"\n<p><br>Am 16. und 17. M\u00e4rz hie\u00df es f\u00fcr alle vierten Klassen: Laufschuhe an und los!<\/p>\n\n\n\n<p>In unserer Sporthalle meisterten die meisten Kinder voller Energie das 60\u2011min\u00fctige Laufabzeichen im Rahmen eines Sponsorenlaufes.<\/p>\n\n\n\n<p>Fr\u00f6hliche Laufmusik sorgte f\u00fcr gute Stimmung und eine gro\u00dfe Uhr zeigte die verbleibende Zeit an.<\/p>\n\n\n\n<p>Mit viel Ausdauer, Spa\u00df und Teamgeist erlaufen die Kinder gemeinsam fantastische 936,21 Euro, welche f\u00fcr die Laufabzeichen und f\u00fcr Materialien f\u00fcr den Sportunterricht verwendet werden. Eine tolle Leistung \u2013 wir sind begeistert!\u00a0<\/p>\n\n\n\n<figure class=\"wp-block-gallery has-nested-images columns-default is-cropped wp-block-gallery-1 is-layout-flex wp-block-gallery-is-layout-flex\">\n<figure class=\"wp-block-image size-large\"><img loading=\"lazy\" decoding=\"async\" width=\"410\" height=\"640\" data-id=\"1668\" src=\"https:\/\/wordpress.nibis.de\/kranich\/files\/2026\/04\/IMG_6615.jpg\" alt=\"\" class=\"wp-image-1668\" srcset=\"https:\/\/wordpress.nibis.de\/kranich\/files\/2026\/04\/IMG_6615.jpg 410w, https:\/\/wordpress.nibis.de\/kranich\/files\/2026\/04\/IMG_6615-192x300.jpg 192w, https:\/\/wordpress.nibis.de\/kranich\/files\/2026\/04\/IMG_6615-100x156.jpg 100w, https:\/\/wordpress.nibis.de\/kranich\/files\/2026\/04\/IMG_6615-173x270.jpg 173w\" sizes=\"auto, (max-width: 410px) 100vw, 410px\" \/><\/figure>\n\n\n\n<figure class=\"wp-block-image size-large\"><img loading=\"lazy\" decoding=\"async\" width=\"1015\" height=\"1024\" data-id=\"1669\" src=\"https:\/\/wordpress.nibis.de\/kranich\/files\/2026\/04\/IMG_6617-1015x1024.jpg\" alt=\"\" class=\"wp-image-1669\" srcset=\"https:\/\/wordpress.nibis.de\/kranich\/files\/2026\/04\/IMG_6617-1015x1024.jpg 1015w, https:\/\/wordpress.nibis.de\/kranich\/files\/2026\/04\/IMG_6617-297x300.jpg 297w, https:\/\/wordpress.nibis.de\/kranich\/files\/2026\/04\/IMG_6617-150x150.jpg 150w, https:\/\/wordpress.nibis.de\/kranich\/files\/2026\/04\/IMG_6617-768x775.jpg 768w, https:\/\/wordpress.nibis.de\/kranich\/files\/2026\/04\/IMG_6617-100x101.jpg 100w, https:\/\/wordpress.nibis.de\/kranich\/files\/2026\/04\/IMG_6617-1522x1536.jpg 1522w, https:\/\/wordpress.nibis.de\/kranich\/files\/2026\/04\/IMG_6617-2029x2048.jpg 2029w, https:\/\/wordpress.nibis.de\/kranich\/files\/2026\/04\/IMG_6617-267x270.jpg 267w\" sizes=\"auto, (max-width: 1015px) 100vw, 1015px\" \/><\/figure>\n\n\n\n<figure class=\"wp-block-image size-large\"><img loading=\"lazy\" decoding=\"async\" width=\"1024\" height=\"910\" data-id=\"1670\" src=\"https:\/\/wordpress.nibis.de\/kranich\/files\/2026\/04\/IMG_6621-1024x910.jpg\" alt=\"\" class=\"wp-image-1670\" srcset=\"https:\/\/wordpress.nibis.de\/kranich\/files\/2026\/04\/IMG_6621-1024x910.jpg 1024w, https:\/\/wordpress.nibis.de\/kranich\/files\/2026\/04\/IMG_6621-300x267.jpg 300w, https:\/\/wordpress.nibis.de\/kranich\/files\/2026\/04\/IMG_6621-768x683.jpg 768w, https:\/\/wordpress.nibis.de\/kranich\/files\/2026\/04\/IMG_6621-100x89.jpg 100w, https:\/\/wordpress.nibis.de\/kranich\/files\/2026\/04\/IMG_6621-1536x1366.jpg 1536w, https:\/\/wordpress.nibis.de\/kranich\/files\/2026\/04\/IMG_6621-2048x1821.jpg 2048w, https:\/\/wordpress.nibis.de\/kranich\/files\/2026\/04\/IMG_6621-304x270.jpg 304w\" sizes=\"auto, (max-width: 1024px) 100vw, 1024px\" \/><\/figure>\n\n\n\n<figure class=\"wp-block-image size-large\"><img loading=\"lazy\" decoding=\"async\" width=\"1024\" height=\"768\" data-id=\"1671\" src=\"https:\/\/wordpress.nibis.de\/kranich\/files\/2026\/04\/IMG_6625-1024x768.jpg\" alt=\"\" class=\"wp-image-1671\" srcset=\"https:\/\/wordpress.nibis.de\/kranich\/files\/2026\/04\/IMG_6625-1024x768.jpg 1024w, https:\/\/wordpress.nibis.de\/kranich\/files\/2026\/04\/IMG_6625-300x225.jpg 300w, https:\/\/wordpress.nibis.de\/kranich\/files\/2026\/04\/IMG_6625-768x576.jpg 768w, https:\/\/wordpress.nibis.de\/kranich\/files\/2026\/04\/IMG_6625-100x75.jpg 100w, https:\/\/wordpress.nibis.de\/kranich\/files\/2026\/04\/IMG_6625-1536x1152.jpg 1536w, https:\/\/wordpress.nibis.de\/kranich\/files\/2026\/04\/IMG_6625-2048x1536.jpg 2048w, https:\/\/wordpress.nibis.de\/kranich\/files\/2026\/04\/IMG_6625-360x270.jpg 360w\" sizes=\"auto, (max-width: 1024px) 100vw, 1024px\" \/><\/figure>\n<\/figure>\n","protected":false},"excerpt":{"rendered":"<p>Am 16. und 17. M\u00e4rz hie\u00df es f\u00fcr alle vierten Klassen: Laufschuhe an und los! In unserer Sporthalle meisterten die meisten Kinder voller Energie das 60\u2011min\u00fctige Laufabzeichen im Rahmen eines Sponsorenlaufes. Fr\u00f6hliche Laufmusik sorgte f\u00fcr gute Stimmung und eine gro\u00dfe Uhr zeigte die verbleibende Zeit an. Mit viel Ausdauer, Spa\u00df und Teamgeist erlaufen die Kinder gemeinsam fantastische 936,21 Euro, welche f\u00fcr die Laufabzeichen und f\u00fcr Materialien f\u00fcr den Sportunterricht verwendet werden. Eine tolle Leistung \u2013 wir sind begeistert!\u00a0<\/p>\n","protected":false},"author":9193781,"featured_media":0,"parent":0,"menu_order":0,"comment_status":"closed","ping_status":"closed","template":"","meta":{"footnotes":""},"class_list":["post-1667","page","type-page","status-publish","hentry"],"_links":{"self":[{"href":"https:\/\/wordpress.nibis.de\/kranich\/wp-json\/wp\/v2\/pages\/1667","targetHints":{"allow":["GET"]}}],"collection":[{"href":"https:\/\/wordpress.nibis.de\/kranich\/wp-json\/wp\/v2\/pages"}],"about":[{"href":"https:\/\/wordpress.nibis.de\/kranich\/wp-json\/wp\/v2\/types\/page"}],"author":[{"embeddable":true,"href":"https:\/\/wordpress.nibis.de\/kranich\/wp-json\/wp\/v2\/users\/9193781"}],"replies":[{"embeddable":true,"href":"https:\/\/wordpress.nibis.de\/kranich\/wp-json\/wp\/v2\/comments?post=1667"}],"version-history":[{"count":1,"href":"https:\/\/wordpress.nibis.de\/kranich\/wp-json\/wp\/v2\/pages\/1667\/revisions"}],"predecessor-version":[{"id":1673,"href":"https:\/\/wordpress.nibis.de\/kranich\/wp-json\/wp\/v2\/pages\/1667\/revisions\/1673"}],"wp:attachment":[{"href":"https:\/\/wordpress.nibis.de\/kranich\/wp-json\/wp\/v2\/media?parent=1667"}],"curies":[{"name":"wp","href":"https:\/\/api.w.org\/{rel}","templated":true}]}}