{"id":200,"date":"2022-01-04T16:32:27","date_gmt":"2022-01-04T15:32:27","guid":{"rendered":"https:\/\/wordpress.nibis.de\/kranich\/?page_id=200"},"modified":"2022-01-26T15:05:24","modified_gmt":"2022-01-26T14:05:24","slug":"elternarbeit","status":"publish","type":"page","link":"https:\/\/wordpress.nibis.de\/kranich\/elternarbeit\/","title":{"rendered":"Elternarbeit"},"content":{"rendered":"\n<p>Mit Beginn jeden Schuljahres werden am ersten Elternabend der 1. bzw. 3. Klassen die Elternvertreter gew\u00e4hlt. Die Elternvertreter (Vorsitzende\/r und Stellvertreter\/in) und die Vertreter und Stellvertreter f\u00fcr die Zeugniskonferenzen werden f\u00fcr je 2 Jahre gew\u00e4hlt.<\/p>\n\n\n\n<p><strong>Was erwartet mich als Elternvertreter?<\/strong><\/p>\n\n\n\n<ul class=\"wp-block-list\"><li>Die Eltern Ihrer Klasse erwarten, dass Sie Ihre Interessen und die der Kinder vertreten.<\/li><\/ul>\n\n\n\n<ul class=\"wp-block-list\"><li>Die Schulleitung und die Lehrkr\u00e4fte sehen in Ihnen einen Ansprechpartner, wenn es allgemeine Probleme in der Klasse gibt.<\/li><\/ul>\n\n\n\n<ul class=\"wp-block-list\"><li>Sie sind die Schnittstelle zwischen Lehrerschaft und Eltern.<\/li><\/ul>\n\n\n\n<ul class=\"wp-block-list\"><li>Sie laden die Eltern Ihrer Klasse zu mindestens zwei Elternabenden pro Schuljahr ein und leiten die Versammlung. Die Termine werden mit der Lehrkraft abgestimmt.<\/li><\/ul>\n\n\n\n<p>Der Vorsitz in der Klasse bedeutet nicht, dass Sie jetzt alles in der Klasse und f\u00fcr die Klasse machen m\u00fcssen! Einige Aufgaben werden Sie sicherlich \u00fcbernehmen, um mit gutem Beispiel voranzugehen, aber scheuen Sie sich auch nicht davor, andere Eltern direkt anzusprechen, damit diese Sie unterst\u00fctzen. <\/p>\n\n\n\n<p><\/p>\n\n\n\n<p><strong>Schulelternrat<\/strong><\/p>\n\n\n\n<p>Der Schulelternrat ist das oberste Gremium der Elternmitwirkung an der Kranichdammschule. Er besteht aus je einem Vertreter der einzelnen Elternvertreter.<\/p>\n\n\n\n<p>Die \u00fcbrigen Elternvertreter sind aber auch eingeladen, nehmen aber ohne Stimmrecht an den Sitzungen des Schulelternrats teil.<\/p>\n\n\n\n<p>Der Schulelternrat trifft sich zweimal pro Halbjahr.<\/p>\n\n\n\n<p><\/p>\n\n\n\n<p>Der Schulelternrat w\u00e4hlt aus seiner Mitte einen Vorstand, der aus einem\/einer Vorsitzenden und einem\/ einer Stellvertreter\/ in besteht. Die Sitzungen des Schulelternrats werden von dem Vorsitzenden des Vorstands einberufen und geleitet. Er bereitet die Tagesordnung vor.<\/p>\n\n\n\n<p>Der Schulelternrat wird von der Schulleitung \u00fcber alle &#8222;grunds\u00e4tzlichen, die Schule gemeinsam interessierenden Fragen&#8220; informiert. Hierzu steht der Vorstand des Schulelternrats mit der Schulleitung au\u00dferhalb der Sitzungen in Regelm\u00e4\u00dfigem Kontakt. Er berichtet hier\u00fcber in den Sitzungen des Schulelternrats. In der Regel nimmt die Schulleitung an den Sitzungen des Schulelternrats teil, um eine effektive Information der versammelten Elternvertreter zu erm\u00f6glichen. Alle Sitzungen des Schulelternrats sind \u00f6ffentlich.<\/p>\n","protected":false},"excerpt":{"rendered":"<p>Mit Beginn jeden Schuljahres werden am ersten Elternabend der 1. bzw. 3. Klassen die Elternvertreter gew\u00e4hlt. Die Elternvertreter (Vorsitzende\/r und Stellvertreter\/in) und die Vertreter und Stellvertreter f\u00fcr die Zeugniskonferenzen werden f\u00fcr je 2 Jahre gew\u00e4hlt. Was erwartet mich als Elternvertreter? Die Eltern Ihrer Klasse erwarten, dass Sie Ihre Interessen und die der Kinder vertreten. Die Schulleitung und die Lehrkr\u00e4fte sehen in Ihnen einen Ansprechpartner, wenn es allgemeine Probleme in der Klasse gibt. Sie sind die Schnittstelle zwischen Lehrerschaft und Eltern&#8230;.<\/p>\n<p class=\"read-more\"><a class=\"btn btn-default\" href=\"https:\/\/wordpress.nibis.de\/kranich\/elternarbeit\/\">Weiterlesen<span class=\"screen-reader-text\"> Weiterlesen<\/span><\/a><\/p>\n","protected":false},"author":9193781,"featured_media":0,"parent":0,"menu_order":0,"comment_status":"closed","ping_status":"closed","template":"","meta":{"footnotes":""},"class_list":["post-200","page","type-page","status-publish","hentry"],"_links":{"self":[{"href":"https:\/\/wordpress.nibis.de\/kranich\/wp-json\/wp\/v2\/pages\/200","targetHints":{"allow":["GET"]}}],"collection":[{"href":"https:\/\/wordpress.nibis.de\/kranich\/wp-json\/wp\/v2\/pages"}],"about":[{"href":"https:\/\/wordpress.nibis.de\/kranich\/wp-json\/wp\/v2\/types\/page"}],"author":[{"embeddable":true,"href":"https:\/\/wordpress.nibis.de\/kranich\/wp-json\/wp\/v2\/users\/9193781"}],"replies":[{"embeddable":true,"href":"https:\/\/wordpress.nibis.de\/kranich\/wp-json\/wp\/v2\/comments?post=200"}],"version-history":[{"count":1,"href":"https:\/\/wordpress.nibis.de\/kranich\/wp-json\/wp\/v2\/pages\/200\/revisions"}],"predecessor-version":[{"id":201,"href":"https:\/\/wordpress.nibis.de\/kranich\/wp-json\/wp\/v2\/pages\/200\/revisions\/201"}],"wp:attachment":[{"href":"https:\/\/wordpress.nibis.de\/kranich\/wp-json\/wp\/v2\/media?parent=200"}],"curies":[{"name":"wp","href":"https:\/\/api.w.org\/{rel}","templated":true}]}}