{"id":202,"date":"2022-01-04T16:33:29","date_gmt":"2022-01-04T15:33:29","guid":{"rendered":"https:\/\/wordpress.nibis.de\/kranich\/?page_id=202"},"modified":"2023-11-03T17:15:11","modified_gmt":"2023-11-03T16:15:11","slug":"foerderverein","status":"publish","type":"page","link":"https:\/\/wordpress.nibis.de\/kranich\/foerderverein\/","title":{"rendered":"Schulverein Kranichdammschule e.V."},"content":{"rendered":"\n<p>Email: <a href=\"&#109;&#x61;&#105;&#x6c;t&#x6f;:&#115;&#x63;&#104;&#x75;l&#x76;e&#114;&#x65;&#105;&#x6e;&#64;&#x6b;d&#45;&#x73;&#99;&#x68;u&#x6c;e&#46;&#x64;&#101;\" data-type=\"mailto\" data-id=\"m&#97;&#105;&#x6c;&#x74;o:&#115;&#99;&#x68;&#x75;lv&#101;&#114;&#x65;&#x69;n&#64;&#107;&#x64;&#x2d;&#x73;c&#104;&#117;&#x6c;&#x65;&#x2e;d&#101;\" target=\"_blank\" rel=\"noreferrer noopener\">&#115;&#99;&#x68;u&#108;&#x76;&#x65;r&#101;&#x69;&#x6e;&#64;&#107;&#x64;-&#115;&#x63;&#x68;u&#108;&#x65;&#x2e;d&#101;<\/a><\/p>\n\n\n\n<p><strong>Liebe Eltern,<\/strong><\/p>\n\n\n\n<p>wir m\u00f6chten Ihnen unseren Schulverein ans Herz legen und w\u00fcrden uns sehr freuen, wenn Sie Mitglied werden! Mit unserem F\u00f6rderverein k\u00f6nnen wir viele Projekte an der Schule realisieren, f\u00fcr die es sonst keine finanziellen Spielr\u00e4ume g\u00e4be.  Darum werden Sie im Interesse Ihrer Kinder Mitglied und UNTERST\u00dcTZEN SIE UNSERE ARBEIT!<\/p>\n\n\n\n<p>Den Betrag k\u00f6nnen Sie im Rahmen Ihrer finanziellen M\u00f6glichkeiten selbst bestimmen. Auch mit dem <strong>kleinsten Jahresbeitrag von 7 Euro<\/strong> k\u00f6nnen wir schon viel bewegen.<\/p>\n\n\n\n<p>Ihre Mitgliedschaft endet automatisch, wenn Ihr Kind die Schule verl\u00e4sst!<\/p>\n\n\n\n<p>Der Schulverein der Kranichdammschule e.V. ist ein F\u00f6rderverein, der die Schule bei verschiedenen Aktivit\u00e4ten unterst\u00fctzt und ausschlie\u00dflich den Kindern unserer Schule zu Gute kommt.<\/p>\n\n\n\n<p>Durch Ihren Beitrag k\u00f6nnen Lehrmittel und Spielzeug angeschafft und Projektwochen und Klassenfahrten bezuschusst werden.<\/p>\n\n\n\n<p>Gemeinsam mit der Brawostiftung und der Endlager Konrad Stiftungsgesellschaft konnte der Schulverein zuletzt auch gro\u00dfe Projekte realisieren.<\/p>\n\n\n\n<p>Unsere Sch\u00fcler\/innen freuen sich \u00fcber einen Boulderfelsen auf dem Schulhof, Bookii Sprachlernkisten f\u00fcr alle Klassen sowie ein zuk\u00fcnftiges Freiluftklassenzimmer.<\/p>\n\n\n\n<p><strong>Mitglied zu sein im Schulverein ist wirklich eine gute Sache!<\/strong><\/p>\n\n\n\n<p>Darum seien Sie dabei und treten Sie ein!<\/p>\n\n\n\n<p>Wir freuen uns auch \u00fcber Ideen und Eltern, die Lust haben, sich aktiv einzubringen!<\/p>\n\n\n\n<div data-wp-interactive=\"core\/file\" class=\"wp-block-file\"><object data-wp-bind--hidden=\"!state.hasPdfPreview\" hidden class=\"wp-block-file__embed\" data=\"https:\/\/wordpress.nibis.de\/kranich\/files\/2023\/11\/Flyer-neu.pdf\" type=\"application\/pdf\" style=\"width:100%;height:600px\" aria-label=\"Einbettung von Einbettung von Flyer des Schulvereins..\"><\/object><a id=\"wp-block-file--media-48d89ed9-2884-4d11-a7ed-243d7300aa98\" href=\"https:\/\/wordpress.nibis.de\/kranich\/files\/2023\/11\/Flyer-neu.pdf\">Flyer des Schulvereins<\/a><a href=\"https:\/\/wordpress.nibis.de\/kranich\/files\/2023\/11\/Flyer-neu.pdf\" class=\"wp-block-file__button\" download aria-describedby=\"wp-block-file--media-48d89ed9-2884-4d11-a7ed-243d7300aa98\">Herunterladen<\/a><\/div>\n\n\n\n<p><\/p>\n","protected":false},"excerpt":{"rendered":"<p>Email: &#115;&#x63;h&#117;&#x6c;v&#101;&#x72;e&#105;&#x6e;&#64;&#107;&#x64;-&#115;&#x63;h&#117;&#x6c;e&#46;&#x64;e Liebe Eltern, wir m\u00f6chten Ihnen unseren Schulverein ans Herz legen und w\u00fcrden uns sehr freuen, wenn Sie Mitglied werden! Mit unserem F\u00f6rderverein k\u00f6nnen wir viele Projekte an der Schule realisieren, f\u00fcr die es sonst keine finanziellen Spielr\u00e4ume g\u00e4be. Darum werden Sie im Interesse Ihrer Kinder Mitglied und UNTERST\u00dcTZEN SIE UNSERE ARBEIT! Den Betrag k\u00f6nnen Sie im Rahmen Ihrer finanziellen M\u00f6glichkeiten selbst bestimmen. Auch mit dem kleinsten Jahresbeitrag von 7 Euro k\u00f6nnen wir schon viel bewegen. Ihre Mitgliedschaft endet&#8230;<\/p>\n<p class=\"read-more\"><a class=\"btn btn-default\" href=\"https:\/\/wordpress.nibis.de\/kranich\/foerderverein\/\">Weiterlesen<span class=\"screen-reader-text\"> Weiterlesen<\/span><\/a><\/p>\n","protected":false},"author":9193781,"featured_media":0,"parent":0,"menu_order":0,"comment_status":"closed","ping_status":"closed","template":"","meta":{"footnotes":""},"class_list":["post-202","page","type-page","status-publish","hentry"],"_links":{"self":[{"href":"https:\/\/wordpress.nibis.de\/kranich\/wp-json\/wp\/v2\/pages\/202","targetHints":{"allow":["GET"]}}],"collection":[{"href":"https:\/\/wordpress.nibis.de\/kranich\/wp-json\/wp\/v2\/pages"}],"about":[{"href":"https:\/\/wordpress.nibis.de\/kranich\/wp-json\/wp\/v2\/types\/page"}],"author":[{"embeddable":true,"href":"https:\/\/wordpress.nibis.de\/kranich\/wp-json\/wp\/v2\/users\/9193781"}],"replies":[{"embeddable":true,"href":"https:\/\/wordpress.nibis.de\/kranich\/wp-json\/wp\/v2\/comments?post=202"}],"version-history":[{"count":18,"href":"https:\/\/wordpress.nibis.de\/kranich\/wp-json\/wp\/v2\/pages\/202\/revisions"}],"predecessor-version":[{"id":1254,"href":"https:\/\/wordpress.nibis.de\/kranich\/wp-json\/wp\/v2\/pages\/202\/revisions\/1254"}],"wp:attachment":[{"href":"https:\/\/wordpress.nibis.de\/kranich\/wp-json\/wp\/v2\/media?parent=202"}],"curies":[{"name":"wp","href":"https:\/\/api.w.org\/{rel}","templated":true}]}}