{"id":272,"date":"2022-01-26T17:40:34","date_gmt":"2022-01-26T16:40:34","guid":{"rendered":"https:\/\/wordpress.nibis.de\/kranich\/?page_id=272"},"modified":"2022-07-12T20:30:54","modified_gmt":"2022-07-12T18:30:54","slug":"nisthilfen-fuer-wildbienen","status":"publish","type":"page","link":"https:\/\/wordpress.nibis.de\/kranich\/nisthilfen-fuer-wildbienen\/","title":{"rendered":"Nisthilfen f\u00fcr Wildbienen"},"content":{"rendered":"\n<p>Im Februar 2020 wurden in den damaligen dritten Klassen Wildbienen-Nisthilfen aus verschiedenen Materialien angefertigt. Es wurde get\u00f6pfert, gebohrt und ges\u00e4gt. So entstand ein Bienenhotel mit vielen freien Pl\u00e4tzen zum Nisten. Ein sandiger Bereich wurde mit Steinen als Gebiet f\u00fcr die Bienen gekennzeichnet, die in der Erde nisten.<\/p>\n\n\n\n<p>Immer wieder stehen Kinder gespannt vor der Nisthilfe und beobachten die Bienen beim Ein- und Ausfliegen. Viele Nisth\u00f6hlen sind bereits verschlossen.<\/p>\n\n\n\n<p>Besonders interessant ist ein Blick in den Beobachtungskasten, wodurch die Sch\u00fclerinnen und Sch\u00fcler die Entwicklung der Bienen Schritt f\u00fcr Schritt miterleben k\u00f6nnen.<\/p>\n\n\n\n<div class=\"wp-block-columns is-layout-flex wp-container-core-columns-is-layout-abceabcf wp-block-columns-is-layout-flex\">\n<div class=\"wp-block-column is-layout-flow wp-block-column-is-layout-flow\" style=\"--col-width:100%;flex-basis:100%\">\n<div class=\"wp-block-columns is-layout-flex wp-container-core-columns-is-layout-abceabcf wp-block-columns-is-layout-flex\">\n<div class=\"wp-block-column is-layout-flow wp-block-column-is-layout-flow\" style=\"--col-width:100%;flex-basis:100%\">\n<figure class=\"wp-block-gallery has-nested-images columns-1 tw-gutter-large wp-block-gallery-1 is-layout-flex wp-block-gallery-is-layout-flex\">\n<figure class=\"wp-block-image size-large\"><img decoding=\"async\" data-id=\"451\" src=\"https:\/\/wordpress.nibis.de\/kranich\/files\/2022\/03\/PHOTO-2022-03-02-15-35-42-3.jpg\" alt=\"\" class=\"wp-image-451\" \/><\/figure>\n\n\n\n<figure class=\"wp-block-image size-large\"><img decoding=\"async\" data-id=\"452\" src=\"https:\/\/wordpress.nibis.de\/kranich\/files\/2022\/03\/PHOTO-2022-03-02-15-35-42-2-1.jpg\" alt=\"\" class=\"wp-image-452\" \/><\/figure>\n\n\n\n<figure class=\"wp-block-image size-large\"><img decoding=\"async\" data-id=\"453\" src=\"https:\/\/wordpress.nibis.de\/kranich\/files\/2022\/03\/PHOTO-2022-03-02-15-35-42-3-1.jpg\" alt=\"\" class=\"wp-image-453\" \/><\/figure>\n\n\n\n<figure class=\"wp-block-image size-large\"><img decoding=\"async\" data-id=\"454\" src=\"https:\/\/wordpress.nibis.de\/kranich\/files\/2022\/03\/PHOTO-2022-03-02-15-35-42-4.jpg\" alt=\"\" class=\"wp-image-454\" \/><\/figure>\n\n\n\n<figure class=\"wp-block-image size-large\"><img decoding=\"async\" data-id=\"455\" src=\"https:\/\/wordpress.nibis.de\/kranich\/files\/2022\/03\/PHOTO-2022-03-02-15-35-42-5.jpg\" alt=\"\" class=\"wp-image-455\" \/><\/figure>\n\n\n\n<figure class=\"wp-block-image size-large\"><img decoding=\"async\" data-id=\"456\" src=\"https:\/\/wordpress.nibis.de\/kranich\/files\/2022\/03\/PHOTO-2022-03-02-15-35-42-6-2.jpg\" alt=\"\" class=\"wp-image-456\" \/><\/figure>\n\n\n\n<figure class=\"wp-block-image size-large\"><img decoding=\"async\" data-id=\"458\" src=\"https:\/\/wordpress.nibis.de\/kranich\/files\/2022\/03\/PHOTO-2022-03-02-15-35-42-7.jpg\" alt=\"\" class=\"wp-image-458\" \/><\/figure>\n\n\n\n<figure class=\"wp-block-image size-large\"><img decoding=\"async\" data-id=\"459\" src=\"https:\/\/wordpress.nibis.de\/kranich\/files\/2022\/03\/PHOTO-2022-03-02-15-35-42-8.jpg\" alt=\"\" class=\"wp-image-459\" \/><\/figure>\n\n\n\n<figure class=\"wp-block-image size-large\"><img decoding=\"async\" data-id=\"460\" src=\"https:\/\/wordpress.nibis.de\/kranich\/files\/2022\/03\/PHOTO-2022-03-02-15-35-42-9.jpg\" alt=\"\" class=\"wp-image-460\" \/><\/figure>\n\n\n\n<figure class=\"wp-block-image size-large\"><img decoding=\"async\" data-id=\"463\" src=\"https:\/\/wordpress.nibis.de\/kranich\/files\/2022\/03\/PHOTO-2022-03-02-15-35-42-11.jpg\" alt=\"\" class=\"wp-image-463\" \/><\/figure>\n\n\n\n<figure class=\"wp-block-image size-large\"><img decoding=\"async\" data-id=\"464\" src=\"https:\/\/wordpress.nibis.de\/kranich\/files\/2022\/03\/PHOTO-2022-03-02-15-35-42-12.jpg\" alt=\"\" class=\"wp-image-464\" \/><\/figure>\n\n\n\n<figure class=\"wp-block-image size-large\"><img decoding=\"async\" data-id=\"465\" src=\"https:\/\/wordpress.nibis.de\/kranich\/files\/2022\/03\/PHOTO-2022-03-02-15-35-42-13.jpg\" alt=\"\" class=\"wp-image-465\" \/><\/figure>\n\n\n\n<figure class=\"wp-block-image size-large\"><img decoding=\"async\" data-id=\"466\" src=\"https:\/\/wordpress.nibis.de\/kranich\/files\/2022\/03\/PHOTO-2022-03-02-15-35-42-14.jpg\" alt=\"\" class=\"wp-image-466\" \/><\/figure>\n\n\n\n<figure class=\"wp-block-image size-large\"><img loading=\"lazy\" decoding=\"async\" width=\"768\" height=\"1024\" data-id=\"468\" src=\"https:\/\/wordpress.nibis.de\/kranich\/files\/2022\/03\/20210614_125237-768x1024.jpg\" alt=\"\" class=\"wp-image-468\" \/><\/figure>\n<\/figure>\n<\/div>\n<\/div>\n<\/div>\n<\/div>\n\n\n\n<figure class=\"wp-block-image size-full is-style-rounded\"><img loading=\"lazy\" decoding=\"async\" width=\"240\" height=\"320\" src=\"https:\/\/wordpress.nibis.de\/kranich\/files\/2022\/03\/PHOTO-2022-03-02-15-35-42-16-e1657650561911.jpeg\" alt=\"\" class=\"wp-image-472\" \/><\/figure>\n","protected":false},"excerpt":{"rendered":"<p>Im Februar 2020 wurden in den damaligen dritten Klassen Wildbienen-Nisthilfen aus verschiedenen Materialien angefertigt. Es wurde get\u00f6pfert, gebohrt und ges\u00e4gt. So entstand ein Bienenhotel mit vielen freien Pl\u00e4tzen zum Nisten. Ein sandiger Bereich wurde mit Steinen als Gebiet f\u00fcr die Bienen gekennzeichnet, die in der Erde nisten. Immer wieder stehen Kinder gespannt vor der Nisthilfe und beobachten die Bienen beim Ein- und Ausfliegen. Viele Nisth\u00f6hlen sind bereits verschlossen. Besonders interessant ist ein Blick in den Beobachtungskasten, wodurch die Sch\u00fclerinnen und&#8230;<\/p>\n<p class=\"read-more\"><a class=\"btn btn-default\" href=\"https:\/\/wordpress.nibis.de\/kranich\/nisthilfen-fuer-wildbienen\/\">Weiterlesen<span class=\"screen-reader-text\"> Weiterlesen<\/span><\/a><\/p>\n","protected":false},"author":9193781,"featured_media":0,"parent":0,"menu_order":0,"comment_status":"closed","ping_status":"closed","template":"","meta":{"footnotes":""},"class_list":["post-272","page","type-page","status-publish","hentry"],"_links":{"self":[{"href":"https:\/\/wordpress.nibis.de\/kranich\/wp-json\/wp\/v2\/pages\/272","targetHints":{"allow":["GET"]}}],"collection":[{"href":"https:\/\/wordpress.nibis.de\/kranich\/wp-json\/wp\/v2\/pages"}],"about":[{"href":"https:\/\/wordpress.nibis.de\/kranich\/wp-json\/wp\/v2\/types\/page"}],"author":[{"embeddable":true,"href":"https:\/\/wordpress.nibis.de\/kranich\/wp-json\/wp\/v2\/users\/9193781"}],"replies":[{"embeddable":true,"href":"https:\/\/wordpress.nibis.de\/kranich\/wp-json\/wp\/v2\/comments?post=272"}],"version-history":[{"count":7,"href":"https:\/\/wordpress.nibis.de\/kranich\/wp-json\/wp\/v2\/pages\/272\/revisions"}],"predecessor-version":[{"id":923,"href":"https:\/\/wordpress.nibis.de\/kranich\/wp-json\/wp\/v2\/pages\/272\/revisions\/923"}],"wp:attachment":[{"href":"https:\/\/wordpress.nibis.de\/kranich\/wp-json\/wp\/v2\/media?parent=272"}],"curies":[{"name":"wp","href":"https:\/\/api.w.org\/{rel}","templated":true}]}}