{"id":360,"date":"2022-02-23T21:33:17","date_gmt":"2022-02-23T20:33:17","guid":{"rendered":"https:\/\/wordpress.nibis.de\/kranich\/?page_id=360"},"modified":"2025-02-27T17:18:06","modified_gmt":"2025-02-27T16:18:06","slug":"wir-pflanzen-einen-schulwald","status":"publish","type":"page","link":"https:\/\/wordpress.nibis.de\/kranich\/wir-pflanzen-einen-schulwald\/","title":{"rendered":"Unser Schulwald"},"content":{"rendered":"\n<p><strong>Wir reden nicht nur, wir tun auch etwas!<\/strong><\/p>\n\n\n\n<p>Vor ein paar Jahren haben unsere Sch\u00fclerinnen und Sch\u00fcler gemeinsam mit der Stiftung &#8222;Zukunft Wald&#8220; <a href=\"http:\/\/www.zukunftwald.de\">http:\/\/www.zukunftwald.de<\/a> in Zusammenarbeit mit der Stadt Salzgitter einen Schulwald gepflanzt.<\/p>\n\n\n\n<p>Auf eine Fl\u00e4che von ca. 0,15 ha an einer Kleingartenanlage in der N\u00e4he vom Segelflugplatz wurden verschiedene einheimische Geh\u00f6lze und B\u00e4ume gepflanzt. Dieser Wald ist fu\u00dfl\u00e4ufig erreichbar und bietet mit den Jahren ein Outdoor-Klassenzimmer, welches f\u00fcr verschiedene F\u00e4cher z.B. Sachunterricht und Kunst genutzt werden kann.<\/p>\n\n\n\n<p><\/p>\n\n\n\n<div class=\"wp-block-columns is-layout-flex wp-container-core-columns-is-layout-abceabcf wp-block-columns-is-layout-flex\">\n<div class=\"wp-block-column is-layout-flow wp-block-column-is-layout-flow\" style=\"--col-width:100%;flex-basis:100%\">\n<figure class=\"wp-block-gallery has-nested-images columns-default is-cropped wp-block-gallery-1 is-layout-flex wp-block-gallery-is-layout-flex\">\n<figure class=\"wp-block-image size-large\"><img loading=\"lazy\" decoding=\"async\" width=\"1824\" height=\"1368\" data-id=\"726\" src=\"https:\/\/wordpress.nibis.de\/kranich\/files\/2022\/03\/50832db6-69b5-480a-8f90-e43f823c19a9-2.jpg\" alt=\"\" class=\"wp-image-726\" srcset=\"https:\/\/wordpress.nibis.de\/kranich\/files\/2022\/03\/50832db6-69b5-480a-8f90-e43f823c19a9-2.jpg 1824w, https:\/\/wordpress.nibis.de\/kranich\/files\/2022\/03\/50832db6-69b5-480a-8f90-e43f823c19a9-2-300x225.jpg 300w, https:\/\/wordpress.nibis.de\/kranich\/files\/2022\/03\/50832db6-69b5-480a-8f90-e43f823c19a9-2-1024x768.jpg 1024w, https:\/\/wordpress.nibis.de\/kranich\/files\/2022\/03\/50832db6-69b5-480a-8f90-e43f823c19a9-2-768x576.jpg 768w, https:\/\/wordpress.nibis.de\/kranich\/files\/2022\/03\/50832db6-69b5-480a-8f90-e43f823c19a9-2-1536x1152.jpg 1536w, https:\/\/wordpress.nibis.de\/kranich\/files\/2022\/03\/50832db6-69b5-480a-8f90-e43f823c19a9-2-360x270.jpg 360w\" sizes=\"auto, (max-width: 1824px) 100vw, 1824px\" \/><\/figure>\n\n\n\n<figure class=\"wp-block-image size-large\"><img loading=\"lazy\" decoding=\"async\" width=\"1536\" height=\"2048\" data-id=\"724\" src=\"https:\/\/wordpress.nibis.de\/kranich\/files\/2022\/03\/PHOTO-2022-03-21-17-47-49-1.jpg\" alt=\"\" class=\"wp-image-724\" srcset=\"https:\/\/wordpress.nibis.de\/kranich\/files\/2022\/03\/PHOTO-2022-03-21-17-47-49-1.jpg 1536w, https:\/\/wordpress.nibis.de\/kranich\/files\/2022\/03\/PHOTO-2022-03-21-17-47-49-1-225x300.jpg 225w, https:\/\/wordpress.nibis.de\/kranich\/files\/2022\/03\/PHOTO-2022-03-21-17-47-49-1-768x1024.jpg 768w, https:\/\/wordpress.nibis.de\/kranich\/files\/2022\/03\/PHOTO-2022-03-21-17-47-49-1-1152x1536.jpg 1152w, https:\/\/wordpress.nibis.de\/kranich\/files\/2022\/03\/PHOTO-2022-03-21-17-47-49-1-203x270.jpg 203w\" sizes=\"auto, (max-width: 1536px) 100vw, 1536px\" \/><\/figure>\n\n\n\n<figure class=\"wp-block-image size-large\"><img loading=\"lazy\" decoding=\"async\" width=\"2048\" height=\"1536\" data-id=\"729\" src=\"https:\/\/wordpress.nibis.de\/kranich\/files\/2022\/03\/PHOTO-2022-03-21-17-47-47-2.jpg\" alt=\"\" class=\"wp-image-729\" srcset=\"https:\/\/wordpress.nibis.de\/kranich\/files\/2022\/03\/PHOTO-2022-03-21-17-47-47-2.jpg 2048w, https:\/\/wordpress.nibis.de\/kranich\/files\/2022\/03\/PHOTO-2022-03-21-17-47-47-2-300x225.jpg 300w, https:\/\/wordpress.nibis.de\/kranich\/files\/2022\/03\/PHOTO-2022-03-21-17-47-47-2-1024x768.jpg 1024w, https:\/\/wordpress.nibis.de\/kranich\/files\/2022\/03\/PHOTO-2022-03-21-17-47-47-2-768x576.jpg 768w, https:\/\/wordpress.nibis.de\/kranich\/files\/2022\/03\/PHOTO-2022-03-21-17-47-47-2-1536x1152.jpg 1536w, https:\/\/wordpress.nibis.de\/kranich\/files\/2022\/03\/PHOTO-2022-03-21-17-47-47-2-360x270.jpg 360w\" sizes=\"auto, (max-width: 2048px) 100vw, 2048px\" \/><\/figure>\n\n\n\n<figure class=\"wp-block-image size-large\"><img loading=\"lazy\" decoding=\"async\" width=\"2048\" height=\"1536\" data-id=\"721\" src=\"https:\/\/wordpress.nibis.de\/kranich\/files\/2022\/03\/PHOTO-2022-03-21-17-47-48-3-1.jpg\" alt=\"\" class=\"wp-image-721\" srcset=\"https:\/\/wordpress.nibis.de\/kranich\/files\/2022\/03\/PHOTO-2022-03-21-17-47-48-3-1.jpg 2048w, https:\/\/wordpress.nibis.de\/kranich\/files\/2022\/03\/PHOTO-2022-03-21-17-47-48-3-1-300x225.jpg 300w, https:\/\/wordpress.nibis.de\/kranich\/files\/2022\/03\/PHOTO-2022-03-21-17-47-48-3-1-1024x768.jpg 1024w, https:\/\/wordpress.nibis.de\/kranich\/files\/2022\/03\/PHOTO-2022-03-21-17-47-48-3-1-768x576.jpg 768w, https:\/\/wordpress.nibis.de\/kranich\/files\/2022\/03\/PHOTO-2022-03-21-17-47-48-3-1-1536x1152.jpg 1536w, https:\/\/wordpress.nibis.de\/kranich\/files\/2022\/03\/PHOTO-2022-03-21-17-47-48-3-1-360x270.jpg 360w\" sizes=\"auto, (max-width: 2048px) 100vw, 2048px\" \/><\/figure>\n\n\n\n<figure class=\"wp-block-image size-large\"><img loading=\"lazy\" decoding=\"async\" width=\"2048\" height=\"1536\" data-id=\"733\" src=\"https:\/\/wordpress.nibis.de\/kranich\/files\/2022\/03\/PHOTO-2022-03-21-17-47-48-5.jpg\" alt=\"\" class=\"wp-image-733\" srcset=\"https:\/\/wordpress.nibis.de\/kranich\/files\/2022\/03\/PHOTO-2022-03-21-17-47-48-5.jpg 2048w, https:\/\/wordpress.nibis.de\/kranich\/files\/2022\/03\/PHOTO-2022-03-21-17-47-48-5-300x225.jpg 300w, https:\/\/wordpress.nibis.de\/kranich\/files\/2022\/03\/PHOTO-2022-03-21-17-47-48-5-1024x768.jpg 1024w, https:\/\/wordpress.nibis.de\/kranich\/files\/2022\/03\/PHOTO-2022-03-21-17-47-48-5-768x576.jpg 768w, https:\/\/wordpress.nibis.de\/kranich\/files\/2022\/03\/PHOTO-2022-03-21-17-47-48-5-1536x1152.jpg 1536w, https:\/\/wordpress.nibis.de\/kranich\/files\/2022\/03\/PHOTO-2022-03-21-17-47-48-5-360x270.jpg 360w\" sizes=\"auto, (max-width: 2048px) 100vw, 2048px\" \/><\/figure>\n\n\n\n<figure class=\"wp-block-image size-large\"><img loading=\"lazy\" decoding=\"async\" width=\"1536\" height=\"2048\" data-id=\"732\" src=\"https:\/\/wordpress.nibis.de\/kranich\/files\/2022\/03\/PHOTO-2022-03-21-17-47-48-4-2.jpg\" alt=\"\" class=\"wp-image-732\" srcset=\"https:\/\/wordpress.nibis.de\/kranich\/files\/2022\/03\/PHOTO-2022-03-21-17-47-48-4-2.jpg 1536w, https:\/\/wordpress.nibis.de\/kranich\/files\/2022\/03\/PHOTO-2022-03-21-17-47-48-4-2-225x300.jpg 225w, https:\/\/wordpress.nibis.de\/kranich\/files\/2022\/03\/PHOTO-2022-03-21-17-47-48-4-2-768x1024.jpg 768w, https:\/\/wordpress.nibis.de\/kranich\/files\/2022\/03\/PHOTO-2022-03-21-17-47-48-4-2-1152x1536.jpg 1152w, https:\/\/wordpress.nibis.de\/kranich\/files\/2022\/03\/PHOTO-2022-03-21-17-47-48-4-2-203x270.jpg 203w\" sizes=\"auto, (max-width: 1536px) 100vw, 1536px\" \/><\/figure>\n\n\n\n<figure class=\"wp-block-image size-large\"><img loading=\"lazy\" decoding=\"async\" width=\"1536\" height=\"2048\" data-id=\"709\" src=\"https:\/\/wordpress.nibis.de\/kranich\/files\/2022\/03\/PHOTO-2022-03-21-17-47-48-2.jpg\" alt=\"\" class=\"wp-image-709\" srcset=\"https:\/\/wordpress.nibis.de\/kranich\/files\/2022\/03\/PHOTO-2022-03-21-17-47-48-2.jpg 1536w, https:\/\/wordpress.nibis.de\/kranich\/files\/2022\/03\/PHOTO-2022-03-21-17-47-48-2-225x300.jpg 225w, https:\/\/wordpress.nibis.de\/kranich\/files\/2022\/03\/PHOTO-2022-03-21-17-47-48-2-768x1024.jpg 768w, https:\/\/wordpress.nibis.de\/kranich\/files\/2022\/03\/PHOTO-2022-03-21-17-47-48-2-1152x1536.jpg 1152w, https:\/\/wordpress.nibis.de\/kranich\/files\/2022\/03\/PHOTO-2022-03-21-17-47-48-2-203x270.jpg 203w\" sizes=\"auto, (max-width: 1536px) 100vw, 1536px\" \/><\/figure>\n<\/figure>\n<\/div>\n<\/div>\n\n\n\n<p>Knapp zwei Monate nach der Anpflanzung gr\u00fcnt es in unserem Schulwald. Die B\u00e4umchen haben schon zarte Bl\u00e4tter entwickelt.<\/p>\n\n\n\n<figure class=\"wp-block-gallery has-nested-images columns-default is-cropped wp-block-gallery-2 is-layout-flex wp-block-gallery-is-layout-flex\">\n<figure class=\"wp-block-image size-large\"><img loading=\"lazy\" decoding=\"async\" width=\"1024\" height=\"549\" data-id=\"811\" src=\"https:\/\/wordpress.nibis.de\/kranich\/files\/2022\/05\/Screenshot_2022-05-12-20-19-06-46_40deb401b9ffe8e1df2f1cc5ba480b12-1024x549.jpg\" alt=\"\" class=\"wp-image-811\" srcset=\"https:\/\/wordpress.nibis.de\/kranich\/files\/2022\/05\/Screenshot_2022-05-12-20-19-06-46_40deb401b9ffe8e1df2f1cc5ba480b12-1024x549.jpg 1024w, https:\/\/wordpress.nibis.de\/kranich\/files\/2022\/05\/Screenshot_2022-05-12-20-19-06-46_40deb401b9ffe8e1df2f1cc5ba480b12-300x161.jpg 300w, https:\/\/wordpress.nibis.de\/kranich\/files\/2022\/05\/Screenshot_2022-05-12-20-19-06-46_40deb401b9ffe8e1df2f1cc5ba480b12-768x412.jpg 768w, https:\/\/wordpress.nibis.de\/kranich\/files\/2022\/05\/Screenshot_2022-05-12-20-19-06-46_40deb401b9ffe8e1df2f1cc5ba480b12-504x270.jpg 504w, https:\/\/wordpress.nibis.de\/kranich\/files\/2022\/05\/Screenshot_2022-05-12-20-19-06-46_40deb401b9ffe8e1df2f1cc5ba480b12.jpg 1080w\" sizes=\"auto, (max-width: 1024px) 100vw, 1024px\" \/><\/figure>\n\n\n\n<figure class=\"wp-block-image size-large\"><img loading=\"lazy\" decoding=\"async\" width=\"657\" height=\"1024\" data-id=\"812\" src=\"https:\/\/wordpress.nibis.de\/kranich\/files\/2022\/05\/Screenshot_2022-05-12-20-20-00-33_40deb401b9ffe8e1df2f1cc5ba480b12-657x1024.jpg\" alt=\"\" class=\"wp-image-812\" srcset=\"https:\/\/wordpress.nibis.de\/kranich\/files\/2022\/05\/Screenshot_2022-05-12-20-20-00-33_40deb401b9ffe8e1df2f1cc5ba480b12-657x1024.jpg 657w, https:\/\/wordpress.nibis.de\/kranich\/files\/2022\/05\/Screenshot_2022-05-12-20-20-00-33_40deb401b9ffe8e1df2f1cc5ba480b12-193x300.jpg 193w, https:\/\/wordpress.nibis.de\/kranich\/files\/2022\/05\/Screenshot_2022-05-12-20-20-00-33_40deb401b9ffe8e1df2f1cc5ba480b12-768x1197.jpg 768w, https:\/\/wordpress.nibis.de\/kranich\/files\/2022\/05\/Screenshot_2022-05-12-20-20-00-33_40deb401b9ffe8e1df2f1cc5ba480b12-986x1536.jpg 986w, https:\/\/wordpress.nibis.de\/kranich\/files\/2022\/05\/Screenshot_2022-05-12-20-20-00-33_40deb401b9ffe8e1df2f1cc5ba480b12-173x270.jpg 173w, https:\/\/wordpress.nibis.de\/kranich\/files\/2022\/05\/Screenshot_2022-05-12-20-20-00-33_40deb401b9ffe8e1df2f1cc5ba480b12.jpg 1080w\" sizes=\"auto, (max-width: 657px) 100vw, 657px\" \/><\/figure>\n\n\n\n<figure class=\"wp-block-image size-large\"><img loading=\"lazy\" decoding=\"async\" width=\"1024\" height=\"570\" data-id=\"813\" src=\"https:\/\/wordpress.nibis.de\/kranich\/files\/2022\/05\/Screenshot_2022-05-12-20-20-36-03_40deb401b9ffe8e1df2f1cc5ba480b12-1024x570.jpg\" alt=\"\" class=\"wp-image-813\" srcset=\"https:\/\/wordpress.nibis.de\/kranich\/files\/2022\/05\/Screenshot_2022-05-12-20-20-36-03_40deb401b9ffe8e1df2f1cc5ba480b12-1024x570.jpg 1024w, https:\/\/wordpress.nibis.de\/kranich\/files\/2022\/05\/Screenshot_2022-05-12-20-20-36-03_40deb401b9ffe8e1df2f1cc5ba480b12-300x167.jpg 300w, https:\/\/wordpress.nibis.de\/kranich\/files\/2022\/05\/Screenshot_2022-05-12-20-20-36-03_40deb401b9ffe8e1df2f1cc5ba480b12-768x427.jpg 768w, https:\/\/wordpress.nibis.de\/kranich\/files\/2022\/05\/Screenshot_2022-05-12-20-20-36-03_40deb401b9ffe8e1df2f1cc5ba480b12-485x270.jpg 485w, https:\/\/wordpress.nibis.de\/kranich\/files\/2022\/05\/Screenshot_2022-05-12-20-20-36-03_40deb401b9ffe8e1df2f1cc5ba480b12.jpg 1080w\" sizes=\"auto, (max-width: 1024px) 100vw, 1024px\" \/><\/figure>\n<\/figure>\n","protected":false},"excerpt":{"rendered":"<p>Wir reden nicht nur, wir tun auch etwas! Vor ein paar Jahren haben unsere Sch\u00fclerinnen und Sch\u00fcler gemeinsam mit der Stiftung &#8222;Zukunft Wald&#8220; http:\/\/www.zukunftwald.de in Zusammenarbeit mit der Stadt Salzgitter einen Schulwald gepflanzt. Auf eine Fl\u00e4che von ca. 0,15 ha an einer Kleingartenanlage in der N\u00e4he vom Segelflugplatz wurden verschiedene einheimische Geh\u00f6lze und B\u00e4ume gepflanzt. Dieser Wald ist fu\u00dfl\u00e4ufig erreichbar und bietet mit den Jahren ein Outdoor-Klassenzimmer, welches f\u00fcr verschiedene F\u00e4cher z.B. Sachunterricht und Kunst genutzt werden kann. Knapp zwei&#8230;<\/p>\n<p class=\"read-more\"><a class=\"btn btn-default\" href=\"https:\/\/wordpress.nibis.de\/kranich\/wir-pflanzen-einen-schulwald\/\">Weiterlesen<span class=\"screen-reader-text\"> Weiterlesen<\/span><\/a><\/p>\n","protected":false},"author":9193781,"featured_media":0,"parent":0,"menu_order":0,"comment_status":"closed","ping_status":"closed","template":"","meta":{"footnotes":""},"class_list":["post-360","page","type-page","status-publish","hentry"],"_links":{"self":[{"href":"https:\/\/wordpress.nibis.de\/kranich\/wp-json\/wp\/v2\/pages\/360","targetHints":{"allow":["GET"]}}],"collection":[{"href":"https:\/\/wordpress.nibis.de\/kranich\/wp-json\/wp\/v2\/pages"}],"about":[{"href":"https:\/\/wordpress.nibis.de\/kranich\/wp-json\/wp\/v2\/types\/page"}],"author":[{"embeddable":true,"href":"https:\/\/wordpress.nibis.de\/kranich\/wp-json\/wp\/v2\/users\/9193781"}],"replies":[{"embeddable":true,"href":"https:\/\/wordpress.nibis.de\/kranich\/wp-json\/wp\/v2\/comments?post=360"}],"version-history":[{"count":12,"href":"https:\/\/wordpress.nibis.de\/kranich\/wp-json\/wp\/v2\/pages\/360\/revisions"}],"predecessor-version":[{"id":1341,"href":"https:\/\/wordpress.nibis.de\/kranich\/wp-json\/wp\/v2\/pages\/360\/revisions\/1341"}],"wp:attachment":[{"href":"https:\/\/wordpress.nibis.de\/kranich\/wp-json\/wp\/v2\/media?parent=360"}],"curies":[{"name":"wp","href":"https:\/\/api.w.org\/{rel}","templated":true}]}}