{"id":393,"date":"2022-03-01T15:15:03","date_gmt":"2022-03-01T14:15:03","guid":{"rendered":"https:\/\/wordpress.nibis.de\/kranich\/?page_id=393"},"modified":"2026-01-12T14:51:08","modified_gmt":"2026-01-12T13:51:08","slug":"hallo-willkommen-an-der-kranichdammschule","status":"publish","type":"page","link":"https:\/\/wordpress.nibis.de\/kranich\/","title":{"rendered":"Herzlich willkommen an der Kranichdammschule!"},"content":{"rendered":"\n<figure class=\"wp-block-image size-full is-resized\"><img loading=\"lazy\" decoding=\"async\" width=\"734\" height=\"725\" src=\"https:\/\/wordpress.nibis.de\/kranich\/files\/2022\/04\/IMG_9486.png\" alt=\"\" class=\"wp-image-784\" style=\"width:734px;height:725px\" srcset=\"https:\/\/wordpress.nibis.de\/kranich\/files\/2022\/04\/IMG_9486.png 734w, https:\/\/wordpress.nibis.de\/kranich\/files\/2022\/04\/IMG_9486-300x296.png 300w, https:\/\/wordpress.nibis.de\/kranich\/files\/2022\/04\/IMG_9486-273x270.png 273w\" sizes=\"auto, (max-width: 734px) 100vw, 734px\" \/><\/figure>\n\n\n\n<div class=\"wp-block-media-text alignwide is-stacked-on-mobile is-vertically-aligned-top is-style-default\" style=\"grid-template-columns:15% auto\"><figure class=\"wp-block-media-text__media\"><img decoding=\"async\" src=\"https:\/\/wordpress.nibis.de\/kranich\/files\/2022\/03\/Peacezeichen-1024x1024.jpeg\" alt=\"\" class=\"wp-image-494 size-full\" \/><\/figure><div class=\"wp-block-media-text__content\">\n<p>Wir freuen uns, Sie auf der Homepage der Kranichdammschule begr\u00fc\u00dfen zu d\u00fcrfen!<\/p>\n\n\n\n<p class=\"has-medium-font-size\">Unsere Schule liegt im sch\u00f6nen Norden Salzgitters, im Stadtteil Kr\u00e4henriede. Hier lernen rund 450 Kinder in 25 Klassen gemeinsam, miteinander und voneinander. Wir sind eine Schule mit Herz, Vielfalt und Engagement &#8211; bestehend aus einer Schulkindergartengruppe, einer Grundschule und einer F\u00f6rderschule mit dem Schwerpunkt Sprache.<\/p>\n\n\n\n<p class=\"has-medium-font-size\">Kinder mit festgestelltem F\u00f6rderbedarf im Bereich Sprache werden in unserem Sprachf\u00f6rderzweig individuell und mit viel Einf\u00fchlungsverm\u00f6gen unterrichtet. Dabei orientieren wir uns am gleichen Lehrplan wie in der Grundschule &#8211; denn Lernen hei\u00dft f\u00fcr uns: gemeinsam stark sein. Viele Aktivit\u00e4ten, Ausfl\u00fcge und Unterrichtsangebote finden klassen\u00fcbergreifend statt und f\u00f6rdern das Miteinander.<\/p>\n\n\n\n<p class=\"has-medium-font-size\">Unser engagiertes Kollegium arbeitet Hand in Hand, um allen Kindern bestm\u00f6gliche Lernchancen und ein individuelles Schulumfeld zu bieten. Gemeinsam gestalten wir eine Schule, in der jedes Kind mit seinen St\u00e4rken willkommen ist und sich entfalten kann.<\/p>\n\n\n\n<p class=\"has-medium-font-size\">Sch\u00f6n, dass Sie da sind!<\/p>\n<\/div><\/div>\n","protected":false},"excerpt":{"rendered":"<p>Wir freuen uns, Sie auf der Homepage der Kranichdammschule begr\u00fc\u00dfen zu d\u00fcrfen! Unsere Schule liegt im sch\u00f6nen Norden Salzgitters, im Stadtteil Kr\u00e4henriede. Hier lernen rund 450 Kinder in 25 Klassen gemeinsam, miteinander und voneinander. Wir sind eine Schule mit Herz, Vielfalt und Engagement &#8211; bestehend aus einer Schulkindergartengruppe, einer Grundschule und einer F\u00f6rderschule mit dem Schwerpunkt Sprache. Kinder mit festgestelltem F\u00f6rderbedarf im Bereich Sprache werden in unserem Sprachf\u00f6rderzweig individuell und mit viel Einf\u00fchlungsverm\u00f6gen unterrichtet. Dabei orientieren wir uns am gleichen&#8230;<\/p>\n<p class=\"read-more\"><a class=\"btn btn-default\" href=\"https:\/\/wordpress.nibis.de\/kranich\/\">Weiterlesen<span class=\"screen-reader-text\"> Weiterlesen<\/span><\/a><\/p>\n","protected":false},"author":9193781,"featured_media":0,"parent":0,"menu_order":0,"comment_status":"closed","ping_status":"closed","template":"","meta":{"footnotes":""},"class_list":["post-393","page","type-page","status-publish","hentry"],"_links":{"self":[{"href":"https:\/\/wordpress.nibis.de\/kranich\/wp-json\/wp\/v2\/pages\/393","targetHints":{"allow":["GET"]}}],"collection":[{"href":"https:\/\/wordpress.nibis.de\/kranich\/wp-json\/wp\/v2\/pages"}],"about":[{"href":"https:\/\/wordpress.nibis.de\/kranich\/wp-json\/wp\/v2\/types\/page"}],"author":[{"embeddable":true,"href":"https:\/\/wordpress.nibis.de\/kranich\/wp-json\/wp\/v2\/users\/9193781"}],"replies":[{"embeddable":true,"href":"https:\/\/wordpress.nibis.de\/kranich\/wp-json\/wp\/v2\/comments?post=393"}],"version-history":[{"count":16,"href":"https:\/\/wordpress.nibis.de\/kranich\/wp-json\/wp\/v2\/pages\/393\/revisions"}],"predecessor-version":[{"id":1563,"href":"https:\/\/wordpress.nibis.de\/kranich\/wp-json\/wp\/v2\/pages\/393\/revisions\/1563"}],"wp:attachment":[{"href":"https:\/\/wordpress.nibis.de\/kranich\/wp-json\/wp\/v2\/media?parent=393"}],"curies":[{"name":"wp","href":"https:\/\/api.w.org\/{rel}","templated":true}]}}