{"id":49,"date":"2021-04-24T15:17:33","date_gmt":"2021-04-24T13:17:33","guid":{"rendered":"https:\/\/wordpress.nibis.de\/kranich\/?page_id=49"},"modified":"2026-01-27T15:12:54","modified_gmt":"2026-01-27T14:12:54","slug":"kollegium","status":"publish","type":"page","link":"https:\/\/wordpress.nibis.de\/kranich\/kollegium\/","title":{"rendered":"Kollegium"},"content":{"rendered":"\n<p class=\"has-medium-font-size\"><strong><span style=\"text-decoration: underline\" class=\"underline\">Schulleitung<\/span>:<\/strong> Judith Rath<\/p>\n\n\n\n<p class=\"has-medium-font-size\"><strong><span style=\"text-decoration: underline\" class=\"underline\">Konrektorin<\/span>:<\/strong> Silvia Kahlstatt<\/p>\n\n\n\n<p class=\"has-medium-font-size\"><span style=\"text-decoration: underline\" class=\"underline\"><strong>Sekre<\/strong><\/span><strong><span style=\"text-decoration: underline\" class=\"underline\">t\u00e4rin:<\/span> <\/strong>Janine Katzmarek und Jennifer Bierbach<\/p>\n\n\n\n<p class=\"has-medium-font-size\"><strong><span style=\"text-decoration: underline\" class=\"underline\">Hausmeister:<\/span><\/strong> Hubertus Tschentscher<\/p>\n\n\n\n<p class=\"has-medium-font-size\"><strong><span class=\"underline\" style=\"text-decoration: underline\">Schulsozialp\u00e4dagogik<\/span>:<\/strong> Canan Yildiran, Britta Dittrich und Madleen Kleinw\u00e4chter<\/p>\n\n\n\n<p class=\"has-medium-font-size\"><strong><span style=\"text-decoration: underline\" class=\"underline\">Personalrat:<\/span><\/strong><\/p>\n\n\n\n<p>Frau G\u00e4rtner, Frau Bertram, Frau Knospe, Frau Fath<\/p>\n\n\n\n<p class=\"has-medium-font-size\"><strong><span style=\"text-decoration: underline\" class=\"underline\">Fachkonferenzleitungen:<\/span><\/strong><\/p>\n\n\n\n<ul class=\"wp-block-list\">\n<li>Mathematik: Frau Knospe<\/li>\n\n\n\n<li>Deutsch: Frau Lenkeit und Frau Lietzau<\/li>\n\n\n\n<li>Sachunterricht: Frau Hoffmann<\/li>\n\n\n\n<li>Englisch: Frau Prokop<\/li>\n\n\n\n<li>Sport: Herr St\u00fcbe-Kirchhof<\/li>\n\n\n\n<li>F\u00f6rderschulbereich: Frau Ritter-Geesen<\/li>\n\n\n\n<li>Religion: Frau M\u00fcller<\/li>\n\n\n\n<li>Kunst\/Werken\/Textil: Frau Ullrich-Kleiner<\/li>\n\n\n\n<li>Musik: Frau Patzl<\/li>\n<\/ul>\n\n\n\n<p><\/p>\n\n\n\n<p class=\"has-medium-font-size\"><strong><span style=\"text-decoration: underline\" class=\"underline\">Klassenleitungen:<\/span><\/strong><\/p>\n\n\n\n<figure class=\"wp-block-table is-style-stripes\"><table><tbody><tr><td>SKG Frau Bracht<\/td><td><\/td><td><\/td><td><\/td><\/tr><tr><td>1a Frau Hoffmann<\/td><td><\/td><td><\/td><td><\/td><\/tr><tr><td>1b Frau Prokop<\/td><td><\/td><td><\/td><td><\/td><\/tr><tr><td>1c Frau Knospe<\/td><td><\/td><td><\/td><td><\/td><\/tr><tr><td>1d Frau Melchior, Frau Kahlstatt<\/td><td><\/td><td><\/td><td><\/td><\/tr><tr><td>1e Frau Sommerfeld<\/td><td><\/td><td><\/td><td><\/td><\/tr><tr><td>1f Frau Guilbert<\/td><td><\/td><td><\/td><td><\/td><\/tr><tr><td><\/td><td><\/td><td><\/td><td><\/td><\/tr><tr><td>2a Frau Zeuner<\/td><td><\/td><td><\/td><td><\/td><\/tr><tr><td>2b Herr Radespiel<\/td><td><\/td><td><\/td><td><\/td><\/tr><tr><td>2c Frau Lietzau<\/td><td><\/td><td><\/td><td><\/td><\/tr><tr><td>2d Frau Meier<\/td><td><\/td><td><\/td><td><\/td><\/tr><tr><td>2e Frau Lenkeit<\/td><td><\/td><td><\/td><td><\/td><\/tr><tr><td>2f Frau Varel<\/td><td><\/td><td><\/td><td><\/td><\/tr><tr><td><\/td><td><\/td><td><\/td><td><\/td><\/tr><tr><td>3a Frau v. B\u00fclow<\/td><td><\/td><td><\/td><td><\/td><\/tr><tr><td>3b Frau Gerfen<\/td><td><\/td><td><\/td><td><\/td><\/tr><tr><td>3c Frau Wild<\/td><td><\/td><td><\/td><td><\/td><\/tr><tr><td>3d Frau Ullrich-Kleiner und Frau Schopf<\/td><td><\/td><td><\/td><td><\/td><\/tr><tr><td>3e Frau Patzl<\/td><td><\/td><td><\/td><td><\/td><\/tr><tr><td>3f Herr Bosse<\/td><td><\/td><td><\/td><td><\/td><\/tr><tr><td><\/td><td><\/td><td><\/td><td><\/td><\/tr><tr><td>4a Frau M\u00fcller<\/td><td><\/td><td><\/td><td><\/td><\/tr><tr><td>4b Frau Evers<\/td><td><\/td><td><\/td><td><\/td><\/tr><tr><td>4c Frau Frau Ahrens<\/td><td><\/td><td><\/td><td><\/td><\/tr><tr><td>4d Frau Schramm-K\u00f6ck<\/td><td><\/td><td><\/td><td><\/td><\/tr><tr><td>4e Frau Bertram und Frau Ohly<\/td><td><\/td><td><\/td><td><\/td><\/tr><tr><td>4f Frau Fromme<\/td><td><\/td><td><\/td><td><\/td><\/tr><\/tbody><\/table><\/figure>\n\n\n\n<p class=\"has-medium-font-size\"><strong><span style=\"text-decoration: underline\" class=\"underline\">Fachlehrer\/innen<\/span><\/strong><\/p>\n\n\n\n<p>Frau Bewig, Frau Fath, Frau Hackl, Frau Kempe, Frau Klages, Herr St\u00fcbe-Kirchhof, Frau Ritter-Geesen, Frau Uhde, Frau Schramowski, Frau Thomann, Frau Holstein<\/p>\n\n\n\n<p class=\"has-medium-font-size\"><strong><span style=\"text-decoration: underline\" class=\"underline\">P\u00e4dagogische Mitarbeiterinnen<\/span><\/strong><\/p>\n\n\n\n<p>Frau Brand, Frau G\u00e4rtner, Frau Baars, Frau Bulut, Frau Ma\u00dfberg, Frau Milbradt, Frau Kaluza, Frau Pultar, Frau K\u00fchn, Frau Alves-Freire, Frau Karahan, Herr Kr\u00fcger<\/p>\n\n\n\n<p><\/p>\n\n\n\n<p class=\"has-medium-font-size\"><strong><span style=\"text-decoration: underline\" class=\"underline\">Schulbegleitungen<\/span><\/strong><\/p>\n\n\n\n<p>Frau Fleischer, Frau Kaiser, Frau Tiegs, Frau Horn, Frau Aydin, Frau Custodis, Frau Dikmen<\/p>\n","protected":false},"excerpt":{"rendered":"<p>Schulleitung: Judith Rath Konrektorin: Silvia Kahlstatt Sekret\u00e4rin: Janine Katzmarek und Jennifer Bierbach Hausmeister: Hubertus Tschentscher Schulsozialp\u00e4dagogik: Canan Yildiran, Britta Dittrich und Madleen Kleinw\u00e4chter Personalrat: Frau G\u00e4rtner, Frau Bertram, Frau Knospe, Frau Fath Fachkonferenzleitungen: Klassenleitungen: SKG Frau Bracht 1a Frau Hoffmann 1b Frau Prokop 1c Frau Knospe 1d Frau Melchior, Frau Kahlstatt 1e Frau Sommerfeld 1f Frau Guilbert 2a Frau Zeuner 2b Herr Radespiel 2c Frau Lietzau 2d Frau Meier 2e Frau Lenkeit 2f Frau Varel 3a Frau v. B\u00fclow 3b&#8230;<\/p>\n<p class=\"read-more\"><a class=\"btn btn-default\" href=\"https:\/\/wordpress.nibis.de\/kranich\/kollegium\/\">Weiterlesen<span class=\"screen-reader-text\"> Weiterlesen<\/span><\/a><\/p>\n","protected":false},"author":9193795,"featured_media":0,"parent":0,"menu_order":0,"comment_status":"closed","ping_status":"closed","template":"","meta":{"footnotes":""},"class_list":["post-49","page","type-page","status-publish","hentry"],"_links":{"self":[{"href":"https:\/\/wordpress.nibis.de\/kranich\/wp-json\/wp\/v2\/pages\/49","targetHints":{"allow":["GET"]}}],"collection":[{"href":"https:\/\/wordpress.nibis.de\/kranich\/wp-json\/wp\/v2\/pages"}],"about":[{"href":"https:\/\/wordpress.nibis.de\/kranich\/wp-json\/wp\/v2\/types\/page"}],"author":[{"embeddable":true,"href":"https:\/\/wordpress.nibis.de\/kranich\/wp-json\/wp\/v2\/users\/9193795"}],"replies":[{"embeddable":true,"href":"https:\/\/wordpress.nibis.de\/kranich\/wp-json\/wp\/v2\/comments?post=49"}],"version-history":[{"count":33,"href":"https:\/\/wordpress.nibis.de\/kranich\/wp-json\/wp\/v2\/pages\/49\/revisions"}],"predecessor-version":[{"id":1573,"href":"https:\/\/wordpress.nibis.de\/kranich\/wp-json\/wp\/v2\/pages\/49\/revisions\/1573"}],"wp:attachment":[{"href":"https:\/\/wordpress.nibis.de\/kranich\/wp-json\/wp\/v2\/media?parent=49"}],"curies":[{"name":"wp","href":"https:\/\/api.w.org\/{rel}","templated":true}]}}