{"id":51,"date":"2021-04-24T15:17:48","date_gmt":"2021-04-24T13:17:48","guid":{"rendered":"https:\/\/wordpress.nibis.de\/kranich\/?page_id=51"},"modified":"2022-01-04T16:40:26","modified_gmt":"2022-01-04T15:40:26","slug":"unser-leitbild","status":"publish","type":"page","link":"https:\/\/wordpress.nibis.de\/kranich\/unser-leitbild\/","title":{"rendered":"Unser Leitbild"},"content":{"rendered":"\n<p>In unserer Schule sind die folgenden Prinzipien von entscheidender Wichtigkeit:<\/p>\n\n\n\n<ul class=\"wp-block-list\"><li>Eine gesundheitsf\u00f6rdernde Gestaltung des Schultages schafft die Voraussetzungen f\u00fcr lebenslanges Lernen.<\/li><\/ul>\n\n\n\n<ul class=\"wp-block-list\"><li>Wir erm\u00f6glichen individuelles Lernen und f\u00f6rdern vielf\u00e4ltige Begabungen.<\/li><\/ul>\n\n\n\n<ul class=\"wp-block-list\"><li>Wir f\u00f6rdern und fordern Sozialkompetenz.<\/li><\/ul>\n\n\n\n<ul class=\"wp-block-list\"><li>Der europ\u00e4ische Gedanke f\u00f6rdert das Miteinander und den Austausch der Nationen und bindet uns in die internationale V\u00f6lkergemeinschaft ein.<\/li><\/ul>\n\n\n\n<p><\/p>\n","protected":false},"excerpt":{"rendered":"<p>In unserer Schule sind die folgenden Prinzipien von entscheidender Wichtigkeit: Eine gesundheitsf\u00f6rdernde Gestaltung des Schultages schafft die Voraussetzungen f\u00fcr lebenslanges Lernen. Wir erm\u00f6glichen individuelles Lernen und f\u00f6rdern vielf\u00e4ltige Begabungen. Wir f\u00f6rdern und fordern Sozialkompetenz. Der europ\u00e4ische Gedanke f\u00f6rdert das Miteinander und den Austausch der Nationen und bindet uns in die internationale V\u00f6lkergemeinschaft ein.<\/p>\n","protected":false},"author":9193781,"featured_media":0,"parent":0,"menu_order":0,"comment_status":"closed","ping_status":"closed","template":"","meta":{"footnotes":""},"class_list":["post-51","page","type-page","status-publish","hentry"],"_links":{"self":[{"href":"https:\/\/wordpress.nibis.de\/kranich\/wp-json\/wp\/v2\/pages\/51","targetHints":{"allow":["GET"]}}],"collection":[{"href":"https:\/\/wordpress.nibis.de\/kranich\/wp-json\/wp\/v2\/pages"}],"about":[{"href":"https:\/\/wordpress.nibis.de\/kranich\/wp-json\/wp\/v2\/types\/page"}],"author":[{"embeddable":true,"href":"https:\/\/wordpress.nibis.de\/kranich\/wp-json\/wp\/v2\/users\/9193781"}],"replies":[{"embeddable":true,"href":"https:\/\/wordpress.nibis.de\/kranich\/wp-json\/wp\/v2\/comments?post=51"}],"version-history":[{"count":2,"href":"https:\/\/wordpress.nibis.de\/kranich\/wp-json\/wp\/v2\/pages\/51\/revisions"}],"predecessor-version":[{"id":204,"href":"https:\/\/wordpress.nibis.de\/kranich\/wp-json\/wp\/v2\/pages\/51\/revisions\/204"}],"wp:attachment":[{"href":"https:\/\/wordpress.nibis.de\/kranich\/wp-json\/wp\/v2\/media?parent=51"}],"curies":[{"name":"wp","href":"https:\/\/api.w.org\/{rel}","templated":true}]}}