{"id":57,"date":"2021-04-24T15:21:22","date_gmt":"2021-04-24T13:21:22","guid":{"rendered":"https:\/\/wordpress.nibis.de\/kranich\/?page_id=57"},"modified":"2021-08-18T16:36:50","modified_gmt":"2021-08-18T14:36:50","slug":"beratungslehrer","status":"publish","type":"page","link":"https:\/\/wordpress.nibis.de\/kranich\/beratungslehrer\/","title":{"rendered":"Beratungslehrer"},"content":{"rendered":"\n<p>Mein Name ist <strong>Dirk Bosse<\/strong>. Ich bin seit November 2003 an der Kranichdammschule als F\u00f6rderschullehrer t\u00e4tig. Seitdem unterrichte ich durchg\u00e4ngig als Klassenlehrer und haupts\u00e4chlich die F\u00e4cher Mathematik und Sport.<\/p>\n\n\n\n<div class=\"wp-block-media-text alignwide is-stacked-on-mobile\"><figure class=\"wp-block-media-text__media\"><img loading=\"lazy\" decoding=\"async\" width=\"463\" height=\"617\" src=\"https:\/\/wordpress.nibis.de\/kranich\/files\/2021\/08\/IMG_9062.jpg\" alt=\"\" class=\"wp-image-144 size-full\" srcset=\"https:\/\/wordpress.nibis.de\/kranich\/files\/2021\/08\/IMG_9062.jpg 463w, https:\/\/wordpress.nibis.de\/kranich\/files\/2021\/08\/IMG_9062-225x300.jpg 225w, https:\/\/wordpress.nibis.de\/kranich\/files\/2021\/08\/IMG_9062-203x270.jpg 203w\" sizes=\"auto, (max-width: 463px) 100vw, 463px\" \/><\/figure><div class=\"wp-block-media-text__content\">\n<p class=\"has-large-font-size\">Dirk Bosse<\/p>\n\n\n\n<p><\/p>\n<\/div><\/div>\n\n\n\n<p>Von August 2010 bis Juli 2012 habe ich an einem zweij\u00e4hrigen Weiterbildungslehrgang zum Beratungslehrer teilgenommen. Die abschlie\u00dfende Pr\u00fcfung legte ich im November 2012 ab.<\/p>\n\n\n\n<p><\/p>\n\n\n\n<p>Schon w\u00e4hrend dieser zweij\u00e4hrigen Weiterbildung habe ich begleitend als Beratungslehrer an der Kranichdammschule gearbeitet.<\/p>\n\n\n\n<p>Meine T\u00e4tigkeit bezieht sich auf die Beratung und Unterst\u00fctzung von Sch\u00fclerinnen\/ Sch\u00fcler und Erziehungsberechtigten, aber auch auf die von Kolleginnen und Kollegen.<\/p>\n\n\n\n<p>Dabei bedeutet Beratung auch, ein &#8222;offenes Ohr&#8220; f\u00fcr Probleme, \u00c4ngste und Sorgen der Ratsuchenden zu haben. Im Bereich der Elternarbeit k\u00f6nne auf Wunsch auch Kontakte zu Institutionen und\/oder therapeutischen Einrichtungen initiiert, vermittelt und auf Wunsch begleitet werden.<\/p>\n\n\n\n<p>Als Beratungslehrkraft unterst\u00fctze ich die Arbeit der unterrichtenden Lehrkr\u00e4fte und biete f\u00fcr Kinder sowohl Einzelsequenzen als auch Gruppensitzungen an. Lehrkr\u00e4fte und Erziehungsberechtigte werden in die Arbeit einbezogen.<\/p>\n\n\n\n<p>Bei der Beratung und der Betreuung von Sch\u00fclerinnen und Sch\u00fclern mit Verhaltensauff\u00e4lligkeiten arbeite ich nach dem Trainingskonzept von Petermann\/Petermann (Training mit aggressiven Kindern) und\/oder dem Gewaltpr\u00e4ventionskonzept &#8222;Faustlos&#8220; von Cierpka. Ein wesentlicher Bestandteil ist dabei auch ein Belohnungssystem, das gew\u00fcnschte Verhaltensweisen positiv verst\u00e4rkt.<\/p>\n\n\n\n<p>Ziele beim Abbau\/ Umgang mit der eigenen Aggression sollen Ruhe und Entspannung, differenzierte Wahrnehmung, Einf\u00fchlungsverm\u00f6gen, Impulskontrolle und angemessene Selbstbehauptung sein. Als \u00fcbergeordnetes Ziel wird eine positive Verhaltensmodifikation angestrebt.<\/p>\n\n\n\n<p>Sch\u00fclerinnen und Sch\u00fcler mit Aufmerksamkeitsst\u00f6rungen sollen durch die Arbeit mit dem Trainingskonzept von Lauth\/Schlottke zu einer aufmerksameren und konzentrierten Mitarbeit im Unterricht gef\u00fchrt werden.<\/p>\n\n\n\n<p>Innerhalb bestimmter Problemfelder (z.B. Mobbing), die das Zusammenleben und -lernen in der Schule regeln, arbeite ich mit der Schulsozialp\u00e4dagogin Frau Rottluff zusammen. Dazu geh\u00f6rt vor allem die Unterst\u00fctzung von Kindern bzw. Kindergruppen beim L\u00f6sen und Schlichten von Konflikten.<\/p>\n\n\n\n<p>Im Rahmen des Problemfeldes Mobbing arbeiten wir nach dem &#8222;NO-BLAME-APPROACH-Ansatz&#8220;. Dabei handelt es sich um einen Mobbing-Interventionsansatz ohne Schuldzuweisung.<\/p>\n\n\n\n<p>Eine erste <strong><span style=\"text-decoration: underline\" class=\"underline\">Kontaktaufnahme<\/span><\/strong> zu mir als Beratungslehrkraft kann durch<strong> Ansprache auf dem Schulgel\u00e4nde oder telefonisch<\/strong> erfolgen. F\u00fcr einen telefonischen Erstkontakt geben Sie bitte <strong>Ihren Namen und Ihre Telefonnummer im<\/strong> <strong>Schulsekretariat an<\/strong>. Ein entsprechender R\u00fcckruf, bei dem ein erster Gespr\u00e4chstermin vereinbart wird, erfolgt in der Regel innerhalb eines Tages.<\/p>\n","protected":false},"excerpt":{"rendered":"<p>Mein Name ist Dirk Bosse. Ich bin seit November 2003 an der Kranichdammschule als F\u00f6rderschullehrer t\u00e4tig. Seitdem unterrichte ich durchg\u00e4ngig als Klassenlehrer und haupts\u00e4chlich die F\u00e4cher Mathematik und Sport. Dirk Bosse Von August 2010 bis Juli 2012 habe ich an einem zweij\u00e4hrigen Weiterbildungslehrgang zum Beratungslehrer teilgenommen. Die abschlie\u00dfende Pr\u00fcfung legte ich im November 2012 ab. Schon w\u00e4hrend dieser zweij\u00e4hrigen Weiterbildung habe ich begleitend als Beratungslehrer an der Kranichdammschule gearbeitet. Meine T\u00e4tigkeit bezieht sich auf die Beratung und Unterst\u00fctzung von Sch\u00fclerinnen\/&#8230;<\/p>\n<p class=\"read-more\"><a class=\"btn btn-default\" href=\"https:\/\/wordpress.nibis.de\/kranich\/beratungslehrer\/\">Weiterlesen<span class=\"screen-reader-text\"> Weiterlesen<\/span><\/a><\/p>\n","protected":false},"author":9193795,"featured_media":0,"parent":0,"menu_order":0,"comment_status":"closed","ping_status":"closed","template":"","meta":{"footnotes":""},"class_list":["post-57","page","type-page","status-publish","hentry"],"_links":{"self":[{"href":"https:\/\/wordpress.nibis.de\/kranich\/wp-json\/wp\/v2\/pages\/57","targetHints":{"allow":["GET"]}}],"collection":[{"href":"https:\/\/wordpress.nibis.de\/kranich\/wp-json\/wp\/v2\/pages"}],"about":[{"href":"https:\/\/wordpress.nibis.de\/kranich\/wp-json\/wp\/v2\/types\/page"}],"author":[{"embeddable":true,"href":"https:\/\/wordpress.nibis.de\/kranich\/wp-json\/wp\/v2\/users\/9193795"}],"replies":[{"embeddable":true,"href":"https:\/\/wordpress.nibis.de\/kranich\/wp-json\/wp\/v2\/comments?post=57"}],"version-history":[{"count":6,"href":"https:\/\/wordpress.nibis.de\/kranich\/wp-json\/wp\/v2\/pages\/57\/revisions"}],"predecessor-version":[{"id":146,"href":"https:\/\/wordpress.nibis.de\/kranich\/wp-json\/wp\/v2\/pages\/57\/revisions\/146"}],"wp:attachment":[{"href":"https:\/\/wordpress.nibis.de\/kranich\/wp-json\/wp\/v2\/media?parent=57"}],"curies":[{"name":"wp","href":"https:\/\/api.w.org\/{rel}","templated":true}]}}