{"id":59,"date":"2021-04-24T15:21:56","date_gmt":"2021-04-24T13:21:56","guid":{"rendered":"https:\/\/wordpress.nibis.de\/kranich\/?page_id=59"},"modified":"2026-03-09T17:14:25","modified_gmt":"2026-03-09T16:14:25","slug":"soziale-arbeit","status":"publish","type":"page","link":"https:\/\/wordpress.nibis.de\/kranich\/soziale-arbeit\/","title":{"rendered":"Schulsozialarbeit"},"content":{"rendered":"\n<figure class=\"wp-block-image size-full\"><img loading=\"lazy\" decoding=\"async\" width=\"640\" height=\"427\" src=\"https:\/\/wordpress.nibis.de\/kranich\/files\/2026\/02\/Schulsozialpaedagogik_2026.png\" alt=\"\" class=\"wp-image-1601\" srcset=\"https:\/\/wordpress.nibis.de\/kranich\/files\/2026\/02\/Schulsozialpaedagogik_2026.png 640w, https:\/\/wordpress.nibis.de\/kranich\/files\/2026\/02\/Schulsozialpaedagogik_2026-300x200.png 300w, https:\/\/wordpress.nibis.de\/kranich\/files\/2026\/02\/Schulsozialpaedagogik_2026-100x67.png 100w, https:\/\/wordpress.nibis.de\/kranich\/files\/2026\/02\/Schulsozialpaedagogik_2026-405x270.png 405w\" sizes=\"auto, (max-width: 640px) 100vw, 640px\" \/><\/figure>\n\n\n\n<p>Wir sind <strong>Britta Dittrich, Madleen Kleinw\u00e4chter und Canan Yildiran<\/strong> und als Schulsozialarbeiterinnen an dieser Schule t\u00e4tig.<\/p>\n\n\n\n<p>Im Folgenden m\u00f6chten wir einen kurzen \u00dcberblick \u00fcber unsere Arbeit geben.<\/p>\n\n\n\n<p>Zum gr\u00f6\u00dften Teil unserer Arbeit z\u00e4hlt die Beratung, die sich an folgende Personengruppen wendet:<\/p>\n\n\n\n<p><strong>Sch\u00fclerinnen und Sch\u00fcler<\/strong><\/p>\n\n\n\n<ul class=\"wp-block-list\">\n<li>Beratung\/ Unterst\u00fctzung bei pers\u00f6nlichen Fragen oder Problemen in der Schule oder im Elternhaus<\/li>\n<\/ul>\n\n\n\n<p><strong>Eltern bzw. Erziehungsberechtigte<\/strong><\/p>\n\n\n\n<ul class=\"wp-block-list\">\n<li>Beratung\/ Unterst\u00fctzung bei p\u00e4dagogischen Fragen<\/li>\n\n\n\n<li>Hilfe bei der Vermittlung von au\u00dferschulischen Institutionen<\/li>\n\n\n\n<li>Unterst\u00fctzung in der \u00dcbersetzung (t\u00fcrkisch) bei Gespr\u00e4chen in der Schule<\/li>\n<\/ul>\n\n\n\n<p><strong>Lehrerinnen und Lehrer<\/strong><\/p>\n\n\n\n<ul class=\"wp-block-list\">\n<li>Beratung\/ Unterst\u00fctzung bei Fragen oder individuellen Problemlagen mit einzelnen Sch\u00fclerInnen oder mit der Klasse<\/li>\n<\/ul>\n\n\n\n<p>Aufgrund unserer Schweigepflicht werden alle Beratungsangebote vertraulich behandelt. Selbstverst\u00e4ndlich sind diese auch freiwillig und kostenlos.<\/p>\n\n\n\n<p>Des Weiteren z\u00e4hlt zu unseren Aufgaben:<\/p>\n\n\n\n<p><strong>Sozialtraining<\/strong><\/p>\n\n\n\n<ul class=\"wp-block-list\">\n<li>Planung und Durchf\u00fchrung von sozialen \u00dcbungen in den Klassen oder mit einzelnen Sch\u00fclerinnen und Sch\u00fclern, um das soziale Verhalten und das Gemeinschaftsgef\u00fchl zu st\u00e4rken<\/li>\n<\/ul>\n\n\n\n<p><strong>Ausbildung von Streitschlichterinnen und Streitschlichtern<\/strong><\/p>\n\n\n\n<ul class=\"wp-block-list\">\n<li>Sch\u00fclerinnen und Sch\u00fcler des 3. Jahrgangs werden zu Streitschlichterinnen und Streitschlichtern ausgebildet, die sie ab dem 4. Jahrgang aus\u00fcben k\u00f6nnen.<\/li>\n<\/ul>\n\n\n\n<p><strong>Pr\u00e4ventionsarbeit<\/strong><\/p>\n\n\n\n<ul class=\"wp-block-list\">\n<li>Angebote zu Themen wie z.B.: Gewalt, Sucht oder Mobbing<\/li>\n<\/ul>\n\n\n\n<p><strong>Netzwerkarbeit<\/strong><\/p>\n\n\n\n<ul class=\"wp-block-list\">\n<li>Unterst\u00fctzung beim Kontakt mit anderen Schulen oder au\u00dferschulischen Institutionen, wie \u00c4mtern, Vereinen oder Jugendeinrichtungen<\/li>\n\n\n\n<li>Austausch mit Schulsozialarbeiterinnen und Schulsozialarbeitern der Schulen aus Salzgitter<\/li>\n<\/ul>\n\n\n\n<p><\/p>\n\n\n\n<p>Bei Fragen oder Terminvereinbarungen k\u00f6nnen Sie uns wie folgt erreichen:<\/p>\n\n\n\n<p><strong>Canan Yildiran<\/strong><\/p>\n\n\n\n<p>Mo &#8211; Fr: 8.00 &#8211; 14.00 Uhr                      <\/p>\n\n\n\n<p>Tel.: 0160-90158224<\/p>\n\n\n\n<p><a href=\"&#x6d;&#x61;&#x69;&#x6c;&#x74;&#x6f;&#x3a;&#x63;&#x61;&#x6e;&#x61;&#x6e;&#x2e;&#x79;&#105;&#108;&#100;&#105;&#114;&#97;&#110;&#64;&#107;&#100;&#45;schule&#46;d&#x65;\" data-type=\"mailto\" data-id=\"&#x6d;&#x61;&#x69;&#x6c;&#x74;&#x6f;&#x3a;&#x63;&#x61;&#x6e;&#x61;&#x6e;&#x2e;&#x79;&#105;&#108;&#100;&#105;&#114;&#97;&#110;&#64;&#107;&#100;&#45;schule&#46;d&#x65;\" target=\"_blank\" rel=\"noreferrer noopener\">&#x63;&#97;n&#x61;&#110;&#46;&#x79;&#105;l&#x64;&#105;r&#x61;&#110;&#64;&#x6b;&#x64;-&#x73;&#x63;&#104;&#x75;&#x6c;&#101;&#x2e;&#x64;&#101;<\/a><\/p>\n\n\n\n<p><strong>Britta Dittrich<\/strong><\/p>\n\n\n\n<p>Mo &#8211; Fr: 8.30 &#8211; 11.30 Uhr<\/p>\n\n\n\n<p>Tel.: 0171-5572660<\/p>\n\n\n\n<p><a href=\"&#109;&#x61;&#x69;&#108;&#x74;&#x6f;:&#x42;&#x72;i&#116;&#x74;a&#46;&#x64;i&#116;&#x74;r&#105;&#x63;h&#64;&#x73;&#x74;&#97;&#x64;&#x74;&#46;&#x73;&#x61;l&#x7a;&#x67;i&#116;&#x74;e&#114;&#x2e;d&#101;\">britta&#46;&#100;&#105;&#116;&#116;&#114;&#105;&#x63;&#x68;&#x40;&#x73;&#x74;&#x61;&#x64;&#x74;&#x2e;&#x73;&#x61;&#x6c;zgitte&#114;&#46;&#100;&#101;<\/a><\/p>\n\n\n\n<p><strong>Madleen Kleinw\u00e4chter<\/strong><\/p>\n\n\n\n<p>Mo &#8211; Do: 8.00 &#8211; 15.30 Uhr<\/p>\n\n\n\n<p>Fr: 8.00 &#8211; 14.00 Uhr<\/p>\n\n\n\n<p>Tel: 0162-6164476<\/p>\n\n\n\n<p><a href=\"&#109;a&#105;l&#116;o&#x3a;m&#x61;d&#x6c;e&#x65;n&#x2e;k&#x6c;e&#x69;n&#x77;a&#x65;c&#x68;&#116;&#x65;&#114;&#x40;&#107;&#x64;&#45;&#x73;&#99;&#x68;&#117;&#x6c;&#101;&#x2e;&#100;&#x65;\">&#109;&#x61;&#x64;l&#101;&#x65;n&#46;&#x6b;l&#101;&#x69;n&#119;&#x61;&#x65;&#99;&#x68;&#x74;e&#114;&#x40;k&#100;&#x2d;s&#99;&#x68;&#x75;&#108;&#x65;&#x2e;d&#101;<\/a><\/p>\n","protected":false},"excerpt":{"rendered":"<p>Wir sind Britta Dittrich, Madleen Kleinw\u00e4chter und Canan Yildiran und als Schulsozialarbeiterinnen an dieser Schule t\u00e4tig. Im Folgenden m\u00f6chten wir einen kurzen \u00dcberblick \u00fcber unsere Arbeit geben. Zum gr\u00f6\u00dften Teil unserer Arbeit z\u00e4hlt die Beratung, die sich an folgende Personengruppen wendet: Sch\u00fclerinnen und Sch\u00fcler Eltern bzw. Erziehungsberechtigte Lehrerinnen und Lehrer Aufgrund unserer Schweigepflicht werden alle Beratungsangebote vertraulich behandelt. Selbstverst\u00e4ndlich sind diese auch freiwillig und kostenlos. Des Weiteren z\u00e4hlt zu unseren Aufgaben: Sozialtraining Ausbildung von Streitschlichterinnen und Streitschlichtern Pr\u00e4ventionsarbeit Netzwerkarbeit Bei&#8230;<\/p>\n<p class=\"read-more\"><a class=\"btn btn-default\" href=\"https:\/\/wordpress.nibis.de\/kranich\/soziale-arbeit\/\">Weiterlesen<span class=\"screen-reader-text\"> Weiterlesen<\/span><\/a><\/p>\n","protected":false},"author":9193781,"featured_media":0,"parent":0,"menu_order":0,"comment_status":"closed","ping_status":"closed","template":"","meta":{"footnotes":""},"class_list":["post-59","page","type-page","status-publish","hentry"],"_links":{"self":[{"href":"https:\/\/wordpress.nibis.de\/kranich\/wp-json\/wp\/v2\/pages\/59","targetHints":{"allow":["GET"]}}],"collection":[{"href":"https:\/\/wordpress.nibis.de\/kranich\/wp-json\/wp\/v2\/pages"}],"about":[{"href":"https:\/\/wordpress.nibis.de\/kranich\/wp-json\/wp\/v2\/types\/page"}],"author":[{"embeddable":true,"href":"https:\/\/wordpress.nibis.de\/kranich\/wp-json\/wp\/v2\/users\/9193781"}],"replies":[{"embeddable":true,"href":"https:\/\/wordpress.nibis.de\/kranich\/wp-json\/wp\/v2\/comments?post=59"}],"version-history":[{"count":42,"href":"https:\/\/wordpress.nibis.de\/kranich\/wp-json\/wp\/v2\/pages\/59\/revisions"}],"predecessor-version":[{"id":1651,"href":"https:\/\/wordpress.nibis.de\/kranich\/wp-json\/wp\/v2\/pages\/59\/revisions\/1651"}],"wp:attachment":[{"href":"https:\/\/wordpress.nibis.de\/kranich\/wp-json\/wp\/v2\/media?parent=59"}],"curies":[{"name":"wp","href":"https:\/\/api.w.org\/{rel}","templated":true}]}}