{"id":591,"date":"2022-03-10T18:23:03","date_gmt":"2022-03-10T17:23:03","guid":{"rendered":"https:\/\/wordpress.nibis.de\/kranich\/?page_id=591"},"modified":"2025-09-14T18:10:18","modified_gmt":"2025-09-14T16:10:18","slug":"projekt-brotzeit-fuer-kinder","status":"publish","type":"page","link":"https:\/\/wordpress.nibis.de\/kranich\/projekt-brotzeit-fuer-kinder\/","title":{"rendered":"Unser &#8222;brotZeit&#8220;-Projekt &#8211; Gemeinsam in den Tag starten"},"content":{"rendered":"\n<p>Im Rahmen des Projekts <strong>&#8222;brotZeit&#8220;<\/strong> k\u00f6nnen unsere Sch\u00fclerinnen und Sch\u00fcler jeden Morgen ein kostenloses Fr\u00fchst\u00fcck genie\u00dfen!<\/p>\n\n\n\n<p><strong>Wann?<\/strong><\/p>\n\n\n\n<p><strong>T\u00e4glich von 7.15 bis 7.45 Uhr<\/strong>  &#8211; also noch vor Unterrichtsbeginn &#8211; \u00f6ffnet die Mensa ihre T\u00fcren f\u00fcr alle hungrigen Fr\u00fchaufsteher.<\/p>\n\n\n\n<p><strong>Wo?<\/strong><\/p>\n\n\n\n<p>Der Zugang zur <strong>Mensa<\/strong> erfolgt \u00fcber den Eingang am Kranichdamm.<\/p>\n\n\n\n<p>Bei einem gemeinsamen Fr\u00fchst\u00fcck in ruhiger Atmosph\u00e4re k\u00f6nnen die Kinder gest\u00e4rkt und entspannt in den Schultag starten. Es gibt eine Auswahl an gesunden und leckeren Lebensmitteln &#8211; perfekt, um konzentriert und voller Energie zu lernen.<\/p>\n\n\n\n<p>Ein herzliches Dankesch\u00f6n an alle Helferinnen und Helfer, die dieses Projekt m\u00f6glich machen!<\/p>\n\n\n\n<p>Wir freuen uns \u00fcber alle Kinder, die das Angebot nutzen m\u00f6chten &#8211; kommt einfach vorbei!<\/p>\n\n\n\n<figure class=\"wp-block-gallery has-nested-images columns-default is-cropped is-style-tw-img-frame wp-block-gallery-1 is-layout-flex wp-block-gallery-is-layout-flex\">\n<figure class=\"wp-block-image size-large is-style-tw-rounded-corners\"><img loading=\"lazy\" decoding=\"async\" width=\"240\" height=\"320\" data-id=\"680\" src=\"https:\/\/wordpress.nibis.de\/kranich\/files\/2022\/03\/IMG_9271.jpg\" alt=\"\" class=\"wp-image-680\" srcset=\"https:\/\/wordpress.nibis.de\/kranich\/files\/2022\/03\/IMG_9271.jpg 240w, https:\/\/wordpress.nibis.de\/kranich\/files\/2022\/03\/IMG_9271-225x300.jpg 225w, https:\/\/wordpress.nibis.de\/kranich\/files\/2022\/03\/IMG_9271-203x270.jpg 203w\" sizes=\"auto, (max-width: 240px) 100vw, 240px\" \/><\/figure>\n\n\n\n<figure class=\"wp-block-image size-large is-style-tw-rounded-corners\"><img loading=\"lazy\" decoding=\"async\" width=\"240\" height=\"320\" data-id=\"683\" src=\"https:\/\/wordpress.nibis.de\/kranich\/files\/2022\/03\/IMG_9274.jpg\" alt=\"\" class=\"wp-image-683\" srcset=\"https:\/\/wordpress.nibis.de\/kranich\/files\/2022\/03\/IMG_9274.jpg 240w, https:\/\/wordpress.nibis.de\/kranich\/files\/2022\/03\/IMG_9274-225x300.jpg 225w, https:\/\/wordpress.nibis.de\/kranich\/files\/2022\/03\/IMG_9274-203x270.jpg 203w\" sizes=\"auto, (max-width: 240px) 100vw, 240px\" \/><\/figure>\n\n\n\n<figure class=\"wp-block-image size-large is-style-tw-rounded-corners\"><img loading=\"lazy\" decoding=\"async\" width=\"320\" height=\"240\" data-id=\"593\" src=\"https:\/\/wordpress.nibis.de\/kranich\/files\/2022\/03\/55e017a3-c9f6-4c0b-ad74-d8c840350b44-e1647784156626.jpg\" alt=\"\" class=\"wp-image-593\" \/><\/figure>\n\n\n\n<figure class=\"wp-block-image size-large is-style-tw-rounded-corners\"><img loading=\"lazy\" decoding=\"async\" width=\"800\" height=\"600\" data-id=\"1011\" src=\"https:\/\/wordpress.nibis.de\/kranich\/files\/2022\/12\/IMG_0783.jpg\" alt=\"\" class=\"wp-image-1011\" srcset=\"https:\/\/wordpress.nibis.de\/kranich\/files\/2022\/12\/IMG_0783.jpg 800w, https:\/\/wordpress.nibis.de\/kranich\/files\/2022\/12\/IMG_0783-300x225.jpg 300w, https:\/\/wordpress.nibis.de\/kranich\/files\/2022\/12\/IMG_0783-768x576.jpg 768w, https:\/\/wordpress.nibis.de\/kranich\/files\/2022\/12\/IMG_0783-360x270.jpg 360w\" sizes=\"auto, (max-width: 800px) 100vw, 800px\" \/><\/figure>\n\n\n\n<figure class=\"wp-block-image size-large is-style-tw-rounded-corners\"><img loading=\"lazy\" decoding=\"async\" width=\"800\" height=\"600\" data-id=\"1015\" src=\"https:\/\/wordpress.nibis.de\/kranich\/files\/2022\/12\/IMG_0784.jpg\" alt=\"\" class=\"wp-image-1015\" srcset=\"https:\/\/wordpress.nibis.de\/kranich\/files\/2022\/12\/IMG_0784.jpg 800w, https:\/\/wordpress.nibis.de\/kranich\/files\/2022\/12\/IMG_0784-300x225.jpg 300w, https:\/\/wordpress.nibis.de\/kranich\/files\/2022\/12\/IMG_0784-768x576.jpg 768w, https:\/\/wordpress.nibis.de\/kranich\/files\/2022\/12\/IMG_0784-360x270.jpg 360w\" sizes=\"auto, (max-width: 800px) 100vw, 800px\" \/><\/figure>\n\n\n\n<figure class=\"wp-block-image size-large is-style-tw-rounded-corners\"><img loading=\"lazy\" decoding=\"async\" width=\"800\" height=\"600\" data-id=\"1012\" src=\"https:\/\/wordpress.nibis.de\/kranich\/files\/2022\/12\/IMG_0785.jpg\" alt=\"\" class=\"wp-image-1012\" srcset=\"https:\/\/wordpress.nibis.de\/kranich\/files\/2022\/12\/IMG_0785.jpg 800w, https:\/\/wordpress.nibis.de\/kranich\/files\/2022\/12\/IMG_0785-300x225.jpg 300w, https:\/\/wordpress.nibis.de\/kranich\/files\/2022\/12\/IMG_0785-768x576.jpg 768w, https:\/\/wordpress.nibis.de\/kranich\/files\/2022\/12\/IMG_0785-360x270.jpg 360w\" sizes=\"auto, (max-width: 800px) 100vw, 800px\" \/><\/figure>\n\n\n\n<figure class=\"wp-block-image size-large is-style-tw-rounded-corners\"><img loading=\"lazy\" decoding=\"async\" width=\"800\" height=\"600\" data-id=\"1013\" src=\"https:\/\/wordpress.nibis.de\/kranich\/files\/2022\/12\/IMG_0786.jpg\" alt=\"\" class=\"wp-image-1013\" srcset=\"https:\/\/wordpress.nibis.de\/kranich\/files\/2022\/12\/IMG_0786.jpg 800w, https:\/\/wordpress.nibis.de\/kranich\/files\/2022\/12\/IMG_0786-300x225.jpg 300w, https:\/\/wordpress.nibis.de\/kranich\/files\/2022\/12\/IMG_0786-768x576.jpg 768w, https:\/\/wordpress.nibis.de\/kranich\/files\/2022\/12\/IMG_0786-360x270.jpg 360w\" sizes=\"auto, (max-width: 800px) 100vw, 800px\" \/><\/figure>\n\n\n\n<figure class=\"wp-block-image size-large is-style-tw-rounded-corners\"><img loading=\"lazy\" decoding=\"async\" width=\"800\" height=\"600\" data-id=\"1014\" src=\"https:\/\/wordpress.nibis.de\/kranich\/files\/2022\/12\/IMG_0787.jpg\" alt=\"\" class=\"wp-image-1014\" srcset=\"https:\/\/wordpress.nibis.de\/kranich\/files\/2022\/12\/IMG_0787.jpg 800w, https:\/\/wordpress.nibis.de\/kranich\/files\/2022\/12\/IMG_0787-300x225.jpg 300w, https:\/\/wordpress.nibis.de\/kranich\/files\/2022\/12\/IMG_0787-768x576.jpg 768w, https:\/\/wordpress.nibis.de\/kranich\/files\/2022\/12\/IMG_0787-360x270.jpg 360w\" sizes=\"auto, (max-width: 800px) 100vw, 800px\" \/><\/figure>\n\n\n\n<figure class=\"wp-block-image size-large is-style-tw-rounded-corners\"><img loading=\"lazy\" decoding=\"async\" width=\"800\" height=\"600\" data-id=\"1016\" src=\"https:\/\/wordpress.nibis.de\/kranich\/files\/2022\/12\/IMG_0788.jpg\" alt=\"\" class=\"wp-image-1016\" srcset=\"https:\/\/wordpress.nibis.de\/kranich\/files\/2022\/12\/IMG_0788.jpg 800w, https:\/\/wordpress.nibis.de\/kranich\/files\/2022\/12\/IMG_0788-300x225.jpg 300w, https:\/\/wordpress.nibis.de\/kranich\/files\/2022\/12\/IMG_0788-768x576.jpg 768w, https:\/\/wordpress.nibis.de\/kranich\/files\/2022\/12\/IMG_0788-360x270.jpg 360w\" sizes=\"auto, (max-width: 800px) 100vw, 800px\" \/><\/figure>\n\n\n\n<figure class=\"wp-block-image size-large is-style-tw-rounded-corners\"><img loading=\"lazy\" decoding=\"async\" width=\"800\" height=\"600\" data-id=\"1017\" src=\"https:\/\/wordpress.nibis.de\/kranich\/files\/2022\/12\/IMG_0791.jpg\" alt=\"\" class=\"wp-image-1017\" srcset=\"https:\/\/wordpress.nibis.de\/kranich\/files\/2022\/12\/IMG_0791.jpg 800w, https:\/\/wordpress.nibis.de\/kranich\/files\/2022\/12\/IMG_0791-300x225.jpg 300w, https:\/\/wordpress.nibis.de\/kranich\/files\/2022\/12\/IMG_0791-768x576.jpg 768w, https:\/\/wordpress.nibis.de\/kranich\/files\/2022\/12\/IMG_0791-360x270.jpg 360w\" sizes=\"auto, (max-width: 800px) 100vw, 800px\" \/><\/figure>\n\n\n\n<figure class=\"wp-block-image size-large is-style-tw-rounded-corners\"><img loading=\"lazy\" decoding=\"async\" width=\"800\" height=\"600\" data-id=\"1018\" src=\"https:\/\/wordpress.nibis.de\/kranich\/files\/2022\/12\/IMG_0793.jpg\" alt=\"\" class=\"wp-image-1018\" srcset=\"https:\/\/wordpress.nibis.de\/kranich\/files\/2022\/12\/IMG_0793.jpg 800w, https:\/\/wordpress.nibis.de\/kranich\/files\/2022\/12\/IMG_0793-300x225.jpg 300w, https:\/\/wordpress.nibis.de\/kranich\/files\/2022\/12\/IMG_0793-768x576.jpg 768w, https:\/\/wordpress.nibis.de\/kranich\/files\/2022\/12\/IMG_0793-360x270.jpg 360w\" sizes=\"auto, (max-width: 800px) 100vw, 800px\" \/><\/figure>\n\n\n\n<figure class=\"wp-block-image size-large is-style-tw-rounded-corners\"><img loading=\"lazy\" decoding=\"async\" width=\"800\" height=\"600\" data-id=\"1019\" src=\"https:\/\/wordpress.nibis.de\/kranich\/files\/2022\/12\/IMG_0794.jpg\" alt=\"\" class=\"wp-image-1019\" srcset=\"https:\/\/wordpress.nibis.de\/kranich\/files\/2022\/12\/IMG_0794.jpg 800w, https:\/\/wordpress.nibis.de\/kranich\/files\/2022\/12\/IMG_0794-300x225.jpg 300w, https:\/\/wordpress.nibis.de\/kranich\/files\/2022\/12\/IMG_0794-768x576.jpg 768w, https:\/\/wordpress.nibis.de\/kranich\/files\/2022\/12\/IMG_0794-360x270.jpg 360w\" sizes=\"auto, (max-width: 800px) 100vw, 800px\" \/><\/figure>\n<\/figure>\n","protected":false},"excerpt":{"rendered":"<p>Im Rahmen des Projekts &#8222;brotZeit&#8220; k\u00f6nnen unsere Sch\u00fclerinnen und Sch\u00fcler jeden Morgen ein kostenloses Fr\u00fchst\u00fcck genie\u00dfen! Wann? T\u00e4glich von 7.15 bis 7.45 Uhr &#8211; also noch vor Unterrichtsbeginn &#8211; \u00f6ffnet die Mensa ihre T\u00fcren f\u00fcr alle hungrigen Fr\u00fchaufsteher. Wo? Der Zugang zur Mensa erfolgt \u00fcber den Eingang am Kranichdamm. Bei einem gemeinsamen Fr\u00fchst\u00fcck in ruhiger Atmosph\u00e4re k\u00f6nnen die Kinder gest\u00e4rkt und entspannt in den Schultag starten. Es gibt eine Auswahl an gesunden und leckeren Lebensmitteln &#8211; perfekt, um konzentriert und&#8230;<\/p>\n<p class=\"read-more\"><a class=\"btn btn-default\" href=\"https:\/\/wordpress.nibis.de\/kranich\/projekt-brotzeit-fuer-kinder\/\">Weiterlesen<span class=\"screen-reader-text\"> Weiterlesen<\/span><\/a><\/p>\n","protected":false},"author":9193781,"featured_media":0,"parent":0,"menu_order":0,"comment_status":"closed","ping_status":"closed","template":"","meta":{"footnotes":""},"class_list":["post-591","page","type-page","status-publish","hentry"],"_links":{"self":[{"href":"https:\/\/wordpress.nibis.de\/kranich\/wp-json\/wp\/v2\/pages\/591","targetHints":{"allow":["GET"]}}],"collection":[{"href":"https:\/\/wordpress.nibis.de\/kranich\/wp-json\/wp\/v2\/pages"}],"about":[{"href":"https:\/\/wordpress.nibis.de\/kranich\/wp-json\/wp\/v2\/types\/page"}],"author":[{"embeddable":true,"href":"https:\/\/wordpress.nibis.de\/kranich\/wp-json\/wp\/v2\/users\/9193781"}],"replies":[{"embeddable":true,"href":"https:\/\/wordpress.nibis.de\/kranich\/wp-json\/wp\/v2\/comments?post=591"}],"version-history":[{"count":12,"href":"https:\/\/wordpress.nibis.de\/kranich\/wp-json\/wp\/v2\/pages\/591\/revisions"}],"predecessor-version":[{"id":1451,"href":"https:\/\/wordpress.nibis.de\/kranich\/wp-json\/wp\/v2\/pages\/591\/revisions\/1451"}],"wp:attachment":[{"href":"https:\/\/wordpress.nibis.de\/kranich\/wp-json\/wp\/v2\/media?parent=591"}],"curies":[{"name":"wp","href":"https:\/\/api.w.org\/{rel}","templated":true}]}}