{"id":64,"date":"2021-04-24T15:23:02","date_gmt":"2021-04-24T13:23:02","guid":{"rendered":"https:\/\/wordpress.nibis.de\/kranich\/?page_id=64"},"modified":"2022-01-04T10:45:45","modified_gmt":"2022-01-04T09:45:45","slug":"ganztag","status":"publish","type":"page","link":"https:\/\/wordpress.nibis.de\/kranich\/ganztag\/","title":{"rendered":"Ganztag"},"content":{"rendered":"\n<p class=\"has-medium-font-size\"><strong><span style=\"text-decoration: underline\" class=\"underline\">Vorwort<\/span><\/strong><\/p>\n\n\n\n<p>Unsere Gesellschaft ist gepr\u00e4gt von stetigen Ver\u00e4nderungsprozessen, die in alle relevanten Bereiche einwirken. Auf diese Prozesse muss auch Schule reagieren.<\/p>\n\n\n\n<p>Dabei stehen Bildung und Erziehung im Fokus aller Entscheidungen und Vorhaben, um Kinder zu bef\u00e4higen, ihren Teil an der Zukunft einer globalisierten und inklusiven Gesellschaft zu leisten.<\/p>\n\n\n\n<p>Schule steht nicht mehr f\u00fcr sich allein, sondern ist ein wesentlicher Faktor des gesellschaftlichen Wandels: Sch\u00fclerinnen und Sch\u00fcler \u00fcbernehmen Verantwortung f\u00fcr ihr eigenes Leben und f\u00fcr Andere. Sie nutzen und erweitern die Rahmenbedingungen von Schule und Gesellschaft, um in der digitalen und inklusiven Informationsgesellschaft von morgen Prozesse mitverantworten und mitgehalten zu k\u00f6nnen.<\/p>\n\n\n\n<p><\/p>\n\n\n\n<p class=\"has-medium-font-size\"><strong><span style=\"text-decoration: underline\" class=\"underline\">Angebote<\/span><\/strong><\/p>\n\n\n\n<p>Im Rahmen der Arbeitsgemeinschaften gibt es Angebote im fachlichen, im sozialen und im sportlichen Bereich: Sport und Spiele, kreatives Basteln und gestaltendes Werken, Kommunikation, Lesen und Erz\u00e4hlen sowie (Geschichten-)schreiben, gesunde Ern\u00e4hrung, Sprachen und Musik sollen dabei zum Kernangebot geh\u00f6ren.<\/p>\n\n\n\n<p>Die Sch\u00fclerinnen und Sch\u00fcler sollen im Ganztagsbereich an unterschiedlichen Arbeitsgemeinschaften teilnehmen, um sich erproben zu k\u00f6nnen und um eigene St\u00e4rke zu erkennen bzw. weiterzuentwickeln.<\/p>\n\n\n\n<p>Schwerpunkte sind die F\u00f6rderung elementarer Kompetenzen und des sozialen Miteinanders. Dabei wird auf individuelles Lernen und die F\u00f6rderung besonderer F\u00e4higkeiten gro\u00dfen Wert gelegt.<\/p>\n\n\n\n<p>Die Kolleginnen, Kollegen und p\u00e4dagogische Mitarbeiterinnen \u00fcbernehmen zum Teil auch im Rahmen des Ganztags Nachmittagsangebote, da gerade in dieser Verkn\u00fcpfung ein p\u00e4dagogischer Gewinn (Lerneffizienz, p\u00e4dagogische Grunds\u00e4tze, personaler Bezug) liegt.<\/p>\n\n\n\n<p><\/p>\n\n\n\n<p class=\"has-medium-font-size\"><strong><span style=\"text-decoration: underline\" class=\"underline\">Mittagessen durch Meyer Men\u00fc<\/span><\/strong><\/p>\n\n\n\n<pre class=\"wp-block-code\"><code><a rel=\"noreferrer noopener\" href=\"http:\/\/www.meyer-menue.de\" target=\"_blank\">http:\/\/www.meyer-menue.de<\/a><\/code><\/pre>\n","protected":false},"excerpt":{"rendered":"<p>Vorwort Unsere Gesellschaft ist gepr\u00e4gt von stetigen Ver\u00e4nderungsprozessen, die in alle relevanten Bereiche einwirken. Auf diese Prozesse muss auch Schule reagieren. Dabei stehen Bildung und Erziehung im Fokus aller Entscheidungen und Vorhaben, um Kinder zu bef\u00e4higen, ihren Teil an der Zukunft einer globalisierten und inklusiven Gesellschaft zu leisten. Schule steht nicht mehr f\u00fcr sich allein, sondern ist ein wesentlicher Faktor des gesellschaftlichen Wandels: Sch\u00fclerinnen und Sch\u00fcler \u00fcbernehmen Verantwortung f\u00fcr ihr eigenes Leben und f\u00fcr Andere. Sie nutzen und erweitern die&#8230;<\/p>\n<p class=\"read-more\"><a class=\"btn btn-default\" href=\"https:\/\/wordpress.nibis.de\/kranich\/ganztag\/\">Weiterlesen<span class=\"screen-reader-text\"> Weiterlesen<\/span><\/a><\/p>\n","protected":false},"author":9193795,"featured_media":0,"parent":0,"menu_order":0,"comment_status":"closed","ping_status":"closed","template":"","meta":{"footnotes":""},"class_list":["post-64","page","type-page","status-publish","hentry"],"_links":{"self":[{"href":"https:\/\/wordpress.nibis.de\/kranich\/wp-json\/wp\/v2\/pages\/64","targetHints":{"allow":["GET"]}}],"collection":[{"href":"https:\/\/wordpress.nibis.de\/kranich\/wp-json\/wp\/v2\/pages"}],"about":[{"href":"https:\/\/wordpress.nibis.de\/kranich\/wp-json\/wp\/v2\/types\/page"}],"author":[{"embeddable":true,"href":"https:\/\/wordpress.nibis.de\/kranich\/wp-json\/wp\/v2\/users\/9193795"}],"replies":[{"embeddable":true,"href":"https:\/\/wordpress.nibis.de\/kranich\/wp-json\/wp\/v2\/comments?post=64"}],"version-history":[{"count":6,"href":"https:\/\/wordpress.nibis.de\/kranich\/wp-json\/wp\/v2\/pages\/64\/revisions"}],"predecessor-version":[{"id":195,"href":"https:\/\/wordpress.nibis.de\/kranich\/wp-json\/wp\/v2\/pages\/64\/revisions\/195"}],"wp:attachment":[{"href":"https:\/\/wordpress.nibis.de\/kranich\/wp-json\/wp\/v2\/media?parent=64"}],"curies":[{"name":"wp","href":"https:\/\/api.w.org\/{rel}","templated":true}]}}