{"id":66,"date":"2021-04-24T15:23:41","date_gmt":"2021-04-24T13:23:41","guid":{"rendered":"https:\/\/wordpress.nibis.de\/kranich\/?page_id=66"},"modified":"2022-01-26T16:41:59","modified_gmt":"2022-01-26T15:41:59","slug":"medienkompetenz","status":"publish","type":"page","link":"https:\/\/wordpress.nibis.de\/kranich\/medienkompetenz\/","title":{"rendered":"Medienbildung"},"content":{"rendered":"\n<p>Kinder im Grundschulalter bringen unterschiedliche Voraussetzungen und Interesse im Bereich der digitalen Medien (Notebooks, Smartphones, Tablets, digitale Haushaltsger\u00e4te &#8230;) aus ihrem Alltag mit in die Schule.<\/p>\n\n\n\n<p>In unserer Schule m\u00f6chten wir die Kinder einerseits vor gef\u00e4hrdenden Medienangeboten versuchen zu sch\u00fctzen bzw. ihnen &#8222;Handwerkszeuge&#8220; mitgeben, um Medienangebote besser einsch\u00e4tzen zu k\u00f6nnen. Andererseits m\u00f6chten wir digitale Medien f\u00fcr das Lehren und Lernen zur Erschlie\u00dfung der Umwelt und als Innovation unseres Unterrichts nutzen.<\/p>\n\n\n\n<p>Dazu w\u00e4hlen und nutzen wir vorhandene Medienangebote aus, um Informationen im Unterricht zu recherchieren, mit geeigneten Apps (Bsp. Antolin, Anton) zu lernen, zu unterhalten und um zu kommunizieren. Auch lernen die Kinder zunehmend die Gestaltung und Verbreitung eigener Medienbeitr\u00e4ge (z.B. Erstellung und Bearbeitung von Fotos, digitalen Bilderb\u00fcchern).<\/p>\n\n\n\n<p>F\u00fcr jede Klasse stehen Tablets bereit, die f\u00fcr den Einsatz im Unterricht ausgeliehen werden k\u00f6nnen. Die Kinder werden ab der 1. Klasse \/ dem Schulkindergarten kindgerecht an den Umgang herangef\u00fchrt. Je nach Schuljahr und Stand werden der Umfang und die Art der Nutzung erweitert, ohne den Unterricht zu dominieren bzw. die Kinder zu \u00fcberfordern.<\/p>\n\n\n\n<p><\/p>\n","protected":false},"excerpt":{"rendered":"<p>Kinder im Grundschulalter bringen unterschiedliche Voraussetzungen und Interesse im Bereich der digitalen Medien (Notebooks, Smartphones, Tablets, digitale Haushaltsger\u00e4te &#8230;) aus ihrem Alltag mit in die Schule. In unserer Schule m\u00f6chten wir die Kinder einerseits vor gef\u00e4hrdenden Medienangeboten versuchen zu sch\u00fctzen bzw. ihnen &#8222;Handwerkszeuge&#8220; mitgeben, um Medienangebote besser einsch\u00e4tzen zu k\u00f6nnen. Andererseits m\u00f6chten wir digitale Medien f\u00fcr das Lehren und Lernen zur Erschlie\u00dfung der Umwelt und als Innovation unseres Unterrichts nutzen. Dazu w\u00e4hlen und nutzen wir vorhandene Medienangebote aus, um Informationen&#8230;<\/p>\n<p class=\"read-more\"><a class=\"btn btn-default\" href=\"https:\/\/wordpress.nibis.de\/kranich\/medienkompetenz\/\">Weiterlesen<span class=\"screen-reader-text\"> Weiterlesen<\/span><\/a><\/p>\n","protected":false},"author":9193781,"featured_media":0,"parent":0,"menu_order":0,"comment_status":"closed","ping_status":"closed","template":"","meta":{"footnotes":""},"class_list":["post-66","page","type-page","status-publish","hentry"],"_links":{"self":[{"href":"https:\/\/wordpress.nibis.de\/kranich\/wp-json\/wp\/v2\/pages\/66","targetHints":{"allow":["GET"]}}],"collection":[{"href":"https:\/\/wordpress.nibis.de\/kranich\/wp-json\/wp\/v2\/pages"}],"about":[{"href":"https:\/\/wordpress.nibis.de\/kranich\/wp-json\/wp\/v2\/types\/page"}],"author":[{"embeddable":true,"href":"https:\/\/wordpress.nibis.de\/kranich\/wp-json\/wp\/v2\/users\/9193781"}],"replies":[{"embeddable":true,"href":"https:\/\/wordpress.nibis.de\/kranich\/wp-json\/wp\/v2\/comments?post=66"}],"version-history":[{"count":3,"href":"https:\/\/wordpress.nibis.de\/kranich\/wp-json\/wp\/v2\/pages\/66\/revisions"}],"predecessor-version":[{"id":199,"href":"https:\/\/wordpress.nibis.de\/kranich\/wp-json\/wp\/v2\/pages\/66\/revisions\/199"}],"wp:attachment":[{"href":"https:\/\/wordpress.nibis.de\/kranich\/wp-json\/wp\/v2\/media?parent=66"}],"curies":[{"name":"wp","href":"https:\/\/api.w.org\/{rel}","templated":true}]}}