{"id":786,"date":"2022-04-01T19:11:12","date_gmt":"2022-04-01T17:11:12","guid":{"rendered":"https:\/\/wordpress.nibis.de\/kranich\/?page_id=786"},"modified":"2024-12-18T08:13:59","modified_gmt":"2024-12-18T07:13:59","slug":"schulmittlerinnen","status":"publish","type":"page","link":"https:\/\/wordpress.nibis.de\/kranich\/beratung-inklusion\/schulmittlerinnen\/","title":{"rendered":"Schulmittlerin"},"content":{"rendered":"\n<p><strong>Ich bin die Schulmittlerin der Kranichdammschule:<\/strong><\/p>\n\n\n\n<figure class=\"wp-block-image size-full\"><img loading=\"lazy\" decoding=\"async\" width=\"361\" height=\"516\" src=\"https:\/\/wordpress.nibis.de\/kranich\/files\/2022\/04\/schulmittlerinnen-e1734505960994.jpg\" alt=\"\" class=\"wp-image-789\" srcset=\"https:\/\/wordpress.nibis.de\/kranich\/files\/2022\/04\/schulmittlerinnen-e1734505960994.jpg 361w, https:\/\/wordpress.nibis.de\/kranich\/files\/2022\/04\/schulmittlerinnen-e1734505960994-210x300.jpg 210w, https:\/\/wordpress.nibis.de\/kranich\/files\/2022\/04\/schulmittlerinnen-e1734505960994-189x270.jpg 189w\" sizes=\"auto, (max-width: 361px) 100vw, 361px\" \/><\/figure>\n\n\n\n<p>Ein Auszug aus meinen T\u00e4tigkeiten:<\/p>\n\n\n\n<ul class=\"wp-block-list\"><li>\u00dcbersetzung bei Elterngespr\u00e4chen in den Sprachen:<em> Arabisch (Arabisch-Syrisch)<\/em><\/li><li>\u00dcbersetzung von Elternbriefen<\/li><li>Unterst\u00fctzung bei der Arbeit mit Kindern, die geringe Sprachkenntnisse haben<\/li><li>Eltern mit geringen deutschen Sprachkenntnissen \u00fcber au\u00dferschulische Lern- und Hilfsangebote informieren (z.B. \u201eJumpers\u201c, Nachhilfeinstitute, Psychologische Beratungsstellen)<\/li><li>Unterst\u00fctzung in Beratungsgespr\u00e4chen bei schulischen Problemen in Zusammenarbeit mit den Sozialp\u00e4dagoginnen und den Lehrer*innen der Kranichdammschule<\/li><\/ul>\n\n\n\n<p>Kontakt per Mail:<\/p>\n\n\n\n<p><a href=\"&#x6d;&#97;i&#x6c;&#116;&#111;&#x3a;&#x6d;&#97;n&#x61;&#108;&#46;&#x61;&#x73;&#115;a&#x69;&#108;i&#x40;&#x6b;&#100;-&#x73;&#99;h&#x75;&#x6c;&#101;&#46;&#x64;&#101;\">&#x6d;a&#x6e;&#97;l&#x2e;&#97;&#x73;&#x73;a&#x69;&#108;i&#x40;&#107;&#x64;&#45;s&#x63;&#104;u&#x6c;&#101;&#x2e;&#100;e<\/a><\/p>\n\n\n\n<p><\/p>\n","protected":false},"excerpt":{"rendered":"<p>Ich bin die Schulmittlerin der Kranichdammschule: Ein Auszug aus meinen T\u00e4tigkeiten: \u00dcbersetzung bei Elterngespr\u00e4chen in den Sprachen: Arabisch (Arabisch-Syrisch) \u00dcbersetzung von Elternbriefen Unterst\u00fctzung bei der Arbeit mit Kindern, die geringe Sprachkenntnisse haben Eltern mit geringen deutschen Sprachkenntnissen \u00fcber au\u00dferschulische Lern- und Hilfsangebote informieren (z.B. \u201eJumpers\u201c, Nachhilfeinstitute, Psychologische Beratungsstellen) Unterst\u00fctzung in Beratungsgespr\u00e4chen bei schulischen Problemen in Zusammenarbeit mit den Sozialp\u00e4dagoginnen und den Lehrer*innen der Kranichdammschule Kontakt per Mail: &#x6d;&#x61;&#110;&#97;l&#x2e;&#x61;&#x73;&#115;&#97;i&#x6c;&#x69;&#x40;&#107;&#100;-&#x73;&#x63;&#x68;&#117;&#108;e&#x2e;&#x64;&#x65;<\/p>\n","protected":false},"author":9193934,"featured_media":0,"parent":55,"menu_order":3,"comment_status":"closed","ping_status":"closed","template":"","meta":{"footnotes":""},"class_list":["post-786","page","type-page","status-publish","hentry"],"_links":{"self":[{"href":"https:\/\/wordpress.nibis.de\/kranich\/wp-json\/wp\/v2\/pages\/786","targetHints":{"allow":["GET"]}}],"collection":[{"href":"https:\/\/wordpress.nibis.de\/kranich\/wp-json\/wp\/v2\/pages"}],"about":[{"href":"https:\/\/wordpress.nibis.de\/kranich\/wp-json\/wp\/v2\/types\/page"}],"author":[{"embeddable":true,"href":"https:\/\/wordpress.nibis.de\/kranich\/wp-json\/wp\/v2\/users\/9193934"}],"replies":[{"embeddable":true,"href":"https:\/\/wordpress.nibis.de\/kranich\/wp-json\/wp\/v2\/comments?post=786"}],"version-history":[{"count":8,"href":"https:\/\/wordpress.nibis.de\/kranich\/wp-json\/wp\/v2\/pages\/786\/revisions"}],"predecessor-version":[{"id":1316,"href":"https:\/\/wordpress.nibis.de\/kranich\/wp-json\/wp\/v2\/pages\/786\/revisions\/1316"}],"up":[{"embeddable":true,"href":"https:\/\/wordpress.nibis.de\/kranich\/wp-json\/wp\/v2\/pages\/55"}],"wp:attachment":[{"href":"https:\/\/wordpress.nibis.de\/kranich\/wp-json\/wp\/v2\/media?parent=786"}],"curies":[{"name":"wp","href":"https:\/\/api.w.org\/{rel}","templated":true}]}}