{"id":85,"date":"2021-04-24T15:35:21","date_gmt":"2021-04-24T13:35:21","guid":{"rendered":"https:\/\/wordpress.nibis.de\/kranich\/?page_id=85"},"modified":"2026-03-11T15:08:35","modified_gmt":"2026-03-11T14:08:35","slug":"termine","status":"publish","type":"page","link":"https:\/\/wordpress.nibis.de\/kranich\/termine\/","title":{"rendered":"Termine"},"content":{"rendered":"\n<h2 class=\"wp-block-heading\"><span style=\"text-decoration: underline\" class=\"underline\">Schuljahr 2025\/26<\/span><\/h2>\n\n\n\n<p><\/p>\n\n\n\n<p>(\u00c4nderungen und Erg\u00e4nzungen vorbehalten)<\/p>\n\n\n\n<p><strong><span style=\"text-decoration: underline\" class=\"underline\">August<\/span><\/strong><\/p>\n\n\n\n<ul class=\"wp-block-list\">\n<li>Donnerstag, 14.08.25: Erster Schultag Klasse 2, 3 und 4<\/li>\n\n\n\n<li>Samstag<span class=\"underline\" style=\"text-decoration: underline\">,<\/span> 16.08.25: 9.00 &#8211; ca. 10.30 Uhr Einschulung Klasse 1c, 1d. 1f<\/li>\n<\/ul>\n\n\n\n<p>                                            11.00 &#8211; ca. 12.30 Uhr Einschulung Schulkindergarten und Klassen 1a, 1b, 1e<\/p>\n\n\n\n<ul class=\"wp-block-list\">\n<li>20.08. &#8211; 22.08.25: Klassenfahrt Jhg. 4<\/li>\n<\/ul>\n\n\n\n<p><strong><span style=\"text-decoration: underline\" class=\"underline\">September<\/span><\/strong><\/p>\n\n\n\n<ul class=\"wp-block-list\">\n<li>Montag, 01.09.25: 18.00 bis 19.00 Uhr Elternvertreterversammlung\/ Wahl Schulelternrat\/ Schulvorstand\/ Fachkonferenz-Elternvertreter<\/li>\n\n\n\n<li>Mittwoch, 17.09.25: 15.30 bis 17.00 Uhr Gesamtkonferenz<\/li>\n\n\n\n<li>Mittwoch, 17.09.25: 17.00 bis 18.00 Uhr Schulvorstand I<\/li>\n\n\n\n<li>Mo &#8211; Mi, 22.09.-24.09.: Schulfotograf<\/li>\n<\/ul>\n\n\n\n<p><strong><span style=\"text-decoration: underline\" class=\"underline\">Oktober<\/span><\/strong><\/p>\n\n\n\n<ul class=\"wp-block-list\">\n<li>Donnerstag, 03.10.25: Tag der Deutschen Einheit (schulfrei)<\/li>\n\n\n\n<li>Herbstferien, 13.10. &#8211; 24.10.25<\/li>\n\n\n\n<li>Montag, 27.10.25: 16.00 bis 17.00 Uhr Fachkonferenz Mathematik\/ Deutsch<\/li>\n\n\n\n<li>31.10.25: Reformationstag (schulfrei)<\/li>\n<\/ul>\n\n\n\n<p><strong><span style=\"text-decoration: underline\" class=\"underline\">November<\/span><\/strong><\/p>\n\n\n\n<ul class=\"wp-block-list\">\n<li>Donnerstag, 06.11.25: 17.00 &#8211; 19.00 Uhr Laternenfest<\/li>\n\n\n\n<li>Donnerstag, 11.11.25: 16.00 bis 17.00 Uhr Fachkonferenz Sachunterricht<\/li>\n\n\n\n<li>Donnerstag, 11.11.25: 17.00 bis 18.00 Uhr Schulvorstand II<\/li>\n\n\n\n<li>Mittwoch\/ Donnerstag, 26.\/27.11.25: Fu\u00dfg\u00e4ngerf\u00fchrerschein Klassen 1<\/li>\n\n\n\n<li>Freitag, 28.11.25: 8.10 Uhr Wintersingen + anschlie\u00dfend Winterbasteln<\/li>\n<\/ul>\n\n\n\n<p><strong><span style=\"text-decoration: underline\" class=\"underline\">Dezember<\/span><\/strong><\/p>\n\n\n\n<ul class=\"wp-block-list\">\n<li>Freitag, 05.12.25: 2. Stunde Wintersingen<\/li>\n\n\n\n<li>Freitag, 12.12.25: 3. Stunde Wintersingen<\/li>\n\n\n\n<li>Freitag, 19.12.25: 4. Stunde Wintersingen<\/li>\n\n\n\n<li>Weihnachtsferien, 22.12.25 &#8211; 05.01.26<\/li>\n<\/ul>\n\n\n\n<p><strong><span class=\"underline\" style=\"text-decoration: underline\">Januar<\/span><\/strong><\/p>\n\n\n\n<ul class=\"wp-block-list\">\n<li>Montag, 12.01.26: 16.00 bis 17.00 Uhr Fachkonferenzen Werte &amp; Normen und Religion<\/li>\n\n\n\n<li>Montag, 12.01.26: 17.00 bis 18.00 Uhr Schulvorstand III<\/li>\n\n\n\n<li>21.01.26: Zeugniskonferenzen Jhg. 2-4<\/li>\n\n\n\n<li>Freitag, 30.01.26: Zeugnisausgabe + Schulschluss 10.55 Uhr<\/li>\n<\/ul>\n\n\n\n<p><strong><span style=\"text-decoration: underline\" class=\"underline\">Februar<\/span><\/strong><\/p>\n\n\n\n<ul class=\"wp-block-list\">\n<li>Zeugnisferien, 02.02.26 + 03.02.26<\/li>\n\n\n\n<li>Freitag, 13.02.26: Tulpenfreitag (Faschingsfeier)<\/li>\n\n\n\n<li>Mittwoch, 18.02.26: 16.00 bis 17.00 Uhr Fachkonferenz Sport<\/li>\n<\/ul>\n\n\n\n<p><strong><span style=\"text-decoration: underline\" class=\"underline\">M\u00e4rz<\/span><\/strong><\/p>\n\n\n\n<ul class=\"wp-block-list\">\n<li>Donnerstag, 12.03.26: 16.00 bis 17.00 Uhr Fachkonferenz Musik<\/li>\n\n\n\n<li>Donnerstag , 12.03.26: 17.00 bis 18.00 Uhr Schulvorstand IV<\/li>\n\n\n\n<li>Montag, 23.3. -07.04.26 Osterferien<\/li>\n<\/ul>\n\n\n\n<p><strong><span style=\"text-decoration: underline\" class=\"underline\">April<\/span><\/strong><\/p>\n\n\n\n<ul class=\"wp-block-list\">\n<li>Montag, 13.04.26: 16.00 bis 17.00 Uhr Fachkonferenz Englisch<\/li>\n\n\n\n<li>Donnerstag, 23.04.26: 8.45 bis 11.00 Uhr Vorlesewettbewerb Jahrgang 4<\/li>\n\n\n\n<li>Montag, 27.04.26: 8.45 bis 11.00 Uhr Vorlesewettbewerb Jahrgang 3<\/li>\n<\/ul>\n\n\n\n<p><strong><span style=\"text-decoration: underline\" class=\"underline\">Mai<\/span><\/strong><\/p>\n\n\n\n<ul class=\"wp-block-list\">\n<li>Freitag, 1.05.26 Tag der Arbeit (schulfrei)<\/li>\n\n\n\n<li>Dienstag, 05.05.26: 16.00 bis 17.00 Uhr Fachkonferenz Kunst\/ Werken\/ Textil<\/li>\n\n\n\n<li>Himmelfahrt, 14.05. + 15.05.26 (schulfrei)<\/li>\n\n\n\n<li>Do-Fr, 21.-22.05.26: Fahrradparcours Jahrgang 4<\/li>\n\n\n\n<li>Pfingsten, 25.05. + 26.05.26 (schulfrei)<\/li>\n<\/ul>\n\n\n\n<p><strong><span style=\"text-decoration: underline\" class=\"underline\">Juni<\/span><\/strong><\/p>\n\n\n\n<ul class=\"wp-block-list\">\n<li>Mo-Fr, 01.06.-05.06.26 Projektwoche<\/li>\n\n\n\n<li>Mittwoch, 17.06.26: 15.30 bis 17.00 Uhr Gesamtkonferenz<\/li>\n\n\n\n<li>Mittwoch, 17.06.26: 18.00 bis 18.45 Uhr Schulvorstand V<\/li>\n\n\n\n<li>Freitag, 19.06.26: Radfahrpr\u00fcfung Jahrgang 4<\/li>\n\n\n\n<li>Dienstag, 23.06.26: &#8222;Tiger of the seas&#8220; vom White Horse Theatre f\u00fcr Jahrgang 3\/4<\/li>\n\n\n\n<li>Dienstag, 23.06.26: Zeugniskonferenzen Jhg. 1-4<\/li>\n<\/ul>\n\n\n\n<p><span style=\"text-decoration: underline\" class=\"underline\"><strong>Juli<\/strong><\/span><\/p>\n\n\n\n<ul class=\"wp-block-list\">\n<li>Mittwoch, 01.07.26: Zeugnisausgabe + Schulschluss 10.55 Uhr<\/li>\n\n\n\n<li>Sommerferien, 02.07. &#8211; 12.08.26<\/li>\n<\/ul>\n","protected":false},"excerpt":{"rendered":"<p>Schuljahr 2025\/26 (\u00c4nderungen und Erg\u00e4nzungen vorbehalten) August 11.00 &#8211; ca. 12.30 Uhr Einschulung Schulkindergarten und Klassen 1a, 1b, 1e September Oktober November Dezember Januar Februar M\u00e4rz April Mai Juni Juli<\/p>\n","protected":false},"author":9193934,"featured_media":0,"parent":0,"menu_order":0,"comment_status":"closed","ping_status":"closed","template":"","meta":{"footnotes":""},"class_list":["post-85","page","type-page","status-publish","hentry"],"_links":{"self":[{"href":"https:\/\/wordpress.nibis.de\/kranich\/wp-json\/wp\/v2\/pages\/85","targetHints":{"allow":["GET"]}}],"collection":[{"href":"https:\/\/wordpress.nibis.de\/kranich\/wp-json\/wp\/v2\/pages"}],"about":[{"href":"https:\/\/wordpress.nibis.de\/kranich\/wp-json\/wp\/v2\/types\/page"}],"author":[{"embeddable":true,"href":"https:\/\/wordpress.nibis.de\/kranich\/wp-json\/wp\/v2\/users\/9193934"}],"replies":[{"embeddable":true,"href":"https:\/\/wordpress.nibis.de\/kranich\/wp-json\/wp\/v2\/comments?post=85"}],"version-history":[{"count":56,"href":"https:\/\/wordpress.nibis.de\/kranich\/wp-json\/wp\/v2\/pages\/85\/revisions"}],"predecessor-version":[{"id":1656,"href":"https:\/\/wordpress.nibis.de\/kranich\/wp-json\/wp\/v2\/pages\/85\/revisions\/1656"}],"wp:attachment":[{"href":"https:\/\/wordpress.nibis.de\/kranich\/wp-json\/wp\/v2\/media?parent=85"}],"curies":[{"name":"wp","href":"https:\/\/api.w.org\/{rel}","templated":true}]}}