{"id":858,"date":"2022-07-05T16:20:49","date_gmt":"2022-07-05T14:20:49","guid":{"rendered":"https:\/\/wordpress.nibis.de\/kranich\/?page_id=858"},"modified":"2025-09-14T17:32:19","modified_gmt":"2025-09-14T15:32:19","slug":"unser-neuer-kletterfelsen","status":"publish","type":"page","link":"https:\/\/wordpress.nibis.de\/kranich\/unser-neuer-kletterfelsen\/","title":{"rendered":"Kletterfelsen auf unserem Schulhof!"},"content":{"rendered":"\n<p>Was f\u00fcr eine tolle \u00dcberraschung: Auf unserem Schulhof gibt es einen Kletterfelsen!<\/p>\n\n\n\n<p>Viele Kinder haben ihn schon entdeckt und sind begeistert am Klettern, Kraxeln und Spielen. Der Felsen bietet nicht nur jede Menge Spa\u00df in der Pause, sondern f\u00f6rdert auch Geschicklichkeit, Kraft und Teamarbeit.<\/p>\n\n\n\n<p>Ein gro\u00dfes <strong>Dankesch\u00f6n<\/strong> geht an die<strong> Endlager Konrad Stiftungsgesellschaft mbH<\/strong>, die dieses tolle Spielger\u00e4t gesponsert hat! Ohne diese Unterst\u00fctzung w\u00e4re der Kletterfelsen nicht m\u00f6glich gewesen. Wir freuen uns riesig \u00fcber diese Bereicherung f\u00fcr unseren Schulhof!<\/p>\n\n\n\n<p>Zur Sicherheit wurde der Felsen nat\u00fcrlich mit einem weichen Fallschutz ausgestattet und entspricht allen Sicherheitsvorgaben.<\/p>\n\n\n\n<p>Wir w\u00fcnschen allen Kindern viel Freude beim Klettern!<\/p>\n\n\n\n<div class=\"wp-block-columns is-layout-flex wp-container-core-columns-is-layout-abceabcf wp-block-columns-is-layout-flex\">\n<div class=\"wp-block-column is-layout-flow wp-block-column-is-layout-flow\" style=\"--col-width:33.34%;flex-basis:33.34%\">\n<figure class=\"wp-block-gallery has-nested-images columns-default is-cropped wp-block-gallery-1 is-layout-flex wp-block-gallery-is-layout-flex\">\n<figure class=\"wp-block-image size-large is-style-tw-rounded-corners\"><img loading=\"lazy\" decoding=\"async\" width=\"768\" height=\"1024\" data-id=\"859\" src=\"https:\/\/wordpress.nibis.de\/kranich\/files\/2022\/07\/45F5C3C6-8528-405E-B2AC-28EACB71B2EE-768x1024.jpeg\" alt=\"\" class=\"wp-image-859\" \/><\/figure>\n<\/figure>\n<\/div>\n\n\n\n<div class=\"wp-block-column is-layout-flow wp-block-column-is-layout-flow\" style=\"--col-width:33.34%;flex-basis:33.34%\">\n<figure class=\"wp-block-image size-large is-style-tw-rounded-corners\"><img loading=\"lazy\" decoding=\"async\" width=\"768\" height=\"1024\" src=\"https:\/\/wordpress.nibis.de\/kranich\/files\/2022\/07\/96A04239-F867-443C-81C9-4885AF4A1CDF-768x1024.jpeg\" alt=\"\" class=\"wp-image-860\" \/><\/figure>\n<\/div>\n\n\n\n<div class=\"wp-block-column is-layout-flow wp-block-column-is-layout-flow\" style=\"--col-width:33.33%;flex-basis:33.33%\">\n<figure class=\"wp-block-image size-large is-style-tw-rounded-corners\"><img loading=\"lazy\" decoding=\"async\" width=\"768\" height=\"1024\" src=\"https:\/\/wordpress.nibis.de\/kranich\/files\/2022\/07\/360477A4-FCBC-43E9-8EA9-66D7B55E62ED-768x1024.jpeg\" alt=\"\" class=\"wp-image-861\" \/><\/figure>\n<\/div>\n<\/div>\n\n\n\n<div class=\"wp-block-columns is-layout-flex wp-container-core-columns-is-layout-abceabcf wp-block-columns-is-layout-flex\">\n<div class=\"wp-block-column is-layout-flow wp-block-column-is-layout-flow\" style=\"--col-width:25%;flex-basis:25%\">\n<figure class=\"wp-block-gallery has-nested-images columns-default is-cropped wp-block-gallery-2 is-layout-flex wp-block-gallery-is-layout-flex\">\n<figure class=\"wp-block-image size-large is-style-tw-rounded-corners\"><img loading=\"lazy\" decoding=\"async\" width=\"768\" height=\"1024\" data-id=\"862\" src=\"https:\/\/wordpress.nibis.de\/kranich\/files\/2022\/07\/B97894BE-93DD-4925-BF17-D267AEC79790-768x1024.jpeg\" alt=\"\" class=\"wp-image-862\" \/><\/figure>\n<\/figure>\n<\/div>\n\n\n\n<div class=\"wp-block-column is-layout-flow wp-block-column-is-layout-flow\" style=\"--col-width:25%;flex-basis:25%\">\n<figure class=\"wp-block-image size-large is-style-tw-rounded-corners\"><img loading=\"lazy\" decoding=\"async\" width=\"768\" height=\"1024\" src=\"https:\/\/wordpress.nibis.de\/kranich\/files\/2022\/07\/C0F733FC-4688-4ABB-911A-2F97553D6184-768x1024.jpeg\" alt=\"\" class=\"wp-image-863\" \/><\/figure>\n<\/div>\n\n\n\n<div class=\"wp-block-column is-layout-flow wp-block-column-is-layout-flow\" style=\"--col-width:25%;flex-basis:25%\">\n<figure class=\"wp-block-image size-large is-style-tw-rounded-corners\"><img loading=\"lazy\" decoding=\"async\" width=\"768\" height=\"1024\" src=\"https:\/\/wordpress.nibis.de\/kranich\/files\/2022\/07\/C0129507-C388-4204-AC00-118EDA146E94-768x1024.jpeg\" alt=\"\" class=\"wp-image-864\" \/><\/figure>\n<\/div>\n\n\n\n<div class=\"wp-block-column is-layout-flow wp-block-column-is-layout-flow\" style=\"--col-width:25%;flex-basis:25%\">\n<figure class=\"wp-block-image size-large is-style-tw-rounded-corners\"><img loading=\"lazy\" decoding=\"async\" width=\"768\" height=\"1024\" src=\"https:\/\/wordpress.nibis.de\/kranich\/files\/2022\/07\/F6600002-324E-44CA-95E8-210E64BFB06C-768x1024.jpeg\" alt=\"\" class=\"wp-image-865\" \/><\/figure>\n<\/div>\n<\/div>\n","protected":false},"excerpt":{"rendered":"<p>Was f\u00fcr eine tolle \u00dcberraschung: Auf unserem Schulhof gibt es einen Kletterfelsen! Viele Kinder haben ihn schon entdeckt und sind begeistert am Klettern, Kraxeln und Spielen. Der Felsen bietet nicht nur jede Menge Spa\u00df in der Pause, sondern f\u00f6rdert auch Geschicklichkeit, Kraft und Teamarbeit. Ein gro\u00dfes Dankesch\u00f6n geht an die Endlager Konrad Stiftungsgesellschaft mbH, die dieses tolle Spielger\u00e4t gesponsert hat! Ohne diese Unterst\u00fctzung w\u00e4re der Kletterfelsen nicht m\u00f6glich gewesen. Wir freuen uns riesig \u00fcber diese Bereicherung f\u00fcr unseren Schulhof! Zur&#8230;<\/p>\n<p class=\"read-more\"><a class=\"btn btn-default\" href=\"https:\/\/wordpress.nibis.de\/kranich\/unser-neuer-kletterfelsen\/\">Weiterlesen<span class=\"screen-reader-text\"> Weiterlesen<\/span><\/a><\/p>\n","protected":false},"author":9193781,"featured_media":0,"parent":0,"menu_order":0,"comment_status":"closed","ping_status":"closed","template":"","meta":{"footnotes":""},"class_list":["post-858","page","type-page","status-publish","hentry"],"_links":{"self":[{"href":"https:\/\/wordpress.nibis.de\/kranich\/wp-json\/wp\/v2\/pages\/858","targetHints":{"allow":["GET"]}}],"collection":[{"href":"https:\/\/wordpress.nibis.de\/kranich\/wp-json\/wp\/v2\/pages"}],"about":[{"href":"https:\/\/wordpress.nibis.de\/kranich\/wp-json\/wp\/v2\/types\/page"}],"author":[{"embeddable":true,"href":"https:\/\/wordpress.nibis.de\/kranich\/wp-json\/wp\/v2\/users\/9193781"}],"replies":[{"embeddable":true,"href":"https:\/\/wordpress.nibis.de\/kranich\/wp-json\/wp\/v2\/comments?post=858"}],"version-history":[{"count":7,"href":"https:\/\/wordpress.nibis.de\/kranich\/wp-json\/wp\/v2\/pages\/858\/revisions"}],"predecessor-version":[{"id":1444,"href":"https:\/\/wordpress.nibis.de\/kranich\/wp-json\/wp\/v2\/pages\/858\/revisions\/1444"}],"wp:attachment":[{"href":"https:\/\/wordpress.nibis.de\/kranich\/wp-json\/wp\/v2\/media?parent=858"}],"curies":[{"name":"wp","href":"https:\/\/api.w.org\/{rel}","templated":true}]}}