{"id":993,"date":"2022-12-12T15:37:01","date_gmt":"2022-12-12T14:37:01","guid":{"rendered":"https:\/\/wordpress.nibis.de\/kranich\/?page_id=993"},"modified":"2022-12-13T15:22:49","modified_gmt":"2022-12-13T14:22:49","slug":"adventssingen","status":"publish","type":"page","link":"https:\/\/wordpress.nibis.de\/kranich\/adventssingen\/","title":{"rendered":"Adventssingen"},"content":{"rendered":"\n<p>Einmal in der Woche im November\/ Dezember findet unser allj\u00e4hrliches Adventssingen statt, f\u00fcr das in der Woche die Lieder ge\u00fcbt werden. Aufgrund der Coronapandemie fiel es nun 2 Jahre aus und findet drau\u00dfen statt, welches der Stimmung keinen Abbruch tut.<\/p>\n\n\n\n<figure class=\"wp-block-gallery has-nested-images columns-default is-cropped is-style-tw-img-frame wp-block-gallery-1 is-layout-flex wp-block-gallery-is-layout-flex\">\n<figure class=\"wp-block-image size-large\"><img loading=\"lazy\" decoding=\"async\" width=\"800\" height=\"600\" data-id=\"994\" src=\"https:\/\/wordpress.nibis.de\/kranich\/files\/2022\/12\/20221205_085458.jpg\" alt=\"\" class=\"wp-image-994\" srcset=\"https:\/\/wordpress.nibis.de\/kranich\/files\/2022\/12\/20221205_085458.jpg 800w, https:\/\/wordpress.nibis.de\/kranich\/files\/2022\/12\/20221205_085458-300x225.jpg 300w, https:\/\/wordpress.nibis.de\/kranich\/files\/2022\/12\/20221205_085458-768x576.jpg 768w, https:\/\/wordpress.nibis.de\/kranich\/files\/2022\/12\/20221205_085458-360x270.jpg 360w\" sizes=\"auto, (max-width: 800px) 100vw, 800px\" \/><\/figure>\n\n\n\n<figure class=\"wp-block-image size-large\"><img loading=\"lazy\" decoding=\"async\" width=\"800\" height=\"600\" data-id=\"995\" src=\"https:\/\/wordpress.nibis.de\/kranich\/files\/2022\/12\/20221205_085508.jpg\" alt=\"\" class=\"wp-image-995\" srcset=\"https:\/\/wordpress.nibis.de\/kranich\/files\/2022\/12\/20221205_085508.jpg 800w, https:\/\/wordpress.nibis.de\/kranich\/files\/2022\/12\/20221205_085508-300x225.jpg 300w, https:\/\/wordpress.nibis.de\/kranich\/files\/2022\/12\/20221205_085508-768x576.jpg 768w, https:\/\/wordpress.nibis.de\/kranich\/files\/2022\/12\/20221205_085508-360x270.jpg 360w\" sizes=\"auto, (max-width: 800px) 100vw, 800px\" \/><\/figure>\n\n\n\n<figure class=\"wp-block-image size-large\"><img loading=\"lazy\" decoding=\"async\" width=\"800\" height=\"600\" data-id=\"996\" src=\"https:\/\/wordpress.nibis.de\/kranich\/files\/2022\/12\/20221205_090540.jpg\" alt=\"\" class=\"wp-image-996\" srcset=\"https:\/\/wordpress.nibis.de\/kranich\/files\/2022\/12\/20221205_090540.jpg 800w, https:\/\/wordpress.nibis.de\/kranich\/files\/2022\/12\/20221205_090540-300x225.jpg 300w, https:\/\/wordpress.nibis.de\/kranich\/files\/2022\/12\/20221205_090540-768x576.jpg 768w, https:\/\/wordpress.nibis.de\/kranich\/files\/2022\/12\/20221205_090540-360x270.jpg 360w\" sizes=\"auto, (max-width: 800px) 100vw, 800px\" \/><\/figure>\n\n\n\n<figure class=\"wp-block-image size-large\"><img loading=\"lazy\" decoding=\"async\" width=\"800\" height=\"600\" data-id=\"997\" src=\"https:\/\/wordpress.nibis.de\/kranich\/files\/2022\/12\/20221205_090813.jpg\" alt=\"\" class=\"wp-image-997\" srcset=\"https:\/\/wordpress.nibis.de\/kranich\/files\/2022\/12\/20221205_090813.jpg 800w, https:\/\/wordpress.nibis.de\/kranich\/files\/2022\/12\/20221205_090813-300x225.jpg 300w, https:\/\/wordpress.nibis.de\/kranich\/files\/2022\/12\/20221205_090813-768x576.jpg 768w, https:\/\/wordpress.nibis.de\/kranich\/files\/2022\/12\/20221205_090813-360x270.jpg 360w\" sizes=\"auto, (max-width: 800px) 100vw, 800px\" \/><\/figure>\n\n\n\n<figure class=\"wp-block-image size-large\"><img loading=\"lazy\" decoding=\"async\" width=\"800\" height=\"600\" data-id=\"998\" src=\"https:\/\/wordpress.nibis.de\/kranich\/files\/2022\/12\/20221205_090848.jpg\" alt=\"\" class=\"wp-image-998\" srcset=\"https:\/\/wordpress.nibis.de\/kranich\/files\/2022\/12\/20221205_090848.jpg 800w, https:\/\/wordpress.nibis.de\/kranich\/files\/2022\/12\/20221205_090848-300x225.jpg 300w, https:\/\/wordpress.nibis.de\/kranich\/files\/2022\/12\/20221205_090848-768x576.jpg 768w, https:\/\/wordpress.nibis.de\/kranich\/files\/2022\/12\/20221205_090848-360x270.jpg 360w\" sizes=\"auto, (max-width: 800px) 100vw, 800px\" \/><\/figure>\n\n\n\n<figure class=\"wp-block-image size-large\"><img loading=\"lazy\" decoding=\"async\" width=\"800\" height=\"600\" data-id=\"999\" src=\"https:\/\/wordpress.nibis.de\/kranich\/files\/2022\/12\/20221205_090854.jpg\" alt=\"\" class=\"wp-image-999\" srcset=\"https:\/\/wordpress.nibis.de\/kranich\/files\/2022\/12\/20221205_090854.jpg 800w, https:\/\/wordpress.nibis.de\/kranich\/files\/2022\/12\/20221205_090854-300x225.jpg 300w, https:\/\/wordpress.nibis.de\/kranich\/files\/2022\/12\/20221205_090854-768x576.jpg 768w, https:\/\/wordpress.nibis.de\/kranich\/files\/2022\/12\/20221205_090854-360x270.jpg 360w\" sizes=\"auto, (max-width: 800px) 100vw, 800px\" \/><\/figure>\n<\/figure>\n\n\n\n<figure class=\"wp-block-gallery has-nested-images columns-default is-cropped is-style-tw-img-frame wp-block-gallery-2 is-layout-flex wp-block-gallery-is-layout-flex\">\n<figure class=\"wp-block-image size-large\"><img loading=\"lazy\" decoding=\"async\" width=\"800\" height=\"600\" data-id=\"1003\" src=\"https:\/\/wordpress.nibis.de\/kranich\/files\/2022\/12\/IMG_1012.jpg\" alt=\"\" class=\"wp-image-1003\" srcset=\"https:\/\/wordpress.nibis.de\/kranich\/files\/2022\/12\/IMG_1012.jpg 800w, https:\/\/wordpress.nibis.de\/kranich\/files\/2022\/12\/IMG_1012-300x225.jpg 300w, https:\/\/wordpress.nibis.de\/kranich\/files\/2022\/12\/IMG_1012-768x576.jpg 768w, https:\/\/wordpress.nibis.de\/kranich\/files\/2022\/12\/IMG_1012-360x270.jpg 360w\" sizes=\"auto, (max-width: 800px) 100vw, 800px\" \/><\/figure>\n\n\n\n<figure class=\"wp-block-image size-large\"><img loading=\"lazy\" decoding=\"async\" width=\"800\" height=\"600\" data-id=\"1004\" src=\"https:\/\/wordpress.nibis.de\/kranich\/files\/2022\/12\/IMG_1017.jpg\" alt=\"\" class=\"wp-image-1004\" srcset=\"https:\/\/wordpress.nibis.de\/kranich\/files\/2022\/12\/IMG_1017.jpg 800w, https:\/\/wordpress.nibis.de\/kranich\/files\/2022\/12\/IMG_1017-300x225.jpg 300w, https:\/\/wordpress.nibis.de\/kranich\/files\/2022\/12\/IMG_1017-768x576.jpg 768w, https:\/\/wordpress.nibis.de\/kranich\/files\/2022\/12\/IMG_1017-360x270.jpg 360w\" sizes=\"auto, (max-width: 800px) 100vw, 800px\" \/><\/figure>\n\n\n\n<figure class=\"wp-block-image size-large\"><img loading=\"lazy\" decoding=\"async\" width=\"1024\" height=\"768\" data-id=\"1005\" src=\"https:\/\/wordpress.nibis.de\/kranich\/files\/2022\/12\/IMG_1019-1024x768.jpg\" alt=\"\" class=\"wp-image-1005\" srcset=\"https:\/\/wordpress.nibis.de\/kranich\/files\/2022\/12\/IMG_1019-1024x768.jpg 1024w, https:\/\/wordpress.nibis.de\/kranich\/files\/2022\/12\/IMG_1019-300x225.jpg 300w, https:\/\/wordpress.nibis.de\/kranich\/files\/2022\/12\/IMG_1019-768x576.jpg 768w, https:\/\/wordpress.nibis.de\/kranich\/files\/2022\/12\/IMG_1019-1536x1152.jpg 1536w, https:\/\/wordpress.nibis.de\/kranich\/files\/2022\/12\/IMG_1019-2048x1536.jpg 2048w, https:\/\/wordpress.nibis.de\/kranich\/files\/2022\/12\/IMG_1019-360x270.jpg 360w\" sizes=\"auto, (max-width: 1024px) 100vw, 1024px\" \/><\/figure>\n\n\n\n<figure class=\"wp-block-image size-large\"><img loading=\"lazy\" decoding=\"async\" width=\"800\" height=\"600\" data-id=\"1007\" src=\"https:\/\/wordpress.nibis.de\/kranich\/files\/2022\/12\/IMG_1021.jpg\" alt=\"\" class=\"wp-image-1007\" srcset=\"https:\/\/wordpress.nibis.de\/kranich\/files\/2022\/12\/IMG_1021.jpg 800w, https:\/\/wordpress.nibis.de\/kranich\/files\/2022\/12\/IMG_1021-300x225.jpg 300w, https:\/\/wordpress.nibis.de\/kranich\/files\/2022\/12\/IMG_1021-768x576.jpg 768w, https:\/\/wordpress.nibis.de\/kranich\/files\/2022\/12\/IMG_1021-360x270.jpg 360w\" sizes=\"auto, (max-width: 800px) 100vw, 800px\" \/><\/figure>\n\n\n\n<figure class=\"wp-block-image size-large\"><img loading=\"lazy\" decoding=\"async\" width=\"800\" height=\"600\" data-id=\"1008\" src=\"https:\/\/wordpress.nibis.de\/kranich\/files\/2022\/12\/IMG_1022.jpg\" alt=\"\" class=\"wp-image-1008\" srcset=\"https:\/\/wordpress.nibis.de\/kranich\/files\/2022\/12\/IMG_1022.jpg 800w, https:\/\/wordpress.nibis.de\/kranich\/files\/2022\/12\/IMG_1022-300x225.jpg 300w, https:\/\/wordpress.nibis.de\/kranich\/files\/2022\/12\/IMG_1022-768x576.jpg 768w, https:\/\/wordpress.nibis.de\/kranich\/files\/2022\/12\/IMG_1022-360x270.jpg 360w\" sizes=\"auto, (max-width: 800px) 100vw, 800px\" \/><\/figure>\n<\/figure>\n","protected":false},"excerpt":{"rendered":"<p>Einmal in der Woche im November\/ Dezember findet unser allj\u00e4hrliches Adventssingen statt, f\u00fcr das in der Woche die Lieder ge\u00fcbt werden. Aufgrund der Coronapandemie fiel es nun 2 Jahre aus und findet drau\u00dfen statt, welches der Stimmung keinen Abbruch tut.<\/p>\n","protected":false},"author":9193781,"featured_media":0,"parent":0,"menu_order":0,"comment_status":"closed","ping_status":"closed","template":"","meta":{"footnotes":""},"class_list":["post-993","page","type-page","status-publish","hentry"],"_links":{"self":[{"href":"https:\/\/wordpress.nibis.de\/kranich\/wp-json\/wp\/v2\/pages\/993","targetHints":{"allow":["GET"]}}],"collection":[{"href":"https:\/\/wordpress.nibis.de\/kranich\/wp-json\/wp\/v2\/pages"}],"about":[{"href":"https:\/\/wordpress.nibis.de\/kranich\/wp-json\/wp\/v2\/types\/page"}],"author":[{"embeddable":true,"href":"https:\/\/wordpress.nibis.de\/kranich\/wp-json\/wp\/v2\/users\/9193781"}],"replies":[{"embeddable":true,"href":"https:\/\/wordpress.nibis.de\/kranich\/wp-json\/wp\/v2\/comments?post=993"}],"version-history":[{"count":3,"href":"https:\/\/wordpress.nibis.de\/kranich\/wp-json\/wp\/v2\/pages\/993\/revisions"}],"predecessor-version":[{"id":1009,"href":"https:\/\/wordpress.nibis.de\/kranich\/wp-json\/wp\/v2\/pages\/993\/revisions\/1009"}],"wp:attachment":[{"href":"https:\/\/wordpress.nibis.de\/kranich\/wp-json\/wp\/v2\/media?parent=993"}],"curies":[{"name":"wp","href":"https:\/\/api.w.org\/{rel}","templated":true}]}}