{"id":15,"date":"2018-01-25T18:13:53","date_gmt":"2018-01-25T17:13:53","guid":{"rendered":"http:\/\/wordpress.nibis.de\/leine85\/?page_id=15"},"modified":"2023-12-14T19:31:45","modified_gmt":"2023-12-14T18:31:45","slug":"die-redaktion","status":"publish","type":"page","link":"https:\/\/wordpress.nibis.de\/leine85\/die-redaktion\/","title":{"rendered":"\u00dcber uns"},"content":{"rendered":"<figure id=\"attachment_1743\" aria-describedby=\"caption-attachment-1743\" style=\"width: 796px\" class=\"wp-caption alignnone\"><img loading=\"lazy\" decoding=\"async\" class=\"wp-image-1743\" src=\"https:\/\/wordpress.nibis.de\/leine85\/files\/2023\/01\/BF3244F7-24C5-4E91-8883-EB78F6657881-scaled.jpeg\" alt=\"\" width=\"796\" height=\"581\" srcset=\"https:\/\/wordpress.nibis.de\/leine85\/files\/2023\/01\/BF3244F7-24C5-4E91-8883-EB78F6657881-scaled.jpeg 2560w, https:\/\/wordpress.nibis.de\/leine85\/files\/2023\/01\/BF3244F7-24C5-4E91-8883-EB78F6657881-768x560.jpeg 768w, https:\/\/wordpress.nibis.de\/leine85\/files\/2023\/01\/BF3244F7-24C5-4E91-8883-EB78F6657881-1536x1121.jpeg 1536w, https:\/\/wordpress.nibis.de\/leine85\/files\/2023\/01\/BF3244F7-24C5-4E91-8883-EB78F6657881-2048x1494.jpeg 2048w\" sizes=\"auto, (max-width: 796px) 100vw, 796px\" \/><figcaption id=\"caption-attachment-1743\" class=\"wp-caption-text\"><span style=\"font-size: 10pt\">Zu Besuch: Die Mitglieder der KGS NEWS durften dem Redakteur Oliver Seitz von der NEUST\u00c4DTER ZEITUNG &#8222;\u00fcber die Schulter&#8220; schauen (Foto: K\u00fchn).<\/span><\/figcaption><\/figure>\n<p>&nbsp;<\/p>\n<p><span style=\"font-size: 14pt;color: #000000;font-family: arial, helvetica, sans-serif\"><strong>Die Mitglieder der Sch\u00fclerredaktion im Schuljahr 2023\/24:<\/strong><\/span><\/p>\n<p><span style=\"color: #000000;font-size: 12pt;font-family: arial, helvetica, sans-serif\">Gershgorn, Tom (7G2)<\/span><\/p>\n<p><span style=\"color: #000000;font-size: 12pt;font-family: arial, helvetica, sans-serif\">Haftmann, Merle (7G2)<\/span><\/p>\n<p><span style=\"color: #000000;font-size: 12pt;font-family: arial, helvetica, sans-serif\">Diaz Homolka, Milena (11G4)<\/span><\/p>\n<p><span style=\"color: #000000;font-size: 12pt;font-family: arial, helvetica, sans-serif\">Heid, Paulina (11G4)<\/span><\/p>\n<p><span style=\"color: #000000;font-size: 12pt;font-family: arial, helvetica, sans-serif\">Kin, Stefanie (11G3)<\/span><\/p>\n<p><span style=\"color: #000000;font-size: 12pt;font-family: arial, helvetica, sans-serif\">Schuhknecht, Cathrina (11G4)<\/span><\/p>\n<p><span style=\"color: #000000;font-size: 12pt;font-family: arial, helvetica, sans-serif\">Blume, Emma (12G1)<\/span><\/p>\n<p><span style=\"color: #000000;font-size: 12pt;font-family: arial, helvetica, sans-serif\">Duthoo, Joelin (12G4)<\/span><\/p>\n<p><span style=\"color: #000000;font-size: 12pt;font-family: arial, helvetica, sans-serif\">Wegener, Lenya (12G3)<\/span><\/p>\n<p>&nbsp;<\/p>\n<p>&nbsp;<\/p>\n","protected":false},"excerpt":{"rendered":"<p>&nbsp; Die Mitglieder der Sch\u00fclerredaktion im Schuljahr 2023\/24: Gershgorn, Tom (7G2) Haftmann, Merle (7G2) Diaz Homolka, Milena (11G4) Heid, Paulina (11G4) Kin, Stefanie (11G3) Schuhknecht, Cathrina (11G4) Blume, Emma (12G1) Duthoo, Joelin (12G4) Wegener, Lenya (12G3) &nbsp; &nbsp;<\/p>\n","protected":false},"author":9192496,"featured_media":0,"parent":0,"menu_order":0,"comment_status":"closed","ping_status":"closed","template":"","meta":{"footnotes":""},"class_list":["post-15","page","type-page","status-publish","hentry"],"_links":{"self":[{"href":"https:\/\/wordpress.nibis.de\/leine85\/wp-json\/wp\/v2\/pages\/15","targetHints":{"allow":["GET"]}}],"collection":[{"href":"https:\/\/wordpress.nibis.de\/leine85\/wp-json\/wp\/v2\/pages"}],"about":[{"href":"https:\/\/wordpress.nibis.de\/leine85\/wp-json\/wp\/v2\/types\/page"}],"author":[{"embeddable":true,"href":"https:\/\/wordpress.nibis.de\/leine85\/wp-json\/wp\/v2\/users\/9192496"}],"replies":[{"embeddable":true,"href":"https:\/\/wordpress.nibis.de\/leine85\/wp-json\/wp\/v2\/comments?post=15"}],"version-history":[{"count":46,"href":"https:\/\/wordpress.nibis.de\/leine85\/wp-json\/wp\/v2\/pages\/15\/revisions"}],"predecessor-version":[{"id":2218,"href":"https:\/\/wordpress.nibis.de\/leine85\/wp-json\/wp\/v2\/pages\/15\/revisions\/2218"}],"wp:attachment":[{"href":"https:\/\/wordpress.nibis.de\/leine85\/wp-json\/wp\/v2\/media?parent=15"}],"curies":[{"name":"wp","href":"https:\/\/api.w.org\/{rel}","templated":true}]}}