{"id":2,"date":"2019-01-18T17:36:24","date_gmt":"2019-01-18T16:36:24","guid":{"rendered":"https:\/\/wordpress.nibis.de\/martinus\/?page_id=2"},"modified":"2020-06-15T15:20:20","modified_gmt":"2020-06-15T13:20:20","slug":"impressum","status":"publish","type":"page","link":"https:\/\/wordpress.nibis.de\/martinus\/impressum\/","title":{"rendered":"Impressum"},"content":{"rendered":"<table class=\"contact\" style=\"width: 100%\" border=\"0\" width=\"100%\" cellspacing=\"0\" cellpadding=\"2\" align=\"center\">\n<tbody>\n<tr style=\"height: 140px\" align=\"left\">\n<td class=\"details\" style=\"width: 100%;border-style: hidden;height: 140px\"><b>St.-Martinus-Schule Himmelsth\u00fcr<br \/>\n<\/b><em>Grundschule f\u00fcr Kinder kath. Bekenntnisses<\/em><\/td>\n<\/tr>\n<tr style=\"height: 28px\" align=\"left\">\n<td style=\"width: 100%;border-style: hidden;height: 28px\">Schulleitung: Heike Bertram<\/td>\n<\/tr>\n<tr style=\"height: 28px\">\n<td style=\"width: 100%;border-style: hidden;height: 28px\"><\/td>\n<\/tr>\n<tr style=\"height: 56px\" align=\"left\">\n<td class=\"details\" style=\"width: 100%;border-style: hidden;height: 56px\" width=\"100%\">Winkelstr. 5<br \/>\n31137 Hildesheim<\/td>\n<\/tr>\n<tr style=\"height: 28px\" align=\"left\">\n<td class=\"details\" style=\"width: 100%;border-style: hidden;height: 28px\"><\/td>\n<\/tr>\n<tr style=\"height: 140px\" align=\"left\">\n<td class=\"details\" style=\"width: 100%;border-style: hidden;height: 140px\">Telefon: 05121-301 7800<br \/>\nFax: 05121 301-7801<\/p>\n<p>E-Mail: &#x67;&#x73;&#x2d;&#x73;&#x74;&#x2e;&#x6d;&#x61;&#x72;&#x74;&#x69;&#x6e;&#x75;&#x73;&#115;&#99;&#104;&#117;&#108;&#101;&#64;&#115;&#99;&#104;&#117;len-hild&#x65;&#x73;&#x68;&#x65;&#x69;&#x6d;&#x2e;&#x64;&#x65;<\/p>\n<p>Schulische Datenschutzbeauftragte:<\/p>\n<p>date&#110;&#115;&#99;&#104;&#117;&#116;&#122;&#x40;&#x6d;&#x61;&#x72;&#x74;&#x69;&#x6e;&#x75;&#x73;schu&#108;&#101;&#46;&#115;&#99;&#104;&#117;&#x6c;&#x73;&#x65;&#x72;&#x76;&#x65;&#x72;&#x2e;&#x64;e<\/td>\n<\/tr>\n<\/tbody>\n<\/table>\n<p>Land Niedersachsen (Diensteanbieter im Sinne des Telemediengesetzes)<br \/>\nDas Land Niedersachsen ist eine juristische Person des \u00f6ffentlichen Rechts\u00a0vertreten durch die Schulleitung.<\/p>\n<h4>Rechtliche Hinweise:<\/h4>\n<p>Die Beitr\u00e4ge und Bilder der Homepage sind urheberrechtlich gesch\u00fctzt. Jede Verwertung au\u00dferhalb der Grenzen des Urheberrechtsgesetzes ist ohne Genehmigung unzul\u00e4ssig.<\/p>\n<ul>\n<li><strong>Haftungsausschluss<\/strong><br \/>\nDie Informationen, die Sie auf diesem Internetauftritt vorfinden, wurden nach bestem Wissen und Gewissen sorgf\u00e4ltig zusammengestellt und gepr\u00fcft. Es wird jedoch keine Gew\u00e4hr &#8211; weder ausdr\u00fccklich noch stillschweigend &#8211; f\u00fcr die Vollst\u00e4ndigkeit, Richtigkeit, Aktualit\u00e4t oder Qualit\u00e4t und jederzeitige Verf\u00fcgbarkeit der bereit gestellten Informationen \u00fcbernommen. In keinem Fall wird f\u00fcr Sch\u00e4den, die sich aus der Verwendung der abgerufenen Informationen ergeben, eine Haftung \u00fcbernommen.<\/li>\n<li><strong>Internetseiten dritter Anbieter \/ Links<\/strong><br \/>\nDiese Internetseite enth\u00e4lt auch Links oder Verweise auf Internetauftritte Dritter. Diese Links zu den Internetauftritten Dritter stellen keine Zustimmung zu deren Inhalten durch den Herausgeber dar. Es wird keine Verantwortung f\u00fcr die Verf\u00fcgbarkeit oder den Inhalt solcher Internetauftritte \u00fcbernommen und keine Haftung f\u00fcr Sch\u00e4den oder Verletzungen, die aus der Nutzung &#8211; gleich welcher Art &#8211; solcher Inhalte entstehen. Mit den Links zu anderen Internetauftritten wird den Nutzern lediglich der Zugang zur Nutzung der Inhalte vermittelt. F\u00fcr illegale, fehlerhafte oder unvollst\u00e4ndige Inhalte und f\u00fcr Sch\u00e4den, die aus der Nutzung entstehen, haftet allein der Anbieter der Seite, auf welche verwiesen wurde.<\/li>\n<\/ul>\n","protected":false},"excerpt":{"rendered":"<p>St.-Martinus-Schule Himmelsth\u00fcr Grundschule f\u00fcr Kinder kath. Bekenntnisses Schulleitung: Heike Bertram Winkelstr. 5 31137 Hildesheim Telefon: 05121-301 7800 Fax: 05121 301-7801 E-Mail: gs-&#115;&#116;&#46;&#109;&#x61;&#x72;&#x74;&#x69;&#x6e;&#x75;&#x73;sch&#117;&#108;&#101;&#64;&#115;&#x63;&#x68;&#x75;&#x6c;&#x65;&#x6e;-hil&#100;&#101;&#115;&#104;&#x65;&#x69;&#x6d;&#x2e;&#x64;&#x65; Schulische Datenschutzbeauftragte: &#x64;&#x61;&#116;&#101;n&#x73;&#x63;&#x68;&#117;&#116;z&#x40;&#x6d;&#x61;&#114;&#116;i&#x6e;&#x75;&#x73;&#115;&#99;h&#x75;&#x6c;&#x65;&#46;sc&#x68;&#x75;&#x6c;&#115;er&#x76;&#x65;&#114;&#46;de Land Niedersachsen (Diensteanbieter im Sinne des Telemediengesetzes) Das Land Niedersachsen ist eine juristische Person des \u00f6ffentlichen Rechts\u00a0vertreten durch die Schulleitung. Rechtliche Hinweise: Die Beitr\u00e4ge und Bilder der Homepage sind urheberrechtlich &hellip; <a href=\"https:\/\/wordpress.nibis.de\/martinus\/impressum\/\" class=\"more-link\"><span class=\"screen-reader-text\">Impressum<\/span> weiterlesen<\/a><\/p>\n","protected":false},"author":9192934,"featured_media":0,"parent":0,"menu_order":0,"comment_status":"closed","ping_status":"open","template":"","meta":{"footnotes":""},"class_list":["post-2","page","type-page","status-publish","hentry"],"_links":{"self":[{"href":"https:\/\/wordpress.nibis.de\/martinus\/wp-json\/wp\/v2\/pages\/2","targetHints":{"allow":["GET"]}}],"collection":[{"href":"https:\/\/wordpress.nibis.de\/martinus\/wp-json\/wp\/v2\/pages"}],"about":[{"href":"https:\/\/wordpress.nibis.de\/martinus\/wp-json\/wp\/v2\/types\/page"}],"author":[{"embeddable":true,"href":"https:\/\/wordpress.nibis.de\/martinus\/wp-json\/wp\/v2\/users\/9192934"}],"replies":[{"embeddable":true,"href":"https:\/\/wordpress.nibis.de\/martinus\/wp-json\/wp\/v2\/comments?post=2"}],"version-history":[{"count":10,"href":"https:\/\/wordpress.nibis.de\/martinus\/wp-json\/wp\/v2\/pages\/2\/revisions"}],"predecessor-version":[{"id":7251,"href":"https:\/\/wordpress.nibis.de\/martinus\/wp-json\/wp\/v2\/pages\/2\/revisions\/7251"}],"wp:attachment":[{"href":"https:\/\/wordpress.nibis.de\/martinus\/wp-json\/wp\/v2\/media?parent=2"}],"curies":[{"name":"wp","href":"https:\/\/api.w.org\/{rel}","templated":true}]}}