{"id":105,"date":"2013-11-09T19:51:47","date_gmt":"2013-11-09T18:51:47","guid":{"rendered":"http:\/\/wordpress.nibis.de\/mzbs\/?page_id=105"},"modified":"2025-11-02T20:50:22","modified_gmt":"2025-11-02T19:50:22","slug":"fortbildung","status":"publish","type":"page","link":"https:\/\/wordpress.nibis.de\/mzbs\/fortbildung\/","title":{"rendered":"Fortbildungsangebote"},"content":{"rendered":"<h2><a href=\"https:\/\/nlc.info\/app\/edb\/\" target=\"_blank\" rel=\"noopener noreferrer\">\u00fcberregionale Recherche in der \u00a0NLC<\/a><\/h2>\n<h2>Angebote des MZBS (Medienzentrum Braunschweig)\u00a0<\/h2>\n<h5><a href=\"https:\/\/nlc.info\/app\/edb\/search?q=\">https:\/\/nlc.info\/app\/edb\/search?q=<\/a><br \/>Geben Sie in das Suchfenster \u201eMZBS\u201c (ohne Anf\u00fchrungszeichen ein.<br \/><style>\n       .errordiv { padding:10px; margin:10px; border: 1px solid #555555;color: #000000;background-color: #f8f8f8; width:500px; }#fortbildungKLBS1 {visibility:visible;opacity:1;vertical-align:top;}.ai-info-bottom-iframe { position: fixed; z-index: 10000; bottom:0; left: 0; margin: 0px; text-align: center; width: 100%; background-color: #ff9999; padding-left: 5px;padding-bottom: 5px; border-top: 1px solid #aaa } a.ai-bold {font-weight: bold;}#ai-layer-div-fortbildungKLBS1 p {height:100%;margin:0;padding:0}<\/style><script type=\"text\/javascript\">var ai_iframe_width_fortbildungKLBS1 = 0;var ai_iframe_height_fortbildungKLBS1 = 0;var aiEnableCookie=true; aiId=\"fortbildungKLBS1\";var aiOnloadScrollTop=\"true\";var aiShowDebug=false;\n\t\tif (typeof aiReadyCallbacks === 'undefined') {\n\t\t\tvar aiReadyCallbacks = [];\n\t\t} else if (!(aiReadyCallbacks instanceof Array)) {\n\t\t\tvar aiReadyCallbacks = [];\n\t\t}    function aiShowIframeId(id_iframe) { jQuery(\"#\"+id_iframe).css(\"visibility\", \"visible\");    }    function aiResizeIframeHeight(height) { aiResizeIframeHeight(height,fortbildungKLBS1); }    function aiResizeIframeHeightId(height,width,id) {aiResizeIframeHeightById(id,height);}<\/script><iframe id=\"fortbildungKLBS1\"  name=\"Fortbildung_KLBS\"  src=\"https:\/\/nlc.info\/app\/edb\/search?\"  width=\"470\"  height=\"50\"  scrolling=\"auto\"  frameborder=\"0\"  border=\"0\"  allowtransparency=\"false\"  loading=\"lazy\"  style=\";border-width: 0px;;border: none;;width:470px;;height:50px;\"  onload='aiResizeIframe(this, &quot;false&quot;,&quot;1&quot;)' ><\/iframe><script type=\"text\/javascript\">var ifrm_fortbildungKLBS1 = document.getElementById(\"fortbildungKLBS1\");var hiddenTabsDonefortbildungKLBS1 = false;\nfunction resizeCallbackfortbildungKLBS1() {}if (window.aiUseCookie) { aiUseCookie(); }<\/script><script type=\"text\/javascript\"><\/script><p style=\"display:block !important; visibility:visible !important;margin: -18px 14px 0 0;padding-left: 3px;padding-top:3px;background: white; overflow: hidden; position: relative; line-height:15px;width: fit-content;\"><small style=\"display:block !important;visibility:visible !important\">powered by Advanced iFrame<\/small><\/p><\/h5>\n<h1><span style=\"color: #ff0000\">Aktuell sind folgende Angebote verf\u00fcgbar:<\/span><\/h1>\n<p>IServ f\u00fcr Einsteiger<\/p>\n<ul>\n<li>Emaileinstellungen<\/li>\n<li>Einstellung und Organisation der Schnellansicht<\/li>\n<li>Das Modul Tafel<\/li>\n<li>Das Modul Office<\/li>\n<li>Das Aufgabenmodul<\/li>\n<li>Der Messenger<\/li>\n<\/ul>\n<p><a href=\"https:\/\/nlc.info\/app\/edb\/event\/44470\" target=\"_blank\" rel=\"noopener\">https:\/\/nlc.info\/app\/edb\/event\/44470<\/a><\/p>\n<p>kits I (Vorstellung QrStorage, Teammapper und Etherpad)<br \/><a href=\"https:\/\/nlc.info\/app\/edb\/event\/44471\" target=\"_blank\" rel=\"noopener\">https:\/\/nlc.info\/app\/edb\/event\/44471<\/a><\/p>\n<p>kits II kits II (Vorstellung Excalidraw, Mindwendel, Pictosearch)<br \/><a href=\"https:\/\/nlc.info\/app\/edb\/event\/44475\" target=\"_blank\" rel=\"noopener\">https:\/\/nlc.info\/app\/edb\/event\/44475<\/a><\/p>\n<p>kits III (Vorstellung WordCharts, StopClip)<br \/><a href=\"https:\/\/nlc.info\/app\/edb\/event\/44480\" target=\"_blank\" rel=\"noopener\">https:\/\/nlc.info\/app\/edb\/event\/44480<\/a><\/p>\n<p>Virtuelle Welten erstellen mit Cospaces f\u00fcr EinsteigerInnen<br \/><a href=\"https:\/\/nlc.info\/app\/edb\/event\/44092\" target=\"_blank\" rel=\"noopener\">https:\/\/nlc.info\/app\/edb\/event\/44092<\/a><\/p>\n<p>Wir bieten als Abrufangebot Fortbildungen an zu den Themen<\/p>\n<ul>\n<li>Medienbildungskonzepte<\/li>\n<li>Datenschutz und Urheberrecht<\/li>\n<li>Mobiles Lernen<\/li>\n<li>Lernen und Arbeiten mit dem Portalserver IServ<\/li>\n<li>Lernen und Arbeiten mit interaktiven Whiteboards<\/li>\n<li>Lernen mit der Hebelkiste &#8211; eine Materialkiste f\u00fcr die Grundschule<\/li>\n<li>Stop-Motion-Filme mit der Trickboxx<\/li>\n<li>CommonCraft-Videos<\/li>\n<li>Filmarbeit<br \/>wenden Sie sich dazu bitte an rolf.maroske(at)\u00a0 \u00a0 \u00a0 nibis.de oder christoph.raab(at)\u00a0 \u00a0nibis.de oder klicken Sie die Abrufangebote an.<\/li>\n<\/ul>\n\n\n<h2 class=\"wp-block-heading\"><\/h2>\n\n\n\n\n\n\n","protected":false},"excerpt":{"rendered":"<p>\u00fcberregionale Recherche in der \u00a0NLC Angebote des MZBS (Medienzentrum Braunschweig)\u00a0 https:\/\/nlc.info\/app\/edb\/search?q=Geben Sie in das Suchfenster \u201eMZBS\u201c (ohne Anf\u00fchrungszeichen ein. Aktuell sind folgende Angebote verf\u00fcgbar: IServ f\u00fcr Einsteiger Emaileinstellungen Einstellung und Organisation der Schnellansicht Das Modul Tafel Das Modul Office Das Aufgabenmodul Der Messenger https:\/\/nlc.info\/app\/edb\/event\/44470 kits I (Vorstellung QrStorage, Teammapper und Etherpad)https:\/\/nlc.info\/app\/edb\/event\/44471 kits II kits II &hellip; <a href=\"https:\/\/wordpress.nibis.de\/mzbs\/fortbildung\/\" class=\"more-link\"><span class=\"screen-reader-text\">Fortbildungsangebote<\/span> weiterlesen <span class=\"meta-nav\">&rarr;<\/span><\/a><\/p>\n","protected":false},"author":120,"featured_media":974,"parent":0,"menu_order":0,"comment_status":"closed","ping_status":"closed","template":"","meta":{"footnotes":""},"class_list":["post-105","page","type-page","status-publish","has-post-thumbnail","hentry"],"_links":{"self":[{"href":"https:\/\/wordpress.nibis.de\/mzbs\/wp-json\/wp\/v2\/pages\/105","targetHints":{"allow":["GET"]}}],"collection":[{"href":"https:\/\/wordpress.nibis.de\/mzbs\/wp-json\/wp\/v2\/pages"}],"about":[{"href":"https:\/\/wordpress.nibis.de\/mzbs\/wp-json\/wp\/v2\/types\/page"}],"author":[{"embeddable":true,"href":"https:\/\/wordpress.nibis.de\/mzbs\/wp-json\/wp\/v2\/users\/120"}],"replies":[{"embeddable":true,"href":"https:\/\/wordpress.nibis.de\/mzbs\/wp-json\/wp\/v2\/comments?post=105"}],"version-history":[{"count":56,"href":"https:\/\/wordpress.nibis.de\/mzbs\/wp-json\/wp\/v2\/pages\/105\/revisions"}],"predecessor-version":[{"id":3491,"href":"https:\/\/wordpress.nibis.de\/mzbs\/wp-json\/wp\/v2\/pages\/105\/revisions\/3491"}],"wp:featuredmedia":[{"embeddable":true,"href":"https:\/\/wordpress.nibis.de\/mzbs\/wp-json\/wp\/v2\/media\/974"}],"wp:attachment":[{"href":"https:\/\/wordpress.nibis.de\/mzbs\/wp-json\/wp\/v2\/media?parent=105"}],"curies":[{"name":"wp","href":"https:\/\/api.w.org\/{rel}","templated":true}]}}